{"id":3645,"date":"2018-08-08T08:21:27","date_gmt":"2018-08-08T06:21:27","guid":{"rendered":"https:\/\/seasolargroup.com\/?post_type=product&#038;p=3645"},"modified":"2025-10-22T23:23:04","modified_gmt":"2025-10-22T22:23:04","slug":"sma-sunny-boy-sb-1-5-1vl-40","status":"publish","type":"product","link":"https:\/\/seasolargroup.com\/it\/product\/sma-sunny-boy-sb-1-5-1vl-40\/","title":{"rendered":"SMA SUNNY BOY SB 1.5-1VL-40"},"content":{"rendered":"<p><img data-recalc-dims=\"1\" loading=\"lazy\" decoding=\"async\" data-id=\"3651\"  src=\"https:\/\/i0.wp.com\/seasolargroup.com\/wp-content\/uploads\/2018\/08\/SB2.5-1.png?resize=1061%2C1416&#038;ssl=1\" alt=\"\" width=\"1061\" height=\"1416\" class=\"aligncenter size-full wp-image-3651\" srcset=\"https:\/\/i0.wp.com\/seasolargroup.com\/wp-content\/uploads\/2018\/08\/SB2.5-1.png?w=1061&amp;ssl=1 1061w, https:\/\/i0.wp.com\/seasolargroup.com\/wp-content\/uploads\/2018\/08\/SB2.5-1.png?resize=225%2C300&amp;ssl=1 225w, https:\/\/i0.wp.com\/seasolargroup.com\/wp-content\/uploads\/2018\/08\/SB2.5-1.png?resize=768%2C1025&amp;ssl=1 768w, https:\/\/i0.wp.com\/seasolargroup.com\/wp-content\/uploads\/2018\/08\/SB2.5-1.png?resize=767%2C1024&amp;ssl=1 767w, https:\/\/i0.wp.com\/seasolargroup.com\/wp-content\/uploads\/2018\/08\/SB2.5-1.png?resize=200%2C267&amp;ssl=1 200w\" sizes=\"auto, (max-width: 1000px) 100vw, 1000px\" \/><br \/>\n<img data-recalc-dims=\"1\" loading=\"lazy\" decoding=\"async\" data-id=\"3650\"  src=\"https:\/\/i0.wp.com\/seasolargroup.com\/wp-content\/uploads\/2018\/08\/SB2.5-2.png?resize=991%2C1386&#038;ssl=1\" alt=\"\" width=\"991\" height=\"1386\" class=\"aligncenter size-full wp-image-3650\" srcset=\"https:\/\/i0.wp.com\/seasolargroup.com\/wp-content\/uploads\/2018\/08\/SB2.5-2.png?w=991&amp;ssl=1 991w, https:\/\/i0.wp.com\/seasolargroup.com\/wp-content\/uploads\/2018\/08\/SB2.5-2.png?resize=215%2C300&amp;ssl=1 215w, https:\/\/i0.wp.com\/seasolargroup.com\/wp-content\/uploads\/2018\/08\/SB2.5-2.png?resize=768%2C1074&amp;ssl=1 768w, https:\/\/i0.wp.com\/seasolargroup.com\/wp-content\/uploads\/2018\/08\/SB2.5-2.png?resize=732%2C1024&amp;ssl=1 732w, https:\/\/i0.wp.com\/seasolargroup.com\/wp-content\/uploads\/2018\/08\/SB2.5-2.png?resize=200%2C280&amp;ssl=1 200w\" sizes=\"auto, (max-width: 991px) 100vw, 991px\" \/><br \/>\n\r\n\t\t<div class=\"divider4\"><span><\/span><\/div>\r\n\t\t<\/p>\n<h2>Downloads<\/h2>\n<p><a href=\"https:\/\/seasolargroup.com\/wp-content\/uploads\/2018\/08\/SB15-25-DEN1750-V20web.pdf\" target=\"_blank\" rel=\"noopener\">Datasheet SB15-25-DEN1750-V20web<\/a><br \/>\n&nbsp;<br \/>\n<a href=\"https:\/\/seasolargroup.com\/wp-content\/uploads\/2018\/08\/SB15-25-1VL-40-BE-en-11.pdf\" target=\"_blank\" rel=\"noopener\">Operating Manual SB15-25-1VL-40-BE-en-11<\/a><br \/>\n&nbsp;<br \/>\n<a href=\"https:\/\/seasolargroup.com\/wp-content\/uploads\/2018\/08\/COM-RES-GBED-en-44-1.pdf\" target=\"_blank\" rel=\"noopener\">SMA Limited Factory Warranty COM-RES-GBED-en-44<\/a><br \/>\n\r\n\t\t<div class=\"divider4\"><span><\/span><\/div>\r\n\t\t<\/p>\n<h2>Related offers<\/h2>\n<p><a href=\"https:\/\/seasolargroup.com\/tag\/SMA\/\">Offers for SMA<\/a><br \/>\n\r\n\t\t<div class=\"divider4\"><span><\/span><\/div>\r\n\t\t<\/p>\n<h2>Related projects<\/h2>\n<p><div tabindex=\"0\" class=\"cycloneslider cycloneslider-template-standard cycloneslider-width-responsive\" id=\"cycloneslider-20-kwp-iglesias-it-09016-1\" style=\"max-width:1280px\" > <div class=\"cycloneslider-slides cycle-slideshow\" data-cycle-allow-wrap=\"true\" data-cycle-dynamic-height=\"off\" data-cycle-auto-height=\"1280:960\" data-cycle-auto-height-easing=\"null\" data-cycle-auto-height-speed=\"250\" data-cycle-delay=\"0\" data-cycle-easing=\"\" data-cycle-fx=\"fade\" data-cycle-hide-non-active=\"true\" data-cycle-log=\"false\" data-cycle-next=\"#cycloneslider-20-kwp-iglesias-it-09016-1 .cycloneslider-next\" data-cycle-pager=\"#cycloneslider-20-kwp-iglesias-it-09016-1 .cycloneslider-pager\" data-cycle-pause-on-hover=\"true\" data-cycle-prev=\"#cycloneslider-20-kwp-iglesias-it-09016-1 .cycloneslider-prev\" data-cycle-slides=\"&gt; div\" data-cycle-speed=\"1000\" data-cycle-swipe=\"1\" data-cycle-tile-count=\"7\" data-cycle-tile-delay=\"100\" data-cycle-tile-vertical=\"true\" data-cycle-timeout=\"10000\" > <div class=\"cycloneslider-slide cycloneslider-slide-image\" > <a class=\"cycloneslider-caption-more\" href=\"https:\/\/seasolargroup.com\/portfolio\/20-kwp-iglesias-it-09016\/\"> <img decoding=\"async\" src=\"https:\/\/i0.wp.com\/seasolargroup.com\/wp-content\/uploads\/2018\/04\/2012-003-01-e1557092444433.jpg?fit=1280%2C960&ssl=1\" alt=\"\" title=\"\" \/> <\/a> <div class=\"cycloneslider-caption\"> <div class=\"cycloneslider-caption-title\">20 kWp Iglesias (IT-09016)<\/div> <div class=\"cycloneslider-caption-description\"><\/div> <\/div> <\/div> <div class=\"cycloneslider-slide cycloneslider-slide-image\" > <a class=\"cycloneslider-caption-more\" href=\"https:\/\/seasolargroup.com\/portfolio\/20-kwp-iglesias-it-09016\/\"> <img decoding=\"async\" src=\"https:\/\/i0.wp.com\/seasolargroup.com\/wp-content\/uploads\/2018\/04\/2012-003-02-e1557092427578.jpg?fit=1280%2C960&ssl=1\" alt=\"\" title=\"\" \/> <\/a> <div class=\"cycloneslider-caption\"> <div class=\"cycloneslider-caption-title\">20 kWp Iglesias (IT-09016)<\/div> <div class=\"cycloneslider-caption-description\"><\/div> <\/div> <\/div> <div class=\"cycloneslider-slide cycloneslider-slide-image\" > <a class=\"cycloneslider-caption-more\" href=\"https:\/\/seasolargroup.com\/portfolio\/20-kwp-iglesias-it-09016\/\"> <img decoding=\"async\" src=\"https:\/\/i0.wp.com\/seasolargroup.com\/wp-content\/uploads\/2018\/04\/2012-003-03-e1557092413434.jpg?fit=1280%2C960&ssl=1\" alt=\"\" title=\"\" \/> <\/a> <div class=\"cycloneslider-caption\"> <div class=\"cycloneslider-caption-title\">20 kWp Iglesias (IT-09016)<\/div> <div class=\"cycloneslider-caption-description\"><\/div> <\/div> <\/div> <div class=\"cycloneslider-slide cycloneslider-slide-image\" > <a class=\"cycloneslider-caption-more\" href=\"https:\/\/seasolargroup.com\/portfolio\/20-kwp-iglesias-it-09016\/\"> <img decoding=\"async\" src=\"https:\/\/i0.wp.com\/seasolargroup.com\/wp-content\/uploads\/2018\/04\/2012-003-05-e1557092386505.jpg?fit=1280%2C960&ssl=1\" alt=\"\" title=\"\" \/> <\/a> <div class=\"cycloneslider-caption\"> <div class=\"cycloneslider-caption-title\">20 kWp Iglesias (IT-09016)<\/div> <div class=\"cycloneslider-caption-description\"><\/div> <\/div> <\/div> <div class=\"cycloneslider-slide cycloneslider-slide-image\" > <a class=\"cycloneslider-caption-more\" href=\"https:\/\/seasolargroup.com\/portfolio\/20-kwp-iglesias-it-09016\/\"> <img decoding=\"async\" src=\"https:\/\/i0.wp.com\/seasolargroup.com\/wp-content\/uploads\/2018\/04\/2012-003-07-e1557092362646-1280x960.jpg\" alt=\"\" title=\"\" \/> <\/a> <div class=\"cycloneslider-caption\"> <div class=\"cycloneslider-caption-title\">20 kWp Iglesias (IT-09016)<\/div> <div class=\"cycloneslider-caption-description\"><\/div> <\/div> <\/div> <\/div> <a href=\"#\" class=\"cycloneslider-prev\"> <span class=\"arrow\"><\/span> <\/a> <a href=\"#\" class=\"cycloneslider-next\"> <span class=\"arrow\"><\/span> <\/a> <\/div><br \/>\n\r\n\t\t<div class=\"divider4\"><span><\/span><\/div>\r\n\t\t<\/p>\n<h2>Related videos<\/h2>\n<p><span class=\"embed-youtube\" style=\"text-align:center; display: block;\"><iframe loading=\"lazy\" class=\"youtube-player\" width=\"640\" height=\"360\" src=\"https:\/\/www.youtube.com\/embed\/WR4etqKB-k0?version=3&#038;rel=1&#038;showsearch=0&#038;showinfo=1&#038;iv_load_policy=1&#038;fs=1&#038;hl=it-IT&#038;autohide=2&#038;wmode=transparent&#038;listType=playlist&#038;list=PLwqK5bEOfjvIIqBBroEO_Kog22OxaEqjG\" allowfullscreen=\"true\" style=\"border:0;\" sandbox=\"allow-scripts allow-same-origin allow-popups allow-presentation allow-popups-to-escape-sandbox\"><\/iframe><\/span><br \/>\n\r\n\t\t<div class=\"divider4\"><span><\/span><\/div>\r\n\t\t<\/p>\n<h2>Contact<\/h2>\n<p>Please contact us with any questions you might have related to our offers or our products. We look forward to hearing how we can make the difference to you \/ Vi preghiamo di contattarci per eventuali domande relative alle nostre offerte o ai nostri prodotti. Non vediamo l&#8217;ora di sentire come possiamo fare la differenza per voi \/ Bitte kontaktieren Sie uns, wenn Sie Fragen zu unseren Angeboten oder unseren Produkten haben. Wir freuen uns zu h\u00f6ren, wie wir den Unterschied f\u00fcr Sie machen k\u00f6nnen\/N&#8217;h\u00e9sitez pas \u00e0 nous contacter pour toute question concernant nos offres ou nos produits. Nous avons h\u00e2te d&#8217;entendre comment nous pouvons faire la diff\u00e9rence pour vous \/ Por favor cont\u00e1ctenos con cualquier pregunta que pueda tener relacionada con nuestras ofertas o nuestros productos. Esperamos escuchar c\u00f3mo podemos marcar la diferencia para usted.<br \/>\n&nbsp;<br \/>\n\n<div class=\"wpcf7 no-js\" id=\"wpcf7-f5-o1\" lang=\"en-GB\" dir=\"ltr\" data-wpcf7-id=\"5\">\n<div class=\"screen-reader-response\"><p role=\"status\" aria-live=\"polite\" aria-atomic=\"true\"><\/p> <ul><\/ul><\/div>\n<form action=\"\/it\/wp-json\/wp\/v2\/product\/3645#wpcf7-f5-o1\" method=\"post\" class=\"wpcf7-form init\" aria-label=\"Contact form\" novalidate=\"novalidate\" data-status=\"init\">\n<fieldset class=\"hidden-fields-container\"><input type=\"hidden\" name=\"_wpcf7\" value=\"5\" \/><input type=\"hidden\" name=\"_wpcf7_version\" value=\"6.1.5\" \/><input type=\"hidden\" name=\"_wpcf7_locale\" value=\"en_GB\" \/><input type=\"hidden\" name=\"_wpcf7_unit_tag\" value=\"wpcf7-f5-o1\" \/><input type=\"hidden\" name=\"_wpcf7_container_post\" value=\"0\" \/><input type=\"hidden\" name=\"_wpcf7_posted_data_hash\" value=\"\" \/><input type=\"hidden\" name=\"_wpcf7_recaptcha_response\" value=\"\" \/>\n<\/fieldset>\n<p><label> <\/label>\n<\/p>\n<h2>Contatto\n<\/h2>\n<p><label> Vi preghiamo di contattarci per eventuali domande relative alle nostre offerte o ai nostri prodotti <\/label>\n<\/p>\n<p><label> Scrivete a <a href=\"mailto:info@seasolargroup.com\">info@seasolargroup.com<\/a> oppure compilate il modulo seguente e sar\u00e0 nostra premura ricontattarvi: <\/label>\n<\/p>\n<p><label> Nome *<br \/>\n<span class=\"wpcf7-form-control-wrap\" data-name=\"your-name\"><input size=\"40\" maxlength=\"400\" class=\"wpcf7-form-control wpcf7-text wpcf7-validates-as-required\" aria-required=\"true\" aria-invalid=\"false\" value=\"\" type=\"text\" name=\"your-name\" \/><\/span><\/label>\n<\/p>\n<p><label> Numero di telefono *<br \/>\n<span class=\"wpcf7-form-control-wrap\" data-name=\"tel-826\"><input size=\"40\" maxlength=\"400\" class=\"wpcf7-form-control wpcf7-tel wpcf7-validates-as-required wpcf7-text wpcf7-validates-as-tel\" aria-required=\"true\" aria-invalid=\"false\" value=\"\" type=\"tel\" name=\"tel-826\" \/><\/span><\/label>\n<\/p>\n<p><label> Tua E-mail *<br \/>\n<span class=\"wpcf7-form-control-wrap\" data-name=\"your-email\"><input size=\"40\" maxlength=\"400\" class=\"wpcf7-form-control wpcf7-email wpcf7-validates-as-required wpcf7-text wpcf7-validates-as-email\" aria-required=\"true\" aria-invalid=\"false\" value=\"\" type=\"email\" name=\"your-email\" \/><\/span><\/label>\n<\/p>\n<p><label> Oggetto *<br \/>\n<span class=\"wpcf7-form-control-wrap\" data-name=\"your-subject\"><input size=\"40\" maxlength=\"400\" class=\"wpcf7-form-control wpcf7-text wpcf7-validates-as-required\" aria-required=\"true\" aria-invalid=\"false\" value=\"\" type=\"text\" name=\"your-subject\" \/><\/span> <\/label>\n<\/p>\n<p><label> Messaggio *<br \/>\n<span class=\"wpcf7-form-control-wrap\" data-name=\"your-message\"><textarea cols=\"40\" rows=\"10\" maxlength=\"2000\" class=\"wpcf7-form-control wpcf7-textarea wpcf7-validates-as-required\" aria-required=\"true\" aria-invalid=\"false\" name=\"your-message\"><\/textarea><\/span> <\/label>\n<\/p>\n<p><label> * campo obbligatorio <\/label>\n<\/p>\n<p><input class=\"wpcf7-form-control wpcf7-submit has-spinner\" type=\"submit\" value=\"INVIO\" \/>\n<\/p>\n<p><label><\/label>\n<\/p><p style=\"display: none !important;\" class=\"akismet-fields-container\" data-prefix=\"_wpcf7_ak_\"><label>&#916;<textarea name=\"_wpcf7_ak_hp_textarea\" cols=\"45\" rows=\"8\" maxlength=\"100\"><\/textarea><\/label><input type=\"hidden\" id=\"ak_js_1\" name=\"_wpcf7_ak_js\" value=\"188\"\/><script>document.getElementById( \"ak_js_1\" ).setAttribute( \"value\", ( new Date() ).getTime() );<\/script><\/p><div class=\"wpcf7-response-output\" aria-hidden=\"true\"><\/div>\n<\/form>\n<\/div>\n<br \/>\n&nbsp;<\/p>\n<!-- sktbuilder starter --><script type=\"text\/javascript\" src=\"https:\/\/seasolargroup.com\/wp-content\/plugins\/skt-builder\/sktbuilder\/sktbuilder-frontend-starter.js\"><\/script><script type=\"text\/javascript\" src=\"https:\/\/seasolargroup.com\/wp-content\/plugins\/skt-builder\/sktbuilder-wordpress-driver.js\"><\/script><script type=\"text\/javascript\"> var starter = new SktbuilderStarter({\"mode\": \"prod\", \"skip\":[\"jquery\",\"underscore\",\"backbone\"],\"sktbuilderUrl\": \"https:\/\/seasolargroup.com\/wp-content\/plugins\/skt-builder\/sktbuilder\/\", \"driver\": new SktbuilderWordpressDriver({\"ajaxUrl\": \"https:\/\/seasolargroup.com\/wp-admin\/admin-ajax.php\", \"iframeUrl\": \"https:\/\/seasolargroup.com\/it\/product\/sma-sunny-boy-sb-1-5-1vl-40\/?sktbuilder=true\", \"pageId\": 3645,  \"nonce\": \"e0932fc899\", \"pages\": [], \"page\": \"SMA SUNNY BOY SB 1.5-1VL-40\" }) });<\/script><!-- end sktbuilder starter -->","protected":false},"excerpt":{"rendered":"<p>Single-Phase Inverter<br \/>\nIt&#8217;s so easy to reap the benefits of solar power: The completely redesigned Sunny Boy 1.5\/2.5 is the perfect inverter for customers who want to take full advantage of their small PV system. Among other features, it enables an increase in consumption of self-generated power, allows versatile uses, and is very easy to integrate into the home network. In addition, its innovative design and new communication concept offer many advantages during installation and commissioning. Thanks to direct communication with the SMA Energy Meter, both limitation to 70 percent, which is required in Germany, and limitation to 0 percent is possible.<\/p>\n","protected":false},"featured_media":3647,"comment_status":"open","ping_status":"closed","template":"","meta":{"_mbp_gutenberg_autopost":false,"_pgmb_is_evergreen":false,"_pgmb_ap_template_id":0,"jetpack_publicize_message":"AEG AEG AS-P605-270","jetpack_publicize_feature_enabled":true,"jetpack_social_post_already_shared":true,"jetpack_social_options":{"image_generator_settings":{"template":"highway","default_image_id":0,"font":"","enabled":false},"version":2}},"product_brand":[4038],"product_cat":[1011],"product_tag":[1193],"class_list":{"0":"post-3645","1":"product","2":"type-product","3":"status-publish","4":"has-post-thumbnail","6":"product_brand-sma","7":"product_cat-inverter","8":"product_tag-sma","10":"first","11":"instock","12":"taxable","13":"shipping-taxable","14":"product-type-simple"},"yoast_head":"<!-- This site is optimized with the Yoast SEO Premium plugin v26.7 (Yoast SEO v27.3) - https:\/\/yoast.com\/product\/yoast-seo-premium-wordpress\/ -->\n<title>SMA SUNNY BOY SB 1.5-1VL-40 - Seasolar Fotovoltaico<\/title>\n<meta name=\"robots\" content=\"index, follow, max-snippet:-1, max-image-preview:large, max-video-preview:-1\" \/>\n<link rel=\"canonical\" href=\"https:\/\/seasolargroup.com\/product\/sma-sunny-boy-sb-1-5-1vl-40\/\" \/>\n<meta property=\"og:locale\" content=\"it_IT\" \/>\n<meta property=\"og:type\" content=\"article\" \/>\n<meta property=\"og:title\" content=\"SMA SUNNY BOY SB 1.5-1VL-40\" \/>\n<meta property=\"og:description\" content=\"Single-Phase Inverter It&#039;s so easy to reap the benefits of solar power: The completely redesigned Sunny Boy 1.5\/2.5 is the perfect inverter for customers who want to take full advantage of their small PV system. Among other features, it enables an increase in consumption of self-generated power, allows versatile uses, and is very easy to integrate into the home network. In addition, its innovative design and new communication concept offer many advantages during installation and commissioning. Thanks to direct communication with the SMA Energy Meter, both limitation to 70 percent, which is required in Germany, and limitation to 0 percent is possible.\" \/>\n<meta property=\"og:url\" content=\"https:\/\/seasolargroup.com\/product\/sma-sunny-boy-sb-1-5-1vl-40\/\" \/>\n<meta property=\"og:site_name\" content=\"Seasolar Fotovoltaico\" \/>\n<meta property=\"article:publisher\" content=\"https:\/\/www.facebook.com\/seasolargroup\" \/>\n<meta property=\"article:modified_time\" content=\"2025-10-22T22:23:04+00:00\" \/>\n<meta property=\"og:image\" content=\"https:\/\/seasolargroup.com\/wp-content\/uploads\/2018\/08\/SB1.5-1.png\" \/>\n\t<meta property=\"og:image:width\" content=\"225\" \/>\n\t<meta property=\"og:image:height\" content=\"225\" \/>\n\t<meta property=\"og:image:type\" content=\"image\/png\" \/>\n<meta name=\"twitter:card\" content=\"summary_large_image\" \/>\n<meta name=\"twitter:site\" content=\"@seasolargroup\" \/>\n<meta name=\"twitter:label1\" content=\"Prezzo\" \/>\n\t<meta name=\"twitter:data1\" content=\"\" \/>\n\t<meta name=\"twitter:label2\" content=\"Disponibilit\u00e0\" \/>\n\t<meta name=\"twitter:data2\" content=\"In stock\" \/>\n<script type=\"application\/ld+json\" class=\"yoast-schema-graph\">{\"@context\":\"https:\\\/\\\/schema.org\",\"@graph\":[{\"@type\":\"WebPage\",\"@id\":\"https:\\\/\\\/seasolargroup.com\\\/product\\\/sma-sunny-boy-sb-1-5-1vl-40\\\/\",\"url\":\"https:\\\/\\\/seasolargroup.com\\\/product\\\/sma-sunny-boy-sb-1-5-1vl-40\\\/\",\"name\":\"SMA SUNNY BOY SB 1.5-1VL-40 - Seasolar Fotovoltaico\",\"isPartOf\":{\"@id\":\"https:\\\/\\\/seasolargroup.com\\\/#website\"},\"primaryImageOfPage\":{\"@id\":\"https:\\\/\\\/seasolargroup.com\\\/product\\\/sma-sunny-boy-sb-1-5-1vl-40\\\/#primaryimage\"},\"image\":{\"@id\":\"https:\\\/\\\/seasolargroup.com\\\/product\\\/sma-sunny-boy-sb-1-5-1vl-40\\\/#primaryimage\"},\"thumbnailUrl\":\"https:\\\/\\\/i0.wp.com\\\/seasolargroup.com\\\/wp-content\\\/uploads\\\/2018\\\/08\\\/SB1.5-1.png?fit=225%2C225&ssl=1\",\"datePublished\":\"2018-08-08T06:21:27+00:00\",\"dateModified\":\"2025-10-22T22:23:04+00:00\",\"breadcrumb\":{\"@id\":\"https:\\\/\\\/seasolargroup.com\\\/product\\\/sma-sunny-boy-sb-1-5-1vl-40\\\/#breadcrumb\"},\"inLanguage\":\"it-IT\",\"potentialAction\":[{\"@type\":\"ReadAction\",\"target\":[\"https:\\\/\\\/seasolargroup.com\\\/product\\\/sma-sunny-boy-sb-1-5-1vl-40\\\/\"]}]},{\"@type\":\"ImageObject\",\"inLanguage\":\"it-IT\",\"@id\":\"https:\\\/\\\/seasolargroup.com\\\/product\\\/sma-sunny-boy-sb-1-5-1vl-40\\\/#primaryimage\",\"url\":\"https:\\\/\\\/i0.wp.com\\\/seasolargroup.com\\\/wp-content\\\/uploads\\\/2018\\\/08\\\/SB1.5-1.png?fit=225%2C225&ssl=1\",\"contentUrl\":\"https:\\\/\\\/i0.wp.com\\\/seasolargroup.com\\\/wp-content\\\/uploads\\\/2018\\\/08\\\/SB1.5-1.png?fit=225%2C225&ssl=1\",\"width\":225,\"height\":225},{\"@type\":\"BreadcrumbList\",\"@id\":\"https:\\\/\\\/seasolargroup.com\\\/product\\\/sma-sunny-boy-sb-1-5-1vl-40\\\/#breadcrumb\",\"itemListElement\":[{\"@type\":\"ListItem\",\"position\":1,\"name\":\"Home\",\"item\":\"https:\\\/\\\/seasolargroup.com\\\/\"},{\"@type\":\"ListItem\",\"position\":2,\"name\":\"Products\",\"item\":\"https:\\\/\\\/seasolargroup.com\\\/products\\\/\"},{\"@type\":\"ListItem\",\"position\":3,\"name\":\"SMA SUNNY BOY SB 1.5-1VL-40\"}]},{\"@type\":\"WebSite\",\"@id\":\"https:\\\/\\\/seasolargroup.com\\\/#website\",\"url\":\"https:\\\/\\\/seasolargroup.com\\\/\",\"name\":\"Seasolar Fotovoltaico\",\"description\":\"Turnkey photovoltaic systems since 2008\",\"publisher\":{\"@id\":\"https:\\\/\\\/seasolargroup.com\\\/#organization\"},\"potentialAction\":[{\"@type\":\"SearchAction\",\"target\":{\"@type\":\"EntryPoint\",\"urlTemplate\":\"https:\\\/\\\/seasolargroup.com\\\/?s={search_term_string}\"},\"query-input\":{\"@type\":\"PropertyValueSpecification\",\"valueRequired\":true,\"valueName\":\"search_term_string\"}}],\"inLanguage\":\"it-IT\"},{\"@type\":\"Organization\",\"@id\":\"https:\\\/\\\/seasolargroup.com\\\/#organization\",\"name\":\"SEASOLAR fotovoltaico\",\"url\":\"https:\\\/\\\/seasolargroup.com\\\/\",\"logo\":{\"@type\":\"ImageObject\",\"inLanguage\":\"it-IT\",\"@id\":\"https:\\\/\\\/seasolargroup.com\\\/#\\\/schema\\\/logo\\\/image\\\/\",\"url\":\"https:\\\/\\\/i0.wp.com\\\/seasolargroup.com\\\/wp-content\\\/uploads\\\/2024\\\/10\\\/seasolar_logo_2024_social.png?fit=360%2C360&ssl=1\",\"contentUrl\":\"https:\\\/\\\/i0.wp.com\\\/seasolargroup.com\\\/wp-content\\\/uploads\\\/2024\\\/10\\\/seasolar_logo_2024_social.png?fit=360%2C360&ssl=1\",\"width\":360,\"height\":360,\"caption\":\"SEASOLAR fotovoltaico\"},\"image\":{\"@id\":\"https:\\\/\\\/seasolargroup.com\\\/#\\\/schema\\\/logo\\\/image\\\/\"},\"sameAs\":[\"https:\\\/\\\/www.facebook.com\\\/seasolargroup\",\"https:\\\/\\\/x.com\\\/seasolargroup\",\"https:\\\/\\\/www.linkedin.com\\\/in\\\/seasolar-group-news\\\/\",\"https:\\\/\\\/www.youtube.com\\\/channel\\\/UCVrmhrGih_bFnpj0as_vDuQ\",\"https:\\\/\\\/www.instagram.com\\\/fotovoltaico_seasolar\\\/\"]}]}<\/script>\n<meta property=\"product:brand\" content=\"SMA\" \/>\n<meta property=\"product:price:currency\" content=\"EUR\" \/>\n<meta property=\"og:availability\" content=\"instock\" \/>\n<meta property=\"product:availability\" content=\"instock\" \/>\n<meta property=\"product:condition\" content=\"new\" \/>\n<!-- \/ Yoast SEO Premium plugin. -->","yoast_head_json":{"title":"SMA SUNNY BOY SB 1.5-1VL-40 - Seasolar Fotovoltaico","robots":{"index":"index","follow":"follow","max-snippet":"max-snippet:-1","max-image-preview":"max-image-preview:large","max-video-preview":"max-video-preview:-1"},"canonical":"https:\/\/seasolargroup.com\/product\/sma-sunny-boy-sb-1-5-1vl-40\/","og_locale":"it_IT","og_type":"article","og_title":"SMA SUNNY BOY SB 1.5-1VL-40","og_description":"Single-Phase Inverter It's so easy to reap the benefits of solar power: The completely redesigned Sunny Boy 1.5\/2.5 is the perfect inverter for customers who want to take full advantage of their small PV system. Among other features, it enables an increase in consumption of self-generated power, allows versatile uses, and is very easy to integrate into the home network. In addition, its innovative design and new communication concept offer many advantages during installation and commissioning. Thanks to direct communication with the SMA Energy Meter, both limitation to 70 percent, which is required in Germany, and limitation to 0 percent is possible.","og_url":"https:\/\/seasolargroup.com\/product\/sma-sunny-boy-sb-1-5-1vl-40\/","og_site_name":"Seasolar Fotovoltaico","article_publisher":"https:\/\/www.facebook.com\/seasolargroup","article_modified_time":"2025-10-22T22:23:04+00:00","og_image":[{"width":225,"height":225,"url":"https:\/\/seasolargroup.com\/wp-content\/uploads\/2018\/08\/SB1.5-1.png","type":"image\/png"}],"twitter_card":"summary_large_image","twitter_site":"@seasolargroup","twitter_misc":{"Prezzo":"","Disponibilit\u00e0":"In stock"},"schema":{"@context":"https:\/\/schema.org","@graph":[{"@type":"WebPage","@id":"https:\/\/seasolargroup.com\/product\/sma-sunny-boy-sb-1-5-1vl-40\/","url":"https:\/\/seasolargroup.com\/product\/sma-sunny-boy-sb-1-5-1vl-40\/","name":"SMA SUNNY BOY SB 1.5-1VL-40 - Seasolar Fotovoltaico","isPartOf":{"@id":"https:\/\/seasolargroup.com\/#website"},"primaryImageOfPage":{"@id":"https:\/\/seasolargroup.com\/product\/sma-sunny-boy-sb-1-5-1vl-40\/#primaryimage"},"image":{"@id":"https:\/\/seasolargroup.com\/product\/sma-sunny-boy-sb-1-5-1vl-40\/#primaryimage"},"thumbnailUrl":"https:\/\/i0.wp.com\/seasolargroup.com\/wp-content\/uploads\/2018\/08\/SB1.5-1.png?fit=225%2C225&ssl=1","datePublished":"2018-08-08T06:21:27+00:00","dateModified":"2025-10-22T22:23:04+00:00","breadcrumb":{"@id":"https:\/\/seasolargroup.com\/product\/sma-sunny-boy-sb-1-5-1vl-40\/#breadcrumb"},"inLanguage":"it-IT","potentialAction":[{"@type":"ReadAction","target":["https:\/\/seasolargroup.com\/product\/sma-sunny-boy-sb-1-5-1vl-40\/"]}]},{"@type":"ImageObject","inLanguage":"it-IT","@id":"https:\/\/seasolargroup.com\/product\/sma-sunny-boy-sb-1-5-1vl-40\/#primaryimage","url":"https:\/\/i0.wp.com\/seasolargroup.com\/wp-content\/uploads\/2018\/08\/SB1.5-1.png?fit=225%2C225&ssl=1","contentUrl":"https:\/\/i0.wp.com\/seasolargroup.com\/wp-content\/uploads\/2018\/08\/SB1.5-1.png?fit=225%2C225&ssl=1","width":225,"height":225},{"@type":"BreadcrumbList","@id":"https:\/\/seasolargroup.com\/product\/sma-sunny-boy-sb-1-5-1vl-40\/#breadcrumb","itemListElement":[{"@type":"ListItem","position":1,"name":"Home","item":"https:\/\/seasolargroup.com\/"},{"@type":"ListItem","position":2,"name":"Products","item":"https:\/\/seasolargroup.com\/products\/"},{"@type":"ListItem","position":3,"name":"SMA SUNNY BOY SB 1.5-1VL-40"}]},{"@type":"WebSite","@id":"https:\/\/seasolargroup.com\/#website","url":"https:\/\/seasolargroup.com\/","name":"Seasolar Fotovoltaico","description":"Turnkey photovoltaic systems since 2008","publisher":{"@id":"https:\/\/seasolargroup.com\/#organization"},"potentialAction":[{"@type":"SearchAction","target":{"@type":"EntryPoint","urlTemplate":"https:\/\/seasolargroup.com\/?s={search_term_string}"},"query-input":{"@type":"PropertyValueSpecification","valueRequired":true,"valueName":"search_term_string"}}],"inLanguage":"it-IT"},{"@type":"Organization","@id":"https:\/\/seasolargroup.com\/#organization","name":"SEASOLAR fotovoltaico","url":"https:\/\/seasolargroup.com\/","logo":{"@type":"ImageObject","inLanguage":"it-IT","@id":"https:\/\/seasolargroup.com\/#\/schema\/logo\/image\/","url":"https:\/\/i0.wp.com\/seasolargroup.com\/wp-content\/uploads\/2024\/10\/seasolar_logo_2024_social.png?fit=360%2C360&ssl=1","contentUrl":"https:\/\/i0.wp.com\/seasolargroup.com\/wp-content\/uploads\/2024\/10\/seasolar_logo_2024_social.png?fit=360%2C360&ssl=1","width":360,"height":360,"caption":"SEASOLAR fotovoltaico"},"image":{"@id":"https:\/\/seasolargroup.com\/#\/schema\/logo\/image\/"},"sameAs":["https:\/\/www.facebook.com\/seasolargroup","https:\/\/x.com\/seasolargroup","https:\/\/www.linkedin.com\/in\/seasolar-group-news\/","https:\/\/www.youtube.com\/channel\/UCVrmhrGih_bFnpj0as_vDuQ","https:\/\/www.instagram.com\/fotovoltaico_seasolar\/"]}]},"product_brand":"SMA","product_price_currency":"EUR","og_availability":"instock","product_availability":"instock","product_condition":"new"},"jetpack_publicize_connections":[],"jetpack_sharing_enabled":true,"jetpack_likes_enabled":true,"jetpack-related-posts":[],"_links":{"self":[{"href":"https:\/\/seasolargroup.com\/it\/wp-json\/wp\/v2\/product\/3645","targetHints":{"allow":["GET"]}}],"collection":[{"href":"https:\/\/seasolargroup.com\/it\/wp-json\/wp\/v2\/product"}],"about":[{"href":"https:\/\/seasolargroup.com\/it\/wp-json\/wp\/v2\/types\/product"}],"replies":[{"embeddable":true,"href":"https:\/\/seasolargroup.com\/it\/wp-json\/wp\/v2\/comments?post=3645"}],"wp:featuredmedia":[{"embeddable":true,"href":"https:\/\/seasolargroup.com\/it\/wp-json\/wp\/v2\/media\/3647"}],"wp:attachment":[{"href":"https:\/\/seasolargroup.com\/it\/wp-json\/wp\/v2\/media?parent=3645"}],"wp:term":[{"taxonomy":"product_brand","embeddable":true,"href":"https:\/\/seasolargroup.com\/it\/wp-json\/wp\/v2\/product_brand?post=3645"},{"taxonomy":"product_cat","embeddable":true,"href":"https:\/\/seasolargroup.com\/it\/wp-json\/wp\/v2\/product_cat?post=3645"},{"taxonomy":"product_tag","embeddable":true,"href":"https:\/\/seasolargroup.com\/it\/wp-json\/wp\/v2\/product_tag?post=3645"}],"curies":[{"name":"wp","href":"https:\/\/api.w.org\/{rel}","templated":true}]}}