{"id":3408,"date":"2018-08-04T09:27:06","date_gmt":"2018-08-04T07:27:06","guid":{"rendered":"https:\/\/seasolargroup.com\/?post_type=product&#038;p=3408"},"modified":"2025-10-22T23:56:48","modified_gmt":"2025-10-22T22:56:48","slug":"byd-battery-box-pro-7-5","status":"publish","type":"product","link":"https:\/\/seasolargroup.com\/it\/product\/byd-battery-box-pro-7-5\/","title":{"rendered":"BYD BATTERY-BOX PRO 7.5"},"content":{"rendered":"<p><img data-recalc-dims=\"1\" loading=\"lazy\" decoding=\"async\" data-id=\"3401\"  src=\"https:\/\/i0.wp.com\/seasolargroup.com\/wp-content\/uploads\/2018\/08\/BBOXLV-1.png?resize=1177%2C1559&#038;ssl=1\" alt=\"\" width=\"1177\" height=\"1559\" class=\"aligncenter size-full wp-image-3401\" srcset=\"https:\/\/i0.wp.com\/seasolargroup.com\/wp-content\/uploads\/2018\/08\/BBOXLV-1.png?w=1177&amp;ssl=1 1177w, https:\/\/i0.wp.com\/seasolargroup.com\/wp-content\/uploads\/2018\/08\/BBOXLV-1.png?resize=226%2C300&amp;ssl=1 226w, https:\/\/i0.wp.com\/seasolargroup.com\/wp-content\/uploads\/2018\/08\/BBOXLV-1.png?resize=768%2C1017&amp;ssl=1 768w, https:\/\/i0.wp.com\/seasolargroup.com\/wp-content\/uploads\/2018\/08\/BBOXLV-1.png?resize=773%2C1024&amp;ssl=1 773w, https:\/\/i0.wp.com\/seasolargroup.com\/wp-content\/uploads\/2018\/08\/BBOXLV-1.png?resize=200%2C265&amp;ssl=1 200w\" sizes=\"auto, (max-width: 1000px) 100vw, 1000px\" \/><br \/>\n\r\n\t\t<div class=\"divider4\"><span><\/span><\/div>\r\n\t\t<\/p>\n<h2>Downloads<\/h2>\n<p><a href=\"https:\/\/seasolargroup.com\/wp-content\/uploads\/2018\/08\/B-Box-Low-Voltage-Specification.pdf\" target=\"_blank\" rel=\"noopener noreferrer\">B-Box Low Voltage Specification<\/a><br \/>\n&nbsp;<br \/>\n<a href=\"https:\/\/seasolargroup.com\/wp-content\/uploads\/2018\/08\/B-BOX-Pro-2.510.0-Installation-Guidance.pdf\" target=\"_blank\" rel=\"noopener noreferrer\">B-BOX Pro 2.5~10.0 Installation Guidance<\/a><br \/>\n&nbsp;<br \/>\n<a href=\"https:\/\/seasolargroup.com\/wp-content\/uploads\/2018\/08\/B-BOX-Pro-2.510.0-User-manual.pdf\" target=\"_blank\" rel=\"noopener noreferrer\">B-BOX Pro 2.5~10.0 User manual<\/a><br \/>\n\r\n\t\t<div class=\"divider4\"><span><\/span><\/div>\r\n\t\t<\/p>\n<h2>Related offers<\/h2>\n<p><a href=\"https:\/\/seasolargroup.com\/tag\/BYD\/\">Offers for BYD<\/a><br \/>\n\r\n\t\t<div class=\"divider4\"><span><\/span><\/div>\r\n\t\t<\/p>\n<h2>Related projects<\/h2>\n\r\n\t\t<div class=\"divider4\"><span><\/span><\/div>\r\n\t\t\n<h2>Related videos<\/h2>\n<p><span class=\"embed-youtube\" style=\"text-align:center; display: block;\"><iframe loading=\"lazy\" class=\"youtube-player\" width=\"640\" height=\"360\" src=\"https:\/\/www.youtube.com\/embed\/R_WeTSJn4kw?version=3&#038;rel=1&#038;showsearch=0&#038;showinfo=1&#038;iv_load_policy=1&#038;fs=1&#038;hl=it-IT&#038;autohide=2&#038;wmode=transparent&#038;listType=playlist&#038;list=PLwqK5bEOfjvItLdYk1G7SadfhzsADC81A\" allowfullscreen=\"true\" style=\"border:0;\" sandbox=\"allow-scripts allow-same-origin allow-popups allow-presentation allow-popups-to-escape-sandbox\"><\/iframe><\/span><br \/>\n\r\n\t\t<div class=\"divider4\"><span><\/span><\/div>\r\n\t\t<\/p>\n<h2>Contact<\/h2>\n<p>Please contact us with any questions you might have related to our offers or our products. We look forward to hearing how we can make the difference to you \/ Vi preghiamo di contattarci per eventuali domande relative alle nostre offerte o ai nostri prodotti. Non vediamo l&#8217;ora di sentire come possiamo fare la differenza per voi \/ Bitte kontaktieren Sie uns, wenn Sie Fragen zu unseren Angeboten oder unseren Produkten haben. Wir freuen uns zu h\u00f6ren, wie wir den Unterschied f\u00fcr Sie machen k\u00f6nnen\/N&#8217;h\u00e9sitez pas \u00e0 nous contacter pour toute question concernant nos offres ou nos produits. Nous avons h\u00e2te d&#8217;entendre comment nous pouvons faire la diff\u00e9rence pour vous \/ Por favor cont\u00e1ctenos con cualquier pregunta que pueda tener relacionada con nuestras ofertas o nuestros productos. Esperamos escuchar c\u00f3mo podemos marcar la diferencia para usted.<br \/>\n&nbsp;<br \/>\n\n<div class=\"wpcf7 no-js\" id=\"wpcf7-f5-o1\" lang=\"en-GB\" dir=\"ltr\" data-wpcf7-id=\"5\">\n<div class=\"screen-reader-response\"><p role=\"status\" aria-live=\"polite\" aria-atomic=\"true\"><\/p> <ul><\/ul><\/div>\n<form action=\"\/it\/wp-json\/wp\/v2\/product\/3408#wpcf7-f5-o1\" method=\"post\" class=\"wpcf7-form init\" aria-label=\"Contact form\" novalidate=\"novalidate\" data-status=\"init\">\n<fieldset class=\"hidden-fields-container\"><input type=\"hidden\" name=\"_wpcf7\" value=\"5\" \/><input type=\"hidden\" name=\"_wpcf7_version\" value=\"6.1.5\" \/><input type=\"hidden\" name=\"_wpcf7_locale\" value=\"en_GB\" \/><input type=\"hidden\" name=\"_wpcf7_unit_tag\" value=\"wpcf7-f5-o1\" \/><input type=\"hidden\" name=\"_wpcf7_container_post\" value=\"0\" \/><input type=\"hidden\" name=\"_wpcf7_posted_data_hash\" value=\"\" \/><input type=\"hidden\" name=\"_wpcf7_recaptcha_response\" value=\"\" \/>\n<\/fieldset>\n<p><label> <\/label>\n<\/p>\n<h2>Contatto\n<\/h2>\n<p><label> Vi preghiamo di contattarci per eventuali domande relative alle nostre offerte o ai nostri prodotti <\/label>\n<\/p>\n<p><label> Scrivete a <a href=\"mailto:info@seasolargroup.com\">info@seasolargroup.com<\/a> oppure compilate il modulo seguente e sar\u00e0 nostra premura ricontattarvi: <\/label>\n<\/p>\n<p><label> Nome *<br \/>\n<span class=\"wpcf7-form-control-wrap\" data-name=\"your-name\"><input size=\"40\" maxlength=\"400\" class=\"wpcf7-form-control wpcf7-text wpcf7-validates-as-required\" aria-required=\"true\" aria-invalid=\"false\" value=\"\" type=\"text\" name=\"your-name\" \/><\/span><\/label>\n<\/p>\n<p><label> Numero di telefono *<br \/>\n<span class=\"wpcf7-form-control-wrap\" data-name=\"tel-826\"><input size=\"40\" maxlength=\"400\" class=\"wpcf7-form-control wpcf7-tel wpcf7-validates-as-required wpcf7-text wpcf7-validates-as-tel\" aria-required=\"true\" aria-invalid=\"false\" value=\"\" type=\"tel\" name=\"tel-826\" \/><\/span><\/label>\n<\/p>\n<p><label> Tua E-mail *<br \/>\n<span class=\"wpcf7-form-control-wrap\" data-name=\"your-email\"><input size=\"40\" maxlength=\"400\" class=\"wpcf7-form-control wpcf7-email wpcf7-validates-as-required wpcf7-text wpcf7-validates-as-email\" aria-required=\"true\" aria-invalid=\"false\" value=\"\" type=\"email\" name=\"your-email\" \/><\/span><\/label>\n<\/p>\n<p><label> Oggetto *<br \/>\n<span class=\"wpcf7-form-control-wrap\" data-name=\"your-subject\"><input size=\"40\" maxlength=\"400\" class=\"wpcf7-form-control wpcf7-text wpcf7-validates-as-required\" aria-required=\"true\" aria-invalid=\"false\" value=\"\" type=\"text\" name=\"your-subject\" \/><\/span> <\/label>\n<\/p>\n<p><label> Messaggio *<br \/>\n<span class=\"wpcf7-form-control-wrap\" data-name=\"your-message\"><textarea cols=\"40\" rows=\"10\" maxlength=\"2000\" class=\"wpcf7-form-control wpcf7-textarea wpcf7-validates-as-required\" aria-required=\"true\" aria-invalid=\"false\" name=\"your-message\"><\/textarea><\/span> <\/label>\n<\/p>\n<p><label> * campo obbligatorio <\/label>\n<\/p>\n<p><input class=\"wpcf7-form-control wpcf7-submit has-spinner\" type=\"submit\" value=\"INVIO\" \/>\n<\/p>\n<p><label><\/label>\n<\/p><p style=\"display: none !important;\" class=\"akismet-fields-container\" data-prefix=\"_wpcf7_ak_\"><label>&#916;<textarea name=\"_wpcf7_ak_hp_textarea\" cols=\"45\" rows=\"8\" maxlength=\"100\"><\/textarea><\/label><input type=\"hidden\" id=\"ak_js_1\" name=\"_wpcf7_ak_js\" value=\"157\"\/><script>document.getElementById( \"ak_js_1\" ).setAttribute( \"value\", ( new Date() ).getTime() );<\/script><\/p><div class=\"wpcf7-response-output\" aria-hidden=\"true\"><\/div>\n<\/form>\n<\/div>\n<br \/>\n&nbsp;<\/p>\n<!-- sktbuilder starter --><script type=\"text\/javascript\" src=\"https:\/\/seasolargroup.com\/wp-content\/plugins\/skt-builder\/sktbuilder\/sktbuilder-frontend-starter.js\"><\/script><script type=\"text\/javascript\" src=\"https:\/\/seasolargroup.com\/wp-content\/plugins\/skt-builder\/sktbuilder-wordpress-driver.js\"><\/script><script type=\"text\/javascript\"> var starter = new SktbuilderStarter({\"mode\": \"prod\", \"skip\":[\"jquery\",\"underscore\",\"backbone\"],\"sktbuilderUrl\": \"https:\/\/seasolargroup.com\/wp-content\/plugins\/skt-builder\/sktbuilder\/\", \"driver\": new SktbuilderWordpressDriver({\"ajaxUrl\": \"https:\/\/seasolargroup.com\/wp-admin\/admin-ajax.php\", \"iframeUrl\": \"https:\/\/seasolargroup.com\/it\/product\/byd-battery-box-pro-7-5\/?sktbuilder=true\", \"pageId\": 3408,  \"nonce\": \"e41c439e2f\", \"pages\": [], \"page\": \"BYD BATTERY-BOX PRO 7.5\" }) });<\/script><!-- end sktbuilder starter -->","protected":false},"excerpt":{"rendered":"<p>Lithium-Ion battery<br \/>\nHigh Energy Density<br \/>\nMost Compact and Lightweight Storage in the Market<br \/>\nFlexible Installation<\/p>\n","protected":false},"featured_media":3412,"comment_status":"open","ping_status":"closed","template":"","meta":{"_mbp_gutenberg_autopost":false,"_pgmb_is_evergreen":false,"_pgmb_ap_template_id":0,"jetpack_publicize_message":"AEG AEG AS-P605-270","jetpack_publicize_feature_enabled":true,"jetpack_social_post_already_shared":true,"jetpack_social_options":{"image_generator_settings":{"template":"highway","default_image_id":0,"font":"","enabled":false},"version":2}},"product_brand":[4043],"product_cat":[1012,1207],"product_tag":[1219],"class_list":{"0":"post-3408","1":"product","2":"type-product","3":"status-publish","4":"has-post-thumbnail","6":"product_brand-byd","7":"product_cat-energy-storage","8":"product_cat-residential-storage","9":"product_tag-byd","11":"first","12":"outofstock","13":"taxable","14":"shipping-taxable","15":"product-type-simple"},"yoast_head":"<!-- This site is optimized with the Yoast SEO Premium plugin v26.7 (Yoast SEO v27.3) - https:\/\/yoast.com\/product\/yoast-seo-premium-wordpress\/ -->\n<title>BYD BATTERY-BOX PRO 7.5 - Seasolar Fotovoltaico<\/title>\n<meta name=\"robots\" content=\"index, follow, max-snippet:-1, max-image-preview:large, max-video-preview:-1\" \/>\n<link rel=\"canonical\" href=\"https:\/\/seasolargroup.com\/product\/byd-battery-box-pro-7-5\/\" \/>\n<meta property=\"og:locale\" content=\"it_IT\" \/>\n<meta property=\"og:type\" content=\"article\" \/>\n<meta property=\"og:title\" content=\"BYD BATTERY-BOX PRO 7.5\" \/>\n<meta property=\"og:description\" content=\"[:en]Lithium-Ion battery High Energy Density Most Compact and Lightweight Storage in the Market Flexible Installation [:it]Lithium-Ion battery High Energy Density Most Compact and Lightweight Storage in the Market Flexible Installation [:de]Lithium-Ion battery High Energy Density Most Compact and Lightweight Storage in the Market Flexible Installation [:fr]Lithium-Ion battery High Energy Density Most Compact and Lightweight Storage in the Market Flexible Installation [:es]Lithium-Ion battery High Energy Density Most Compact and Lightweight Storage in the Market Flexible Installation[:]\" \/>\n<meta property=\"og:url\" content=\"https:\/\/seasolargroup.com\/product\/byd-battery-box-pro-7-5\/\" \/>\n<meta property=\"og:site_name\" content=\"Seasolar Fotovoltaico\" \/>\n<meta property=\"article:publisher\" content=\"https:\/\/www.facebook.com\/seasolargroup\" \/>\n<meta property=\"article:modified_time\" content=\"2025-10-22T22:56:48+00:00\" \/>\n<meta property=\"og:image\" content=\"https:\/\/seasolargroup.com\/wp-content\/uploads\/2018\/08\/BYD-BBOX-LV13.8.jpg\" \/>\n\t<meta property=\"og:image:width\" content=\"225\" \/>\n\t<meta property=\"og:image:height\" content=\"225\" \/>\n\t<meta property=\"og:image:type\" content=\"image\/jpeg\" \/>\n<meta name=\"twitter:card\" content=\"summary_large_image\" \/>\n<meta name=\"twitter:site\" content=\"@seasolargroup\" \/>\n<meta name=\"twitter:label1\" content=\"Prezzo\" \/>\n\t<meta name=\"twitter:data1\" content=\"\" \/>\n\t<meta name=\"twitter:label2\" content=\"Disponibilit\u00e0\" \/>\n\t<meta name=\"twitter:data2\" content=\"Esaurito\" \/>\n<script type=\"application\/ld+json\" class=\"yoast-schema-graph\">{\"@context\":\"https:\\\/\\\/schema.org\",\"@graph\":[{\"@type\":\"WebPage\",\"@id\":\"https:\\\/\\\/seasolargroup.com\\\/product\\\/byd-battery-box-pro-7-5\\\/\",\"url\":\"https:\\\/\\\/seasolargroup.com\\\/product\\\/byd-battery-box-pro-7-5\\\/\",\"name\":\"BYD BATTERY-BOX PRO 7.5 - Seasolar Fotovoltaico\",\"isPartOf\":{\"@id\":\"https:\\\/\\\/seasolargroup.com\\\/#website\"},\"primaryImageOfPage\":{\"@id\":\"https:\\\/\\\/seasolargroup.com\\\/product\\\/byd-battery-box-pro-7-5\\\/#primaryimage\"},\"image\":{\"@id\":\"https:\\\/\\\/seasolargroup.com\\\/product\\\/byd-battery-box-pro-7-5\\\/#primaryimage\"},\"thumbnailUrl\":\"https:\\\/\\\/i0.wp.com\\\/seasolargroup.com\\\/wp-content\\\/uploads\\\/2018\\\/08\\\/BYD-BBOX-LV13.8.jpg?fit=225%2C225&ssl=1\",\"datePublished\":\"2018-08-04T07:27:06+00:00\",\"dateModified\":\"2025-10-22T22:56:48+00:00\",\"breadcrumb\":{\"@id\":\"https:\\\/\\\/seasolargroup.com\\\/product\\\/byd-battery-box-pro-7-5\\\/#breadcrumb\"},\"inLanguage\":\"it-IT\",\"potentialAction\":[{\"@type\":\"ReadAction\",\"target\":[\"https:\\\/\\\/seasolargroup.com\\\/product\\\/byd-battery-box-pro-7-5\\\/\"]}]},{\"@type\":\"ImageObject\",\"inLanguage\":\"it-IT\",\"@id\":\"https:\\\/\\\/seasolargroup.com\\\/product\\\/byd-battery-box-pro-7-5\\\/#primaryimage\",\"url\":\"https:\\\/\\\/i0.wp.com\\\/seasolargroup.com\\\/wp-content\\\/uploads\\\/2018\\\/08\\\/BYD-BBOX-LV13.8.jpg?fit=225%2C225&ssl=1\",\"contentUrl\":\"https:\\\/\\\/i0.wp.com\\\/seasolargroup.com\\\/wp-content\\\/uploads\\\/2018\\\/08\\\/BYD-BBOX-LV13.8.jpg?fit=225%2C225&ssl=1\",\"width\":225,\"height\":225},{\"@type\":\"BreadcrumbList\",\"@id\":\"https:\\\/\\\/seasolargroup.com\\\/product\\\/byd-battery-box-pro-7-5\\\/#breadcrumb\",\"itemListElement\":[{\"@type\":\"ListItem\",\"position\":1,\"name\":\"Home\",\"item\":\"https:\\\/\\\/seasolargroup.com\\\/\"},{\"@type\":\"ListItem\",\"position\":2,\"name\":\"Products\",\"item\":\"https:\\\/\\\/seasolargroup.com\\\/products\\\/\"},{\"@type\":\"ListItem\",\"position\":3,\"name\":\"BYD BATTERY-BOX PRO 7.5\"}]},{\"@type\":\"WebSite\",\"@id\":\"https:\\\/\\\/seasolargroup.com\\\/#website\",\"url\":\"https:\\\/\\\/seasolargroup.com\\\/\",\"name\":\"Seasolar Fotovoltaico\",\"description\":\"Turnkey photovoltaic systems since 2008\",\"publisher\":{\"@id\":\"https:\\\/\\\/seasolargroup.com\\\/#organization\"},\"potentialAction\":[{\"@type\":\"SearchAction\",\"target\":{\"@type\":\"EntryPoint\",\"urlTemplate\":\"https:\\\/\\\/seasolargroup.com\\\/?s={search_term_string}\"},\"query-input\":{\"@type\":\"PropertyValueSpecification\",\"valueRequired\":true,\"valueName\":\"search_term_string\"}}],\"inLanguage\":\"it-IT\"},{\"@type\":\"Organization\",\"@id\":\"https:\\\/\\\/seasolargroup.com\\\/#organization\",\"name\":\"SEASOLAR fotovoltaico\",\"url\":\"https:\\\/\\\/seasolargroup.com\\\/\",\"logo\":{\"@type\":\"ImageObject\",\"inLanguage\":\"it-IT\",\"@id\":\"https:\\\/\\\/seasolargroup.com\\\/#\\\/schema\\\/logo\\\/image\\\/\",\"url\":\"https:\\\/\\\/i0.wp.com\\\/seasolargroup.com\\\/wp-content\\\/uploads\\\/2024\\\/10\\\/seasolar_logo_2024_social.png?fit=360%2C360&ssl=1\",\"contentUrl\":\"https:\\\/\\\/i0.wp.com\\\/seasolargroup.com\\\/wp-content\\\/uploads\\\/2024\\\/10\\\/seasolar_logo_2024_social.png?fit=360%2C360&ssl=1\",\"width\":360,\"height\":360,\"caption\":\"SEASOLAR fotovoltaico\"},\"image\":{\"@id\":\"https:\\\/\\\/seasolargroup.com\\\/#\\\/schema\\\/logo\\\/image\\\/\"},\"sameAs\":[\"https:\\\/\\\/www.facebook.com\\\/seasolargroup\",\"https:\\\/\\\/x.com\\\/seasolargroup\",\"https:\\\/\\\/www.linkedin.com\\\/in\\\/seasolar-group-news\\\/\",\"https:\\\/\\\/www.youtube.com\\\/channel\\\/UCVrmhrGih_bFnpj0as_vDuQ\",\"https:\\\/\\\/www.instagram.com\\\/fotovoltaico_seasolar\\\/\"]}]}<\/script>\n<meta property=\"product:brand\" content=\"BYD\" \/>\n<meta property=\"product:price:currency\" content=\"EUR\" \/>\n<meta property=\"og:availability\" content=\"out of stock\" \/>\n<meta property=\"product:availability\" content=\"out of stock\" \/>\n<meta property=\"product:condition\" content=\"new\" \/>\n<!-- \/ Yoast SEO Premium plugin. -->","yoast_head_json":{"title":"BYD BATTERY-BOX PRO 7.5 - Seasolar Fotovoltaico","robots":{"index":"index","follow":"follow","max-snippet":"max-snippet:-1","max-image-preview":"max-image-preview:large","max-video-preview":"max-video-preview:-1"},"canonical":"https:\/\/seasolargroup.com\/product\/byd-battery-box-pro-7-5\/","og_locale":"it_IT","og_type":"article","og_title":"BYD BATTERY-BOX PRO 7.5","og_description":"[:en]Lithium-Ion battery High Energy Density Most Compact and Lightweight Storage in the Market Flexible Installation [:it]Lithium-Ion battery High Energy Density Most Compact and Lightweight Storage in the Market Flexible Installation [:de]Lithium-Ion battery High Energy Density Most Compact and Lightweight Storage in the Market Flexible Installation [:fr]Lithium-Ion battery High Energy Density Most Compact and Lightweight Storage in the Market Flexible Installation [:es]Lithium-Ion battery High Energy Density Most Compact and Lightweight Storage in the Market Flexible Installation[:]","og_url":"https:\/\/seasolargroup.com\/product\/byd-battery-box-pro-7-5\/","og_site_name":"Seasolar Fotovoltaico","article_publisher":"https:\/\/www.facebook.com\/seasolargroup","article_modified_time":"2025-10-22T22:56:48+00:00","og_image":[{"width":225,"height":225,"url":"https:\/\/seasolargroup.com\/wp-content\/uploads\/2018\/08\/BYD-BBOX-LV13.8.jpg","type":"image\/jpeg"}],"twitter_card":"summary_large_image","twitter_site":"@seasolargroup","twitter_misc":{"Prezzo":"","Disponibilit\u00e0":"Esaurito"},"schema":{"@context":"https:\/\/schema.org","@graph":[{"@type":"WebPage","@id":"https:\/\/seasolargroup.com\/product\/byd-battery-box-pro-7-5\/","url":"https:\/\/seasolargroup.com\/product\/byd-battery-box-pro-7-5\/","name":"BYD BATTERY-BOX PRO 7.5 - Seasolar Fotovoltaico","isPartOf":{"@id":"https:\/\/seasolargroup.com\/#website"},"primaryImageOfPage":{"@id":"https:\/\/seasolargroup.com\/product\/byd-battery-box-pro-7-5\/#primaryimage"},"image":{"@id":"https:\/\/seasolargroup.com\/product\/byd-battery-box-pro-7-5\/#primaryimage"},"thumbnailUrl":"https:\/\/i0.wp.com\/seasolargroup.com\/wp-content\/uploads\/2018\/08\/BYD-BBOX-LV13.8.jpg?fit=225%2C225&ssl=1","datePublished":"2018-08-04T07:27:06+00:00","dateModified":"2025-10-22T22:56:48+00:00","breadcrumb":{"@id":"https:\/\/seasolargroup.com\/product\/byd-battery-box-pro-7-5\/#breadcrumb"},"inLanguage":"it-IT","potentialAction":[{"@type":"ReadAction","target":["https:\/\/seasolargroup.com\/product\/byd-battery-box-pro-7-5\/"]}]},{"@type":"ImageObject","inLanguage":"it-IT","@id":"https:\/\/seasolargroup.com\/product\/byd-battery-box-pro-7-5\/#primaryimage","url":"https:\/\/i0.wp.com\/seasolargroup.com\/wp-content\/uploads\/2018\/08\/BYD-BBOX-LV13.8.jpg?fit=225%2C225&ssl=1","contentUrl":"https:\/\/i0.wp.com\/seasolargroup.com\/wp-content\/uploads\/2018\/08\/BYD-BBOX-LV13.8.jpg?fit=225%2C225&ssl=1","width":225,"height":225},{"@type":"BreadcrumbList","@id":"https:\/\/seasolargroup.com\/product\/byd-battery-box-pro-7-5\/#breadcrumb","itemListElement":[{"@type":"ListItem","position":1,"name":"Home","item":"https:\/\/seasolargroup.com\/"},{"@type":"ListItem","position":2,"name":"Products","item":"https:\/\/seasolargroup.com\/products\/"},{"@type":"ListItem","position":3,"name":"BYD BATTERY-BOX PRO 7.5"}]},{"@type":"WebSite","@id":"https:\/\/seasolargroup.com\/#website","url":"https:\/\/seasolargroup.com\/","name":"Seasolar Fotovoltaico","description":"Turnkey photovoltaic systems since 2008","publisher":{"@id":"https:\/\/seasolargroup.com\/#organization"},"potentialAction":[{"@type":"SearchAction","target":{"@type":"EntryPoint","urlTemplate":"https:\/\/seasolargroup.com\/?s={search_term_string}"},"query-input":{"@type":"PropertyValueSpecification","valueRequired":true,"valueName":"search_term_string"}}],"inLanguage":"it-IT"},{"@type":"Organization","@id":"https:\/\/seasolargroup.com\/#organization","name":"SEASOLAR fotovoltaico","url":"https:\/\/seasolargroup.com\/","logo":{"@type":"ImageObject","inLanguage":"it-IT","@id":"https:\/\/seasolargroup.com\/#\/schema\/logo\/image\/","url":"https:\/\/i0.wp.com\/seasolargroup.com\/wp-content\/uploads\/2024\/10\/seasolar_logo_2024_social.png?fit=360%2C360&ssl=1","contentUrl":"https:\/\/i0.wp.com\/seasolargroup.com\/wp-content\/uploads\/2024\/10\/seasolar_logo_2024_social.png?fit=360%2C360&ssl=1","width":360,"height":360,"caption":"SEASOLAR fotovoltaico"},"image":{"@id":"https:\/\/seasolargroup.com\/#\/schema\/logo\/image\/"},"sameAs":["https:\/\/www.facebook.com\/seasolargroup","https:\/\/x.com\/seasolargroup","https:\/\/www.linkedin.com\/in\/seasolar-group-news\/","https:\/\/www.youtube.com\/channel\/UCVrmhrGih_bFnpj0as_vDuQ","https:\/\/www.instagram.com\/fotovoltaico_seasolar\/"]}]},"product_brand":"BYD","product_price_currency":"EUR","og_availability":"out of stock","product_availability":"out of stock","product_condition":"new"},"jetpack_publicize_connections":[],"jetpack_sharing_enabled":true,"jetpack_likes_enabled":true,"jetpack-related-posts":[],"_links":{"self":[{"href":"https:\/\/seasolargroup.com\/it\/wp-json\/wp\/v2\/product\/3408","targetHints":{"allow":["GET"]}}],"collection":[{"href":"https:\/\/seasolargroup.com\/it\/wp-json\/wp\/v2\/product"}],"about":[{"href":"https:\/\/seasolargroup.com\/it\/wp-json\/wp\/v2\/types\/product"}],"replies":[{"embeddable":true,"href":"https:\/\/seasolargroup.com\/it\/wp-json\/wp\/v2\/comments?post=3408"}],"wp:featuredmedia":[{"embeddable":true,"href":"https:\/\/seasolargroup.com\/it\/wp-json\/wp\/v2\/media\/3412"}],"wp:attachment":[{"href":"https:\/\/seasolargroup.com\/it\/wp-json\/wp\/v2\/media?parent=3408"}],"wp:term":[{"taxonomy":"product_brand","embeddable":true,"href":"https:\/\/seasolargroup.com\/it\/wp-json\/wp\/v2\/product_brand?post=3408"},{"taxonomy":"product_cat","embeddable":true,"href":"https:\/\/seasolargroup.com\/it\/wp-json\/wp\/v2\/product_cat?post=3408"},{"taxonomy":"product_tag","embeddable":true,"href":"https:\/\/seasolargroup.com\/it\/wp-json\/wp\/v2\/product_tag?post=3408"}],"curies":[{"name":"wp","href":"https:\/\/api.w.org\/{rel}","templated":true}]}}