{"id":13884,"date":"2024-01-13T18:29:34","date_gmt":"2024-01-13T17:29:34","guid":{"rendered":"https:\/\/seasolargroup.com\/?post_type=product&#038;p=13884"},"modified":"2026-02-07T23:50:05","modified_gmt":"2026-02-07T22:50:05","slug":"solax-x3-fth-120k","status":"publish","type":"product","link":"https:\/\/seasolargroup.com\/it\/product\/solax-x3-fth-120k\/","title":{"rendered":"SOLAX X3 FTH 120K"},"content":{"rendered":"<p><span style=\"color: #ffffff;\">SOLAX X3 FTH 120K<\/span><br \/>\nVivi la straordinaria potenza dell&#8217;inverter SOLAX FTH ad alta efficienza, raggiungendo un&#8217;impressionante efficienza del 99%.<\/p>\n<p>Massimizza la generazione di energia con molteplici funzionalit\u00e0 come 12 MPPT, sovradimensionamento dell&#8217;input PV del 150% e sovraccarico dell&#8217;uscita dell&#8217;110%.<\/p>\n<p>Dormi sonni tranquilli con protezioni affidabili su ogni livello tra cui protezione AFCI, rilevamento della temperatura del terminale AC, protezione SPD e protezione IP66.<\/p>\n<p>Abbraccia le capacit\u00e0 intelligenti come il controllo integrato dell&#8217;esportazione di potenza, la manutenzione remota e il monitoraggio operativo 24 ore su 24 che offre convenienza senza soluzione di continuit\u00e0.<\/p>\n<p>Scopri la brillantezza della diagnosi intelligente della curva I-V dei pannelli solari e della compensazione della potenza reattiva notturna, ottimizzando la tua produzione di energia.<\/p>\n<p>Goditi i vantaggi di un design leggero e compatto dotato di tecnologia avanzata di dissipazione del calore che rende il sistema pi\u00f9 del 5% pi\u00f9 leggero e pi\u00f9 piccolo.<\/p>\n<p>Caratteristiche del prodotto:<\/p>\n<ul>\n<li>Efficienza massima del 99%<\/li>\n<li>Gamma di tensione MPPT da 180 a 1000 Vdc<\/li>\n<li>Fino a 12 MPPT, 2 stringhe per MPP tracker<\/li>\n<li>Sovradimensionamento dell\u2019input PV del 150%<\/li>\n<li>Sovraccarico dell\u2019uscita dell\u2019110%<\/li>\n<li>Corrente MPPT massima di 32A<\/li>\n<\/ul>\n<p>&nbsp;<br \/>\n<img data-recalc-dims=\"1\" loading=\"lazy\" decoding=\"async\" data-id=\"13877\"  src=\"https:\/\/i0.wp.com\/seasolargroup.com\/wp-content\/uploads\/2024\/01\/X3-FTH-IT.jpg?resize=1397%2C1937&#038;ssl=1\" alt=\"SOLAX X3 FTH\" width=\"1397\" height=\"1937\" class=\"aligncenter size-full wp-image-13877\" srcset=\"https:\/\/i0.wp.com\/seasolargroup.com\/wp-content\/uploads\/2024\/01\/X3-FTH-IT.jpg?w=1397&amp;ssl=1 1397w, https:\/\/i0.wp.com\/seasolargroup.com\/wp-content\/uploads\/2024\/01\/X3-FTH-IT.jpg?resize=216%2C300&amp;ssl=1 216w, https:\/\/i0.wp.com\/seasolargroup.com\/wp-content\/uploads\/2024\/01\/X3-FTH-IT.jpg?resize=739%2C1024&amp;ssl=1 739w, https:\/\/i0.wp.com\/seasolargroup.com\/wp-content\/uploads\/2024\/01\/X3-FTH-IT.jpg?resize=768%2C1065&amp;ssl=1 768w, https:\/\/i0.wp.com\/seasolargroup.com\/wp-content\/uploads\/2024\/01\/X3-FTH-IT.jpg?resize=1108%2C1536&amp;ssl=1 1108w, https:\/\/i0.wp.com\/seasolargroup.com\/wp-content\/uploads\/2024\/01\/X3-FTH-IT.jpg?resize=800%2C1109&amp;ssl=1 800w\" sizes=\"auto, (max-width: 1000px) 100vw, 1000px\" \/><br \/>\n\r\n\t\t<div class=\"divider4\"><span><\/span><\/div>\r\n\t\t<\/p>\n<h2>Downloads<\/h2>\n<p><a href=\"https:\/\/seasolargroup.com\/wp-content\/uploads\/2024\/01\/x3-fth-datasheet-en.pdf\" target=\"_blank\" rel=\"noopener\">SOLAX X3 FTH: Datasheet<\/a><\/p>\n<p><a href=\"https:\/\/seasolargroup.com\/wp-content\/uploads\/2024\/01\/x3-fth-datasheet-it.pdf\" target=\"_blank\" rel=\"noopener\">SOLAX X3 FTH: Scheda tecnica<\/a><\/p>\n<p><a href=\"https:\/\/seasolargroup.com\/wp-content\/uploads\/2024\/01\/x3-forth-user-manual-en.pdf\" target=\"_blank\" rel=\"noopener\">SOLAX X3 FTH: User manual<\/a><\/p>\n<p><a href=\"https:\/\/seasolargroup.com\/wp-content\/uploads\/2024\/01\/x3-forth-user-manual-it.pdf\" target=\"_blank\" rel=\"noopener\">SOLAX X3 FTH: Manuale d&#8217;uso<\/a><\/p>\n<p><a href=\"https:\/\/seasolargroup.com\/wp-content\/uploads\/2024\/01\/Solax_X3-FORTH_CEI0-21\uff1a2022_AK-50553833-0001.pdf\" target=\"_blank\" rel=\"noopener\">SOLAX X3 FTH: CEI0-21<\/a><\/p>\n<p><a href=\"https:\/\/seasolargroup.com\/wp-content\/uploads\/2024\/01\/Solax_X3-FORTH_CEI0-16\uff1a2022_AK-50558339-0001.pdf\" target=\"_blank\" rel=\"noopener\">SOLAX X3 FTH: CEI0-16<\/a><\/p>\n<p><a href=\"https:\/\/seasolargroup.com\/wp-content\/uploads\/2024\/01\/2023-eu-inverters-warranty-terms-conditions.pdf\" target=\"_blank\" rel=\"noopener\">SOLAX X3 FTH: 2023 eu inverters warranty terms conditions<\/a><\/p>\n<p><a href=\"https:\/\/seasolargroup.com\/wp-content\/uploads\/2024\/01\/TigoSolaxCompatibilityLetterDec2022.pdf\" target=\"_blank\" rel=\"noopener\">SOLAX X3 FTH: Tigo&amp;Solax Compatibility Letter<\/a><br \/>\n\r\n\t\t<div class=\"divider4\"><span><\/span><\/div>\r\n\t\t<\/p>\n<h2>Related offers<\/h2>\n<p><a href=\"https:\/\/seasolargroup.com\/tag\/SOLAX\/\">Offers for SOLAX<\/a><br \/>\n<span style=\"color: #ffffff;\">SOLAX X3 FTH 120K<\/span><br \/>\n\r\n\t\t<div class=\"divider4\"><span><\/span><\/div>\r\n\t\t<\/p>\n<h2>Related projects<\/h2>\n<p><br \/>\n\r\n\t\t<div class=\"divider4\"><span><\/span><\/div>\r\n\t\t<\/p>\n<h2>Related videos<\/h2>\n<p><span class=\"embed-youtube\" style=\"text-align:center; display: block;\"><iframe loading=\"lazy\" class=\"youtube-player\" width=\"640\" height=\"360\" src=\"https:\/\/www.youtube.com\/embed\/A7eEzZhY8gA?version=3&#038;rel=1&#038;showsearch=0&#038;showinfo=1&#038;iv_load_policy=1&#038;fs=1&#038;hl=it-IT&#038;autohide=2&#038;wmode=transparent&#038;listType=playlist&#038;list=PLwqK5bEOfjvKeGRrDn4zYYBFl0uQ8ef4x\" allowfullscreen=\"true\" style=\"border:0;\" sandbox=\"allow-scripts allow-same-origin allow-popups allow-presentation allow-popups-to-escape-sandbox\"><\/iframe><\/span><br \/>\n\r\n\t\t<div class=\"divider4\"><span><\/span><\/div>\r\n\t\t<br \/>\n\n<div class=\"wpcf7 no-js\" id=\"wpcf7-f5-o2\" lang=\"en-GB\" dir=\"ltr\" data-wpcf7-id=\"5\">\n<div class=\"screen-reader-response\"><p role=\"status\" aria-live=\"polite\" aria-atomic=\"true\"><\/p> <ul><\/ul><\/div>\n<form action=\"\/it\/wp-json\/wp\/v2\/product\/13884#wpcf7-f5-o2\" method=\"post\" class=\"wpcf7-form init\" aria-label=\"Contact form\" novalidate=\"novalidate\" data-status=\"init\">\n<fieldset class=\"hidden-fields-container\"><input type=\"hidden\" name=\"_wpcf7\" value=\"5\" \/><input type=\"hidden\" name=\"_wpcf7_version\" value=\"6.1.5\" \/><input type=\"hidden\" name=\"_wpcf7_locale\" value=\"en_GB\" \/><input type=\"hidden\" name=\"_wpcf7_unit_tag\" value=\"wpcf7-f5-o2\" \/><input type=\"hidden\" name=\"_wpcf7_container_post\" value=\"0\" \/><input type=\"hidden\" name=\"_wpcf7_posted_data_hash\" value=\"\" \/><input type=\"hidden\" name=\"_wpcf7_recaptcha_response\" value=\"\" \/>\n<\/fieldset>\n<p><label> <\/label>\n<\/p>\n<h2>Contatto\n<\/h2>\n<p><label> Vi preghiamo di contattarci per eventuali domande relative alle nostre offerte o ai nostri prodotti <\/label>\n<\/p>\n<p><label> Scrivete a <a href=\"mailto:info@seasolargroup.com\">info@seasolargroup.com<\/a> oppure compilate il modulo seguente e sar\u00e0 nostra premura ricontattarvi: <\/label>\n<\/p>\n<p><label> Nome *<br \/>\n<span class=\"wpcf7-form-control-wrap\" data-name=\"your-name\"><input size=\"40\" maxlength=\"400\" class=\"wpcf7-form-control wpcf7-text wpcf7-validates-as-required\" aria-required=\"true\" aria-invalid=\"false\" value=\"\" type=\"text\" name=\"your-name\" \/><\/span><\/label>\n<\/p>\n<p><label> Numero di telefono *<br \/>\n<span class=\"wpcf7-form-control-wrap\" data-name=\"tel-826\"><input size=\"40\" maxlength=\"400\" class=\"wpcf7-form-control wpcf7-tel wpcf7-validates-as-required wpcf7-text wpcf7-validates-as-tel\" aria-required=\"true\" aria-invalid=\"false\" value=\"\" type=\"tel\" name=\"tel-826\" \/><\/span><\/label>\n<\/p>\n<p><label> Tua E-mail *<br \/>\n<span class=\"wpcf7-form-control-wrap\" data-name=\"your-email\"><input size=\"40\" maxlength=\"400\" class=\"wpcf7-form-control wpcf7-email wpcf7-validates-as-required wpcf7-text wpcf7-validates-as-email\" aria-required=\"true\" aria-invalid=\"false\" value=\"\" type=\"email\" name=\"your-email\" \/><\/span><\/label>\n<\/p>\n<p><label> Oggetto *<br \/>\n<span class=\"wpcf7-form-control-wrap\" data-name=\"your-subject\"><input size=\"40\" maxlength=\"400\" class=\"wpcf7-form-control wpcf7-text wpcf7-validates-as-required\" aria-required=\"true\" aria-invalid=\"false\" value=\"\" type=\"text\" name=\"your-subject\" \/><\/span> <\/label>\n<\/p>\n<p><label> Messaggio *<br \/>\n<span class=\"wpcf7-form-control-wrap\" data-name=\"your-message\"><textarea cols=\"40\" rows=\"10\" maxlength=\"2000\" class=\"wpcf7-form-control wpcf7-textarea wpcf7-validates-as-required\" aria-required=\"true\" aria-invalid=\"false\" name=\"your-message\"><\/textarea><\/span> <\/label>\n<\/p>\n<p><label> * campo obbligatorio <\/label>\n<\/p>\n<p><input class=\"wpcf7-form-control wpcf7-submit has-spinner\" type=\"submit\" value=\"INVIO\" \/>\n<\/p>\n<p><label><\/label>\n<\/p><p style=\"display: none !important;\" class=\"akismet-fields-container\" data-prefix=\"_wpcf7_ak_\"><label>&#916;<textarea name=\"_wpcf7_ak_hp_textarea\" cols=\"45\" rows=\"8\" maxlength=\"100\"><\/textarea><\/label><input type=\"hidden\" id=\"ak_js_2\" name=\"_wpcf7_ak_js\" value=\"200\"\/><script>document.getElementById( \"ak_js_2\" ).setAttribute( \"value\", ( new Date() ).getTime() );<\/script><\/p><div class=\"wpcf7-response-output\" aria-hidden=\"true\"><\/div>\n<\/form>\n<\/div>\n<\/p>\n<!-- sktbuilder starter --><script type=\"text\/javascript\" src=\"https:\/\/seasolargroup.com\/wp-content\/plugins\/skt-builder\/sktbuilder\/sktbuilder-frontend-starter.js\"><\/script><script type=\"text\/javascript\" src=\"https:\/\/seasolargroup.com\/wp-content\/plugins\/skt-builder\/sktbuilder-wordpress-driver.js\"><\/script><script type=\"text\/javascript\"> var starter = new SktbuilderStarter({\"mode\": \"prod\", \"skip\":[\"jquery\",\"underscore\",\"backbone\"],\"sktbuilderUrl\": \"https:\/\/seasolargroup.com\/wp-content\/plugins\/skt-builder\/sktbuilder\/\", \"driver\": new SktbuilderWordpressDriver({\"ajaxUrl\": \"https:\/\/seasolargroup.com\/wp-admin\/admin-ajax.php\", \"iframeUrl\": \"https:\/\/seasolargroup.com\/it\/product\/solax-x3-fth-120k\/?sktbuilder=true\", \"pageId\": 13884,  \"nonce\": \"5e6d72fdcf\", \"pages\": [], \"page\": \"SOLAX X3 FTH 120K\" }) });<\/script><!-- end sktbuilder starter -->","protected":false},"excerpt":{"rendered":"<p>Inverter Trifase<br \/>\nSolaX inverter trifase si integra perfettamente con varie configurazioni, fornendo una compatibilit\u00e0 senza pari. Gli inverter versatili offrono una gamma completa di soluzioni, tra cui funzionamento in parallelo, integrazione della pompa di calore, connettivit\u00e0 alla microrete, compatibilit\u00e0 con caricabatterie per veicoli elettrici, supporto del generatore e applicazione VPP.<\/p>\n","protected":false},"featured_media":13731,"comment_status":"open","ping_status":"closed","template":"","meta":{"_mbp_gutenberg_autopost":false,"_pgmb_is_evergreen":false,"_pgmb_ap_template_id":0,"jetpack_publicize_message":"AEG AEG AS-P605-270","jetpack_publicize_feature_enabled":true,"jetpack_social_post_already_shared":true,"jetpack_social_options":{"image_generator_settings":{"template":"highway","default_image_id":0,"font":"","enabled":false},"version":2}},"product_brand":[4037],"product_cat":[4094,1011,4092],"product_tag":[1226],"class_list":{"0":"post-13884","1":"product","2":"type-product","3":"status-publish","4":"has-post-thumbnail","6":"product_brand-solax","7":"product_cat-commercial-inverter","8":"product_cat-inverter","9":"product_cat-utility-scale-inverter","10":"product_tag-solax","11":"pa_height-3927","12":"pa_hight-3929","13":"pa_length-3928","14":"pa_mpp-number-3931","15":"pa_mpp-voltage-max-3869","16":"pa_mpp-voltage-min-3870","17":"pa_phases-number-3871","18":"pa_power-ac-3934","19":"pa_power-dc-3935","20":"pa_warranty-product-3902","21":"pa_width-3930","23":"first","24":"instock","25":"product-type-simple"},"yoast_head":"<!-- This site is optimized with the Yoast SEO Premium plugin v26.7 (Yoast SEO v27.4) - https:\/\/yoast.com\/product\/yoast-seo-premium-wordpress\/ -->\n<title>SOLAX X3 FTH 120K - Seasolar Fotovoltaico<\/title>\n<meta name=\"description\" content=\"SOLAX X3 FTH 120K Solax three-phase inverter seamlessly integrates with various setups, providing unparalleled compatibility.\" \/>\n<meta name=\"robots\" content=\"index, follow, max-snippet:-1, max-image-preview:large, max-video-preview:-1\" \/>\n<link rel=\"canonical\" href=\"https:\/\/seasolargroup.com\/product\/solax-x3-fth-120k\/\" \/>\n<meta property=\"og:locale\" content=\"it_IT\" \/>\n<meta property=\"og:type\" content=\"article\" \/>\n<meta property=\"og:title\" content=\"SOLAX X3 FTH 120K\" \/>\n<meta property=\"og:description\" content=\"SOLAX X3 FTH 120K Solax three-phase inverter seamlessly integrates with various setups, providing unparalleled compatibility.\" \/>\n<meta property=\"og:url\" content=\"https:\/\/seasolargroup.com\/product\/solax-x3-fth-120k\/\" \/>\n<meta property=\"og:site_name\" content=\"Seasolar Fotovoltaico\" \/>\n<meta property=\"article:publisher\" content=\"https:\/\/www.facebook.com\/seasolargroup\" \/>\n<meta property=\"article:modified_time\" content=\"2026-02-07T22:50:05+00:00\" \/>\n<meta property=\"og:image\" content=\"https:\/\/seasolargroup.com\/wp-content\/uploads\/2023\/12\/x3-forth-front-1024x711.png\" \/>\n\t<meta property=\"og:image:width\" content=\"1024\" \/>\n\t<meta property=\"og:image:height\" content=\"711\" \/>\n\t<meta property=\"og:image:type\" content=\"image\/png\" \/>\n<meta name=\"twitter:card\" content=\"summary_large_image\" \/>\n<meta name=\"twitter:site\" content=\"@seasolargroup\" \/>\n<meta name=\"twitter:label1\" content=\"Prezzo\" \/>\n\t<meta name=\"twitter:data1\" content=\"\" \/>\n\t<meta name=\"twitter:label2\" content=\"Disponibilit\u00e0\" \/>\n\t<meta name=\"twitter:data2\" content=\"In stock\" \/>\n<script type=\"application\/ld+json\" class=\"yoast-schema-graph\">{\"@context\":\"https:\\\/\\\/schema.org\",\"@graph\":[{\"@type\":\"WebPage\",\"@id\":\"https:\\\/\\\/seasolargroup.com\\\/product\\\/solax-x3-fth-120k\\\/\",\"url\":\"https:\\\/\\\/seasolargroup.com\\\/product\\\/solax-x3-fth-120k\\\/\",\"name\":\"SOLAX X3 FTH 120K - Seasolar Fotovoltaico\",\"isPartOf\":{\"@id\":\"https:\\\/\\\/seasolargroup.com\\\/#website\"},\"primaryImageOfPage\":{\"@id\":\"https:\\\/\\\/seasolargroup.com\\\/product\\\/solax-x3-fth-120k\\\/#primaryimage\"},\"image\":{\"@id\":\"https:\\\/\\\/seasolargroup.com\\\/product\\\/solax-x3-fth-120k\\\/#primaryimage\"},\"thumbnailUrl\":\"https:\\\/\\\/i0.wp.com\\\/seasolargroup.com\\\/wp-content\\\/uploads\\\/2023\\\/12\\\/x3-forth-front-scaled.png?fit=8459%2C5870&ssl=1\",\"datePublished\":\"2024-01-13T17:29:34+00:00\",\"dateModified\":\"2026-02-07T22:50:05+00:00\",\"description\":\"SOLAX X3 FTH 120K Solax three-phase inverter seamlessly integrates with various setups, providing unparalleled compatibility.\",\"breadcrumb\":{\"@id\":\"https:\\\/\\\/seasolargroup.com\\\/product\\\/solax-x3-fth-120k\\\/#breadcrumb\"},\"inLanguage\":\"it-IT\",\"potentialAction\":[{\"@type\":\"ReadAction\",\"target\":[\"https:\\\/\\\/seasolargroup.com\\\/product\\\/solax-x3-fth-120k\\\/\"]}]},{\"@type\":\"ImageObject\",\"inLanguage\":\"it-IT\",\"@id\":\"https:\\\/\\\/seasolargroup.com\\\/product\\\/solax-x3-fth-120k\\\/#primaryimage\",\"url\":\"https:\\\/\\\/i0.wp.com\\\/seasolargroup.com\\\/wp-content\\\/uploads\\\/2023\\\/12\\\/x3-forth-front-scaled.png?fit=8459%2C5870&ssl=1\",\"contentUrl\":\"https:\\\/\\\/i0.wp.com\\\/seasolargroup.com\\\/wp-content\\\/uploads\\\/2023\\\/12\\\/x3-forth-front-scaled.png?fit=8459%2C5870&ssl=1\",\"width\":8459,\"height\":5870,\"caption\":\"SOLAX X3 FTH\"},{\"@type\":\"BreadcrumbList\",\"@id\":\"https:\\\/\\\/seasolargroup.com\\\/product\\\/solax-x3-fth-120k\\\/#breadcrumb\",\"itemListElement\":[{\"@type\":\"ListItem\",\"position\":1,\"name\":\"Home\",\"item\":\"https:\\\/\\\/seasolargroup.com\\\/\"},{\"@type\":\"ListItem\",\"position\":2,\"name\":\"Products\",\"item\":\"https:\\\/\\\/seasolargroup.com\\\/products\\\/\"},{\"@type\":\"ListItem\",\"position\":3,\"name\":\"SOLAX X3 FTH 120K\"}]},{\"@type\":\"WebSite\",\"@id\":\"https:\\\/\\\/seasolargroup.com\\\/#website\",\"url\":\"https:\\\/\\\/seasolargroup.com\\\/\",\"name\":\"Seasolar Fotovoltaico\",\"description\":\"Turnkey photovoltaic systems since 2008\",\"publisher\":{\"@id\":\"https:\\\/\\\/seasolargroup.com\\\/#organization\"},\"potentialAction\":[{\"@type\":\"SearchAction\",\"target\":{\"@type\":\"EntryPoint\",\"urlTemplate\":\"https:\\\/\\\/seasolargroup.com\\\/?s={search_term_string}\"},\"query-input\":{\"@type\":\"PropertyValueSpecification\",\"valueRequired\":true,\"valueName\":\"search_term_string\"}}],\"inLanguage\":\"it-IT\"},{\"@type\":\"Organization\",\"@id\":\"https:\\\/\\\/seasolargroup.com\\\/#organization\",\"name\":\"SEASOLAR fotovoltaico\",\"url\":\"https:\\\/\\\/seasolargroup.com\\\/\",\"logo\":{\"@type\":\"ImageObject\",\"inLanguage\":\"it-IT\",\"@id\":\"https:\\\/\\\/seasolargroup.com\\\/#\\\/schema\\\/logo\\\/image\\\/\",\"url\":\"https:\\\/\\\/i0.wp.com\\\/seasolargroup.com\\\/wp-content\\\/uploads\\\/2024\\\/10\\\/seasolar_logo_2024_social.png?fit=360%2C360&ssl=1\",\"contentUrl\":\"https:\\\/\\\/i0.wp.com\\\/seasolargroup.com\\\/wp-content\\\/uploads\\\/2024\\\/10\\\/seasolar_logo_2024_social.png?fit=360%2C360&ssl=1\",\"width\":360,\"height\":360,\"caption\":\"SEASOLAR fotovoltaico\"},\"image\":{\"@id\":\"https:\\\/\\\/seasolargroup.com\\\/#\\\/schema\\\/logo\\\/image\\\/\"},\"sameAs\":[\"https:\\\/\\\/www.facebook.com\\\/seasolargroup\",\"https:\\\/\\\/x.com\\\/seasolargroup\",\"https:\\\/\\\/www.linkedin.com\\\/in\\\/seasolar-group-news\\\/\",\"https:\\\/\\\/www.youtube.com\\\/channel\\\/UCVrmhrGih_bFnpj0as_vDuQ\",\"https:\\\/\\\/www.instagram.com\\\/fotovoltaico_seasolar\\\/\"]}]}<\/script>\n<meta property=\"product:brand\" content=\"SOLAX\" \/>\n<meta property=\"product:price:currency\" content=\"EUR\" \/>\n<meta property=\"og:availability\" content=\"instock\" \/>\n<meta property=\"product:availability\" content=\"instock\" \/>\n<meta property=\"product:retailer_item_id\" content=\"SLX-X3-FTH-120K\" \/>\n<meta property=\"product:condition\" content=\"new\" \/>\n<!-- \/ Yoast SEO Premium plugin. -->","yoast_head_json":{"title":"SOLAX X3 FTH 120K - Seasolar Fotovoltaico","description":"SOLAX X3 FTH 120K Solax three-phase inverter seamlessly integrates with various setups, providing unparalleled compatibility.","robots":{"index":"index","follow":"follow","max-snippet":"max-snippet:-1","max-image-preview":"max-image-preview:large","max-video-preview":"max-video-preview:-1"},"canonical":"https:\/\/seasolargroup.com\/product\/solax-x3-fth-120k\/","og_locale":"it_IT","og_type":"article","og_title":"SOLAX X3 FTH 120K","og_description":"SOLAX X3 FTH 120K Solax three-phase inverter seamlessly integrates with various setups, providing unparalleled compatibility.","og_url":"https:\/\/seasolargroup.com\/product\/solax-x3-fth-120k\/","og_site_name":"Seasolar Fotovoltaico","article_publisher":"https:\/\/www.facebook.com\/seasolargroup","article_modified_time":"2026-02-07T22:50:05+00:00","og_image":[{"width":1024,"height":711,"url":"https:\/\/seasolargroup.com\/wp-content\/uploads\/2023\/12\/x3-forth-front-1024x711.png","type":"image\/png"}],"twitter_card":"summary_large_image","twitter_site":"@seasolargroup","twitter_misc":{"Prezzo":"","Disponibilit\u00e0":"In stock"},"schema":{"@context":"https:\/\/schema.org","@graph":[{"@type":"WebPage","@id":"https:\/\/seasolargroup.com\/product\/solax-x3-fth-120k\/","url":"https:\/\/seasolargroup.com\/product\/solax-x3-fth-120k\/","name":"SOLAX X3 FTH 120K - Seasolar Fotovoltaico","isPartOf":{"@id":"https:\/\/seasolargroup.com\/#website"},"primaryImageOfPage":{"@id":"https:\/\/seasolargroup.com\/product\/solax-x3-fth-120k\/#primaryimage"},"image":{"@id":"https:\/\/seasolargroup.com\/product\/solax-x3-fth-120k\/#primaryimage"},"thumbnailUrl":"https:\/\/i0.wp.com\/seasolargroup.com\/wp-content\/uploads\/2023\/12\/x3-forth-front-scaled.png?fit=8459%2C5870&ssl=1","datePublished":"2024-01-13T17:29:34+00:00","dateModified":"2026-02-07T22:50:05+00:00","description":"SOLAX X3 FTH 120K Solax three-phase inverter seamlessly integrates with various setups, providing unparalleled compatibility.","breadcrumb":{"@id":"https:\/\/seasolargroup.com\/product\/solax-x3-fth-120k\/#breadcrumb"},"inLanguage":"it-IT","potentialAction":[{"@type":"ReadAction","target":["https:\/\/seasolargroup.com\/product\/solax-x3-fth-120k\/"]}]},{"@type":"ImageObject","inLanguage":"it-IT","@id":"https:\/\/seasolargroup.com\/product\/solax-x3-fth-120k\/#primaryimage","url":"https:\/\/i0.wp.com\/seasolargroup.com\/wp-content\/uploads\/2023\/12\/x3-forth-front-scaled.png?fit=8459%2C5870&ssl=1","contentUrl":"https:\/\/i0.wp.com\/seasolargroup.com\/wp-content\/uploads\/2023\/12\/x3-forth-front-scaled.png?fit=8459%2C5870&ssl=1","width":8459,"height":5870,"caption":"SOLAX X3 FTH"},{"@type":"BreadcrumbList","@id":"https:\/\/seasolargroup.com\/product\/solax-x3-fth-120k\/#breadcrumb","itemListElement":[{"@type":"ListItem","position":1,"name":"Home","item":"https:\/\/seasolargroup.com\/"},{"@type":"ListItem","position":2,"name":"Products","item":"https:\/\/seasolargroup.com\/products\/"},{"@type":"ListItem","position":3,"name":"SOLAX X3 FTH 120K"}]},{"@type":"WebSite","@id":"https:\/\/seasolargroup.com\/#website","url":"https:\/\/seasolargroup.com\/","name":"Seasolar Fotovoltaico","description":"Turnkey photovoltaic systems since 2008","publisher":{"@id":"https:\/\/seasolargroup.com\/#organization"},"potentialAction":[{"@type":"SearchAction","target":{"@type":"EntryPoint","urlTemplate":"https:\/\/seasolargroup.com\/?s={search_term_string}"},"query-input":{"@type":"PropertyValueSpecification","valueRequired":true,"valueName":"search_term_string"}}],"inLanguage":"it-IT"},{"@type":"Organization","@id":"https:\/\/seasolargroup.com\/#organization","name":"SEASOLAR fotovoltaico","url":"https:\/\/seasolargroup.com\/","logo":{"@type":"ImageObject","inLanguage":"it-IT","@id":"https:\/\/seasolargroup.com\/#\/schema\/logo\/image\/","url":"https:\/\/i0.wp.com\/seasolargroup.com\/wp-content\/uploads\/2024\/10\/seasolar_logo_2024_social.png?fit=360%2C360&ssl=1","contentUrl":"https:\/\/i0.wp.com\/seasolargroup.com\/wp-content\/uploads\/2024\/10\/seasolar_logo_2024_social.png?fit=360%2C360&ssl=1","width":360,"height":360,"caption":"SEASOLAR fotovoltaico"},"image":{"@id":"https:\/\/seasolargroup.com\/#\/schema\/logo\/image\/"},"sameAs":["https:\/\/www.facebook.com\/seasolargroup","https:\/\/x.com\/seasolargroup","https:\/\/www.linkedin.com\/in\/seasolar-group-news\/","https:\/\/www.youtube.com\/channel\/UCVrmhrGih_bFnpj0as_vDuQ","https:\/\/www.instagram.com\/fotovoltaico_seasolar\/"]}]},"product_brand":"SOLAX","product_price_currency":"EUR","og_availability":"instock","product_availability":"instock","product_retailer_item_id":"SLX-X3-FTH-120K","product_condition":"new"},"jetpack_publicize_connections":[],"jetpack_sharing_enabled":true,"jetpack_likes_enabled":true,"jetpack-related-posts":[],"_links":{"self":[{"href":"https:\/\/seasolargroup.com\/it\/wp-json\/wp\/v2\/product\/13884","targetHints":{"allow":["GET"]}}],"collection":[{"href":"https:\/\/seasolargroup.com\/it\/wp-json\/wp\/v2\/product"}],"about":[{"href":"https:\/\/seasolargroup.com\/it\/wp-json\/wp\/v2\/types\/product"}],"replies":[{"embeddable":true,"href":"https:\/\/seasolargroup.com\/it\/wp-json\/wp\/v2\/comments?post=13884"}],"wp:featuredmedia":[{"embeddable":true,"href":"https:\/\/seasolargroup.com\/it\/wp-json\/wp\/v2\/media\/13731"}],"wp:attachment":[{"href":"https:\/\/seasolargroup.com\/it\/wp-json\/wp\/v2\/media?parent=13884"}],"wp:term":[{"taxonomy":"product_brand","embeddable":true,"href":"https:\/\/seasolargroup.com\/it\/wp-json\/wp\/v2\/product_brand?post=13884"},{"taxonomy":"product_cat","embeddable":true,"href":"https:\/\/seasolargroup.com\/it\/wp-json\/wp\/v2\/product_cat?post=13884"},{"taxonomy":"product_tag","embeddable":true,"href":"https:\/\/seasolargroup.com\/it\/wp-json\/wp\/v2\/product_tag?post=13884"}],"curies":[{"name":"wp","href":"https:\/\/api.w.org\/{rel}","templated":true}]}}