{"id":3189,"date":"2018-07-27T18:28:22","date_gmt":"2018-07-27T16:28:22","guid":{"rendered":"https:\/\/seasolargroup.com\/?page_id=3189"},"modified":"2020-04-14T17:00:47","modified_gmt":"2020-04-14T15:00:47","slug":"scambio-sul-posto","status":"publish","type":"page","link":"https:\/\/seasolargroup.com\/it\/incentives\/incentives-in-italy\/scambio-sul-posto\/","title":{"rendered":"Scambio sul posto"},"content":{"rendered":"<p>Il servizio di Scambio sul Posto e\u0300 una particolare forma di autoconsumo in sito che consente di compensare l\u2019energia elettrica prodotta e immessa in rete in un certo momento con quella prelevata e consumata in un momento differente da quello in cui avviene la produzione. <\/p>\n<p>Nello Scambio sul Posto si utilizza quindi il sistema elettrico quale strumento per l\u2019immagazzinamento virtuale dell\u2019energia elettrica prodotta ma non contestualmente autoconsumata. Condizione necessaria per l\u2019erogazione del servizio e\u0300 la presenza di impianti per il consumo e per la produzione di energia elettrica sottesi a un unico punto di connessione con la rete pubblica.<\/p>\n<p>Lo Scambio sul Posto e\u0300 erogato:<br \/>\n\u2022al cliente finale presente all&#8217;interno di un Altro Sistema Semplice di Produzione e Consumo (ASSPC) che, al tempo stesso, e\u0300 produttore di energia elettrica in relazione agli impianti di produzione che costituiscono l&#8217;ASSPC, ovvero ha ricevuto mandato senza rappresentanza da un produttore terzo in relazione ai predetti impianti (Scambio sul Posto per ASSPC);<br \/>\n\u2022al cliente finale titolare di un insieme di punti di prelievo e immissione anche non coincidenti che, al tempo stesso, e\u0300 produttore di energia elettrica in relazione agli impianti di produzione connessi per il tramite dei predetti punti, ovvero ha ricevuto mandato senza rappresentanza da un produttore terzo in relazione ai predetti impianti (Scambio sul Posto altrove).<\/p>\n<p>Ai fini dell&#8217;accesso allo Scambio sul Posto per ASSPC devono essere verificate tutte le seguenti condizioni:<br \/>\n\u2022l&#8217;utente dello scambio deve essere controparte del contratto di acquisto riferito all&#8217;energia elettrica prelevata sul punto di scambio;<br \/>\n\u2022 la potenza complessivamente installata nell&#8217;ASSPC da impianti di produzione alimentati da fonti rinnovabili entrati in esercizio fino al 31\/12\/2007 non \u00e8 superiore a 20 kW;<br \/>\n\u2022 la potenza complessivamente installata nell&#8217;ASSPC da impianti di produzione alimentati da fonti rinnovabili entrati in esercizio fino al 31\/12\/2014 non \u00e8 superiore a 200 kW;<br \/>\n\u2022 la potenza complessivamente installata nell&#8217;ASSPC da impianti di cogenerazione ad alto rendimento non \u00e8 superiore a 200 kW;<br \/>\n\u2022 la potenza degli impianti di produzione complessivamente installata nell&#8217;ASSPC non \u00e8 superiore a 500 kW.<\/p>\n<p>I produtori che intendono aderire  al servizio di Scambio sul Posto hanno due modalit\u00e0 per la presentazione della richiesta.<\/p>\n<p>Il Modello Unico \u00e8 un iter semplificato per la realizzazione, la connessione e l&#8217;esercizio di nuovi impianti fotovoltaici per i quali sia richiesto contestualmente l&#8217;accesso allo Scambio sul Posto.<\/p>\n<p>I produttori interessati dovranno quindi interfacciarsi unicamente con i gestori di rete per inoltrare il Modello Unico. Il GSE provveder\u00e0 ad attivare la Convenzione e a comunicare all&#8217;utente il codice e il link per visualizzarla sul  Portale SSP solo dopo aver ricevuto dai gestori di rete i dati presenti nel Modello Unico. <\/p>\n<p>La Convenzione sar\u00e0 attivata a partire dalla data di attivazione della connessione, cos\u00ec come comunicata dal gestore di rete. Il Modello Unico pu\u00f2 essere utilizzato dai produttori di impianti fotovoltaici con le seguenti caratteristiche:<br \/>\n\u2022realizzati presso clienti finali gi\u00e0 dotati di punti di prelievo attivi in bassa tensione;<br \/>\n\u2022aventi potenza non superiore a quella gi\u00e0 disponibile in prelievo;<br \/>\n\u2022aventi potenza nominale non superiore a 20 kW;<br \/>\n\u2022per i quali sia richiesto contestualmente l&#8217;accesso al regime dello Scambio sul Posto;<br \/>\n\u2022realizzati sui tetti degli edifici con le modalit\u00e0 previste dal D.lgs. n. 28\/11;<br \/>\n\u2022assenza di ulteriori impianti di produzione sullo stesso punto di prelievo.<\/p>\n<p>I produttori che vogliono aderire allo Scambio sul Posto devono presentare, entro 60 giorni dalla data di entrata in esercizio dell&#8217;impianto, un&#8217;apposita richiesta attraverso il Portale e quindi stipulare un contratto con il GSE per la regolazione dello scambio.<\/p>\n<p>Il contratto, di durata annuale solare, \u00e8 tacitamente rinnovabile. Il Portale dovr\u00e0 essere utilizzato dai produttori aderenti alla Convenzione anche per le successive fasi di gestione tecnica, economica e amministrativa del servizio. <\/p>\n<p>La Convenzione ha in generale scadenza il 31 Dicembre di ogni anno. Chi intende recedere anticipatamente dalla convenzione pu\u00f2 farlo attraverso l&#8217;invio di una disdetta tramite il Portale informatico, almeno 60 giorni prima della data dalla quale si intende recedere.<\/p>\n<p>Il GSE procede all&#8217;erogazione del contributo in conto scambio su base semestrale (in acconto) e su base annuale (in conguaglio) come segue:<br \/>\n1. il contributo in conto scambio di acconto del primo semestre viene pubblicato entro il giorno 15 del mese di maggio di ciascun anno per le convenzioni che risultano attive al 31 marzo dell&#8217;anno \u201cn&#8221; di competenza. L&#8217;erogazione viene effettuata entro il 15\u00b0 giorno lavorativo del mese di giugno dell&#8217;anno \u201cn&#8221;;<br \/>\n2. il contributo in conto scambio di acconto del secondo semestre viene pubblicato entro il giorno 15 del mese di ottobre di ciascun anno per le convenzioni che risultano attive al 30 settembre dell&#8217;anno \u201cn&#8221; di competenza. L&#8217;erogazione viene effettuata entro il 15\u00b0 giorno lavorativo del mese di novembre dell&#8217;anno \u201cn&#8221;. <\/p>\n<p>Le tempistiche di pubblicazione possono essere modificate dal GSE in ragione di eventuali variazioni alla normativa di riferimento o per esigenze tecnico-operative condivise con l&#8217;AEEGSI. <\/p>\n<p>Il contributo in conto scambio di conguaglio viene pubblicato entro il giorno 15 del mese di Maggio dell&#8217;anno \u201cn+1&#8243;, con riferimento dell&#8217;anno di competenza \u201cn&#8221;. L&#8217;erogazione viene effettuata entro il 30 giugno dell&#8217;anno successivo a quello di competenza.<\/p>\n<p>Per maggiori informazioni \u00e8 possibile consultare la sezione dedicata nel sito del GSE all\u2019indirizzo:<br \/>\n<a href=\"https:\/\/www.gse.it\/servizi-per-te\/fotovoltaico\/scambio-sul-posto\" rel=\"noopener noreferrer\" target=\"_blank\">https:\/\/www.gse.it\/servizi-per-te\/fotovoltaico\/scambio-sul-posto<\/a><br \/>\n\r\n\t\t<div class=\"divider4\"><span><\/span><\/div>\r\n\t\t<\/p>\n<h2>Downloads<\/h2>\n<p><a href=\"https:\/\/seasolargroup.com\/wp-content\/uploads\/2018\/07\/SSP-SSA-DTFDISPOSIZIONITECNICHEDIFUNZIONAMENTO.pdf\" target=\"_blank\" rel=\"noopener noreferrer\">Servizio di Scambio sul Posto &#8211; DISPOSIZIONI TECNICHE DI FUNZIONAMENTO<\/a><br \/>\n&nbsp;<br \/>\n<a href=\"https:\/\/seasolargroup.com\/wp-content\/uploads\/2018\/07\/SSP-REGOLETECNICHE2016.pdf\" target=\"_blank\" rel=\"noopener noreferrer\">Servizio di Scambio sul Posto &#8211; REGOLE TECNICHE (2016)<\/a><br \/>\n\r\n\t\t<div class=\"divider4\"><span><\/span><\/div>\r\n\t\t<br \/>\n\n<div class=\"wpcf7 no-js\" id=\"wpcf7-f5-o1\" lang=\"en-GB\" dir=\"ltr\" data-wpcf7-id=\"5\">\n<div class=\"screen-reader-response\"><p role=\"status\" aria-live=\"polite\" aria-atomic=\"true\"><\/p> <ul><\/ul><\/div>\n<form action=\"\/it\/wp-json\/wp\/v2\/pages\/3189#wpcf7-f5-o1\" method=\"post\" class=\"wpcf7-form init\" aria-label=\"Contact form\" novalidate=\"novalidate\" data-status=\"init\">\n<fieldset class=\"hidden-fields-container\"><input type=\"hidden\" name=\"_wpcf7\" value=\"5\" \/><input type=\"hidden\" name=\"_wpcf7_version\" value=\"6.1.5\" \/><input type=\"hidden\" name=\"_wpcf7_locale\" value=\"en_GB\" \/><input type=\"hidden\" name=\"_wpcf7_unit_tag\" value=\"wpcf7-f5-o1\" \/><input type=\"hidden\" name=\"_wpcf7_container_post\" value=\"0\" \/><input type=\"hidden\" name=\"_wpcf7_posted_data_hash\" value=\"\" \/><input type=\"hidden\" name=\"_wpcf7_recaptcha_response\" value=\"\" \/>\n<\/fieldset>\n<p><label> <\/label>\n<\/p>\n<h2>Contatto\n<\/h2>\n<p><label> Vi preghiamo di contattarci per eventuali domande relative alle nostre offerte o ai nostri prodotti <\/label>\n<\/p>\n<p><label> Scrivete a <a href=\"mailto:info@seasolargroup.com\">info@seasolargroup.com<\/a> oppure compilate il modulo seguente e sar\u00e0 nostra premura ricontattarvi: <\/label>\n<\/p>\n<p><label> Nome *<br \/>\n<span class=\"wpcf7-form-control-wrap\" data-name=\"your-name\"><input size=\"40\" maxlength=\"400\" class=\"wpcf7-form-control wpcf7-text wpcf7-validates-as-required\" aria-required=\"true\" aria-invalid=\"false\" value=\"\" type=\"text\" name=\"your-name\" \/><\/span><\/label>\n<\/p>\n<p><label> Numero di telefono *<br \/>\n<span class=\"wpcf7-form-control-wrap\" data-name=\"tel-826\"><input size=\"40\" maxlength=\"400\" class=\"wpcf7-form-control wpcf7-tel wpcf7-validates-as-required wpcf7-text wpcf7-validates-as-tel\" aria-required=\"true\" aria-invalid=\"false\" value=\"\" type=\"tel\" name=\"tel-826\" \/><\/span><\/label>\n<\/p>\n<p><label> Tua E-mail *<br \/>\n<span class=\"wpcf7-form-control-wrap\" data-name=\"your-email\"><input size=\"40\" maxlength=\"400\" class=\"wpcf7-form-control wpcf7-email wpcf7-validates-as-required wpcf7-text wpcf7-validates-as-email\" aria-required=\"true\" aria-invalid=\"false\" value=\"\" type=\"email\" name=\"your-email\" \/><\/span><\/label>\n<\/p>\n<p><label> Oggetto *<br \/>\n<span class=\"wpcf7-form-control-wrap\" data-name=\"your-subject\"><input size=\"40\" maxlength=\"400\" class=\"wpcf7-form-control wpcf7-text wpcf7-validates-as-required\" aria-required=\"true\" aria-invalid=\"false\" value=\"\" type=\"text\" name=\"your-subject\" \/><\/span> <\/label>\n<\/p>\n<p><label> Messaggio *<br \/>\n<span class=\"wpcf7-form-control-wrap\" data-name=\"your-message\"><textarea cols=\"40\" rows=\"10\" maxlength=\"2000\" class=\"wpcf7-form-control wpcf7-textarea wpcf7-validates-as-required\" aria-required=\"true\" aria-invalid=\"false\" name=\"your-message\"><\/textarea><\/span> <\/label>\n<\/p>\n<p><label> * campo obbligatorio <\/label>\n<\/p>\n<p><input class=\"wpcf7-form-control wpcf7-submit has-spinner\" type=\"submit\" value=\"INVIO\" \/>\n<\/p>\n<p><label><\/label>\n<\/p><p style=\"display: none !important;\" class=\"akismet-fields-container\" data-prefix=\"_wpcf7_ak_\"><label>&#916;<textarea name=\"_wpcf7_ak_hp_textarea\" cols=\"45\" rows=\"8\" maxlength=\"100\"><\/textarea><\/label><input type=\"hidden\" id=\"ak_js_1\" name=\"_wpcf7_ak_js\" value=\"214\"\/><script>document.getElementById( \"ak_js_1\" ).setAttribute( \"value\", ( new Date() ).getTime() );<\/script><\/p><div class=\"wpcf7-response-output\" aria-hidden=\"true\"><\/div>\n<\/form>\n<\/div>\n<\/p>\n<!-- sktbuilder starter --><script type=\"text\/javascript\" src=\"https:\/\/seasolargroup.com\/wp-content\/plugins\/skt-builder\/sktbuilder\/sktbuilder-frontend-starter.js\"><\/script><script type=\"text\/javascript\" src=\"https:\/\/seasolargroup.com\/wp-content\/plugins\/skt-builder\/sktbuilder-wordpress-driver.js\"><\/script><script type=\"text\/javascript\"> var starter = new SktbuilderStarter({\"mode\": \"prod\", \"skip\":[\"jquery\",\"underscore\",\"backbone\"],\"sktbuilderUrl\": \"https:\/\/seasolargroup.com\/wp-content\/plugins\/skt-builder\/sktbuilder\/\", \"driver\": new SktbuilderWordpressDriver({\"ajaxUrl\": \"https:\/\/seasolargroup.com\/wp-admin\/admin-ajax.php\", \"iframeUrl\": \"https:\/\/seasolargroup.com\/it\/incentives\/incentives-in-italy\/scambio-sul-posto\/?sktbuilder=true\", \"pageId\": 3189,  \"nonce\": \"ab73aa3695\", \"pages\": [], \"page\": \"Scambio sul posto\" }) });<\/script><!-- end sktbuilder starter -->","protected":false},"excerpt":{"rendered":"<p>Il servizio di Scambio sul Posto e\u0300 una particolare forma di autoconsumo in sito che consente di compensare l\u2019energia elettrica prodotta e immessa in rete in un certo momento con quella prelevata e consumata in un momento differente da quello in cui avviene la produzione. Nello Scambio sul Posto si utilizza quindi il sistema elettrico<br \/><a class=\"moretag\" href=\"https:\/\/seasolargroup.com\/it\/incentives\/incentives-in-italy\/scambio-sul-posto\/\">+ Read More<\/a><\/p>\n","protected":false},"author":1,"featured_media":0,"parent":63,"menu_order":2,"comment_status":"closed","ping_status":"closed","template":"","meta":{"_mbp_gutenberg_autopost":false,"_pgmb_is_evergreen":false,"_pgmb_ap_template_id":0,"footnotes":""},"class_list":["post-3189","page","type-page","status-publish","hentry"],"yoast_head":"<!-- This site is optimized with the Yoast SEO Premium plugin v26.7 (Yoast SEO v27.3) - https:\/\/yoast.com\/product\/yoast-seo-premium-wordpress\/ -->\n<title>Scambio sul posto - Seasolar Fotovoltaico<\/title>\n<meta name=\"description\" content=\"Seasolar offre un servizio completo &quot;chiavi in mano&quot; al privato o l\u2019impresa che desidera realizzare un impianto fotovoltaico sul proprio edificio\" \/>\n<meta name=\"robots\" content=\"index, follow, max-snippet:-1, max-image-preview:large, max-video-preview:-1\" \/>\n<link rel=\"canonical\" href=\"https:\/\/seasolargroup.com\/incentives\/incentives-in-italy\/scambio-sul-posto\/\" \/>\n<meta property=\"og:locale\" content=\"it_IT\" \/>\n<meta property=\"og:type\" content=\"article\" \/>\n<meta property=\"og:title\" content=\"Scambio sul posto\" \/>\n<meta property=\"og:description\" content=\"Seasolar offre un servizio completo &quot;chiavi in mano&quot; al privato o l\u2019impresa che desidera realizzare un impianto fotovoltaico sul proprio edificio\" \/>\n<meta property=\"og:url\" content=\"https:\/\/seasolargroup.com\/incentives\/incentives-in-italy\/scambio-sul-posto\/\" \/>\n<meta property=\"og:site_name\" content=\"Seasolar Fotovoltaico\" \/>\n<meta property=\"article:publisher\" content=\"https:\/\/www.facebook.com\/seasolargroup\" \/>\n<meta property=\"article:modified_time\" content=\"2020-04-14T15:00:47+00:00\" \/>\n<meta property=\"og:image\" content=\"https:\/\/i0.wp.com\/seasolargroup.com\/wp-content\/uploads\/2024\/10\/seasolar_logo_2024_R.png?fit=1079%2C517&ssl=1\" \/>\n\t<meta property=\"og:image:width\" content=\"1079\" \/>\n\t<meta property=\"og:image:height\" content=\"517\" \/>\n\t<meta property=\"og:image:type\" content=\"image\/png\" \/>\n<meta name=\"twitter:card\" content=\"summary_large_image\" \/>\n<meta name=\"twitter:site\" content=\"@seasolargroup\" \/>\n<meta name=\"twitter:label1\" content=\"Tempo di lettura stimato\" \/>\n\t<meta name=\"twitter:data1\" content=\"4 minuti\" \/>\n<script type=\"application\/ld+json\" class=\"yoast-schema-graph\">{\"@context\":\"https:\\\/\\\/schema.org\",\"@graph\":[{\"@type\":\"WebPage\",\"@id\":\"https:\\\/\\\/seasolargroup.com\\\/incentives\\\/incentives-in-italy\\\/scambio-sul-posto\\\/\",\"url\":\"https:\\\/\\\/seasolargroup.com\\\/incentives\\\/incentives-in-italy\\\/scambio-sul-posto\\\/\",\"name\":\"Scambio sul posto - Seasolar Fotovoltaico\",\"isPartOf\":{\"@id\":\"https:\\\/\\\/seasolargroup.com\\\/#website\"},\"datePublished\":\"2018-07-27T16:28:22+00:00\",\"dateModified\":\"2020-04-14T15:00:47+00:00\",\"description\":\"Seasolar offre un servizio completo \\\"chiavi in mano\\\" al privato o l\u2019impresa che desidera realizzare un impianto fotovoltaico sul proprio edificio\",\"breadcrumb\":{\"@id\":\"https:\\\/\\\/seasolargroup.com\\\/incentives\\\/incentives-in-italy\\\/scambio-sul-posto\\\/#breadcrumb\"},\"inLanguage\":\"it-IT\",\"potentialAction\":[{\"@type\":\"ReadAction\",\"target\":[\"https:\\\/\\\/seasolargroup.com\\\/incentives\\\/incentives-in-italy\\\/scambio-sul-posto\\\/\"]}]},{\"@type\":\"BreadcrumbList\",\"@id\":\"https:\\\/\\\/seasolargroup.com\\\/incentives\\\/incentives-in-italy\\\/scambio-sul-posto\\\/#breadcrumb\",\"itemListElement\":[{\"@type\":\"ListItem\",\"position\":1,\"name\":\"Home\",\"item\":\"https:\\\/\\\/seasolargroup.com\\\/\"},{\"@type\":\"ListItem\",\"position\":2,\"name\":\"Incentives\",\"item\":\"https:\\\/\\\/seasolargroup.com\\\/incentives\\\/\"},{\"@type\":\"ListItem\",\"position\":3,\"name\":\"Incentives in Italy\",\"item\":\"https:\\\/\\\/seasolargroup.com\\\/incentives\\\/incentives-in-italy\\\/\"},{\"@type\":\"ListItem\",\"position\":4,\"name\":\"Scambio sul posto\"}]},{\"@type\":\"WebSite\",\"@id\":\"https:\\\/\\\/seasolargroup.com\\\/#website\",\"url\":\"https:\\\/\\\/seasolargroup.com\\\/\",\"name\":\"Seasolar Fotovoltaico\",\"description\":\"Turnkey photovoltaic systems since 2008\",\"publisher\":{\"@id\":\"https:\\\/\\\/seasolargroup.com\\\/#organization\"},\"potentialAction\":[{\"@type\":\"SearchAction\",\"target\":{\"@type\":\"EntryPoint\",\"urlTemplate\":\"https:\\\/\\\/seasolargroup.com\\\/?s={search_term_string}\"},\"query-input\":{\"@type\":\"PropertyValueSpecification\",\"valueRequired\":true,\"valueName\":\"search_term_string\"}}],\"inLanguage\":\"it-IT\"},{\"@type\":\"Organization\",\"@id\":\"https:\\\/\\\/seasolargroup.com\\\/#organization\",\"name\":\"SEASOLAR fotovoltaico\",\"url\":\"https:\\\/\\\/seasolargroup.com\\\/\",\"logo\":{\"@type\":\"ImageObject\",\"inLanguage\":\"it-IT\",\"@id\":\"https:\\\/\\\/seasolargroup.com\\\/#\\\/schema\\\/logo\\\/image\\\/\",\"url\":\"https:\\\/\\\/i0.wp.com\\\/seasolargroup.com\\\/wp-content\\\/uploads\\\/2024\\\/10\\\/seasolar_logo_2024_social.png?fit=360%2C360&ssl=1\",\"contentUrl\":\"https:\\\/\\\/i0.wp.com\\\/seasolargroup.com\\\/wp-content\\\/uploads\\\/2024\\\/10\\\/seasolar_logo_2024_social.png?fit=360%2C360&ssl=1\",\"width\":360,\"height\":360,\"caption\":\"SEASOLAR fotovoltaico\"},\"image\":{\"@id\":\"https:\\\/\\\/seasolargroup.com\\\/#\\\/schema\\\/logo\\\/image\\\/\"},\"sameAs\":[\"https:\\\/\\\/www.facebook.com\\\/seasolargroup\",\"https:\\\/\\\/x.com\\\/seasolargroup\",\"https:\\\/\\\/www.linkedin.com\\\/in\\\/seasolar-group-news\\\/\",\"https:\\\/\\\/www.youtube.com\\\/channel\\\/UCVrmhrGih_bFnpj0as_vDuQ\",\"https:\\\/\\\/www.instagram.com\\\/fotovoltaico_seasolar\\\/\"]}]}<\/script>\n<!-- \/ Yoast SEO Premium plugin. -->","yoast_head_json":{"title":"Scambio sul posto - Seasolar Fotovoltaico","description":"Seasolar offre un servizio completo \"chiavi in mano\" al privato o l\u2019impresa che desidera realizzare un impianto fotovoltaico sul proprio edificio","robots":{"index":"index","follow":"follow","max-snippet":"max-snippet:-1","max-image-preview":"max-image-preview:large","max-video-preview":"max-video-preview:-1"},"canonical":"https:\/\/seasolargroup.com\/incentives\/incentives-in-italy\/scambio-sul-posto\/","og_locale":"it_IT","og_type":"article","og_title":"Scambio sul posto","og_description":"Seasolar offre un servizio completo \"chiavi in mano\" al privato o l\u2019impresa che desidera realizzare un impianto fotovoltaico sul proprio edificio","og_url":"https:\/\/seasolargroup.com\/incentives\/incentives-in-italy\/scambio-sul-posto\/","og_site_name":"Seasolar Fotovoltaico","article_publisher":"https:\/\/www.facebook.com\/seasolargroup","article_modified_time":"2020-04-14T15:00:47+00:00","og_image":[{"width":1079,"height":517,"url":"https:\/\/i0.wp.com\/seasolargroup.com\/wp-content\/uploads\/2024\/10\/seasolar_logo_2024_R.png?fit=1079%2C517&ssl=1","type":"image\/png"}],"twitter_card":"summary_large_image","twitter_site":"@seasolargroup","twitter_misc":{"Tempo di lettura stimato":"4 minuti"},"schema":{"@context":"https:\/\/schema.org","@graph":[{"@type":"WebPage","@id":"https:\/\/seasolargroup.com\/incentives\/incentives-in-italy\/scambio-sul-posto\/","url":"https:\/\/seasolargroup.com\/incentives\/incentives-in-italy\/scambio-sul-posto\/","name":"Scambio sul posto - Seasolar Fotovoltaico","isPartOf":{"@id":"https:\/\/seasolargroup.com\/#website"},"datePublished":"2018-07-27T16:28:22+00:00","dateModified":"2020-04-14T15:00:47+00:00","description":"Seasolar offre un servizio completo \"chiavi in mano\" al privato o l\u2019impresa che desidera realizzare un impianto fotovoltaico sul proprio edificio","breadcrumb":{"@id":"https:\/\/seasolargroup.com\/incentives\/incentives-in-italy\/scambio-sul-posto\/#breadcrumb"},"inLanguage":"it-IT","potentialAction":[{"@type":"ReadAction","target":["https:\/\/seasolargroup.com\/incentives\/incentives-in-italy\/scambio-sul-posto\/"]}]},{"@type":"BreadcrumbList","@id":"https:\/\/seasolargroup.com\/incentives\/incentives-in-italy\/scambio-sul-posto\/#breadcrumb","itemListElement":[{"@type":"ListItem","position":1,"name":"Home","item":"https:\/\/seasolargroup.com\/"},{"@type":"ListItem","position":2,"name":"Incentives","item":"https:\/\/seasolargroup.com\/incentives\/"},{"@type":"ListItem","position":3,"name":"Incentives in Italy","item":"https:\/\/seasolargroup.com\/incentives\/incentives-in-italy\/"},{"@type":"ListItem","position":4,"name":"Scambio sul posto"}]},{"@type":"WebSite","@id":"https:\/\/seasolargroup.com\/#website","url":"https:\/\/seasolargroup.com\/","name":"Seasolar Fotovoltaico","description":"Turnkey photovoltaic systems since 2008","publisher":{"@id":"https:\/\/seasolargroup.com\/#organization"},"potentialAction":[{"@type":"SearchAction","target":{"@type":"EntryPoint","urlTemplate":"https:\/\/seasolargroup.com\/?s={search_term_string}"},"query-input":{"@type":"PropertyValueSpecification","valueRequired":true,"valueName":"search_term_string"}}],"inLanguage":"it-IT"},{"@type":"Organization","@id":"https:\/\/seasolargroup.com\/#organization","name":"SEASOLAR fotovoltaico","url":"https:\/\/seasolargroup.com\/","logo":{"@type":"ImageObject","inLanguage":"it-IT","@id":"https:\/\/seasolargroup.com\/#\/schema\/logo\/image\/","url":"https:\/\/i0.wp.com\/seasolargroup.com\/wp-content\/uploads\/2024\/10\/seasolar_logo_2024_social.png?fit=360%2C360&ssl=1","contentUrl":"https:\/\/i0.wp.com\/seasolargroup.com\/wp-content\/uploads\/2024\/10\/seasolar_logo_2024_social.png?fit=360%2C360&ssl=1","width":360,"height":360,"caption":"SEASOLAR fotovoltaico"},"image":{"@id":"https:\/\/seasolargroup.com\/#\/schema\/logo\/image\/"},"sameAs":["https:\/\/www.facebook.com\/seasolargroup","https:\/\/x.com\/seasolargroup","https:\/\/www.linkedin.com\/in\/seasolar-group-news\/","https:\/\/www.youtube.com\/channel\/UCVrmhrGih_bFnpj0as_vDuQ","https:\/\/www.instagram.com\/fotovoltaico_seasolar\/"]}]}},"jetpack_sharing_enabled":true,"jetpack_shortlink":"https:\/\/wp.me\/P9Pv4N-Pr","jetpack_likes_enabled":true,"jetpack-related-posts":[],"_links":{"self":[{"href":"https:\/\/seasolargroup.com\/it\/wp-json\/wp\/v2\/pages\/3189","targetHints":{"allow":["GET"]}}],"collection":[{"href":"https:\/\/seasolargroup.com\/it\/wp-json\/wp\/v2\/pages"}],"about":[{"href":"https:\/\/seasolargroup.com\/it\/wp-json\/wp\/v2\/types\/page"}],"author":[{"embeddable":true,"href":"https:\/\/seasolargroup.com\/it\/wp-json\/wp\/v2\/users\/1"}],"replies":[{"embeddable":true,"href":"https:\/\/seasolargroup.com\/it\/wp-json\/wp\/v2\/comments?post=3189"}],"version-history":[{"count":3,"href":"https:\/\/seasolargroup.com\/it\/wp-json\/wp\/v2\/pages\/3189\/revisions"}],"predecessor-version":[{"id":11805,"href":"https:\/\/seasolargroup.com\/it\/wp-json\/wp\/v2\/pages\/3189\/revisions\/11805"}],"up":[{"embeddable":true,"href":"https:\/\/seasolargroup.com\/it\/wp-json\/wp\/v2\/pages\/63"}],"wp:attachment":[{"href":"https:\/\/seasolargroup.com\/it\/wp-json\/wp\/v2\/media?parent=3189"}],"curies":[{"name":"wp","href":"https:\/\/api.w.org\/{rel}","templated":true}]}}