{"id":11798,"date":"2020-04-14T16:45:02","date_gmt":"2020-04-14T14:45:02","guid":{"rendered":"https:\/\/seasolargroup.com\/?page_id=11798"},"modified":"2020-04-14T16:45:02","modified_gmt":"2020-04-14T14:45:02","slug":"fer-elettriche","status":"publish","type":"page","link":"https:\/\/seasolargroup.com\/it\/incentives\/incentives-in-italy\/fer-elettriche\/","title":{"rendered":"FER Elettriche"},"content":{"rendered":"<p><img data-recalc-dims=\"1\" loading=\"lazy\" decoding=\"async\" data-id=\"5550\"  src=\"https:\/\/i0.wp.com\/seasolargroup.com\/wp-content\/uploads\/2019\/07\/rinnovabili_1.jpg?resize=768%2C490&#038;ssl=1\" alt=\"\" width=\"768\" height=\"490\" class=\"aligncenter size-full wp-image-5550\" srcset=\"https:\/\/i0.wp.com\/seasolargroup.com\/wp-content\/uploads\/2019\/07\/rinnovabili_1.jpg?w=768&amp;ssl=1 768w, https:\/\/i0.wp.com\/seasolargroup.com\/wp-content\/uploads\/2019\/07\/rinnovabili_1.jpg?resize=300%2C191&amp;ssl=1 300w, https:\/\/i0.wp.com\/seasolargroup.com\/wp-content\/uploads\/2019\/07\/rinnovabili_1.jpg?resize=200%2C128&amp;ssl=1 200w\" sizes=\"auto, (max-width: 768px) 100vw, 768px\" \/><\/p>\n<p>Dopo il via libera dell\u2019Unione Europea, il Ministro dello Sviluppo Economico, Luigi Di Maio, e il Ministro dell\u2019Ambiente, Sergio Costa, hanno firmato il decreto FER1.<\/p>\n<p>L\u2019obiettivo della norma \u00e8 sostenere la produzione di energia da fonti rinnovabili per il raggiungimento dei target europei al 2030 definiti nel Piano Nazionale Integrato per l\u2019Energia e il Clima (PNIEC), attraverso la definizione di incentivi e procedure indirizzati a promuovere l\u2019efficacia, l\u2019efficienza e la sostenibilit\u00e0, sia in termini ambientali che economici, del settore.<\/p>\n<p>Il provvedimento, in particolare, incentiva la diffusione di impianti fotovoltaici, eolici, idroelettrici e a gas di depurazione. <\/p>\n<p>Cosa prevede il Decreto FER1<br \/>\nL\u2019attuazione del provvedimento, spiega il Mise in una nota, consentir\u00e0 la realizzazione di impianti per una potenza complessiva di circa 8.000 MW, con un aumento della produzione da fonti rinnovabili di circa 12 miliardi di kWh e con investimenti attivati stimati nell\u2019ordine di 10 miliardi di euro.<\/p>\n<p>Nel riconoscimento degli incentivi sar\u00e0 data priorit\u00e0 a:<br \/>\n&#8211; impianti realizzati su discariche chiuse e sui Siti di Interesse Nazionale ai fini della bonifica;<br \/>\n&#8211; impianti fotovoltaici installati su scuole, ospedali e altri edifici pubblici in sostituzione delle coperture e sui fabbricati rurali previa completa rimozione dell\u2019eternit o dell\u2019amianto;<br \/>\n&#8211; impianti idroelettrici che rispettino le caratteristiche costruttive del DM 23 giugno 2016 e impianti alimentati a gas residuati dai processi di depurazione o che prevedono la copertura delle vasche del digestato;<br \/>\n&#8211; tutti gli impianti connessi in \u201cparallelo\u201d con la rete elettrica e con le colonnine di ricarica delle auto elettriche (a condizione che la potenza di ricarica non sia inferiore al 15% della potenza dell\u2019impianto e che ciascuna colonnina abbia una potenza di almeno 15 kW).<\/p>\n<p>FER1, incentivi per rimozione amianto e autoconsumo<br \/>\nGli impianti fotovoltaici realizzati al posto delle coperture in amianto o eternit hanno diritto, in aggiunta agli incentivi sull\u2019energia elettrica, a un premio pari a 12 \u20ac\/MWh su tutta l\u2019energia prodotta.<\/p>\n<p>Per gli impianti di potenza fino a 100 kW installati sugli edifici, sulla quota di produzione netta consumata in sito \u00e8 attribuito un premio pari a 10 euro al MWh. L\u2019incentivo \u00e8 cumulabile con quello per la sostituzione delle coperture contenenti amianto con moduli fotovoltaici.<\/p>\n<p>Il premio viene riconosciuto a posteriori, dopo aver accertato che l\u2019energia autoconsumata \u00e8 superiore al 40% della produzione netta.<\/p>\n<p>FER1, gli impianti ammessi agli incentivi<br \/>\nPosssono partecipare ai bandi per la selezione dei progetti da iscrivere nei registri gli impianti:<br \/>\n&#8211; di nuova costruzione, integralmente ricostruiti e riattivati, di potenza inferiore a 1MW;<br \/>\n&#8211; oggetto di interventi di potenziamento qualora la differenza tra la potenza dopo l\u2019intervento e la potenza prima dell\u2019intervento sia inferiore a 1 MW;<br \/>\n&#8211; oggetto di rifacimento di potenza inferiore a 1MW.<\/p>\n<p>Gli impianti devono essere realizzati con componenti di nuova costruzione.<\/p>\n<p>La partecipazione \u00e8 aperta anche agli impianti aggregati, costituiti da pi\u00f9 impianti appartenenti al medesimo gruppo, di potenza unitaria superiore a 20 kW, purch\u00e9 la potenza complessiva dell\u2019aggregato sia inferiore a 1 MW. <\/p>\n<p>Gli impianti di potenza uguale o maggiore a 1 MW per accedere agli incentivi dovranno partecipare a procedure di asta al ribasso nei limiti dei contingenti di potenza.<\/p>\n<p>Sono invece esclusi dagli incentivi gli impianti che hanno gi\u00e0 usufruito degli incentivi per le fonti rinnovabili diverse dal fotovoltaico previsti dal DM 23 giugno 2016 o che sono risultati idonei ma inseriti in posizione non utile nei registri.<br \/>\n\r\n\t\t<div class=\"divider4\"><span><\/span><\/div>\r\n\t\t<\/p>\n<h2>Links<\/h2>\n<p><a href=\"https:\/\/www.gse.it\/servizi-per-te\/fonti-rinnovabili\/fer-elettriche\/incentivi-dm-04-07-2019\" rel=\"noopener noreferrer\" target=\"_blank\">GSE: D.M. 04\/07\/2019 Meccanismi di incentivazione per impianti a fonti rinnovabili compresi i fotovoltaici<\/a><br \/>\n\r\n\t\t<div class=\"divider4\"><span><\/span><\/div>\r\n\t\t<\/p>\n<h2>Downloads<\/h2>\n<p><a href=\"https:\/\/seasolargroup.com\/wp-content\/uploads\/2019\/08\/DM-FER-2019-Regolamento-Operativo-Iscrizione-Registri-e-Aste-2019-08-23.pdf\" target=\"_blank\" rel=\"noopener noreferrer\">DM FER 2019 Regolamento Operativo Iscrizione Registri e Aste (2019-08-23)<\/a><br \/>\n&nbsp;<br \/>\n<a href=\"https:\/\/seasolargroup.com\/wp-content\/uploads\/2019\/08\/DM-4-luglio-2019-Incentivazione-dell\u2019energia-elettrica-prodotta-dagli-impianti.pdf\" target=\"_blank\" rel=\"noopener noreferrer\">DM 4 luglio 2019 &#8211; Incentivazione dell\u2019energia elettrica prodotta dagli impianti<\/a><br \/>\n\r\n\t\t<div class=\"divider4\"><span><\/span><\/div>\r\n\t\t<br \/>\n\n<div class=\"wpcf7 no-js\" id=\"wpcf7-f5-o1\" lang=\"en-GB\" dir=\"ltr\" data-wpcf7-id=\"5\">\n<div class=\"screen-reader-response\"><p role=\"status\" aria-live=\"polite\" aria-atomic=\"true\"><\/p> <ul><\/ul><\/div>\n<form action=\"\/it\/wp-json\/wp\/v2\/pages\/11798#wpcf7-f5-o1\" method=\"post\" class=\"wpcf7-form init\" aria-label=\"Contact form\" novalidate=\"novalidate\" data-status=\"init\">\n<fieldset class=\"hidden-fields-container\"><input type=\"hidden\" name=\"_wpcf7\" value=\"5\" \/><input type=\"hidden\" name=\"_wpcf7_version\" value=\"6.1.5\" \/><input type=\"hidden\" name=\"_wpcf7_locale\" value=\"en_GB\" \/><input type=\"hidden\" name=\"_wpcf7_unit_tag\" value=\"wpcf7-f5-o1\" \/><input type=\"hidden\" name=\"_wpcf7_container_post\" value=\"0\" \/><input type=\"hidden\" name=\"_wpcf7_posted_data_hash\" value=\"\" \/><input type=\"hidden\" name=\"_wpcf7_recaptcha_response\" value=\"\" \/>\n<\/fieldset>\n<p><label> <\/label>\n<\/p>\n<h2>Contatto\n<\/h2>\n<p><label> Vi preghiamo di contattarci per eventuali domande relative alle nostre offerte o ai nostri prodotti <\/label>\n<\/p>\n<p><label> Scrivete a <a href=\"mailto:info@seasolargroup.com\">info@seasolargroup.com<\/a> oppure compilate il modulo seguente e sar\u00e0 nostra premura ricontattarvi: <\/label>\n<\/p>\n<p><label> Nome *<br \/>\n<span class=\"wpcf7-form-control-wrap\" data-name=\"your-name\"><input size=\"40\" maxlength=\"400\" class=\"wpcf7-form-control wpcf7-text wpcf7-validates-as-required\" aria-required=\"true\" aria-invalid=\"false\" value=\"\" type=\"text\" name=\"your-name\" \/><\/span><\/label>\n<\/p>\n<p><label> Numero di telefono *<br \/>\n<span class=\"wpcf7-form-control-wrap\" data-name=\"tel-826\"><input size=\"40\" maxlength=\"400\" class=\"wpcf7-form-control wpcf7-tel wpcf7-validates-as-required wpcf7-text wpcf7-validates-as-tel\" aria-required=\"true\" aria-invalid=\"false\" value=\"\" type=\"tel\" name=\"tel-826\" \/><\/span><\/label>\n<\/p>\n<p><label> Tua E-mail *<br \/>\n<span class=\"wpcf7-form-control-wrap\" data-name=\"your-email\"><input size=\"40\" maxlength=\"400\" class=\"wpcf7-form-control wpcf7-email wpcf7-validates-as-required wpcf7-text wpcf7-validates-as-email\" aria-required=\"true\" aria-invalid=\"false\" value=\"\" type=\"email\" name=\"your-email\" \/><\/span><\/label>\n<\/p>\n<p><label> Oggetto *<br \/>\n<span class=\"wpcf7-form-control-wrap\" data-name=\"your-subject\"><input size=\"40\" maxlength=\"400\" class=\"wpcf7-form-control wpcf7-text wpcf7-validates-as-required\" aria-required=\"true\" aria-invalid=\"false\" value=\"\" type=\"text\" name=\"your-subject\" \/><\/span> <\/label>\n<\/p>\n<p><label> Messaggio *<br \/>\n<span class=\"wpcf7-form-control-wrap\" data-name=\"your-message\"><textarea cols=\"40\" rows=\"10\" maxlength=\"2000\" class=\"wpcf7-form-control wpcf7-textarea wpcf7-validates-as-required\" aria-required=\"true\" aria-invalid=\"false\" name=\"your-message\"><\/textarea><\/span> <\/label>\n<\/p>\n<p><label> * campo obbligatorio <\/label>\n<\/p>\n<p><input class=\"wpcf7-form-control wpcf7-submit has-spinner\" type=\"submit\" value=\"INVIO\" \/>\n<\/p>\n<p><label><\/label>\n<\/p><p style=\"display: none !important;\" class=\"akismet-fields-container\" data-prefix=\"_wpcf7_ak_\"><label>&#916;<textarea name=\"_wpcf7_ak_hp_textarea\" cols=\"45\" rows=\"8\" maxlength=\"100\"><\/textarea><\/label><input type=\"hidden\" id=\"ak_js_1\" name=\"_wpcf7_ak_js\" value=\"137\"\/><script>document.getElementById( \"ak_js_1\" ).setAttribute( \"value\", ( new Date() ).getTime() );<\/script><\/p><div class=\"wpcf7-response-output\" aria-hidden=\"true\"><\/div>\n<\/form>\n<\/div>\n<\/p>\n<!-- sktbuilder starter --><script type=\"text\/javascript\" src=\"https:\/\/seasolargroup.com\/wp-content\/plugins\/skt-builder\/sktbuilder\/sktbuilder-frontend-starter.js\"><\/script><script type=\"text\/javascript\" src=\"https:\/\/seasolargroup.com\/wp-content\/plugins\/skt-builder\/sktbuilder-wordpress-driver.js\"><\/script><script type=\"text\/javascript\"> var starter = new SktbuilderStarter({\"mode\": \"prod\", \"skip\":[\"jquery\",\"underscore\",\"backbone\"],\"sktbuilderUrl\": \"https:\/\/seasolargroup.com\/wp-content\/plugins\/skt-builder\/sktbuilder\/\", \"driver\": new SktbuilderWordpressDriver({\"ajaxUrl\": \"https:\/\/seasolargroup.com\/wp-admin\/admin-ajax.php\", \"iframeUrl\": \"https:\/\/seasolargroup.com\/it\/incentives\/incentives-in-italy\/fer-elettriche\/?sktbuilder=true\", \"pageId\": 11798,  \"nonce\": \"27ccec0055\", \"pages\": [], \"page\": \"FER Elettriche\" }) });<\/script><!-- end sktbuilder starter -->","protected":false},"excerpt":{"rendered":"<p>Dopo il via libera dell\u2019Unione Europea, il Ministro dello Sviluppo Economico, Luigi Di Maio, e il Ministro dell\u2019Ambiente, Sergio Costa, hanno firmato il decreto FER1. L\u2019obiettivo della norma \u00e8 sostenere la produzione di energia da fonti rinnovabili per il raggiungimento dei target europei al 2030 definiti nel Piano Nazionale Integrato per l\u2019Energia e il Clima<br \/><a class=\"moretag\" href=\"https:\/\/seasolargroup.com\/it\/incentives\/incentives-in-italy\/fer-elettriche\/\">+ Read More<\/a><\/p>\n","protected":false},"author":1,"featured_media":0,"parent":63,"menu_order":1,"comment_status":"closed","ping_status":"closed","template":"","meta":{"_mbp_gutenberg_autopost":false,"_pgmb_is_evergreen":false,"_pgmb_ap_template_id":0,"footnotes":""},"class_list":["post-11798","page","type-page","status-publish","hentry"],"yoast_head":"<!-- This site is optimized with the Yoast SEO Premium plugin v26.7 (Yoast SEO v27.3) - https:\/\/yoast.com\/product\/yoast-seo-premium-wordpress\/ -->\n<title>FER Elettriche - Seasolar Fotovoltaico<\/title>\n<meta name=\"description\" content=\"Seasolar offre un servizio completo &quot;chiavi in mano&quot; al privato o l\u2019impresa che desidera realizzare un impianto fotovoltaico sul proprio edificio\" \/>\n<meta name=\"robots\" content=\"index, follow, max-snippet:-1, max-image-preview:large, max-video-preview:-1\" \/>\n<link rel=\"canonical\" href=\"https:\/\/seasolargroup.com\/incentives\/incentives-in-italy\/fer-elettriche\/\" \/>\n<meta property=\"og:locale\" content=\"it_IT\" \/>\n<meta property=\"og:type\" content=\"article\" \/>\n<meta property=\"og:title\" content=\"FER Elettriche\" \/>\n<meta property=\"og:description\" content=\"Seasolar offre un servizio completo &quot;chiavi in mano&quot; al privato o l\u2019impresa che desidera realizzare un impianto fotovoltaico sul proprio edificio\" \/>\n<meta property=\"og:url\" content=\"https:\/\/seasolargroup.com\/incentives\/incentives-in-italy\/fer-elettriche\/\" \/>\n<meta property=\"og:site_name\" content=\"Seasolar Fotovoltaico\" \/>\n<meta property=\"article:publisher\" content=\"https:\/\/www.facebook.com\/seasolargroup\" \/>\n<meta property=\"og:image\" content=\"https:\/\/seasolargroup.com\/wp-content\/uploads\/2019\/07\/rinnovabili_1.jpg\" \/>\n<meta name=\"twitter:card\" content=\"summary_large_image\" \/>\n<meta name=\"twitter:site\" content=\"@seasolargroup\" \/>\n<meta name=\"twitter:label1\" content=\"Tempo di lettura stimato\" \/>\n\t<meta name=\"twitter:data1\" content=\"3 minuti\" \/>\n<script type=\"application\/ld+json\" class=\"yoast-schema-graph\">{\"@context\":\"https:\\\/\\\/schema.org\",\"@graph\":[{\"@type\":\"WebPage\",\"@id\":\"https:\\\/\\\/seasolargroup.com\\\/incentives\\\/incentives-in-italy\\\/fer-elettriche\\\/\",\"url\":\"https:\\\/\\\/seasolargroup.com\\\/incentives\\\/incentives-in-italy\\\/fer-elettriche\\\/\",\"name\":\"FER Elettriche - Seasolar Fotovoltaico\",\"isPartOf\":{\"@id\":\"https:\\\/\\\/seasolargroup.com\\\/#website\"},\"primaryImageOfPage\":{\"@id\":\"https:\\\/\\\/seasolargroup.com\\\/incentives\\\/incentives-in-italy\\\/fer-elettriche\\\/#primaryimage\"},\"image\":{\"@id\":\"https:\\\/\\\/seasolargroup.com\\\/incentives\\\/incentives-in-italy\\\/fer-elettriche\\\/#primaryimage\"},\"thumbnailUrl\":\"https:\\\/\\\/seasolargroup.com\\\/wp-content\\\/uploads\\\/2019\\\/07\\\/rinnovabili_1.jpg\",\"datePublished\":\"2020-04-14T14:45:02+00:00\",\"description\":\"Seasolar offre un servizio completo \\\"chiavi in mano\\\" al privato o l\u2019impresa che desidera realizzare un impianto fotovoltaico sul proprio edificio\",\"breadcrumb\":{\"@id\":\"https:\\\/\\\/seasolargroup.com\\\/incentives\\\/incentives-in-italy\\\/fer-elettriche\\\/#breadcrumb\"},\"inLanguage\":\"it-IT\",\"potentialAction\":[{\"@type\":\"ReadAction\",\"target\":[\"https:\\\/\\\/seasolargroup.com\\\/incentives\\\/incentives-in-italy\\\/fer-elettriche\\\/\"]}]},{\"@type\":\"ImageObject\",\"inLanguage\":\"it-IT\",\"@id\":\"https:\\\/\\\/seasolargroup.com\\\/incentives\\\/incentives-in-italy\\\/fer-elettriche\\\/#primaryimage\",\"url\":\"https:\\\/\\\/seasolargroup.com\\\/wp-content\\\/uploads\\\/2019\\\/07\\\/rinnovabili_1.jpg\",\"contentUrl\":\"https:\\\/\\\/seasolargroup.com\\\/wp-content\\\/uploads\\\/2019\\\/07\\\/rinnovabili_1.jpg\"},{\"@type\":\"BreadcrumbList\",\"@id\":\"https:\\\/\\\/seasolargroup.com\\\/incentives\\\/incentives-in-italy\\\/fer-elettriche\\\/#breadcrumb\",\"itemListElement\":[{\"@type\":\"ListItem\",\"position\":1,\"name\":\"Home\",\"item\":\"https:\\\/\\\/seasolargroup.com\\\/\"},{\"@type\":\"ListItem\",\"position\":2,\"name\":\"Incentives\",\"item\":\"https:\\\/\\\/seasolargroup.com\\\/incentives\\\/\"},{\"@type\":\"ListItem\",\"position\":3,\"name\":\"Incentives in Italy\",\"item\":\"https:\\\/\\\/seasolargroup.com\\\/incentives\\\/incentives-in-italy\\\/\"},{\"@type\":\"ListItem\",\"position\":4,\"name\":\"FER Elettriche\"}]},{\"@type\":\"WebSite\",\"@id\":\"https:\\\/\\\/seasolargroup.com\\\/#website\",\"url\":\"https:\\\/\\\/seasolargroup.com\\\/\",\"name\":\"Seasolar Fotovoltaico\",\"description\":\"Turnkey photovoltaic systems since 2008\",\"publisher\":{\"@id\":\"https:\\\/\\\/seasolargroup.com\\\/#organization\"},\"potentialAction\":[{\"@type\":\"SearchAction\",\"target\":{\"@type\":\"EntryPoint\",\"urlTemplate\":\"https:\\\/\\\/seasolargroup.com\\\/?s={search_term_string}\"},\"query-input\":{\"@type\":\"PropertyValueSpecification\",\"valueRequired\":true,\"valueName\":\"search_term_string\"}}],\"inLanguage\":\"it-IT\"},{\"@type\":\"Organization\",\"@id\":\"https:\\\/\\\/seasolargroup.com\\\/#organization\",\"name\":\"SEASOLAR fotovoltaico\",\"url\":\"https:\\\/\\\/seasolargroup.com\\\/\",\"logo\":{\"@type\":\"ImageObject\",\"inLanguage\":\"it-IT\",\"@id\":\"https:\\\/\\\/seasolargroup.com\\\/#\\\/schema\\\/logo\\\/image\\\/\",\"url\":\"https:\\\/\\\/i0.wp.com\\\/seasolargroup.com\\\/wp-content\\\/uploads\\\/2024\\\/10\\\/seasolar_logo_2024_social.png?fit=360%2C360&ssl=1\",\"contentUrl\":\"https:\\\/\\\/i0.wp.com\\\/seasolargroup.com\\\/wp-content\\\/uploads\\\/2024\\\/10\\\/seasolar_logo_2024_social.png?fit=360%2C360&ssl=1\",\"width\":360,\"height\":360,\"caption\":\"SEASOLAR fotovoltaico\"},\"image\":{\"@id\":\"https:\\\/\\\/seasolargroup.com\\\/#\\\/schema\\\/logo\\\/image\\\/\"},\"sameAs\":[\"https:\\\/\\\/www.facebook.com\\\/seasolargroup\",\"https:\\\/\\\/x.com\\\/seasolargroup\",\"https:\\\/\\\/www.linkedin.com\\\/in\\\/seasolar-group-news\\\/\",\"https:\\\/\\\/www.youtube.com\\\/channel\\\/UCVrmhrGih_bFnpj0as_vDuQ\",\"https:\\\/\\\/www.instagram.com\\\/fotovoltaico_seasolar\\\/\"]}]}<\/script>\n<!-- \/ Yoast SEO Premium plugin. -->","yoast_head_json":{"title":"FER Elettriche - Seasolar Fotovoltaico","description":"Seasolar offre un servizio completo \"chiavi in mano\" al privato o l\u2019impresa che desidera realizzare un impianto fotovoltaico sul proprio edificio","robots":{"index":"index","follow":"follow","max-snippet":"max-snippet:-1","max-image-preview":"max-image-preview:large","max-video-preview":"max-video-preview:-1"},"canonical":"https:\/\/seasolargroup.com\/incentives\/incentives-in-italy\/fer-elettriche\/","og_locale":"it_IT","og_type":"article","og_title":"FER Elettriche","og_description":"Seasolar offre un servizio completo \"chiavi in mano\" al privato o l\u2019impresa che desidera realizzare un impianto fotovoltaico sul proprio edificio","og_url":"https:\/\/seasolargroup.com\/incentives\/incentives-in-italy\/fer-elettriche\/","og_site_name":"Seasolar Fotovoltaico","article_publisher":"https:\/\/www.facebook.com\/seasolargroup","og_image":[{"url":"https:\/\/seasolargroup.com\/wp-content\/uploads\/2019\/07\/rinnovabili_1.jpg","type":"","width":"","height":""}],"twitter_card":"summary_large_image","twitter_site":"@seasolargroup","twitter_misc":{"Tempo di lettura stimato":"3 minuti"},"schema":{"@context":"https:\/\/schema.org","@graph":[{"@type":"WebPage","@id":"https:\/\/seasolargroup.com\/incentives\/incentives-in-italy\/fer-elettriche\/","url":"https:\/\/seasolargroup.com\/incentives\/incentives-in-italy\/fer-elettriche\/","name":"FER Elettriche - Seasolar Fotovoltaico","isPartOf":{"@id":"https:\/\/seasolargroup.com\/#website"},"primaryImageOfPage":{"@id":"https:\/\/seasolargroup.com\/incentives\/incentives-in-italy\/fer-elettriche\/#primaryimage"},"image":{"@id":"https:\/\/seasolargroup.com\/incentives\/incentives-in-italy\/fer-elettriche\/#primaryimage"},"thumbnailUrl":"https:\/\/seasolargroup.com\/wp-content\/uploads\/2019\/07\/rinnovabili_1.jpg","datePublished":"2020-04-14T14:45:02+00:00","description":"Seasolar offre un servizio completo \"chiavi in mano\" al privato o l\u2019impresa che desidera realizzare un impianto fotovoltaico sul proprio edificio","breadcrumb":{"@id":"https:\/\/seasolargroup.com\/incentives\/incentives-in-italy\/fer-elettriche\/#breadcrumb"},"inLanguage":"it-IT","potentialAction":[{"@type":"ReadAction","target":["https:\/\/seasolargroup.com\/incentives\/incentives-in-italy\/fer-elettriche\/"]}]},{"@type":"ImageObject","inLanguage":"it-IT","@id":"https:\/\/seasolargroup.com\/incentives\/incentives-in-italy\/fer-elettriche\/#primaryimage","url":"https:\/\/seasolargroup.com\/wp-content\/uploads\/2019\/07\/rinnovabili_1.jpg","contentUrl":"https:\/\/seasolargroup.com\/wp-content\/uploads\/2019\/07\/rinnovabili_1.jpg"},{"@type":"BreadcrumbList","@id":"https:\/\/seasolargroup.com\/incentives\/incentives-in-italy\/fer-elettriche\/#breadcrumb","itemListElement":[{"@type":"ListItem","position":1,"name":"Home","item":"https:\/\/seasolargroup.com\/"},{"@type":"ListItem","position":2,"name":"Incentives","item":"https:\/\/seasolargroup.com\/incentives\/"},{"@type":"ListItem","position":3,"name":"Incentives in Italy","item":"https:\/\/seasolargroup.com\/incentives\/incentives-in-italy\/"},{"@type":"ListItem","position":4,"name":"FER Elettriche"}]},{"@type":"WebSite","@id":"https:\/\/seasolargroup.com\/#website","url":"https:\/\/seasolargroup.com\/","name":"Seasolar Fotovoltaico","description":"Turnkey photovoltaic systems since 2008","publisher":{"@id":"https:\/\/seasolargroup.com\/#organization"},"potentialAction":[{"@type":"SearchAction","target":{"@type":"EntryPoint","urlTemplate":"https:\/\/seasolargroup.com\/?s={search_term_string}"},"query-input":{"@type":"PropertyValueSpecification","valueRequired":true,"valueName":"search_term_string"}}],"inLanguage":"it-IT"},{"@type":"Organization","@id":"https:\/\/seasolargroup.com\/#organization","name":"SEASOLAR fotovoltaico","url":"https:\/\/seasolargroup.com\/","logo":{"@type":"ImageObject","inLanguage":"it-IT","@id":"https:\/\/seasolargroup.com\/#\/schema\/logo\/image\/","url":"https:\/\/i0.wp.com\/seasolargroup.com\/wp-content\/uploads\/2024\/10\/seasolar_logo_2024_social.png?fit=360%2C360&ssl=1","contentUrl":"https:\/\/i0.wp.com\/seasolargroup.com\/wp-content\/uploads\/2024\/10\/seasolar_logo_2024_social.png?fit=360%2C360&ssl=1","width":360,"height":360,"caption":"SEASOLAR fotovoltaico"},"image":{"@id":"https:\/\/seasolargroup.com\/#\/schema\/logo\/image\/"},"sameAs":["https:\/\/www.facebook.com\/seasolargroup","https:\/\/x.com\/seasolargroup","https:\/\/www.linkedin.com\/in\/seasolar-group-news\/","https:\/\/www.youtube.com\/channel\/UCVrmhrGih_bFnpj0as_vDuQ","https:\/\/www.instagram.com\/fotovoltaico_seasolar\/"]}]}},"jetpack_sharing_enabled":true,"jetpack_shortlink":"https:\/\/wp.me\/P9Pv4N-34i","jetpack_likes_enabled":true,"jetpack-related-posts":[],"_links":{"self":[{"href":"https:\/\/seasolargroup.com\/it\/wp-json\/wp\/v2\/pages\/11798","targetHints":{"allow":["GET"]}}],"collection":[{"href":"https:\/\/seasolargroup.com\/it\/wp-json\/wp\/v2\/pages"}],"about":[{"href":"https:\/\/seasolargroup.com\/it\/wp-json\/wp\/v2\/types\/page"}],"author":[{"embeddable":true,"href":"https:\/\/seasolargroup.com\/it\/wp-json\/wp\/v2\/users\/1"}],"replies":[{"embeddable":true,"href":"https:\/\/seasolargroup.com\/it\/wp-json\/wp\/v2\/comments?post=11798"}],"version-history":[{"count":2,"href":"https:\/\/seasolargroup.com\/it\/wp-json\/wp\/v2\/pages\/11798\/revisions"}],"predecessor-version":[{"id":11801,"href":"https:\/\/seasolargroup.com\/it\/wp-json\/wp\/v2\/pages\/11798\/revisions\/11801"}],"up":[{"embeddable":true,"href":"https:\/\/seasolargroup.com\/it\/wp-json\/wp\/v2\/pages\/63"}],"wp:attachment":[{"href":"https:\/\/seasolargroup.com\/it\/wp-json\/wp\/v2\/media?parent=11798"}],"curies":[{"name":"wp","href":"https:\/\/api.w.org\/{rel}","templated":true}]}}