{"id":1094,"date":"2018-04-12T16:46:17","date_gmt":"2018-04-12T14:46:17","guid":{"rendered":"https:\/\/seasolargroup.com\/?page_id=1094"},"modified":"2018-07-02T21:29:38","modified_gmt":"2018-07-02T19:29:38","slug":"terzo-conto-energia-d-m-6-08-2010","status":"publish","type":"page","link":"https:\/\/seasolargroup.com\/it\/incentives\/incentives-in-italy\/conto-energia\/terzo-conto-energia-d-m-6-08-2010\/","title":{"rendered":"Terzo Conto Energia (D.M. 6\/08\/2010)"},"content":{"rendered":"<p>Il DM 6\/8\/2010 (<strong>Terzo Conto Energia<\/strong>), pubblicato sulla Gazzetta Ufficiale del 24\/08\/2010, \u00e8 stato emanato per dare continuit\u00e0 al meccanismo di <strong>incentivazione in Conto Energia per gli impianti fotovoltaici<\/strong> gi\u00e0 avviato con i decreti del 28\/07\/2005, 06\/02\/2006 (Primo Conto Energia) e 19\/02\/2007 (Secondo Conto Energia). Possono usufruire degli incentivi definiti nel provvedimento tutti gli impianti che entrano in esercizio dopo il 31\/12\/2010 a seguito di interventi di nuova costruzione, rifacimento totale o potenziamento, appartenenti a quattro specifiche categorie:<\/p>\n<ul>\n<li>\n<div>gli impianti fotovoltaici (\u201csu edifici\u201d o \u201caltri impianti\u201d);<\/div>\n<\/li>\n<li>\n<div>gli impianti fotovoltaici integrati con caratteristiche innovative;<\/div>\n<\/li>\n<li>\n<div>gli impianti fotovoltaici a concentrazione;<\/div>\n<\/li>\n<li>\n<div>gli impianti fotovoltaici con innovazione tecnologica.<\/div>\n<\/li>\n<\/ul>\n<p>Per ogni categoria \u00e8 stato definito un limite di <strong>potenza incentivabile<\/strong>:<\/p>\n<ul>\n<li>\n<div>3000 MW per gli impianti fotovoltaici;<\/div>\n<\/li>\n<li>\n<div>300 MW per gli impianti fotovoltaici integrati architettonicamente con caratteristiche innovative;<\/div>\n<\/li>\n<li>\n<div>200 MW per gli impianti fotovoltaici a concentrazione.<\/div>\n<\/li>\n<\/ul>\n<p>Per <strong>gli impianti fotovoltaici a concentrazione <\/strong>le tariffe sono applicabili a partire dal 25\/08\/2010, data di entrata in vigore del Decreto. Non \u00e8 stata riservata capacit\u00e0 da incentivare per gli impianti fotovoltaici con innovazione tecnologica, per i quali \u00e8 atteso un successivo provvedimento da parte del Ministero dello Sviluppo Economico (MSE), di concerto con il Ministero dell\u2019Ambiente e della Tutela dl Territorio e del Mare (MATTM), che ne definir\u00e0 i criteri e le modalit\u00e0 per l\u2019incentivazione.<br \/>\n<strong><br \/>\nGli incentivi per la produzione di energia elettrica da impianti fotovoltaici <\/strong>valgono a partire dalla data di entrata in esercizio per un periodo di 20 anni, la tariffa \u00e8 costante in moneta corrente per tutto il periodo di incentivazione.<\/p>\n<p>Il periodo di diritto alle<strong> tariffe incentivanti <\/strong>\u00e8 considerato al netto di eventuali interruzioni dovute a problematiche connesse alla sicurezza della rete ovvero a seguito di eventi calamitosi riconosciuti come tali dalle competenti autorit\u00e0.<\/p>\n<p>In caso di esaurimento della disponibilit\u00e0 di potenza incentivabile \u00e8 previsto un periodo di moratoria di 14 mesi (24 mesi per i soggetti pubblici) dalla data di raggiungimento del limite, comunicato dal GSE.<br \/>\n<strong><br \/>\nIl GSE<\/strong> \u00e8 il <strong>soggetto attuatore<\/strong> che qualifica gli impianti fotovoltaici, <strong>eroga gli incentivi ed effettua attivit\u00e0 di verifica<\/strong>.<\/p>\n<p>Il Titolo II del DM 6\/8\/2010 (<strong>Terzo Conto Energia<\/strong>) definisce una <strong>classificazione semplificata degli impianti fotovoltaici <\/strong>prevedendo la <strong>distinzione tariffaria <\/strong>tra due sole tipologie di intervento:<\/p>\n<ul>\n<li>\n<div><strong>gli impianti fotovoltaici sugli edifici<\/strong>, installati seguendo particolari modalit\u00e0 di posizionamento indicati nell\u2019Allegato 2 del Decreto;<\/div>\n<\/li>\n<li>\n<div><strong>gli altri impianti fotovoltaici, <\/strong>ovvero tutti gli impianti non ricadenti nella precedente tipologia ivi inclusi gli impianti a terra.<\/div>\n<\/li>\n<\/ul>\n<p>Per quanto stabilito nel <strong>Titolo II del Decreto 6\/8\/2010<\/strong>, gli impianti fotovoltaici entrati in esercizio a partire dal primo gennaio 2011, i cui Soggetti Responsabili sono persone fisiche, persone giuridiche, soggetti pubblici o condomini di unit\u00e0 immobiliari ovvero di edifici, hanno diritto a una <strong>tariffa incentivante<\/strong> articolata secondo i valori indicati nella seguente tabella:<\/p>\n<p><img data-recalc-dims=\"1\" loading=\"lazy\" decoding=\"async\" class=\"size-full wp-image-1110 aligncenter\" src=\"https:\/\/i0.wp.com\/seasolargroup.com\/wp-content\/uploads\/2018\/04\/tariffe20terzo20conto20energia.jpg?resize=630%2C319&#038;ssl=1\" alt=\"\" width=\"630\" height=\"319\" data-id=\"1110\" srcset=\"https:\/\/i0.wp.com\/seasolargroup.com\/wp-content\/uploads\/2018\/04\/tariffe20terzo20conto20energia.jpg?w=630&amp;ssl=1 630w, https:\/\/i0.wp.com\/seasolargroup.com\/wp-content\/uploads\/2018\/04\/tariffe20terzo20conto20energia.jpg?resize=200%2C101&amp;ssl=1 200w, https:\/\/i0.wp.com\/seasolargroup.com\/wp-content\/uploads\/2018\/04\/tariffe20terzo20conto20energia.jpg?resize=300%2C152&amp;ssl=1 300w\" sizes=\"auto, (max-width: 630px) 100vw, 630px\" \/><\/p>\n<p><span style=\"font-family: inherit; font-size: inherit;\">Gli impianti devono avere una potenza non inferiore a 1 kW.\u00a0<\/span><\/p>\n<div class=\"DnnModule DnnModule-DNN_HTML DnnModule-693\">\n<div class=\"c_container c_head_grey\">\n<div class=\"c_content\">\n<div id=\"dnn_ctr693_ContentPane\" class=\"Normal c_contentpane\">\n<div id=\"dnn_ctr693_ModuleContent\" class=\"DNNModuleContent ModDNNHTMLC\">\n<div id=\"dnn_ctr693_HtmlModule_lblContent\" class=\"Normal\">\n<div id=\"ctl00_PlaceHolderMain_Content__ControlWrapper_RichHtmlField\">\n<p>Le <strong>tariffe incentivanti <\/strong>degli impianti che entreranno in esercizio nel 2012 e 2013 saranno decurtate del 6% annuo rispetto ai valori del terzo quadrimestre del 2011, indicati in tabella 1, con arrotondamento commerciale alla terza cifra decimale. Il Ministero dello Sviluppo Economico (MSE) e il Ministero dell\u2019Ambiente e della Tutela del Territorio e del Mare (MATTM) stabiliranno con un successivo provvedimento le tariffe incentivanti per gli impianti che entreranno in esercizio negli anni successivi al 2013.<\/p>\n<div id=\"ctl00_PlaceHolderMain_Content__ControlWrapper_RichHtmlField\">\n<p>Il <strong>Titolo III <\/strong>del DM 6\/8\/2010 (<strong>Terzo Conto Energia<\/strong>) stabilisce che gli impianti fotovoltaici che utilizzano moduli e componenti speciali sviluppati specificatamente per integrarsi e sostituire elementi architettonici degli edifici hanno diritto a <strong>specifiche tariffe incentivanti<\/strong>, riportate nella seguente tabella:<\/p>\n<p><img data-recalc-dims=\"1\" loading=\"lazy\" decoding=\"async\" class=\"size-full wp-image-1111 aligncenter\" src=\"https:\/\/i0.wp.com\/seasolargroup.com\/wp-content\/uploads\/2018\/04\/tariffe20innov20terzo20conto20energia.jpg?resize=328%2C114&#038;ssl=1\" alt=\"\" width=\"328\" height=\"114\" data-id=\"1111\" srcset=\"https:\/\/i0.wp.com\/seasolargroup.com\/wp-content\/uploads\/2018\/04\/tariffe20innov20terzo20conto20energia.jpg?w=328&amp;ssl=1 328w, https:\/\/i0.wp.com\/seasolargroup.com\/wp-content\/uploads\/2018\/04\/tariffe20innov20terzo20conto20energia.jpg?resize=200%2C70&amp;ssl=1 200w, https:\/\/i0.wp.com\/seasolargroup.com\/wp-content\/uploads\/2018\/04\/tariffe20innov20terzo20conto20energia.jpg?resize=300%2C104&amp;ssl=1 300w\" sizes=\"auto, (max-width: 328px) 100vw, 328px\" \/><\/p>\n<p>Possono beneficiare delle <strong>tariffe incentivanti <\/strong>le persone fisiche, le persone giuridiche, i soggetti pubblici e i condomini di unit\u00e0 immobiliari ovvero di edifici.<\/p>\n<p>Gli impianti, entrati in esercizio a partire dal primo gennaio 2011, devono avere una potenza non inferiore a 1 kW e non superiore a 5 MW.<\/p>\n<p>Al fine di accedere alle tariffe sopra citate, gli impianti fotovoltaici dovranno utilizzare <strong>moduli e componenti <\/strong>con le seguenti caratteristiche:<\/p>\n<p><strong>1. moduli e componenti speciali<\/strong>, sviluppati specificatamente per integrarsi e sostituire elementi architettonici di edifici, quali:<br \/>\na) coperture degli edifici;<br \/>\nb) superfici opache verticali;<br \/>\nc) superfici trasparenti o semitrasparenti;<br \/>\nd) superfici apribili e assimilabili quali porte, finestre e vetrine anche se non apribili comprensive degli infissi.<\/p>\n<p><strong>2. <\/strong>moduli e componenti che abbiano significative <strong>innovazioni di carattere tecnologico;<\/strong><\/p>\n<p><strong>3. moduli progettati e realizzati industrialmente<\/strong> per svolgere oltre alla produzione di energia elettrica anche funzioni architettoniche fondamentali quali:<br \/>\na) protezione e regolazione termica dell\u2019edificio;<br \/>\nb) tenuta all\u2019acqua e impermeabilizzazione della struttura edilizia sottesa;<br \/>\nc) tenuta meccanica comparabile con l\u2019elemento edilizio sostituito.<\/p>\n<p>I moduli, inoltre, dovranno essere installati secondo le seguenti modalit\u00e0:<br \/>\n1. i moduli devono sostituire componenti architettonici degli edifici;<br \/>\n2. i moduli devono comunque svolgere una funzione di rivestimento di parti dell\u2019edificio, altrimenti svolta da componenti edilizi non finalizzati alla produzione di energia elettrica;<br \/>\n3. da un punto di vista estetico, il sistema fotovoltaico deve comunque inserirsi armoniosamente nel disegno architettonico dell\u2019edificio.<\/p>\n<p>I valori delle tariffe saranno decurtati del 2% annuo per gli anni 2012 e 2013, con arrotondamento commerciale alla terza cifra decimale. Il Ministero dello Sviluppo Economico (MSE) e il Ministero dell\u2019Ambiente e della Tutela del Territorio e del Mare (MATTM) stabiliranno con un successivo provvedimento le tariffe incentivanti per gli impianti che entreranno in esercizio negli anni successivi al 2013.<\/p>\n\r\n\t<div class=\"view-all-btn\" style=\"text-align:left; margin-top:8.7%; \">\r\n\t\t<a href=\"https:\/\/seasolargroup.com\/wp-content\/uploads\/2018\/04\/TerzoContoEnergia2010.pdf\" target=\"_blank\"  style=\"color:#ffffff; background:#92c938; \r\n\t\t\r\n\t\t  \">\r\n\t\t\t<span>\r\n\t\t\tScarica Terzo Conto Energia\r\n\t\t\t \r\n\t\t\t<\/span>\r\n\t\t<\/a>\r\n\t<\/div>\n<\/div>\n<\/div>\n<\/div>\n<\/div>\n<\/div>\n<\/div>\n<\/div>\n<\/div>\n<p><\/p>\n<!-- sktbuilder starter --><script type=\"text\/javascript\" src=\"https:\/\/seasolargroup.com\/wp-content\/plugins\/skt-builder\/sktbuilder\/sktbuilder-frontend-starter.js\"><\/script><script type=\"text\/javascript\" src=\"https:\/\/seasolargroup.com\/wp-content\/plugins\/skt-builder\/sktbuilder-wordpress-driver.js\"><\/script><script type=\"text\/javascript\"> var starter = new SktbuilderStarter({\"mode\": \"prod\", \"skip\":[\"jquery\",\"underscore\",\"backbone\"],\"sktbuilderUrl\": \"https:\/\/seasolargroup.com\/wp-content\/plugins\/skt-builder\/sktbuilder\/\", \"driver\": new SktbuilderWordpressDriver({\"ajaxUrl\": \"https:\/\/seasolargroup.com\/wp-admin\/admin-ajax.php\", \"iframeUrl\": \"https:\/\/seasolargroup.com\/it\/incentives\/incentives-in-italy\/conto-energia\/terzo-conto-energia-d-m-6-08-2010\/?sktbuilder=true\", \"pageId\": 1094,  \"nonce\": \"f142d3494b\", \"pages\": [], \"page\": \"Terzo Conto Energia (D.M. 6\/08\/2010)\" }) });<\/script><!-- end sktbuilder starter -->","protected":false},"excerpt":{"rendered":"<p>Il DM 6\/8\/2010 (Terzo Conto Energia), pubblicato sulla Gazzetta Ufficiale del 24\/08\/2010, \u00e8 stato emanato per dare continuit\u00e0 al meccanismo di incentivazione in Conto Energia per gli impianti fotovoltaici gi\u00e0 avviato con i decreti del 28\/07\/2005, 06\/02\/2006 (Primo Conto Energia) e 19\/02\/2007 (Secondo Conto Energia). Possono usufruire degli incentivi definiti nel provvedimento tutti gli impianti<br \/><a class=\"moretag\" href=\"https:\/\/seasolargroup.com\/it\/incentives\/incentives-in-italy\/conto-energia\/terzo-conto-energia-d-m-6-08-2010\/\">+ Read More<\/a><\/p>\n","protected":false},"author":1,"featured_media":0,"parent":3017,"menu_order":2,"comment_status":"closed","ping_status":"closed","template":"","meta":{"_mbp_gutenberg_autopost":false,"_pgmb_is_evergreen":false,"_pgmb_ap_template_id":0,"footnotes":""},"class_list":["post-1094","page","type-page","status-publish","hentry"],"yoast_head":"<!-- This site is optimized with the Yoast SEO Premium plugin v26.7 (Yoast SEO v27.6) - https:\/\/yoast.com\/product\/yoast-seo-premium-wordpress\/ -->\n<title>Terzo Conto Energia (D.M. 6\/08\/2010) - Seasolar Fotovoltaico<\/title>\n<meta name=\"robots\" content=\"index, follow, max-snippet:-1, max-image-preview:large, max-video-preview:-1\" \/>\n<link rel=\"canonical\" href=\"https:\/\/seasolargroup.com\/incentives\/incentives-in-italy\/conto-energia\/terzo-conto-energia-d-m-6-08-2010\/\" \/>\n<meta property=\"og:locale\" content=\"it_IT\" \/>\n<meta property=\"og:type\" content=\"article\" \/>\n<meta property=\"og:title\" content=\"Terzo Conto Energia (D.M. 6\/08\/2010)\" \/>\n<meta property=\"og:description\" content=\"Il DM 6\/8\/2010 (Terzo Conto Energia), pubblicato sulla Gazzetta Ufficiale del 24\/08\/2010, \u00e8 stato emanato per dare continuit\u00e0 al meccanismo di incentivazione in Conto Energia per gli impianti fotovoltaici gi\u00e0 avviato con i decreti del 28\/07\/2005, 06\/02\/2006 (Primo Conto Energia) e 19\/02\/2007 (Secondo Conto Energia). Possono usufruire degli incentivi definiti nel provvedimento tutti gli impianti+ Read More\" \/>\n<meta property=\"og:url\" content=\"https:\/\/seasolargroup.com\/incentives\/incentives-in-italy\/conto-energia\/terzo-conto-energia-d-m-6-08-2010\/\" \/>\n<meta property=\"og:site_name\" content=\"Seasolar Fotovoltaico\" \/>\n<meta property=\"article:publisher\" content=\"https:\/\/www.facebook.com\/seasolargroup\" \/>\n<meta property=\"article:modified_time\" content=\"2018-07-02T19:29:38+00:00\" \/>\n<meta property=\"og:image\" content=\"https:\/\/seasolargroup.com\/wp-content\/uploads\/2018\/04\/tariffe20terzo20conto20energia.jpg\" \/>\n<meta name=\"twitter:card\" content=\"summary_large_image\" \/>\n<meta name=\"twitter:site\" content=\"@seasolargroup\" \/>\n<meta name=\"twitter:label1\" content=\"Tempo di lettura stimato\" \/>\n\t<meta name=\"twitter:data1\" content=\"9 minuti\" \/>\n<script type=\"application\/ld+json\" class=\"yoast-schema-graph\">{\"@context\":\"https:\\\/\\\/schema.org\",\"@graph\":[{\"@type\":\"WebPage\",\"@id\":\"https:\\\/\\\/seasolargroup.com\\\/incentives\\\/incentives-in-italy\\\/conto-energia\\\/terzo-conto-energia-d-m-6-08-2010\\\/\",\"url\":\"https:\\\/\\\/seasolargroup.com\\\/incentives\\\/incentives-in-italy\\\/conto-energia\\\/terzo-conto-energia-d-m-6-08-2010\\\/\",\"name\":\"Terzo Conto Energia (D.M. 6\\\/08\\\/2010) - Seasolar Fotovoltaico\",\"isPartOf\":{\"@id\":\"https:\\\/\\\/seasolargroup.com\\\/#website\"},\"primaryImageOfPage\":{\"@id\":\"https:\\\/\\\/seasolargroup.com\\\/incentives\\\/incentives-in-italy\\\/conto-energia\\\/terzo-conto-energia-d-m-6-08-2010\\\/#primaryimage\"},\"image\":{\"@id\":\"https:\\\/\\\/seasolargroup.com\\\/incentives\\\/incentives-in-italy\\\/conto-energia\\\/terzo-conto-energia-d-m-6-08-2010\\\/#primaryimage\"},\"thumbnailUrl\":\"https:\\\/\\\/seasolargroup.com\\\/wp-content\\\/uploads\\\/2018\\\/04\\\/tariffe20terzo20conto20energia.jpg\",\"datePublished\":\"2018-04-12T14:46:17+00:00\",\"dateModified\":\"2018-07-02T19:29:38+00:00\",\"breadcrumb\":{\"@id\":\"https:\\\/\\\/seasolargroup.com\\\/incentives\\\/incentives-in-italy\\\/conto-energia\\\/terzo-conto-energia-d-m-6-08-2010\\\/#breadcrumb\"},\"inLanguage\":\"it-IT\",\"potentialAction\":[{\"@type\":\"ReadAction\",\"target\":[\"https:\\\/\\\/seasolargroup.com\\\/incentives\\\/incentives-in-italy\\\/conto-energia\\\/terzo-conto-energia-d-m-6-08-2010\\\/\"]}]},{\"@type\":\"ImageObject\",\"inLanguage\":\"it-IT\",\"@id\":\"https:\\\/\\\/seasolargroup.com\\\/incentives\\\/incentives-in-italy\\\/conto-energia\\\/terzo-conto-energia-d-m-6-08-2010\\\/#primaryimage\",\"url\":\"https:\\\/\\\/seasolargroup.com\\\/wp-content\\\/uploads\\\/2018\\\/04\\\/tariffe20terzo20conto20energia.jpg\",\"contentUrl\":\"https:\\\/\\\/seasolargroup.com\\\/wp-content\\\/uploads\\\/2018\\\/04\\\/tariffe20terzo20conto20energia.jpg\"},{\"@type\":\"BreadcrumbList\",\"@id\":\"https:\\\/\\\/seasolargroup.com\\\/incentives\\\/incentives-in-italy\\\/conto-energia\\\/terzo-conto-energia-d-m-6-08-2010\\\/#breadcrumb\",\"itemListElement\":[{\"@type\":\"ListItem\",\"position\":1,\"name\":\"Home\",\"item\":\"https:\\\/\\\/seasolargroup.com\\\/\"},{\"@type\":\"ListItem\",\"position\":2,\"name\":\"Incentives\",\"item\":\"https:\\\/\\\/seasolargroup.com\\\/incentives\\\/\"},{\"@type\":\"ListItem\",\"position\":3,\"name\":\"Incentives in Italy\",\"item\":\"https:\\\/\\\/seasolargroup.com\\\/incentives\\\/incentives-in-italy\\\/\"},{\"@type\":\"ListItem\",\"position\":4,\"name\":\"Conto Energia\",\"item\":\"https:\\\/\\\/seasolargroup.com\\\/incentives\\\/incentives-in-italy\\\/conto-energia\\\/\"},{\"@type\":\"ListItem\",\"position\":5,\"name\":\"Terzo Conto Energia (D.M. 6\\\/08\\\/2010)\"}]},{\"@type\":\"WebSite\",\"@id\":\"https:\\\/\\\/seasolargroup.com\\\/#website\",\"url\":\"https:\\\/\\\/seasolargroup.com\\\/\",\"name\":\"Seasolar Fotovoltaico\",\"description\":\"Turnkey photovoltaic systems since 2008\",\"publisher\":{\"@id\":\"https:\\\/\\\/seasolargroup.com\\\/#organization\"},\"potentialAction\":[{\"@type\":\"SearchAction\",\"target\":{\"@type\":\"EntryPoint\",\"urlTemplate\":\"https:\\\/\\\/seasolargroup.com\\\/?s={search_term_string}\"},\"query-input\":{\"@type\":\"PropertyValueSpecification\",\"valueRequired\":true,\"valueName\":\"search_term_string\"}}],\"inLanguage\":\"it-IT\"},{\"@type\":\"Organization\",\"@id\":\"https:\\\/\\\/seasolargroup.com\\\/#organization\",\"name\":\"SEASOLAR fotovoltaico\",\"url\":\"https:\\\/\\\/seasolargroup.com\\\/\",\"logo\":{\"@type\":\"ImageObject\",\"inLanguage\":\"it-IT\",\"@id\":\"https:\\\/\\\/seasolargroup.com\\\/#\\\/schema\\\/logo\\\/image\\\/\",\"url\":\"https:\\\/\\\/i0.wp.com\\\/seasolargroup.com\\\/wp-content\\\/uploads\\\/2024\\\/10\\\/seasolar_logo_2024_social.png?fit=360%2C360&ssl=1\",\"contentUrl\":\"https:\\\/\\\/i0.wp.com\\\/seasolargroup.com\\\/wp-content\\\/uploads\\\/2024\\\/10\\\/seasolar_logo_2024_social.png?fit=360%2C360&ssl=1\",\"width\":360,\"height\":360,\"caption\":\"SEASOLAR fotovoltaico\"},\"image\":{\"@id\":\"https:\\\/\\\/seasolargroup.com\\\/#\\\/schema\\\/logo\\\/image\\\/\"},\"sameAs\":[\"https:\\\/\\\/www.facebook.com\\\/seasolargroup\",\"https:\\\/\\\/x.com\\\/seasolargroup\",\"https:\\\/\\\/www.linkedin.com\\\/in\\\/seasolar-group-news\\\/\",\"https:\\\/\\\/www.youtube.com\\\/channel\\\/UCVrmhrGih_bFnpj0as_vDuQ\",\"https:\\\/\\\/www.instagram.com\\\/fotovoltaico_seasolar\\\/\"]}]}<\/script>\n<!-- \/ Yoast SEO Premium plugin. -->","yoast_head_json":{"title":"Terzo Conto Energia (D.M. 6\/08\/2010) - Seasolar Fotovoltaico","robots":{"index":"index","follow":"follow","max-snippet":"max-snippet:-1","max-image-preview":"max-image-preview:large","max-video-preview":"max-video-preview:-1"},"canonical":"https:\/\/seasolargroup.com\/incentives\/incentives-in-italy\/conto-energia\/terzo-conto-energia-d-m-6-08-2010\/","og_locale":"it_IT","og_type":"article","og_title":"Terzo Conto Energia (D.M. 6\/08\/2010)","og_description":"Il DM 6\/8\/2010 (Terzo Conto Energia), pubblicato sulla Gazzetta Ufficiale del 24\/08\/2010, \u00e8 stato emanato per dare continuit\u00e0 al meccanismo di incentivazione in Conto Energia per gli impianti fotovoltaici gi\u00e0 avviato con i decreti del 28\/07\/2005, 06\/02\/2006 (Primo Conto Energia) e 19\/02\/2007 (Secondo Conto Energia). Possono usufruire degli incentivi definiti nel provvedimento tutti gli impianti+ Read More","og_url":"https:\/\/seasolargroup.com\/incentives\/incentives-in-italy\/conto-energia\/terzo-conto-energia-d-m-6-08-2010\/","og_site_name":"Seasolar Fotovoltaico","article_publisher":"https:\/\/www.facebook.com\/seasolargroup","article_modified_time":"2018-07-02T19:29:38+00:00","og_image":[{"url":"https:\/\/seasolargroup.com\/wp-content\/uploads\/2018\/04\/tariffe20terzo20conto20energia.jpg","type":"","width":"","height":""}],"twitter_card":"summary_large_image","twitter_site":"@seasolargroup","twitter_misc":{"Tempo di lettura stimato":"9 minuti"},"schema":{"@context":"https:\/\/schema.org","@graph":[{"@type":"WebPage","@id":"https:\/\/seasolargroup.com\/incentives\/incentives-in-italy\/conto-energia\/terzo-conto-energia-d-m-6-08-2010\/","url":"https:\/\/seasolargroup.com\/incentives\/incentives-in-italy\/conto-energia\/terzo-conto-energia-d-m-6-08-2010\/","name":"Terzo Conto Energia (D.M. 6\/08\/2010) - Seasolar Fotovoltaico","isPartOf":{"@id":"https:\/\/seasolargroup.com\/#website"},"primaryImageOfPage":{"@id":"https:\/\/seasolargroup.com\/incentives\/incentives-in-italy\/conto-energia\/terzo-conto-energia-d-m-6-08-2010\/#primaryimage"},"image":{"@id":"https:\/\/seasolargroup.com\/incentives\/incentives-in-italy\/conto-energia\/terzo-conto-energia-d-m-6-08-2010\/#primaryimage"},"thumbnailUrl":"https:\/\/seasolargroup.com\/wp-content\/uploads\/2018\/04\/tariffe20terzo20conto20energia.jpg","datePublished":"2018-04-12T14:46:17+00:00","dateModified":"2018-07-02T19:29:38+00:00","breadcrumb":{"@id":"https:\/\/seasolargroup.com\/incentives\/incentives-in-italy\/conto-energia\/terzo-conto-energia-d-m-6-08-2010\/#breadcrumb"},"inLanguage":"it-IT","potentialAction":[{"@type":"ReadAction","target":["https:\/\/seasolargroup.com\/incentives\/incentives-in-italy\/conto-energia\/terzo-conto-energia-d-m-6-08-2010\/"]}]},{"@type":"ImageObject","inLanguage":"it-IT","@id":"https:\/\/seasolargroup.com\/incentives\/incentives-in-italy\/conto-energia\/terzo-conto-energia-d-m-6-08-2010\/#primaryimage","url":"https:\/\/seasolargroup.com\/wp-content\/uploads\/2018\/04\/tariffe20terzo20conto20energia.jpg","contentUrl":"https:\/\/seasolargroup.com\/wp-content\/uploads\/2018\/04\/tariffe20terzo20conto20energia.jpg"},{"@type":"BreadcrumbList","@id":"https:\/\/seasolargroup.com\/incentives\/incentives-in-italy\/conto-energia\/terzo-conto-energia-d-m-6-08-2010\/#breadcrumb","itemListElement":[{"@type":"ListItem","position":1,"name":"Home","item":"https:\/\/seasolargroup.com\/"},{"@type":"ListItem","position":2,"name":"Incentives","item":"https:\/\/seasolargroup.com\/incentives\/"},{"@type":"ListItem","position":3,"name":"Incentives in Italy","item":"https:\/\/seasolargroup.com\/incentives\/incentives-in-italy\/"},{"@type":"ListItem","position":4,"name":"Conto Energia","item":"https:\/\/seasolargroup.com\/incentives\/incentives-in-italy\/conto-energia\/"},{"@type":"ListItem","position":5,"name":"Terzo Conto Energia (D.M. 6\/08\/2010)"}]},{"@type":"WebSite","@id":"https:\/\/seasolargroup.com\/#website","url":"https:\/\/seasolargroup.com\/","name":"Seasolar Fotovoltaico","description":"Turnkey photovoltaic systems since 2008","publisher":{"@id":"https:\/\/seasolargroup.com\/#organization"},"potentialAction":[{"@type":"SearchAction","target":{"@type":"EntryPoint","urlTemplate":"https:\/\/seasolargroup.com\/?s={search_term_string}"},"query-input":{"@type":"PropertyValueSpecification","valueRequired":true,"valueName":"search_term_string"}}],"inLanguage":"it-IT"},{"@type":"Organization","@id":"https:\/\/seasolargroup.com\/#organization","name":"SEASOLAR fotovoltaico","url":"https:\/\/seasolargroup.com\/","logo":{"@type":"ImageObject","inLanguage":"it-IT","@id":"https:\/\/seasolargroup.com\/#\/schema\/logo\/image\/","url":"https:\/\/i0.wp.com\/seasolargroup.com\/wp-content\/uploads\/2024\/10\/seasolar_logo_2024_social.png?fit=360%2C360&ssl=1","contentUrl":"https:\/\/i0.wp.com\/seasolargroup.com\/wp-content\/uploads\/2024\/10\/seasolar_logo_2024_social.png?fit=360%2C360&ssl=1","width":360,"height":360,"caption":"SEASOLAR fotovoltaico"},"image":{"@id":"https:\/\/seasolargroup.com\/#\/schema\/logo\/image\/"},"sameAs":["https:\/\/www.facebook.com\/seasolargroup","https:\/\/x.com\/seasolargroup","https:\/\/www.linkedin.com\/in\/seasolar-group-news\/","https:\/\/www.youtube.com\/channel\/UCVrmhrGih_bFnpj0as_vDuQ","https:\/\/www.instagram.com\/fotovoltaico_seasolar\/"]}]}},"jetpack_sharing_enabled":true,"jetpack_shortlink":"https:\/\/wp.me\/P9Pv4N-hE","jetpack_likes_enabled":true,"jetpack-related-posts":[],"_links":{"self":[{"href":"https:\/\/seasolargroup.com\/it\/wp-json\/wp\/v2\/pages\/1094","targetHints":{"allow":["GET"]}}],"collection":[{"href":"https:\/\/seasolargroup.com\/it\/wp-json\/wp\/v2\/pages"}],"about":[{"href":"https:\/\/seasolargroup.com\/it\/wp-json\/wp\/v2\/types\/page"}],"author":[{"embeddable":true,"href":"https:\/\/seasolargroup.com\/it\/wp-json\/wp\/v2\/users\/1"}],"replies":[{"embeddable":true,"href":"https:\/\/seasolargroup.com\/it\/wp-json\/wp\/v2\/comments?post=1094"}],"version-history":[{"count":12,"href":"https:\/\/seasolargroup.com\/it\/wp-json\/wp\/v2\/pages\/1094\/revisions"}],"predecessor-version":[{"id":2310,"href":"https:\/\/seasolargroup.com\/it\/wp-json\/wp\/v2\/pages\/1094\/revisions\/2310"}],"up":[{"embeddable":true,"href":"https:\/\/seasolargroup.com\/it\/wp-json\/wp\/v2\/pages\/3017"}],"wp:attachment":[{"href":"https:\/\/seasolargroup.com\/it\/wp-json\/wp\/v2\/media?parent=1094"}],"curies":[{"name":"wp","href":"https:\/\/api.w.org\/{rel}","templated":true}]}}