{"id":3938,"date":"2018-08-12T10:52:14","date_gmt":"2018-08-12T08:52:14","guid":{"rendered":"https:\/\/seasolargroup.com\/?post_type=product&#038;p=3938"},"modified":"2025-10-22T22:48:52","modified_gmt":"2025-10-22T21:48:52","slug":"fronius-symo-hybrid-4-0-3-s","status":"publish","type":"product","link":"https:\/\/seasolargroup.com\/fr\/product\/fronius-symo-hybrid-4-0-3-s\/","title":{"rendered":"FRONIUS SYMO HYBRID 4.0-3-S"},"content":{"rendered":"<p><img data-recalc-dims=\"1\" loading=\"lazy\" decoding=\"async\" data-id=\"3926\"  src=\"https:\/\/i0.wp.com\/seasolargroup.com\/wp-content\/uploads\/2018\/08\/F-HY-1.png?resize=986%2C1352&#038;ssl=1\" alt=\"\" width=\"986\" height=\"1352\" class=\"aligncenter size-full wp-image-3926\" srcset=\"https:\/\/i0.wp.com\/seasolargroup.com\/wp-content\/uploads\/2018\/08\/F-HY-1.png?w=986&amp;ssl=1 986w, https:\/\/i0.wp.com\/seasolargroup.com\/wp-content\/uploads\/2018\/08\/F-HY-1.png?resize=219%2C300&amp;ssl=1 219w, https:\/\/i0.wp.com\/seasolargroup.com\/wp-content\/uploads\/2018\/08\/F-HY-1.png?resize=768%2C1053&amp;ssl=1 768w, https:\/\/i0.wp.com\/seasolargroup.com\/wp-content\/uploads\/2018\/08\/F-HY-1.png?resize=747%2C1024&amp;ssl=1 747w, https:\/\/i0.wp.com\/seasolargroup.com\/wp-content\/uploads\/2018\/08\/F-HY-1.png?resize=200%2C274&amp;ssl=1 200w\" sizes=\"auto, (max-width: 986px) 100vw, 986px\" \/><br \/>\n<img data-recalc-dims=\"1\" loading=\"lazy\" decoding=\"async\" data-id=\"3927\"  src=\"https:\/\/i0.wp.com\/seasolargroup.com\/wp-content\/uploads\/2018\/08\/F-HY-2.png?resize=986%2C1352&#038;ssl=1\" alt=\"\" width=\"986\" height=\"1352\" class=\"aligncenter size-full wp-image-3927\" srcset=\"https:\/\/i0.wp.com\/seasolargroup.com\/wp-content\/uploads\/2018\/08\/F-HY-2.png?w=986&amp;ssl=1 986w, https:\/\/i0.wp.com\/seasolargroup.com\/wp-content\/uploads\/2018\/08\/F-HY-2.png?resize=219%2C300&amp;ssl=1 219w, https:\/\/i0.wp.com\/seasolargroup.com\/wp-content\/uploads\/2018\/08\/F-HY-2.png?resize=768%2C1053&amp;ssl=1 768w, https:\/\/i0.wp.com\/seasolargroup.com\/wp-content\/uploads\/2018\/08\/F-HY-2.png?resize=747%2C1024&amp;ssl=1 747w, https:\/\/i0.wp.com\/seasolargroup.com\/wp-content\/uploads\/2018\/08\/F-HY-2.png?resize=200%2C274&amp;ssl=1 200w\" sizes=\"auto, (max-width: 986px) 100vw, 986px\" \/><br \/>\n<img data-recalc-dims=\"1\" loading=\"lazy\" decoding=\"async\" data-id=\"3928\"  src=\"https:\/\/i0.wp.com\/seasolargroup.com\/wp-content\/uploads\/2018\/08\/F-HY-3.png?resize=986%2C1352&#038;ssl=1\" alt=\"\" width=\"986\" height=\"1352\" class=\"aligncenter size-full wp-image-3928\" srcset=\"https:\/\/i0.wp.com\/seasolargroup.com\/wp-content\/uploads\/2018\/08\/F-HY-3.png?w=986&amp;ssl=1 986w, https:\/\/i0.wp.com\/seasolargroup.com\/wp-content\/uploads\/2018\/08\/F-HY-3.png?resize=219%2C300&amp;ssl=1 219w, https:\/\/i0.wp.com\/seasolargroup.com\/wp-content\/uploads\/2018\/08\/F-HY-3.png?resize=768%2C1053&amp;ssl=1 768w, https:\/\/i0.wp.com\/seasolargroup.com\/wp-content\/uploads\/2018\/08\/F-HY-3.png?resize=747%2C1024&amp;ssl=1 747w, https:\/\/i0.wp.com\/seasolargroup.com\/wp-content\/uploads\/2018\/08\/F-HY-3.png?resize=200%2C274&amp;ssl=1 200w\" sizes=\"auto, (max-width: 986px) 100vw, 986px\" \/><br \/>\n\r\n\t\t<div class=\"divider4\"><span><\/span><\/div>\r\n\t\t<\/p>\n<h2>Downloads<\/h2>\n<p><a href=\"https:\/\/seasolargroup.com\/wp-content\/uploads\/2018\/08\/SE_DS_Fronius_Energy_Package_EN-1.pdf\" target=\"_blank\" rel=\"noopener\">Datasheet Fronius Energy Package_EN<\/a><br \/>\n&nbsp;<br \/>\n<a href=\"https:\/\/seasolargroup.com\/wp-content\/uploads\/2018\/08\/4204260222EN-1.pdf\" target=\"_blank\" rel=\"noopener\">Operating Instructions (42,0426,0222,EN)<\/a><br \/>\n&nbsp;<br \/>\n<a href=\"https:\/\/seasolargroup.com\/wp-content\/uploads\/2018\/08\/4204260201EN-1.pdf\" target=\"_blank\" rel=\"noopener\">Installation Instructions (42,0426,0201,EN)<\/a><br \/>\n&nbsp;<br \/>\n<a href=\"https:\/\/seasolargroup.com\/wp-content\/uploads\/2018\/08\/4204102145.pdf\" target=\"_blank\" rel=\"noopener\">Installation Instruction (42,0410,2145)<\/a><br \/>\n&nbsp;<br \/>\n<a href=\"https:\/\/seasolargroup.com\/wp-content\/uploads\/2018\/08\/4204102140-1.pdf\" target=\"_blank\" rel=\"noopener\">Extension of battery modules (42,0410,2140)<\/a><br \/>\n&nbsp;<br \/>\n<a href=\"https:\/\/seasolargroup.com\/wp-content\/uploads\/2018\/08\/SE_ToW_EN_NM-1.pdf\" target=\"_blank\" rel=\"noopener\">Warranty Conditions (SE_ToW_EN_NM)<\/a><br \/>\n\r\n\t\t<div class=\"divider4\"><span><\/span><\/div>\r\n\t\t<\/p>\n<h2>Related offers<\/h2>\n<p><a href=\"https:\/\/seasolargroup.com\/tag\/FRONIUS\/\">Offers for FRONIUS<\/a><br \/>\n\r\n\t\t<div class=\"divider4\"><span><\/span><\/div>\r\n\t\t<\/p>\n<h2>Related projects<\/h2>\n\r\n\t\t<div class=\"divider4\"><span><\/span><\/div>\r\n\t\t\n<h2>Related videos<\/h2>\n<p><span class=\"embed-youtube\" style=\"text-align:center; display: block;\"><iframe loading=\"lazy\" class=\"youtube-player\" width=\"640\" height=\"360\" src=\"https:\/\/www.youtube.com\/embed\/5HlQNDG7L00?version=3&#038;rel=1&#038;showsearch=0&#038;showinfo=1&#038;iv_load_policy=1&#038;fs=1&#038;hl=fr-FR&#038;autohide=2&#038;wmode=transparent&#038;listType=playlist&#038;list=PLwqK5bEOfjvImZsblTylau4UxO503Hsg2\" allowfullscreen=\"true\" style=\"border:0;\" sandbox=\"allow-scripts allow-same-origin allow-popups allow-presentation allow-popups-to-escape-sandbox\"><\/iframe><\/span><br \/>\n\r\n\t\t<div class=\"divider4\"><span><\/span><\/div>\r\n\t\t<\/p>\n<h2>Contact<\/h2>\n<p>Please contact us with any questions you might have related to our offers or our products. We look forward to hearing how we can make the difference to you \/ Vi preghiamo di contattarci per eventuali domande relative alle nostre offerte o ai nostri prodotti. Non vediamo l&rsquo;ora di sentire come possiamo fare la differenza per voi \/ Bitte kontaktieren Sie uns, wenn Sie Fragen zu unseren Angeboten oder unseren Produkten haben. Wir freuen uns zu h\u00f6ren, wie wir den Unterschied f\u00fcr Sie machen k\u00f6nnen\/N&rsquo;h\u00e9sitez pas \u00e0 nous contacter pour toute question concernant nos offres ou nos produits. Nous avons h\u00e2te d&rsquo;entendre comment nous pouvons faire la diff\u00e9rence pour vous \/ Por favor cont\u00e1ctenos con cualquier pregunta que pueda tener relacionada con nuestras ofertas o nuestros productos. Esperamos escuchar c\u00f3mo podemos marcar la diferencia para usted.<br \/>\n&nbsp;<br \/>\n\n<div class=\"wpcf7 no-js\" id=\"wpcf7-f5-o1\" lang=\"en-GB\" dir=\"ltr\" data-wpcf7-id=\"5\">\n<div class=\"screen-reader-response\"><p role=\"status\" aria-live=\"polite\" aria-atomic=\"true\"><\/p> <ul><\/ul><\/div>\n<form action=\"\/fr\/wp-json\/wp\/v2\/product\/3938#wpcf7-f5-o1\" method=\"post\" class=\"wpcf7-form init\" aria-label=\"Contact form\" novalidate=\"novalidate\" data-status=\"init\">\n<fieldset class=\"hidden-fields-container\"><input type=\"hidden\" name=\"_wpcf7\" value=\"5\" \/><input type=\"hidden\" name=\"_wpcf7_version\" value=\"6.1.5\" \/><input type=\"hidden\" name=\"_wpcf7_locale\" value=\"en_GB\" \/><input type=\"hidden\" name=\"_wpcf7_unit_tag\" value=\"wpcf7-f5-o1\" \/><input type=\"hidden\" name=\"_wpcf7_container_post\" value=\"0\" \/><input type=\"hidden\" name=\"_wpcf7_posted_data_hash\" value=\"\" \/><input type=\"hidden\" name=\"_wpcf7_recaptcha_response\" value=\"\" \/>\n<\/fieldset>\n<p><label> <\/label>\n<\/p>\n<h2>Contact\n<\/h2>\n<p><label> N\u2019h\u00e9sitez pas \u00e0 nous contacter pour toute question concernant nos offres ou nos produitss <\/label>\n<\/p>\n<p><label> \u00c9crivez \u00e0 <a href=\"mailto:info@seasolargroup.com\">info@seasolargroup.com<\/a> ou remplissez le formulaire suivant et nous vous contacterons: <\/label>\n<\/p>\n<p><label> Nom *<br \/>\n<span class=\"wpcf7-form-control-wrap\" data-name=\"your-name\"><input size=\"40\" maxlength=\"400\" class=\"wpcf7-form-control wpcf7-text wpcf7-validates-as-required\" aria-required=\"true\" aria-invalid=\"false\" value=\"\" type=\"text\" name=\"your-name\" \/><\/span><\/label>\n<\/p>\n<p><label> Num\u00e9ro de t\u00e9l\u00e9phone *<br \/>\n<span class=\"wpcf7-form-control-wrap\" data-name=\"tel-826\"><input size=\"40\" maxlength=\"400\" class=\"wpcf7-form-control wpcf7-tel wpcf7-validates-as-required wpcf7-text wpcf7-validates-as-tel\" aria-required=\"true\" aria-invalid=\"false\" value=\"\" type=\"tel\" name=\"tel-826\" \/><\/span><\/label>\n<\/p>\n<p><label> Votre E-mail *<br \/>\n<span class=\"wpcf7-form-control-wrap\" data-name=\"your-email\"><input size=\"40\" maxlength=\"400\" class=\"wpcf7-form-control wpcf7-email wpcf7-validates-as-required wpcf7-text wpcf7-validates-as-email\" aria-required=\"true\" aria-invalid=\"false\" value=\"\" type=\"email\" name=\"your-email\" \/><\/span><\/label>\n<\/p>\n<p><label> Sujet *<br \/>\n<span class=\"wpcf7-form-control-wrap\" data-name=\"your-subject\"><input size=\"40\" maxlength=\"400\" class=\"wpcf7-form-control wpcf7-text wpcf7-validates-as-required\" aria-required=\"true\" aria-invalid=\"false\" value=\"\" type=\"text\" name=\"your-subject\" \/><\/span> <\/label>\n<\/p>\n<p><label> Message *<br \/>\n<span class=\"wpcf7-form-control-wrap\" data-name=\"your-message\"><textarea cols=\"40\" rows=\"10\" maxlength=\"2000\" class=\"wpcf7-form-control wpcf7-textarea wpcf7-validates-as-required\" aria-required=\"true\" aria-invalid=\"false\" name=\"your-message\"><\/textarea><\/span> <\/label>\n<\/p>\n<p><label> * champs requis <\/label>\n<\/p>\n<p><input class=\"wpcf7-form-control wpcf7-submit has-spinner\" type=\"submit\" value=\"ENVOYER\" \/>\n<\/p>\n<p><label><\/label>\n<\/p><p style=\"display: none !important;\" class=\"akismet-fields-container\" data-prefix=\"_wpcf7_ak_\"><label>&#916;<textarea name=\"_wpcf7_ak_hp_textarea\" cols=\"45\" rows=\"8\" maxlength=\"100\"><\/textarea><\/label><input type=\"hidden\" id=\"ak_js_1\" name=\"_wpcf7_ak_js\" value=\"223\"\/><script>document.getElementById( \"ak_js_1\" ).setAttribute( \"value\", ( new Date() ).getTime() );<\/script><\/p><div class=\"wpcf7-response-output\" aria-hidden=\"true\"><\/div>\n<\/form>\n<\/div>\n<br \/>\n&nbsp;<\/p>\n<!-- sktbuilder starter --><script type=\"text\/javascript\" src=\"https:\/\/seasolargroup.com\/wp-content\/plugins\/skt-builder\/sktbuilder\/sktbuilder-frontend-starter.js\"><\/script><script type=\"text\/javascript\" src=\"https:\/\/seasolargroup.com\/wp-content\/plugins\/skt-builder\/sktbuilder-wordpress-driver.js\"><\/script><script type=\"text\/javascript\"> var starter = new SktbuilderStarter({\"mode\": \"prod\", \"skip\":[\"jquery\",\"underscore\",\"backbone\"],\"sktbuilderUrl\": \"https:\/\/seasolargroup.com\/wp-content\/plugins\/skt-builder\/sktbuilder\/\", \"driver\": new SktbuilderWordpressDriver({\"ajaxUrl\": \"https:\/\/seasolargroup.com\/wp-admin\/admin-ajax.php\", \"iframeUrl\": \"https:\/\/seasolargroup.com\/fr\/product\/fronius-symo-hybrid-4-0-3-s\/?sktbuilder=true\", \"pageId\": 3938,  \"nonce\": \"e41c439e2f\", \"pages\": [], \"page\": \"FRONIUS SYMO HYBRID 4.0-3-S\" }) });<\/script><!-- end sktbuilder starter -->","protected":false},"excerpt":{"rendered":"<p>Three-Phase Hybrid Inverter<br \/>\nThe Fronius Symo Hybrid is the heart of the 24 hours of sun storage solution \u2013 the Fronius Energy Package. This inverter combines a battery charging system, battery inverter, hybrid inverter, controller and system monitoring solution in one device. With AC power categories ranging from 3.0 to 5.0 kW, the inverter is able to process up to 8.0 kW in order to supply household consumers with energy and to temporarily store surplus energy from a photovoltaic system in the Fronius Solar Battery. Thanks to an intelligent energy flow management system, the built-in Multi Flow Technology supports simultaneous energy flows in all directions as well as AC-, DC- and AC- &#038; DC coupling of the battery storage. The result: maximum self-consumption and optimum system profitability.<\/p>\n","protected":false},"featured_media":3934,"comment_status":"open","ping_status":"closed","template":"","meta":{"_mbp_gutenberg_autopost":false,"_pgmb_is_evergreen":false,"_pgmb_ap_template_id":0,"jetpack_publicize_message":"AEG AEG AS-P605-270","jetpack_publicize_feature_enabled":true,"jetpack_social_post_already_shared":true,"jetpack_social_options":{"image_generator_settings":{"template":"highway","default_image_id":0,"font":"","enabled":false},"version":2}},"product_brand":[4039],"product_cat":[1017,1011],"product_tag":[1194],"class_list":{"0":"post-3938","1":"product","2":"type-product","3":"status-publish","4":"has-post-thumbnail","6":"product_brand-fronius","7":"product_cat-hybrid-inverter","8":"product_cat-inverter","9":"product_tag-fronius","11":"first","12":"outofstock","13":"taxable","14":"shipping-taxable","15":"product-type-simple"},"yoast_head":"<!-- This site is optimized with the Yoast SEO Premium plugin v26.7 (Yoast SEO v27.3) - https:\/\/yoast.com\/product\/yoast-seo-premium-wordpress\/ -->\n<title>FRONIUS SYMO HYBRID 4.0-3-S - Seasolar Fotovoltaico<\/title>\n<meta name=\"robots\" content=\"index, follow, max-snippet:-1, max-image-preview:large, max-video-preview:-1\" \/>\n<link rel=\"canonical\" href=\"https:\/\/seasolargroup.com\/product\/fronius-symo-hybrid-4-0-3-s\/\" \/>\n<meta property=\"og:locale\" content=\"fr_FR\" \/>\n<meta property=\"og:type\" content=\"article\" \/>\n<meta property=\"og:title\" content=\"FRONIUS SYMO HYBRID 4.0-3-S\" \/>\n<meta property=\"og:description\" content=\"Three-Phase Hybrid Inverter The Fronius Symo Hybrid is the heart of the 24 hours of sun storage solution \u2013 the Fronius Energy Package. This inverter combines a battery charging system, battery inverter, hybrid inverter, controller and system monitoring solution in one device. With AC power categories ranging from 3.0 to 5.0 kW, the inverter is able to process up to 8.0 kW in order to supply household consumers with energy and to temporarily store surplus energy from a photovoltaic system in the Fronius Solar Battery. Thanks to an intelligent energy flow management system, the built-in Multi Flow Technology supports simultaneous energy flows in all directions as well as AC-, DC- and AC- &amp; DC coupling of the battery storage. The result: maximum self-consumption and optimum system profitability.\" \/>\n<meta property=\"og:url\" content=\"https:\/\/seasolargroup.com\/product\/fronius-symo-hybrid-4-0-3-s\/\" \/>\n<meta property=\"og:site_name\" content=\"Seasolar Fotovoltaico\" \/>\n<meta property=\"article:publisher\" content=\"https:\/\/www.facebook.com\/seasolargroup\" \/>\n<meta property=\"article:modified_time\" content=\"2025-10-22T21:48:52+00:00\" \/>\n<meta property=\"og:image\" content=\"https:\/\/seasolargroup.com\/wp-content\/uploads\/2018\/08\/F-HY-4.png\" \/>\n\t<meta property=\"og:image:width\" content=\"867\" \/>\n\t<meta property=\"og:image:height\" content=\"866\" \/>\n\t<meta property=\"og:image:type\" content=\"image\/png\" \/>\n<meta name=\"twitter:card\" content=\"summary_large_image\" \/>\n<meta name=\"twitter:site\" content=\"@seasolargroup\" \/>\n<meta name=\"twitter:label1\" content=\"Prix\" \/>\n\t<meta name=\"twitter:data1\" content=\"\" \/>\n\t<meta name=\"twitter:label2\" content=\"Disponibilit\u00e9\" \/>\n\t<meta name=\"twitter:data2\" content=\"Rupture de stock\" \/>\n<script type=\"application\/ld+json\" class=\"yoast-schema-graph\">{\"@context\":\"https:\\\/\\\/schema.org\",\"@graph\":[{\"@type\":\"WebPage\",\"@id\":\"https:\\\/\\\/seasolargroup.com\\\/product\\\/fronius-symo-hybrid-4-0-3-s\\\/\",\"url\":\"https:\\\/\\\/seasolargroup.com\\\/product\\\/fronius-symo-hybrid-4-0-3-s\\\/\",\"name\":\"FRONIUS SYMO HYBRID 4.0-3-S - Seasolar Fotovoltaico\",\"isPartOf\":{\"@id\":\"https:\\\/\\\/seasolargroup.com\\\/#website\"},\"primaryImageOfPage\":{\"@id\":\"https:\\\/\\\/seasolargroup.com\\\/product\\\/fronius-symo-hybrid-4-0-3-s\\\/#primaryimage\"},\"image\":{\"@id\":\"https:\\\/\\\/seasolargroup.com\\\/product\\\/fronius-symo-hybrid-4-0-3-s\\\/#primaryimage\"},\"thumbnailUrl\":\"https:\\\/\\\/i0.wp.com\\\/seasolargroup.com\\\/wp-content\\\/uploads\\\/2018\\\/08\\\/F-HY-4.png?fit=867%2C866&ssl=1\",\"datePublished\":\"2018-08-12T08:52:14+00:00\",\"dateModified\":\"2025-10-22T21:48:52+00:00\",\"breadcrumb\":{\"@id\":\"https:\\\/\\\/seasolargroup.com\\\/product\\\/fronius-symo-hybrid-4-0-3-s\\\/#breadcrumb\"},\"inLanguage\":\"fr-FR\",\"potentialAction\":[{\"@type\":\"ReadAction\",\"target\":[\"https:\\\/\\\/seasolargroup.com\\\/product\\\/fronius-symo-hybrid-4-0-3-s\\\/\"]}]},{\"@type\":\"ImageObject\",\"inLanguage\":\"fr-FR\",\"@id\":\"https:\\\/\\\/seasolargroup.com\\\/product\\\/fronius-symo-hybrid-4-0-3-s\\\/#primaryimage\",\"url\":\"https:\\\/\\\/i0.wp.com\\\/seasolargroup.com\\\/wp-content\\\/uploads\\\/2018\\\/08\\\/F-HY-4.png?fit=867%2C866&ssl=1\",\"contentUrl\":\"https:\\\/\\\/i0.wp.com\\\/seasolargroup.com\\\/wp-content\\\/uploads\\\/2018\\\/08\\\/F-HY-4.png?fit=867%2C866&ssl=1\",\"width\":867,\"height\":866},{\"@type\":\"BreadcrumbList\",\"@id\":\"https:\\\/\\\/seasolargroup.com\\\/product\\\/fronius-symo-hybrid-4-0-3-s\\\/#breadcrumb\",\"itemListElement\":[{\"@type\":\"ListItem\",\"position\":1,\"name\":\"Home\",\"item\":\"https:\\\/\\\/seasolargroup.com\\\/\"},{\"@type\":\"ListItem\",\"position\":2,\"name\":\"Products\",\"item\":\"https:\\\/\\\/seasolargroup.com\\\/products\\\/\"},{\"@type\":\"ListItem\",\"position\":3,\"name\":\"FRONIUS SYMO HYBRID 4.0-3-S\"}]},{\"@type\":\"WebSite\",\"@id\":\"https:\\\/\\\/seasolargroup.com\\\/#website\",\"url\":\"https:\\\/\\\/seasolargroup.com\\\/\",\"name\":\"Seasolar Fotovoltaico\",\"description\":\"Turnkey photovoltaic systems since 2008\",\"publisher\":{\"@id\":\"https:\\\/\\\/seasolargroup.com\\\/#organization\"},\"potentialAction\":[{\"@type\":\"SearchAction\",\"target\":{\"@type\":\"EntryPoint\",\"urlTemplate\":\"https:\\\/\\\/seasolargroup.com\\\/?s={search_term_string}\"},\"query-input\":{\"@type\":\"PropertyValueSpecification\",\"valueRequired\":true,\"valueName\":\"search_term_string\"}}],\"inLanguage\":\"fr-FR\"},{\"@type\":\"Organization\",\"@id\":\"https:\\\/\\\/seasolargroup.com\\\/#organization\",\"name\":\"SEASOLAR fotovoltaico\",\"url\":\"https:\\\/\\\/seasolargroup.com\\\/\",\"logo\":{\"@type\":\"ImageObject\",\"inLanguage\":\"fr-FR\",\"@id\":\"https:\\\/\\\/seasolargroup.com\\\/#\\\/schema\\\/logo\\\/image\\\/\",\"url\":\"https:\\\/\\\/i0.wp.com\\\/seasolargroup.com\\\/wp-content\\\/uploads\\\/2024\\\/10\\\/seasolar_logo_2024_social.png?fit=360%2C360&ssl=1\",\"contentUrl\":\"https:\\\/\\\/i0.wp.com\\\/seasolargroup.com\\\/wp-content\\\/uploads\\\/2024\\\/10\\\/seasolar_logo_2024_social.png?fit=360%2C360&ssl=1\",\"width\":360,\"height\":360,\"caption\":\"SEASOLAR fotovoltaico\"},\"image\":{\"@id\":\"https:\\\/\\\/seasolargroup.com\\\/#\\\/schema\\\/logo\\\/image\\\/\"},\"sameAs\":[\"https:\\\/\\\/www.facebook.com\\\/seasolargroup\",\"https:\\\/\\\/x.com\\\/seasolargroup\",\"https:\\\/\\\/www.linkedin.com\\\/in\\\/seasolar-group-news\\\/\",\"https:\\\/\\\/www.youtube.com\\\/channel\\\/UCVrmhrGih_bFnpj0as_vDuQ\",\"https:\\\/\\\/www.instagram.com\\\/fotovoltaico_seasolar\\\/\"]}]}<\/script>\n<meta property=\"product:brand\" content=\"FRONIUS\" \/>\n<meta property=\"product:price:currency\" content=\"EUR\" \/>\n<meta property=\"og:availability\" content=\"out of stock\" \/>\n<meta property=\"product:availability\" content=\"out of stock\" \/>\n<meta property=\"product:condition\" content=\"new\" \/>\n<!-- \/ Yoast SEO Premium plugin. -->","yoast_head_json":{"title":"FRONIUS SYMO HYBRID 4.0-3-S - Seasolar Fotovoltaico","robots":{"index":"index","follow":"follow","max-snippet":"max-snippet:-1","max-image-preview":"max-image-preview:large","max-video-preview":"max-video-preview:-1"},"canonical":"https:\/\/seasolargroup.com\/product\/fronius-symo-hybrid-4-0-3-s\/","og_locale":"fr_FR","og_type":"article","og_title":"FRONIUS SYMO HYBRID 4.0-3-S","og_description":"Three-Phase Hybrid Inverter The Fronius Symo Hybrid is the heart of the 24 hours of sun storage solution \u2013 the Fronius Energy Package. This inverter combines a battery charging system, battery inverter, hybrid inverter, controller and system monitoring solution in one device. With AC power categories ranging from 3.0 to 5.0 kW, the inverter is able to process up to 8.0 kW in order to supply household consumers with energy and to temporarily store surplus energy from a photovoltaic system in the Fronius Solar Battery. Thanks to an intelligent energy flow management system, the built-in Multi Flow Technology supports simultaneous energy flows in all directions as well as AC-, DC- and AC- & DC coupling of the battery storage. The result: maximum self-consumption and optimum system profitability.","og_url":"https:\/\/seasolargroup.com\/product\/fronius-symo-hybrid-4-0-3-s\/","og_site_name":"Seasolar Fotovoltaico","article_publisher":"https:\/\/www.facebook.com\/seasolargroup","article_modified_time":"2025-10-22T21:48:52+00:00","og_image":[{"width":867,"height":866,"url":"https:\/\/seasolargroup.com\/wp-content\/uploads\/2018\/08\/F-HY-4.png","type":"image\/png"}],"twitter_card":"summary_large_image","twitter_site":"@seasolargroup","twitter_misc":{"Prix":"","Disponibilit\u00e9":"Rupture de stock"},"schema":{"@context":"https:\/\/schema.org","@graph":[{"@type":"WebPage","@id":"https:\/\/seasolargroup.com\/product\/fronius-symo-hybrid-4-0-3-s\/","url":"https:\/\/seasolargroup.com\/product\/fronius-symo-hybrid-4-0-3-s\/","name":"FRONIUS SYMO HYBRID 4.0-3-S - Seasolar Fotovoltaico","isPartOf":{"@id":"https:\/\/seasolargroup.com\/#website"},"primaryImageOfPage":{"@id":"https:\/\/seasolargroup.com\/product\/fronius-symo-hybrid-4-0-3-s\/#primaryimage"},"image":{"@id":"https:\/\/seasolargroup.com\/product\/fronius-symo-hybrid-4-0-3-s\/#primaryimage"},"thumbnailUrl":"https:\/\/i0.wp.com\/seasolargroup.com\/wp-content\/uploads\/2018\/08\/F-HY-4.png?fit=867%2C866&ssl=1","datePublished":"2018-08-12T08:52:14+00:00","dateModified":"2025-10-22T21:48:52+00:00","breadcrumb":{"@id":"https:\/\/seasolargroup.com\/product\/fronius-symo-hybrid-4-0-3-s\/#breadcrumb"},"inLanguage":"fr-FR","potentialAction":[{"@type":"ReadAction","target":["https:\/\/seasolargroup.com\/product\/fronius-symo-hybrid-4-0-3-s\/"]}]},{"@type":"ImageObject","inLanguage":"fr-FR","@id":"https:\/\/seasolargroup.com\/product\/fronius-symo-hybrid-4-0-3-s\/#primaryimage","url":"https:\/\/i0.wp.com\/seasolargroup.com\/wp-content\/uploads\/2018\/08\/F-HY-4.png?fit=867%2C866&ssl=1","contentUrl":"https:\/\/i0.wp.com\/seasolargroup.com\/wp-content\/uploads\/2018\/08\/F-HY-4.png?fit=867%2C866&ssl=1","width":867,"height":866},{"@type":"BreadcrumbList","@id":"https:\/\/seasolargroup.com\/product\/fronius-symo-hybrid-4-0-3-s\/#breadcrumb","itemListElement":[{"@type":"ListItem","position":1,"name":"Home","item":"https:\/\/seasolargroup.com\/"},{"@type":"ListItem","position":2,"name":"Products","item":"https:\/\/seasolargroup.com\/products\/"},{"@type":"ListItem","position":3,"name":"FRONIUS SYMO HYBRID 4.0-3-S"}]},{"@type":"WebSite","@id":"https:\/\/seasolargroup.com\/#website","url":"https:\/\/seasolargroup.com\/","name":"Seasolar Fotovoltaico","description":"Turnkey photovoltaic systems since 2008","publisher":{"@id":"https:\/\/seasolargroup.com\/#organization"},"potentialAction":[{"@type":"SearchAction","target":{"@type":"EntryPoint","urlTemplate":"https:\/\/seasolargroup.com\/?s={search_term_string}"},"query-input":{"@type":"PropertyValueSpecification","valueRequired":true,"valueName":"search_term_string"}}],"inLanguage":"fr-FR"},{"@type":"Organization","@id":"https:\/\/seasolargroup.com\/#organization","name":"SEASOLAR fotovoltaico","url":"https:\/\/seasolargroup.com\/","logo":{"@type":"ImageObject","inLanguage":"fr-FR","@id":"https:\/\/seasolargroup.com\/#\/schema\/logo\/image\/","url":"https:\/\/i0.wp.com\/seasolargroup.com\/wp-content\/uploads\/2024\/10\/seasolar_logo_2024_social.png?fit=360%2C360&ssl=1","contentUrl":"https:\/\/i0.wp.com\/seasolargroup.com\/wp-content\/uploads\/2024\/10\/seasolar_logo_2024_social.png?fit=360%2C360&ssl=1","width":360,"height":360,"caption":"SEASOLAR fotovoltaico"},"image":{"@id":"https:\/\/seasolargroup.com\/#\/schema\/logo\/image\/"},"sameAs":["https:\/\/www.facebook.com\/seasolargroup","https:\/\/x.com\/seasolargroup","https:\/\/www.linkedin.com\/in\/seasolar-group-news\/","https:\/\/www.youtube.com\/channel\/UCVrmhrGih_bFnpj0as_vDuQ","https:\/\/www.instagram.com\/fotovoltaico_seasolar\/"]}]},"product_brand":"FRONIUS","product_price_currency":"EUR","og_availability":"out of stock","product_availability":"out of stock","product_condition":"new"},"jetpack_publicize_connections":[],"jetpack_sharing_enabled":true,"jetpack_likes_enabled":true,"jetpack-related-posts":[],"_links":{"self":[{"href":"https:\/\/seasolargroup.com\/fr\/wp-json\/wp\/v2\/product\/3938","targetHints":{"allow":["GET"]}}],"collection":[{"href":"https:\/\/seasolargroup.com\/fr\/wp-json\/wp\/v2\/product"}],"about":[{"href":"https:\/\/seasolargroup.com\/fr\/wp-json\/wp\/v2\/types\/product"}],"replies":[{"embeddable":true,"href":"https:\/\/seasolargroup.com\/fr\/wp-json\/wp\/v2\/comments?post=3938"}],"wp:featuredmedia":[{"embeddable":true,"href":"https:\/\/seasolargroup.com\/fr\/wp-json\/wp\/v2\/media\/3934"}],"wp:attachment":[{"href":"https:\/\/seasolargroup.com\/fr\/wp-json\/wp\/v2\/media?parent=3938"}],"wp:term":[{"taxonomy":"product_brand","embeddable":true,"href":"https:\/\/seasolargroup.com\/fr\/wp-json\/wp\/v2\/product_brand?post=3938"},{"taxonomy":"product_cat","embeddable":true,"href":"https:\/\/seasolargroup.com\/fr\/wp-json\/wp\/v2\/product_cat?post=3938"},{"taxonomy":"product_tag","embeddable":true,"href":"https:\/\/seasolargroup.com\/fr\/wp-json\/wp\/v2\/product_tag?post=3938"}],"curies":[{"name":"wp","href":"https:\/\/api.w.org\/{rel}","templated":true}]}}