{"id":21983,"date":"2026-02-02T21:52:53","date_gmt":"2026-02-02T20:52:53","guid":{"rendered":"https:\/\/seasolargroup.com\/?post_type=product&#038;p=21983"},"modified":"2026-02-02T23:43:44","modified_gmt":"2026-02-02T22:43:44","slug":"q-cells-q-tron-m-g3r-12-bfg-515w","status":"publish","type":"product","link":"https:\/\/seasolargroup.com\/fr\/product\/q-cells-q-tron-m-g3r-12-bfg-515w\/","title":{"rendered":"Q-CELLS Q.TRON M-G3R.12 BFG 515W"},"content":{"rendered":"<p><span style=\"color: #ffffff;\">Q-CELLS Q.TRON M-G3R.12 BFG 515W<\/span><br \/>\nHanwha Qcells, l&rsquo;un des plus grands fabricants d&rsquo;\u00e9nergie solaire au monde, propose une gamme compl\u00e8te de produits et d&rsquo;applications solaires.<\/p>\n<p>Qcells \u00e9tablit de nouvelles normes\u00a0: gr\u00e2ce \u00e0 la nouvelle technologie bifaciale Q.TRON, Qcells inaugure une interconnexion cellulaire innovante qui \u00e9limine tout espace entre les rang\u00e9es de cellules.<\/p>\n<p>Associ\u00e9e \u00e0 la technologie bifaciale Q.ANTUM, leader sur le march\u00e9, nos modules solaires atteignent un rendement maximal et garantissent ainsi une augmentation de la productivit\u00e9 de votre installation photovolta\u00efque.<\/p>\n<p>B\u00e9n\u00e9ficiez d&rsquo;une \u00e9lectricit\u00e9 verte \u00e9conomique et d&rsquo;une qualit\u00e9 de produit exceptionnelle\u00a0!<\/p>\n<p>Avantages du produit\u00a0:<\/p>\n<ul>\n<li>108 demi-cellules solaires bifaciales monocristallines Q.ANTUM<\/li>\n<li>Tol\u00e9rance de puissance positive : 0\/+5 W<\/li>\n<li>Technologie anti-PID<\/li>\n<li>R\u00e9duction des pertes dues aux points chauds<\/li>\n<li>Garantie produit de 12 ans<\/li>\n<li>Garantie de puissance lin\u00e9aire de 30\u00a0ans<\/li>\n<\/ul>\n<p><span style=\"color: #ffffff;\">Q-CELLS Q.TRON M-G3R.12 BFG 515W<\/span><br \/>\n<img data-recalc-dims=\"1\" loading=\"lazy\" decoding=\"async\" class=\"aligncenter size-full wp-image-21965\" src=\"https:\/\/i0.wp.com\/seasolargroup.com\/wp-content\/uploads\/2026\/02\/Qcells_Data_sheet_Q.TRON_M-G3R.12-BFG_495-515_2025-08_Rev02_EN_Pagina_1-scaled.jpg?resize=1804%2C2560&#038;ssl=1\" alt=\"Q-CELLS Q.TRON M-G3R.12 BFG 515W\" width=\"1804\" height=\"2560\" data-id=\"21965\" srcset=\"https:\/\/i0.wp.com\/seasolargroup.com\/wp-content\/uploads\/2026\/02\/Qcells_Data_sheet_Q.TRON_M-G3R.12-BFG_495-515_2025-08_Rev02_EN_Pagina_1-scaled.jpg?w=1804&amp;ssl=1 1804w, https:\/\/i0.wp.com\/seasolargroup.com\/wp-content\/uploads\/2026\/02\/Qcells_Data_sheet_Q.TRON_M-G3R.12-BFG_495-515_2025-08_Rev02_EN_Pagina_1-scaled.jpg?resize=211%2C300&amp;ssl=1 211w, https:\/\/i0.wp.com\/seasolargroup.com\/wp-content\/uploads\/2026\/02\/Qcells_Data_sheet_Q.TRON_M-G3R.12-BFG_495-515_2025-08_Rev02_EN_Pagina_1-scaled.jpg?resize=722%2C1024&amp;ssl=1 722w, https:\/\/i0.wp.com\/seasolargroup.com\/wp-content\/uploads\/2026\/02\/Qcells_Data_sheet_Q.TRON_M-G3R.12-BFG_495-515_2025-08_Rev02_EN_Pagina_1-scaled.jpg?resize=768%2C1090&amp;ssl=1 768w, https:\/\/i0.wp.com\/seasolargroup.com\/wp-content\/uploads\/2026\/02\/Qcells_Data_sheet_Q.TRON_M-G3R.12-BFG_495-515_2025-08_Rev02_EN_Pagina_1-scaled.jpg?resize=1082%2C1536&amp;ssl=1 1082w, https:\/\/i0.wp.com\/seasolargroup.com\/wp-content\/uploads\/2026\/02\/Qcells_Data_sheet_Q.TRON_M-G3R.12-BFG_495-515_2025-08_Rev02_EN_Pagina_1-scaled.jpg?resize=1443%2C2048&amp;ssl=1 1443w, https:\/\/i0.wp.com\/seasolargroup.com\/wp-content\/uploads\/2026\/02\/Qcells_Data_sheet_Q.TRON_M-G3R.12-BFG_495-515_2025-08_Rev02_EN_Pagina_1-scaled.jpg?resize=800%2C1135&amp;ssl=1 800w\" sizes=\"auto, (max-width: 1000px) 100vw, 1000px\" \/><br \/>\n<img data-recalc-dims=\"1\" loading=\"lazy\" decoding=\"async\" class=\"aligncenter size-full wp-image-21966\" src=\"https:\/\/i0.wp.com\/seasolargroup.com\/wp-content\/uploads\/2026\/02\/Qcells_Data_sheet_Q.TRON_M-G3R.12-BFG_495-515_2025-08_Rev02_EN_Pagina_2.jpg?resize=1654%2C2339&#038;ssl=1\" alt=\"Q-CELLS Q.TRON M-G3R.12 BFG 515W\" width=\"1654\" height=\"2339\" data-id=\"21966\" srcset=\"https:\/\/i0.wp.com\/seasolargroup.com\/wp-content\/uploads\/2026\/02\/Qcells_Data_sheet_Q.TRON_M-G3R.12-BFG_495-515_2025-08_Rev02_EN_Pagina_2.jpg?w=1654&amp;ssl=1 1654w, https:\/\/i0.wp.com\/seasolargroup.com\/wp-content\/uploads\/2026\/02\/Qcells_Data_sheet_Q.TRON_M-G3R.12-BFG_495-515_2025-08_Rev02_EN_Pagina_2.jpg?resize=212%2C300&amp;ssl=1 212w, https:\/\/i0.wp.com\/seasolargroup.com\/wp-content\/uploads\/2026\/02\/Qcells_Data_sheet_Q.TRON_M-G3R.12-BFG_495-515_2025-08_Rev02_EN_Pagina_2.jpg?resize=724%2C1024&amp;ssl=1 724w, https:\/\/i0.wp.com\/seasolargroup.com\/wp-content\/uploads\/2026\/02\/Qcells_Data_sheet_Q.TRON_M-G3R.12-BFG_495-515_2025-08_Rev02_EN_Pagina_2.jpg?resize=768%2C1086&amp;ssl=1 768w, https:\/\/i0.wp.com\/seasolargroup.com\/wp-content\/uploads\/2026\/02\/Qcells_Data_sheet_Q.TRON_M-G3R.12-BFG_495-515_2025-08_Rev02_EN_Pagina_2.jpg?resize=1086%2C1536&amp;ssl=1 1086w, https:\/\/i0.wp.com\/seasolargroup.com\/wp-content\/uploads\/2026\/02\/Qcells_Data_sheet_Q.TRON_M-G3R.12-BFG_495-515_2025-08_Rev02_EN_Pagina_2.jpg?resize=1448%2C2048&amp;ssl=1 1448w, https:\/\/i0.wp.com\/seasolargroup.com\/wp-content\/uploads\/2026\/02\/Qcells_Data_sheet_Q.TRON_M-G3R.12-BFG_495-515_2025-08_Rev02_EN_Pagina_2.jpg?resize=800%2C1131&amp;ssl=1 800w\" sizes=\"auto, (max-width: 1000px) 100vw, 1000px\" \/><br \/>\n\r\n\t\t<div class=\"divider4\"><span><\/span><\/div>\r\n\t\t<\/p>\n<h2>Downloads<\/h2>\n<p><a href=\"https:\/\/seasolargroup.com\/wp-content\/uploads\/2026\/02\/Qcells_Data_sheet_Q.TRON_M-G3R.12-BFG_495-515_2025-08_Rev02_EN.pdf\" target=\"_blank\" rel=\"noopener noreferrer\">Qcells_Data_sheet_Q.TRON_M-G3R.12+-BFG_495-515_2025-08_Rev02_EN<\/a><\/p>\n<p><a href=\"https:\/\/seasolargroup.com\/wp-content\/uploads\/2026\/02\/Qcells_Installation_Manual_Q.TRON_M-G3R.12_BFG_modules_series_2025-05_Rev02_EN.pdf\" target=\"_blank\" rel=\"noopener noreferrer\">Qcells_Installation_Manual_Q.TRON_M-G3R.12+_BFG_modules_series_2025-05_Rev02_EN<\/a><\/p>\n<p><a href=\"https:\/\/seasolargroup.com\/wp-content\/uploads\/2026\/02\/Qcells_HQCTHA_Warranty_terms_modules_Q.TRON-G3R_series_2025-03_Rev02_EN.pdf\" target=\"_blank\" rel=\"noopener noreferrer\">Qcells_HQCTHA_Warranty_terms_modules_Q.TRON-G3R_series_2025-03_Rev02_EN<\/a><\/p>\n<p><a href=\"https:\/\/seasolargroup.com\/wp-content\/uploads\/2026\/02\/Qcells_Unpacking_Guide_Q.TRON_S-G3R_series_2024-07_Rev01_EN.pdf\" target=\"_blank\" rel=\"noopener noreferrer\">Qcells_Unpacking_Guide_Q.TRON_S-G3R_series_2024-07_Rev01_EN<\/a><\/p>\n<p><a href=\"https:\/\/seasolargroup.com\/wp-content\/uploads\/2026\/02\/Qcells_Certificate_IEC_61215_IEC_61730_Q.TRON-G3R.12-BFG_series_2025-04_EN.pdf\" target=\"_blank\" rel=\"noopener noreferrer\">Qcells_Certificate_IEC_61215_IEC_61730_Q.TRON-G3R.12+-BFG_series_2025-04_EN<\/a><br \/>\n\r\n\t\t<div class=\"divider4\"><span><\/span><\/div>\r\n\t\t<\/p>\n<h2>Offres similaires<\/h2>\n<p><a href=\"https:\/\/seasolargroup.com\/tag\/q-cells\/\">Offres pour Q-CELLS<\/a><br \/>\n\r\n\t\t<div class=\"divider4\"><span><\/span><\/div>\r\n\t\t<\/p>\n<h2>Projets similaires<\/h2>\n\r\n\t\t<div class=\"divider4\"><span><\/span><\/div>\r\n\t\t\n<h2>Vid\u00e9os similaires<\/h2>\n<p>\r\n\t\t<div class=\"divider4\"><span><\/span><\/div>\r\n\t\t<br \/>\n\n<div class=\"wpcf7 no-js\" id=\"wpcf7-f5-o4\" lang=\"en-GB\" dir=\"ltr\" data-wpcf7-id=\"5\">\n<div class=\"screen-reader-response\"><p role=\"status\" aria-live=\"polite\" aria-atomic=\"true\"><\/p> <ul><\/ul><\/div>\n<form action=\"\/fr\/wp-json\/wp\/v2\/product\/21983#wpcf7-f5-o4\" method=\"post\" class=\"wpcf7-form init\" aria-label=\"Contact form\" novalidate=\"novalidate\" data-status=\"init\">\n<fieldset class=\"hidden-fields-container\"><input type=\"hidden\" name=\"_wpcf7\" value=\"5\" \/><input type=\"hidden\" name=\"_wpcf7_version\" value=\"6.1.5\" \/><input type=\"hidden\" name=\"_wpcf7_locale\" value=\"en_GB\" \/><input type=\"hidden\" name=\"_wpcf7_unit_tag\" value=\"wpcf7-f5-o4\" \/><input type=\"hidden\" name=\"_wpcf7_container_post\" value=\"0\" \/><input type=\"hidden\" name=\"_wpcf7_posted_data_hash\" value=\"\" \/><input type=\"hidden\" name=\"_wpcf7_recaptcha_response\" value=\"\" \/>\n<\/fieldset>\n<p><label> <\/label>\n<\/p>\n<h2>Contact\n<\/h2>\n<p><label> N\u2019h\u00e9sitez pas \u00e0 nous contacter pour toute question concernant nos offres ou nos produitss <\/label>\n<\/p>\n<p><label> \u00c9crivez \u00e0 <a href=\"mailto:info@seasolargroup.com\">info@seasolargroup.com<\/a> ou remplissez le formulaire suivant et nous vous contacterons: <\/label>\n<\/p>\n<p><label> Nom *<br \/>\n<span class=\"wpcf7-form-control-wrap\" data-name=\"your-name\"><input size=\"40\" maxlength=\"400\" class=\"wpcf7-form-control wpcf7-text wpcf7-validates-as-required\" aria-required=\"true\" aria-invalid=\"false\" value=\"\" type=\"text\" name=\"your-name\" \/><\/span><\/label>\n<\/p>\n<p><label> Num\u00e9ro de t\u00e9l\u00e9phone *<br \/>\n<span class=\"wpcf7-form-control-wrap\" data-name=\"tel-826\"><input size=\"40\" maxlength=\"400\" class=\"wpcf7-form-control wpcf7-tel wpcf7-validates-as-required wpcf7-text wpcf7-validates-as-tel\" aria-required=\"true\" aria-invalid=\"false\" value=\"\" type=\"tel\" name=\"tel-826\" \/><\/span><\/label>\n<\/p>\n<p><label> Votre E-mail *<br \/>\n<span class=\"wpcf7-form-control-wrap\" data-name=\"your-email\"><input size=\"40\" maxlength=\"400\" class=\"wpcf7-form-control wpcf7-email wpcf7-validates-as-required wpcf7-text wpcf7-validates-as-email\" aria-required=\"true\" aria-invalid=\"false\" value=\"\" type=\"email\" name=\"your-email\" \/><\/span><\/label>\n<\/p>\n<p><label> Sujet *<br \/>\n<span class=\"wpcf7-form-control-wrap\" data-name=\"your-subject\"><input size=\"40\" maxlength=\"400\" class=\"wpcf7-form-control wpcf7-text wpcf7-validates-as-required\" aria-required=\"true\" aria-invalid=\"false\" value=\"\" type=\"text\" name=\"your-subject\" \/><\/span> <\/label>\n<\/p>\n<p><label> Message *<br \/>\n<span class=\"wpcf7-form-control-wrap\" data-name=\"your-message\"><textarea cols=\"40\" rows=\"10\" maxlength=\"2000\" class=\"wpcf7-form-control wpcf7-textarea wpcf7-validates-as-required\" aria-required=\"true\" aria-invalid=\"false\" name=\"your-message\"><\/textarea><\/span> <\/label>\n<\/p>\n<p><label> * champs requis <\/label>\n<\/p>\n<p><input class=\"wpcf7-form-control wpcf7-submit has-spinner\" type=\"submit\" value=\"ENVOYER\" \/>\n<\/p>\n<p><label><\/label>\n<\/p><p style=\"display: none !important;\" class=\"akismet-fields-container\" data-prefix=\"_wpcf7_ak_\"><label>&#916;<textarea name=\"_wpcf7_ak_hp_textarea\" cols=\"45\" rows=\"8\" maxlength=\"100\"><\/textarea><\/label><input type=\"hidden\" id=\"ak_js_4\" name=\"_wpcf7_ak_js\" value=\"204\"\/><script>document.getElementById( \"ak_js_4\" ).setAttribute( \"value\", ( new Date() ).getTime() );<\/script><\/p><div class=\"wpcf7-response-output\" aria-hidden=\"true\"><\/div>\n<\/form>\n<\/div>\n<\/p>\n<!-- sktbuilder starter --><script type=\"text\/javascript\" src=\"https:\/\/seasolargroup.com\/wp-content\/plugins\/skt-builder\/sktbuilder\/sktbuilder-frontend-starter.js\"><\/script><script type=\"text\/javascript\" src=\"https:\/\/seasolargroup.com\/wp-content\/plugins\/skt-builder\/sktbuilder-wordpress-driver.js\"><\/script><script type=\"text\/javascript\"> var starter = new SktbuilderStarter({\"mode\": \"prod\", \"skip\":[\"jquery\",\"underscore\",\"backbone\"],\"sktbuilderUrl\": \"https:\/\/seasolargroup.com\/wp-content\/plugins\/skt-builder\/sktbuilder\/\", \"driver\": new SktbuilderWordpressDriver({\"ajaxUrl\": \"https:\/\/seasolargroup.com\/wp-admin\/admin-ajax.php\", \"iframeUrl\": \"https:\/\/seasolargroup.com\/fr\/product\/q-cells-q-tron-m-g3r-12-bfg-515w\/?sktbuilder=true\", \"pageId\": 21983,  \"nonce\": \"3ae628a9b0\", \"pages\": [], \"page\": \"Q-CELLS Q.TRON M-G3R.12 BFG 515W\" }) });<\/script><!-- end sktbuilder starter -->","protected":false},"excerpt":{"rendered":"<p>Module monocristallin biface 108 cellules<\/p>\n<p>Le Q.TRON M-G3R.12 est un module solaire monocristallin biface avec des classes de puissance jusqu&rsquo;\u00e0 515W et un rendement jusqu&rsquo;\u00e0 23,2%<\/p>\n","protected":false},"featured_media":21971,"comment_status":"open","ping_status":"closed","template":"","meta":{"_mbp_gutenberg_autopost":false,"_pgmb_is_evergreen":false,"_pgmb_ap_template_id":0,"jetpack_publicize_message":"Q-CELLS DUO-G8-360","jetpack_publicize_feature_enabled":true,"jetpack_social_post_already_shared":true,"jetpack_social_options":{"image_generator_settings":{"template":"highway","default_image_id":0,"font":"","enabled":false},"version":2}},"product_brand":[4036],"product_cat":[3628,1010],"product_tag":[1723],"class_list":{"0":"post-21983","1":"product","2":"type-product","3":"status-publish","4":"has-post-thumbnail","6":"product_brand-q-cells","7":"product_cat-bifacial-module","8":"product_cat-photovoltaic-module","9":"product_tag-q-cells","10":"pa_backsheet-transparent","11":"pa_cells-number-3847","12":"pa_connector-dc-type-mc4","13":"pa_efficiency-23-2","14":"pa_frame-color-black","15":"pa_height-4089","16":"pa_hight-3852","17":"pa_length-4090","18":"pa_power-stc-4091","19":"pa_warranty-performance-4024","20":"pa_warranty-product-3858","21":"pa_width-3854","23":"first","24":"instock","25":"product-type-simple"},"yoast_head":"<!-- This site is optimized with the Yoast SEO Premium plugin v26.7 (Yoast SEO v27.4) - https:\/\/yoast.com\/product\/yoast-seo-premium-wordpress\/ -->\n<title>Q-CELLS Q.TRON M-G3R.12 BFG 515W - Seasolar Fotovoltaico<\/title>\n<meta name=\"description\" content=\"Q-CELLS Q.TRON M-G3R.12 BFG 515W The Q.TRON is a monocrystalline bifacial solar module with power up to 515W and an excellent efficiency of up to 23.2%\" \/>\n<meta name=\"robots\" content=\"index, follow, max-snippet:-1, max-image-preview:large, max-video-preview:-1\" \/>\n<link rel=\"canonical\" href=\"https:\/\/seasolargroup.com\/product\/q-cells-q-tron-m-g3r-12-bfg-515w\/\" \/>\n<meta property=\"og:locale\" content=\"fr_FR\" \/>\n<meta property=\"og:type\" content=\"article\" \/>\n<meta property=\"og:title\" content=\"Q-CELLS Q.TRON M-G3R.12 BFG 515W\" \/>\n<meta property=\"og:description\" content=\"Q-CELLS Q.TRON M-G3R.12 BFG 515W The Q.TRON is a monocrystalline bifacial solar module with power up to 515W and an excellent efficiency of up to 23.2%\" \/>\n<meta property=\"og:url\" content=\"https:\/\/seasolargroup.com\/product\/q-cells-q-tron-m-g3r-12-bfg-515w\/\" \/>\n<meta property=\"og:site_name\" content=\"Seasolar Fotovoltaico\" \/>\n<meta property=\"article:publisher\" content=\"https:\/\/www.facebook.com\/seasolargroup\" \/>\n<meta property=\"article:modified_time\" content=\"2026-02-02T22:43:44+00:00\" \/>\n<meta property=\"og:image\" content=\"https:\/\/seasolargroup.com\/wp-content\/uploads\/2026\/02\/Q.TRON_M-G3R.12-BFG.jpeg\" \/>\n\t<meta property=\"og:image:width\" content=\"1587\" \/>\n\t<meta property=\"og:image:height\" content=\"1587\" \/>\n\t<meta property=\"og:image:type\" content=\"image\/jpeg\" \/>\n<meta name=\"twitter:card\" content=\"summary_large_image\" \/>\n<meta name=\"twitter:site\" content=\"@seasolargroup\" \/>\n<meta name=\"twitter:label1\" content=\"Prix\" \/>\n\t<meta name=\"twitter:data1\" content=\"\" \/>\n\t<meta name=\"twitter:label2\" content=\"Disponibilit\u00e9\" \/>\n\t<meta name=\"twitter:data2\" content=\"En stock\" \/>\n<script type=\"application\/ld+json\" class=\"yoast-schema-graph\">{\"@context\":\"https:\\\/\\\/schema.org\",\"@graph\":[{\"@type\":\"WebPage\",\"@id\":\"https:\\\/\\\/seasolargroup.com\\\/product\\\/q-cells-q-tron-m-g3r-12-bfg-515w\\\/\",\"url\":\"https:\\\/\\\/seasolargroup.com\\\/product\\\/q-cells-q-tron-m-g3r-12-bfg-515w\\\/\",\"name\":\"Q-CELLS Q.TRON M-G3R.12 BFG 515W - Seasolar Fotovoltaico\",\"isPartOf\":{\"@id\":\"https:\\\/\\\/seasolargroup.com\\\/#website\"},\"primaryImageOfPage\":{\"@id\":\"https:\\\/\\\/seasolargroup.com\\\/product\\\/q-cells-q-tron-m-g3r-12-bfg-515w\\\/#primaryimage\"},\"image\":{\"@id\":\"https:\\\/\\\/seasolargroup.com\\\/product\\\/q-cells-q-tron-m-g3r-12-bfg-515w\\\/#primaryimage\"},\"thumbnailUrl\":\"https:\\\/\\\/i0.wp.com\\\/seasolargroup.com\\\/wp-content\\\/uploads\\\/2026\\\/02\\\/Q.TRON_M-G3R.12-BFG.jpeg?fit=1587%2C1587&ssl=1\",\"datePublished\":\"2026-02-02T20:52:53+00:00\",\"dateModified\":\"2026-02-02T22:43:44+00:00\",\"description\":\"Q-CELLS Q.TRON M-G3R.12 BFG 515W The Q.TRON is a monocrystalline bifacial solar module with power up to 515W and an excellent efficiency of up to 23.2%\",\"breadcrumb\":{\"@id\":\"https:\\\/\\\/seasolargroup.com\\\/product\\\/q-cells-q-tron-m-g3r-12-bfg-515w\\\/#breadcrumb\"},\"inLanguage\":\"fr-FR\",\"potentialAction\":[{\"@type\":\"ReadAction\",\"target\":[\"https:\\\/\\\/seasolargroup.com\\\/product\\\/q-cells-q-tron-m-g3r-12-bfg-515w\\\/\"]}]},{\"@type\":\"ImageObject\",\"inLanguage\":\"fr-FR\",\"@id\":\"https:\\\/\\\/seasolargroup.com\\\/product\\\/q-cells-q-tron-m-g3r-12-bfg-515w\\\/#primaryimage\",\"url\":\"https:\\\/\\\/i0.wp.com\\\/seasolargroup.com\\\/wp-content\\\/uploads\\\/2026\\\/02\\\/Q.TRON_M-G3R.12-BFG.jpeg?fit=1587%2C1587&ssl=1\",\"contentUrl\":\"https:\\\/\\\/i0.wp.com\\\/seasolargroup.com\\\/wp-content\\\/uploads\\\/2026\\\/02\\\/Q.TRON_M-G3R.12-BFG.jpeg?fit=1587%2C1587&ssl=1\",\"width\":1587,\"height\":1587,\"caption\":\"Q-CELLS Q.TRON M-G3R.12 BFG 515W\"},{\"@type\":\"BreadcrumbList\",\"@id\":\"https:\\\/\\\/seasolargroup.com\\\/product\\\/q-cells-q-tron-m-g3r-12-bfg-515w\\\/#breadcrumb\",\"itemListElement\":[{\"@type\":\"ListItem\",\"position\":1,\"name\":\"Home\",\"item\":\"https:\\\/\\\/seasolargroup.com\\\/\"},{\"@type\":\"ListItem\",\"position\":2,\"name\":\"Products\",\"item\":\"https:\\\/\\\/seasolargroup.com\\\/products\\\/\"},{\"@type\":\"ListItem\",\"position\":3,\"name\":\"Q-CELLS Q.TRON M-G3R.12 BFG 515W\"}]},{\"@type\":\"WebSite\",\"@id\":\"https:\\\/\\\/seasolargroup.com\\\/#website\",\"url\":\"https:\\\/\\\/seasolargroup.com\\\/\",\"name\":\"Seasolar Fotovoltaico\",\"description\":\"Turnkey photovoltaic systems since 2008\",\"publisher\":{\"@id\":\"https:\\\/\\\/seasolargroup.com\\\/#organization\"},\"potentialAction\":[{\"@type\":\"SearchAction\",\"target\":{\"@type\":\"EntryPoint\",\"urlTemplate\":\"https:\\\/\\\/seasolargroup.com\\\/?s={search_term_string}\"},\"query-input\":{\"@type\":\"PropertyValueSpecification\",\"valueRequired\":true,\"valueName\":\"search_term_string\"}}],\"inLanguage\":\"fr-FR\"},{\"@type\":\"Organization\",\"@id\":\"https:\\\/\\\/seasolargroup.com\\\/#organization\",\"name\":\"SEASOLAR fotovoltaico\",\"url\":\"https:\\\/\\\/seasolargroup.com\\\/\",\"logo\":{\"@type\":\"ImageObject\",\"inLanguage\":\"fr-FR\",\"@id\":\"https:\\\/\\\/seasolargroup.com\\\/#\\\/schema\\\/logo\\\/image\\\/\",\"url\":\"https:\\\/\\\/i0.wp.com\\\/seasolargroup.com\\\/wp-content\\\/uploads\\\/2024\\\/10\\\/seasolar_logo_2024_social.png?fit=360%2C360&ssl=1\",\"contentUrl\":\"https:\\\/\\\/i0.wp.com\\\/seasolargroup.com\\\/wp-content\\\/uploads\\\/2024\\\/10\\\/seasolar_logo_2024_social.png?fit=360%2C360&ssl=1\",\"width\":360,\"height\":360,\"caption\":\"SEASOLAR fotovoltaico\"},\"image\":{\"@id\":\"https:\\\/\\\/seasolargroup.com\\\/#\\\/schema\\\/logo\\\/image\\\/\"},\"sameAs\":[\"https:\\\/\\\/www.facebook.com\\\/seasolargroup\",\"https:\\\/\\\/x.com\\\/seasolargroup\",\"https:\\\/\\\/www.linkedin.com\\\/in\\\/seasolar-group-news\\\/\",\"https:\\\/\\\/www.youtube.com\\\/channel\\\/UCVrmhrGih_bFnpj0as_vDuQ\",\"https:\\\/\\\/www.instagram.com\\\/fotovoltaico_seasolar\\\/\"]}]}<\/script>\n<meta property=\"product:brand\" content=\"Q-CELLS\" \/>\n<meta property=\"product:price:currency\" content=\"EUR\" \/>\n<meta property=\"og:availability\" content=\"instock\" \/>\n<meta property=\"product:availability\" content=\"instock\" \/>\n<meta property=\"product:retailer_item_id\" content=\"HQC-MG3R-515\" \/>\n<meta property=\"product:condition\" content=\"new\" \/>\n<!-- \/ Yoast SEO Premium plugin. -->","yoast_head_json":{"title":"Q-CELLS Q.TRON M-G3R.12 BFG 515W - Seasolar Fotovoltaico","description":"Q-CELLS Q.TRON M-G3R.12 BFG 515W The Q.TRON is a monocrystalline bifacial solar module with power up to 515W and an excellent efficiency of up to 23.2%","robots":{"index":"index","follow":"follow","max-snippet":"max-snippet:-1","max-image-preview":"max-image-preview:large","max-video-preview":"max-video-preview:-1"},"canonical":"https:\/\/seasolargroup.com\/product\/q-cells-q-tron-m-g3r-12-bfg-515w\/","og_locale":"fr_FR","og_type":"article","og_title":"Q-CELLS Q.TRON M-G3R.12 BFG 515W","og_description":"Q-CELLS Q.TRON M-G3R.12 BFG 515W The Q.TRON is a monocrystalline bifacial solar module with power up to 515W and an excellent efficiency of up to 23.2%","og_url":"https:\/\/seasolargroup.com\/product\/q-cells-q-tron-m-g3r-12-bfg-515w\/","og_site_name":"Seasolar Fotovoltaico","article_publisher":"https:\/\/www.facebook.com\/seasolargroup","article_modified_time":"2026-02-02T22:43:44+00:00","og_image":[{"width":1587,"height":1587,"url":"https:\/\/seasolargroup.com\/wp-content\/uploads\/2026\/02\/Q.TRON_M-G3R.12-BFG.jpeg","type":"image\/jpeg"}],"twitter_card":"summary_large_image","twitter_site":"@seasolargroup","twitter_misc":{"Prix":"","Disponibilit\u00e9":"En stock"},"schema":{"@context":"https:\/\/schema.org","@graph":[{"@type":"WebPage","@id":"https:\/\/seasolargroup.com\/product\/q-cells-q-tron-m-g3r-12-bfg-515w\/","url":"https:\/\/seasolargroup.com\/product\/q-cells-q-tron-m-g3r-12-bfg-515w\/","name":"Q-CELLS Q.TRON M-G3R.12 BFG 515W - Seasolar Fotovoltaico","isPartOf":{"@id":"https:\/\/seasolargroup.com\/#website"},"primaryImageOfPage":{"@id":"https:\/\/seasolargroup.com\/product\/q-cells-q-tron-m-g3r-12-bfg-515w\/#primaryimage"},"image":{"@id":"https:\/\/seasolargroup.com\/product\/q-cells-q-tron-m-g3r-12-bfg-515w\/#primaryimage"},"thumbnailUrl":"https:\/\/i0.wp.com\/seasolargroup.com\/wp-content\/uploads\/2026\/02\/Q.TRON_M-G3R.12-BFG.jpeg?fit=1587%2C1587&ssl=1","datePublished":"2026-02-02T20:52:53+00:00","dateModified":"2026-02-02T22:43:44+00:00","description":"Q-CELLS Q.TRON M-G3R.12 BFG 515W The Q.TRON is a monocrystalline bifacial solar module with power up to 515W and an excellent efficiency of up to 23.2%","breadcrumb":{"@id":"https:\/\/seasolargroup.com\/product\/q-cells-q-tron-m-g3r-12-bfg-515w\/#breadcrumb"},"inLanguage":"fr-FR","potentialAction":[{"@type":"ReadAction","target":["https:\/\/seasolargroup.com\/product\/q-cells-q-tron-m-g3r-12-bfg-515w\/"]}]},{"@type":"ImageObject","inLanguage":"fr-FR","@id":"https:\/\/seasolargroup.com\/product\/q-cells-q-tron-m-g3r-12-bfg-515w\/#primaryimage","url":"https:\/\/i0.wp.com\/seasolargroup.com\/wp-content\/uploads\/2026\/02\/Q.TRON_M-G3R.12-BFG.jpeg?fit=1587%2C1587&ssl=1","contentUrl":"https:\/\/i0.wp.com\/seasolargroup.com\/wp-content\/uploads\/2026\/02\/Q.TRON_M-G3R.12-BFG.jpeg?fit=1587%2C1587&ssl=1","width":1587,"height":1587,"caption":"Q-CELLS Q.TRON M-G3R.12 BFG 515W"},{"@type":"BreadcrumbList","@id":"https:\/\/seasolargroup.com\/product\/q-cells-q-tron-m-g3r-12-bfg-515w\/#breadcrumb","itemListElement":[{"@type":"ListItem","position":1,"name":"Home","item":"https:\/\/seasolargroup.com\/"},{"@type":"ListItem","position":2,"name":"Products","item":"https:\/\/seasolargroup.com\/products\/"},{"@type":"ListItem","position":3,"name":"Q-CELLS Q.TRON M-G3R.12 BFG 515W"}]},{"@type":"WebSite","@id":"https:\/\/seasolargroup.com\/#website","url":"https:\/\/seasolargroup.com\/","name":"Seasolar Fotovoltaico","description":"Turnkey photovoltaic systems since 2008","publisher":{"@id":"https:\/\/seasolargroup.com\/#organization"},"potentialAction":[{"@type":"SearchAction","target":{"@type":"EntryPoint","urlTemplate":"https:\/\/seasolargroup.com\/?s={search_term_string}"},"query-input":{"@type":"PropertyValueSpecification","valueRequired":true,"valueName":"search_term_string"}}],"inLanguage":"fr-FR"},{"@type":"Organization","@id":"https:\/\/seasolargroup.com\/#organization","name":"SEASOLAR fotovoltaico","url":"https:\/\/seasolargroup.com\/","logo":{"@type":"ImageObject","inLanguage":"fr-FR","@id":"https:\/\/seasolargroup.com\/#\/schema\/logo\/image\/","url":"https:\/\/i0.wp.com\/seasolargroup.com\/wp-content\/uploads\/2024\/10\/seasolar_logo_2024_social.png?fit=360%2C360&ssl=1","contentUrl":"https:\/\/i0.wp.com\/seasolargroup.com\/wp-content\/uploads\/2024\/10\/seasolar_logo_2024_social.png?fit=360%2C360&ssl=1","width":360,"height":360,"caption":"SEASOLAR fotovoltaico"},"image":{"@id":"https:\/\/seasolargroup.com\/#\/schema\/logo\/image\/"},"sameAs":["https:\/\/www.facebook.com\/seasolargroup","https:\/\/x.com\/seasolargroup","https:\/\/www.linkedin.com\/in\/seasolar-group-news\/","https:\/\/www.youtube.com\/channel\/UCVrmhrGih_bFnpj0as_vDuQ","https:\/\/www.instagram.com\/fotovoltaico_seasolar\/"]}]},"product_brand":"Q-CELLS","product_price_currency":"EUR","og_availability":"instock","product_availability":"instock","product_retailer_item_id":"HQC-MG3R-515","product_condition":"new"},"jetpack_publicize_connections":[],"jetpack_sharing_enabled":true,"jetpack_likes_enabled":true,"jetpack-related-posts":[],"_links":{"self":[{"href":"https:\/\/seasolargroup.com\/fr\/wp-json\/wp\/v2\/product\/21983","targetHints":{"allow":["GET"]}}],"collection":[{"href":"https:\/\/seasolargroup.com\/fr\/wp-json\/wp\/v2\/product"}],"about":[{"href":"https:\/\/seasolargroup.com\/fr\/wp-json\/wp\/v2\/types\/product"}],"replies":[{"embeddable":true,"href":"https:\/\/seasolargroup.com\/fr\/wp-json\/wp\/v2\/comments?post=21983"}],"wp:featuredmedia":[{"embeddable":true,"href":"https:\/\/seasolargroup.com\/fr\/wp-json\/wp\/v2\/media\/21971"}],"wp:attachment":[{"href":"https:\/\/seasolargroup.com\/fr\/wp-json\/wp\/v2\/media?parent=21983"}],"wp:term":[{"taxonomy":"product_brand","embeddable":true,"href":"https:\/\/seasolargroup.com\/fr\/wp-json\/wp\/v2\/product_brand?post=21983"},{"taxonomy":"product_cat","embeddable":true,"href":"https:\/\/seasolargroup.com\/fr\/wp-json\/wp\/v2\/product_cat?post=21983"},{"taxonomy":"product_tag","embeddable":true,"href":"https:\/\/seasolargroup.com\/fr\/wp-json\/wp\/v2\/product_tag?post=21983"}],"curies":[{"name":"wp","href":"https:\/\/api.w.org\/{rel}","templated":true}]}}