{"id":13861,"date":"2024-01-12T19:33:40","date_gmt":"2024-01-12T18:33:40","guid":{"rendered":"https:\/\/seasolargroup.com\/?post_type=product&#038;p=13861"},"modified":"2026-02-07T22:44:30","modified_gmt":"2026-02-07T21:44:30","slug":"solax-x3-pro-10k","status":"publish","type":"product","link":"https:\/\/seasolargroup.com\/fr\/product\/solax-x3-pro-10k\/","title":{"rendered":"SOLAX X3 PRO 10K"},"content":{"rendered":"<p><span style=\"color: #ffffff;\">SOLAX X3 PRO 30K<\/span><br \/>\nExperience the unrivaled power of our advanced solar inverter, combining efficiency, safety, and intelligence, with a simplified design for easy one-person installation. <\/p>\n<p>Benefit from exceptional features such as up to 200% PV oversizing, high charging and discharging efficiency, and built-in shadow tracking. <\/p>\n<p>The inverter guarantees durability and compatibility, even in low-temperature environments, with IP65 protection and support for high-power solar panels. <\/p>\n<p>Effortlessly store surplus energy and relish in intelligent load management.<\/p>\n<p>Choose from versatile operation modes, unlocking limitless opportunities in the power market. <\/p>\n<p>Unleash the full potential of our local energy solution for a smarter, greener future.<\/p>\n<p><img data-recalc-dims=\"1\" loading=\"lazy\" decoding=\"async\" data-id=\"13832\"  src=\"https:\/\/i0.wp.com\/seasolargroup.com\/wp-content\/uploads\/2024\/01\/X3-PRO-G2-EN.jpg?resize=1422%2C1933&#038;ssl=1\" alt=\"SOLAX X3 PRO\" width=\"1422\" height=\"1933\" class=\"aligncenter size-full wp-image-13832\" srcset=\"https:\/\/i0.wp.com\/seasolargroup.com\/wp-content\/uploads\/2024\/01\/X3-PRO-G2-EN.jpg?w=1422&amp;ssl=1 1422w, https:\/\/i0.wp.com\/seasolargroup.com\/wp-content\/uploads\/2024\/01\/X3-PRO-G2-EN.jpg?resize=221%2C300&amp;ssl=1 221w, https:\/\/i0.wp.com\/seasolargroup.com\/wp-content\/uploads\/2024\/01\/X3-PRO-G2-EN.jpg?resize=753%2C1024&amp;ssl=1 753w, https:\/\/i0.wp.com\/seasolargroup.com\/wp-content\/uploads\/2024\/01\/X3-PRO-G2-EN.jpg?resize=768%2C1044&amp;ssl=1 768w, https:\/\/i0.wp.com\/seasolargroup.com\/wp-content\/uploads\/2024\/01\/X3-PRO-G2-EN.jpg?resize=1130%2C1536&amp;ssl=1 1130w, https:\/\/i0.wp.com\/seasolargroup.com\/wp-content\/uploads\/2024\/01\/X3-PRO-G2-EN.jpg?resize=800%2C1087&amp;ssl=1 800w\" sizes=\"auto, (max-width: 1000px) 100vw, 1000px\" \/><br \/>\n\r\n\t\t<div class=\"divider4\"><span><\/span><\/div>\r\n\t\t<\/p>\n<h2>Downloads<\/h2>\n<p><a href=\"https:\/\/seasolargroup.com\/wp-content\/uploads\/2024\/01\/x3-pro-g2-en.pdf\" target=\"_blank\" rel=\"noopener\">SOLAX X3 PRO: Datasheet<\/a><\/p>\n<p><a href=\"https:\/\/seasolargroup.com\/wp-content\/uploads\/2024\/01\/x3-pro-g2-it.pdf\" target=\"_blank\" rel=\"noopener\">SOLAX X3 PRO: Scheda tecnica<\/a><\/p>\n<p><a href=\"https:\/\/seasolargroup.com\/wp-content\/uploads\/2024\/01\/614.00630.02-X3-PRO-G2-Manual.pdf\" target=\"_blank\" rel=\"noopener\">SOLAX X3 PRO: User Manual<\/a><\/p>\n<p><a href=\"https:\/\/seasolargroup.com\/wp-content\/uploads\/2024\/01\/Solax_X3-PRO-G2_CEI0-21\uff1a2019_A3-50541883-0001.pdf\" target=\"_blank\" rel=\"noopener\">SOLAX X3 PRO: CEI0-21\uff1a2019_A3 50541883 0001<\/a><\/p>\n<p><a href=\"https:\/\/seasolargroup.com\/wp-content\/uploads\/2024\/01\/Solax_X3-PRO-G2_CEI0-16\uff1a2022_AK-50557940-0001.pdf\" target=\"_blank\" rel=\"noopener\">SOLAX X3 PRO: CEI0-16\uff1a2022_AK 50557940 0001<\/a><\/p>\n<p><a href=\"https:\/\/seasolargroup.com\/wp-content\/uploads\/2024\/01\/2023-eu-inverters-warranty-terms-conditions.pdf\" target=\"_blank\" rel=\"noopener\">SOLAX X3 PRO: 2023 eu inverters warranty terms conditions<\/a><\/p>\n<p><a href=\"https:\/\/seasolargroup.com\/wp-content\/uploads\/2024\/01\/TigoSolaxCompatibilityLetterDec2022.pdf\" target=\"_blank\" rel=\"noopener\">SOLAX X3 PRO: Tigo&#038;Solax Compatibility Letter<\/a><br \/>\n\r\n\t\t<div class=\"divider4\"><span><\/span><\/div>\r\n\t\t<\/p>\n<h2>Related offers<\/h2>\n<p><a href=\"https:\/\/seasolargroup.com\/tag\/SOLAX\/\">Offers for SOLAX<\/a><br \/>\n<span style=\"color: #ffffff;\">SOLAX X3 PRO 30K<\/span><br \/>\n\r\n\t\t<div class=\"divider4\"><span><\/span><\/div>\r\n\t\t<\/p>\n<h2>Related projects<\/h2>\n<p><br \/>\n\r\n\t\t<div class=\"divider4\"><span><\/span><\/div>\r\n\t\t<\/p>\n<h2>Related videos<\/h2>\n<p><span class=\"embed-youtube\" style=\"text-align:center; display: block;\"><iframe loading=\"lazy\" class=\"youtube-player\" width=\"640\" height=\"360\" src=\"https:\/\/www.youtube.com\/embed\/A7eEzZhY8gA?version=3&#038;rel=1&#038;showsearch=0&#038;showinfo=1&#038;iv_load_policy=1&#038;fs=1&#038;hl=fr-FR&#038;autohide=2&#038;wmode=transparent&#038;listType=playlist&#038;list=PLwqK5bEOfjvKeGRrDn4zYYBFl0uQ8ef4x\" allowfullscreen=\"true\" style=\"border:0;\" sandbox=\"allow-scripts allow-same-origin allow-popups allow-presentation allow-popups-to-escape-sandbox\"><\/iframe><\/span><br \/>\n\r\n\t\t<div class=\"divider4\"><span><\/span><\/div>\r\n\t\t<br \/>\n\n<div class=\"wpcf7 no-js\" id=\"wpcf7-f5-o4\" lang=\"en-GB\" dir=\"ltr\" data-wpcf7-id=\"5\">\n<div class=\"screen-reader-response\"><p role=\"status\" aria-live=\"polite\" aria-atomic=\"true\"><\/p> <ul><\/ul><\/div>\n<form action=\"\/fr\/wp-json\/wp\/v2\/product\/13861#wpcf7-f5-o4\" method=\"post\" class=\"wpcf7-form init\" aria-label=\"Contact form\" novalidate=\"novalidate\" data-status=\"init\">\n<fieldset class=\"hidden-fields-container\"><input type=\"hidden\" name=\"_wpcf7\" value=\"5\" \/><input type=\"hidden\" name=\"_wpcf7_version\" value=\"6.1.5\" \/><input type=\"hidden\" name=\"_wpcf7_locale\" value=\"en_GB\" \/><input type=\"hidden\" name=\"_wpcf7_unit_tag\" value=\"wpcf7-f5-o4\" \/><input type=\"hidden\" name=\"_wpcf7_container_post\" value=\"0\" \/><input type=\"hidden\" name=\"_wpcf7_posted_data_hash\" value=\"\" \/><input type=\"hidden\" name=\"_wpcf7_recaptcha_response\" value=\"\" \/>\n<\/fieldset>\n<p><label> <\/label>\n<\/p>\n<h2>Contact\n<\/h2>\n<p><label> N\u2019h\u00e9sitez pas \u00e0 nous contacter pour toute question concernant nos offres ou nos produitss <\/label>\n<\/p>\n<p><label> \u00c9crivez \u00e0 <a href=\"mailto:info@seasolargroup.com\">info@seasolargroup.com<\/a> ou remplissez le formulaire suivant et nous vous contacterons: <\/label>\n<\/p>\n<p><label> Nom *<br \/>\n<span class=\"wpcf7-form-control-wrap\" data-name=\"your-name\"><input size=\"40\" maxlength=\"400\" class=\"wpcf7-form-control wpcf7-text wpcf7-validates-as-required\" aria-required=\"true\" aria-invalid=\"false\" value=\"\" type=\"text\" name=\"your-name\" \/><\/span><\/label>\n<\/p>\n<p><label> Num\u00e9ro de t\u00e9l\u00e9phone *<br \/>\n<span class=\"wpcf7-form-control-wrap\" data-name=\"tel-826\"><input size=\"40\" maxlength=\"400\" class=\"wpcf7-form-control wpcf7-tel wpcf7-validates-as-required wpcf7-text wpcf7-validates-as-tel\" aria-required=\"true\" aria-invalid=\"false\" value=\"\" type=\"tel\" name=\"tel-826\" \/><\/span><\/label>\n<\/p>\n<p><label> Votre E-mail *<br \/>\n<span class=\"wpcf7-form-control-wrap\" data-name=\"your-email\"><input size=\"40\" maxlength=\"400\" class=\"wpcf7-form-control wpcf7-email wpcf7-validates-as-required wpcf7-text wpcf7-validates-as-email\" aria-required=\"true\" aria-invalid=\"false\" value=\"\" type=\"email\" name=\"your-email\" \/><\/span><\/label>\n<\/p>\n<p><label> Sujet *<br \/>\n<span class=\"wpcf7-form-control-wrap\" data-name=\"your-subject\"><input size=\"40\" maxlength=\"400\" class=\"wpcf7-form-control wpcf7-text wpcf7-validates-as-required\" aria-required=\"true\" aria-invalid=\"false\" value=\"\" type=\"text\" name=\"your-subject\" \/><\/span> <\/label>\n<\/p>\n<p><label> Message *<br \/>\n<span class=\"wpcf7-form-control-wrap\" data-name=\"your-message\"><textarea cols=\"40\" rows=\"10\" maxlength=\"2000\" class=\"wpcf7-form-control wpcf7-textarea wpcf7-validates-as-required\" aria-required=\"true\" aria-invalid=\"false\" name=\"your-message\"><\/textarea><\/span> <\/label>\n<\/p>\n<p><label> * champs requis <\/label>\n<\/p>\n<p><input class=\"wpcf7-form-control wpcf7-submit has-spinner\" type=\"submit\" value=\"ENVOYER\" \/>\n<\/p>\n<p><label><\/label>\n<\/p><p style=\"display: none !important;\" class=\"akismet-fields-container\" data-prefix=\"_wpcf7_ak_\"><label>&#916;<textarea name=\"_wpcf7_ak_hp_textarea\" cols=\"45\" rows=\"8\" maxlength=\"100\"><\/textarea><\/label><input type=\"hidden\" id=\"ak_js_4\" name=\"_wpcf7_ak_js\" value=\"10\"\/><script>document.getElementById( \"ak_js_4\" ).setAttribute( \"value\", ( new Date() ).getTime() );<\/script><\/p><div class=\"wpcf7-response-output\" aria-hidden=\"true\"><\/div>\n<\/form>\n<\/div>\n<\/p>\n<!-- sktbuilder starter --><script type=\"text\/javascript\" src=\"https:\/\/seasolargroup.com\/wp-content\/plugins\/skt-builder\/sktbuilder\/sktbuilder-frontend-starter.js\"><\/script><script type=\"text\/javascript\" src=\"https:\/\/seasolargroup.com\/wp-content\/plugins\/skt-builder\/sktbuilder-wordpress-driver.js\"><\/script><script type=\"text\/javascript\"> var starter = new SktbuilderStarter({\"mode\": \"prod\", \"skip\":[\"jquery\",\"underscore\",\"backbone\"],\"sktbuilderUrl\": \"https:\/\/seasolargroup.com\/wp-content\/plugins\/skt-builder\/sktbuilder\/\", \"driver\": new SktbuilderWordpressDriver({\"ajaxUrl\": \"https:\/\/seasolargroup.com\/wp-admin\/admin-ajax.php\", \"iframeUrl\": \"https:\/\/seasolargroup.com\/fr\/product\/solax-x3-pro-10k\/?sktbuilder=true\", \"pageId\": 13861,  \"nonce\": \"bab734785d\", \"pages\": [], \"page\": \"SOLAX X3 PRO 10K\" }) });<\/script><!-- end sktbuilder starter -->","protected":false},"excerpt":{"rendered":"<p>Triphas\u00e9 \u2013 Onduleur<br \/>\nL&rsquo;onduleur Triphas\u00e9 SolaX s&rsquo;int\u00e8gre parfaitement \u00e0 diverses configurations, offrant une compatibilit\u00e9 in\u00e9gal\u00e9e. Les onduleurs polyvalents offrent une gamme compl\u00e8te de solutions, notamment le fonctionnement en parall\u00e8le, l&rsquo;int\u00e9gration de pompes \u00e0 chaleur, la connectivit\u00e9 des micro-r\u00e9seaux, la compatibilit\u00e9 des chargeurs de v\u00e9hicules \u00e9lectriques, la prise en charge des g\u00e9n\u00e9rateurs et l&rsquo;application VPP.<\/p>\n","protected":false},"featured_media":13825,"comment_status":"open","ping_status":"closed","template":"","meta":{"_mbp_gutenberg_autopost":false,"_pgmb_is_evergreen":false,"_pgmb_ap_template_id":0,"jetpack_publicize_message":"AEG AEG AS-P605-270","jetpack_publicize_feature_enabled":true,"jetpack_social_post_already_shared":true,"jetpack_social_options":{"image_generator_settings":{"template":"highway","default_image_id":0,"font":"","enabled":false},"version":2}},"product_brand":[4037],"product_cat":[4094,1011],"product_tag":[1226],"class_list":{"0":"post-13861","1":"product","2":"type-product","3":"status-publish","4":"has-post-thumbnail","6":"product_brand-solax","7":"product_cat-commercial-inverter","8":"product_cat-inverter","9":"product_tag-solax","10":"pa_height-3890","11":"pa_hight-3865","12":"pa_length-3864","13":"pa_mpp-number-3868","14":"pa_mpp-voltage-max-3899","15":"pa_mpp-voltage-min-3870","16":"pa_phases-number-3871","17":"pa_power-ac-3877","18":"pa_power-dc-3876","19":"pa_warranty-product-3902","20":"pa_width-3866","22":"first","23":"instock","24":"product-type-simple"},"yoast_head":"<!-- This site is optimized with the Yoast SEO Premium plugin v26.7 (Yoast SEO v27.3) - https:\/\/yoast.com\/product\/yoast-seo-premium-wordpress\/ -->\n<title>SOLAX X3 PRO 10K - Seasolar Fotovoltaico<\/title>\n<meta name=\"description\" content=\"SOLAX X3 PRO 10K Solax three-phase inverter seamlessly integrates with various setups, providing unparalleled compatibility.\" \/>\n<meta name=\"robots\" content=\"index, follow, max-snippet:-1, max-image-preview:large, max-video-preview:-1\" \/>\n<link rel=\"canonical\" href=\"https:\/\/seasolargroup.com\/product\/solax-x3-pro-10k\/\" \/>\n<meta property=\"og:locale\" content=\"fr_FR\" \/>\n<meta property=\"og:type\" content=\"article\" \/>\n<meta property=\"og:title\" content=\"SOLAX X3 PRO 10K\" \/>\n<meta property=\"og:description\" content=\"SOLAX X3 PRO 10K Solax three-phase inverter seamlessly integrates with various setups, providing unparalleled compatibility.\" \/>\n<meta property=\"og:url\" content=\"https:\/\/seasolargroup.com\/product\/solax-x3-pro-10k\/\" \/>\n<meta property=\"og:site_name\" content=\"Seasolar Fotovoltaico\" \/>\n<meta property=\"article:publisher\" content=\"https:\/\/www.facebook.com\/seasolargroup\" \/>\n<meta property=\"article:modified_time\" content=\"2026-02-07T21:44:30+00:00\" \/>\n<meta property=\"og:image\" content=\"https:\/\/seasolargroup.com\/wp-content\/uploads\/2024\/01\/x3-pro-g2.png\" \/>\n\t<meta property=\"og:image:width\" content=\"3744\" \/>\n\t<meta property=\"og:image:height\" content=\"3750\" \/>\n\t<meta property=\"og:image:type\" content=\"image\/png\" \/>\n<meta name=\"twitter:card\" content=\"summary_large_image\" \/>\n<meta name=\"twitter:site\" content=\"@seasolargroup\" \/>\n<meta name=\"twitter:label1\" content=\"Prix\" \/>\n\t<meta name=\"twitter:data1\" content=\"\" \/>\n\t<meta name=\"twitter:label2\" content=\"Disponibilit\u00e9\" \/>\n\t<meta name=\"twitter:data2\" content=\"En stock\" \/>\n<script type=\"application\/ld+json\" class=\"yoast-schema-graph\">{\"@context\":\"https:\\\/\\\/schema.org\",\"@graph\":[{\"@type\":\"WebPage\",\"@id\":\"https:\\\/\\\/seasolargroup.com\\\/product\\\/solax-x3-pro-10k\\\/\",\"url\":\"https:\\\/\\\/seasolargroup.com\\\/product\\\/solax-x3-pro-10k\\\/\",\"name\":\"SOLAX X3 PRO 10K - Seasolar Fotovoltaico\",\"isPartOf\":{\"@id\":\"https:\\\/\\\/seasolargroup.com\\\/#website\"},\"primaryImageOfPage\":{\"@id\":\"https:\\\/\\\/seasolargroup.com\\\/product\\\/solax-x3-pro-10k\\\/#primaryimage\"},\"image\":{\"@id\":\"https:\\\/\\\/seasolargroup.com\\\/product\\\/solax-x3-pro-10k\\\/#primaryimage\"},\"thumbnailUrl\":\"https:\\\/\\\/i0.wp.com\\\/seasolargroup.com\\\/wp-content\\\/uploads\\\/2024\\\/01\\\/x3-pro-g2.png?fit=3744%2C3750&ssl=1\",\"datePublished\":\"2024-01-12T18:33:40+00:00\",\"dateModified\":\"2026-02-07T21:44:30+00:00\",\"description\":\"SOLAX X3 PRO 10K Solax three-phase inverter seamlessly integrates with various setups, providing unparalleled compatibility.\",\"breadcrumb\":{\"@id\":\"https:\\\/\\\/seasolargroup.com\\\/product\\\/solax-x3-pro-10k\\\/#breadcrumb\"},\"inLanguage\":\"fr-FR\",\"potentialAction\":[{\"@type\":\"ReadAction\",\"target\":[\"https:\\\/\\\/seasolargroup.com\\\/product\\\/solax-x3-pro-10k\\\/\"]}]},{\"@type\":\"ImageObject\",\"inLanguage\":\"fr-FR\",\"@id\":\"https:\\\/\\\/seasolargroup.com\\\/product\\\/solax-x3-pro-10k\\\/#primaryimage\",\"url\":\"https:\\\/\\\/i0.wp.com\\\/seasolargroup.com\\\/wp-content\\\/uploads\\\/2024\\\/01\\\/x3-pro-g2.png?fit=3744%2C3750&ssl=1\",\"contentUrl\":\"https:\\\/\\\/i0.wp.com\\\/seasolargroup.com\\\/wp-content\\\/uploads\\\/2024\\\/01\\\/x3-pro-g2.png?fit=3744%2C3750&ssl=1\",\"width\":3744,\"height\":3750,\"caption\":\"SOLAX X3 PRO\"},{\"@type\":\"BreadcrumbList\",\"@id\":\"https:\\\/\\\/seasolargroup.com\\\/product\\\/solax-x3-pro-10k\\\/#breadcrumb\",\"itemListElement\":[{\"@type\":\"ListItem\",\"position\":1,\"name\":\"Home\",\"item\":\"https:\\\/\\\/seasolargroup.com\\\/\"},{\"@type\":\"ListItem\",\"position\":2,\"name\":\"Products\",\"item\":\"https:\\\/\\\/seasolargroup.com\\\/products\\\/\"},{\"@type\":\"ListItem\",\"position\":3,\"name\":\"SOLAX X3 PRO 10K\"}]},{\"@type\":\"WebSite\",\"@id\":\"https:\\\/\\\/seasolargroup.com\\\/#website\",\"url\":\"https:\\\/\\\/seasolargroup.com\\\/\",\"name\":\"Seasolar Fotovoltaico\",\"description\":\"Turnkey photovoltaic systems since 2008\",\"publisher\":{\"@id\":\"https:\\\/\\\/seasolargroup.com\\\/#organization\"},\"potentialAction\":[{\"@type\":\"SearchAction\",\"target\":{\"@type\":\"EntryPoint\",\"urlTemplate\":\"https:\\\/\\\/seasolargroup.com\\\/?s={search_term_string}\"},\"query-input\":{\"@type\":\"PropertyValueSpecification\",\"valueRequired\":true,\"valueName\":\"search_term_string\"}}],\"inLanguage\":\"fr-FR\"},{\"@type\":\"Organization\",\"@id\":\"https:\\\/\\\/seasolargroup.com\\\/#organization\",\"name\":\"SEASOLAR fotovoltaico\",\"url\":\"https:\\\/\\\/seasolargroup.com\\\/\",\"logo\":{\"@type\":\"ImageObject\",\"inLanguage\":\"fr-FR\",\"@id\":\"https:\\\/\\\/seasolargroup.com\\\/#\\\/schema\\\/logo\\\/image\\\/\",\"url\":\"https:\\\/\\\/i0.wp.com\\\/seasolargroup.com\\\/wp-content\\\/uploads\\\/2024\\\/10\\\/seasolar_logo_2024_social.png?fit=360%2C360&ssl=1\",\"contentUrl\":\"https:\\\/\\\/i0.wp.com\\\/seasolargroup.com\\\/wp-content\\\/uploads\\\/2024\\\/10\\\/seasolar_logo_2024_social.png?fit=360%2C360&ssl=1\",\"width\":360,\"height\":360,\"caption\":\"SEASOLAR fotovoltaico\"},\"image\":{\"@id\":\"https:\\\/\\\/seasolargroup.com\\\/#\\\/schema\\\/logo\\\/image\\\/\"},\"sameAs\":[\"https:\\\/\\\/www.facebook.com\\\/seasolargroup\",\"https:\\\/\\\/x.com\\\/seasolargroup\",\"https:\\\/\\\/www.linkedin.com\\\/in\\\/seasolar-group-news\\\/\",\"https:\\\/\\\/www.youtube.com\\\/channel\\\/UCVrmhrGih_bFnpj0as_vDuQ\",\"https:\\\/\\\/www.instagram.com\\\/fotovoltaico_seasolar\\\/\"]}]}<\/script>\n<meta property=\"product:brand\" content=\"SOLAX\" \/>\n<meta property=\"product:price:currency\" content=\"EUR\" \/>\n<meta property=\"og:availability\" content=\"instock\" \/>\n<meta property=\"product:availability\" content=\"instock\" \/>\n<meta property=\"product:retailer_item_id\" content=\"SLX-X3-PRO-10K\" \/>\n<meta property=\"product:condition\" content=\"new\" \/>\n<!-- \/ Yoast SEO Premium plugin. -->","yoast_head_json":{"title":"SOLAX X3 PRO 10K - Seasolar Fotovoltaico","description":"SOLAX X3 PRO 10K Solax three-phase inverter seamlessly integrates with various setups, providing unparalleled compatibility.","robots":{"index":"index","follow":"follow","max-snippet":"max-snippet:-1","max-image-preview":"max-image-preview:large","max-video-preview":"max-video-preview:-1"},"canonical":"https:\/\/seasolargroup.com\/product\/solax-x3-pro-10k\/","og_locale":"fr_FR","og_type":"article","og_title":"SOLAX X3 PRO 10K","og_description":"SOLAX X3 PRO 10K Solax three-phase inverter seamlessly integrates with various setups, providing unparalleled compatibility.","og_url":"https:\/\/seasolargroup.com\/product\/solax-x3-pro-10k\/","og_site_name":"Seasolar Fotovoltaico","article_publisher":"https:\/\/www.facebook.com\/seasolargroup","article_modified_time":"2026-02-07T21:44:30+00:00","og_image":[{"width":3744,"height":3750,"url":"https:\/\/seasolargroup.com\/wp-content\/uploads\/2024\/01\/x3-pro-g2.png","type":"image\/png"}],"twitter_card":"summary_large_image","twitter_site":"@seasolargroup","twitter_misc":{"Prix":"","Disponibilit\u00e9":"En stock"},"schema":{"@context":"https:\/\/schema.org","@graph":[{"@type":"WebPage","@id":"https:\/\/seasolargroup.com\/product\/solax-x3-pro-10k\/","url":"https:\/\/seasolargroup.com\/product\/solax-x3-pro-10k\/","name":"SOLAX X3 PRO 10K - Seasolar Fotovoltaico","isPartOf":{"@id":"https:\/\/seasolargroup.com\/#website"},"primaryImageOfPage":{"@id":"https:\/\/seasolargroup.com\/product\/solax-x3-pro-10k\/#primaryimage"},"image":{"@id":"https:\/\/seasolargroup.com\/product\/solax-x3-pro-10k\/#primaryimage"},"thumbnailUrl":"https:\/\/i0.wp.com\/seasolargroup.com\/wp-content\/uploads\/2024\/01\/x3-pro-g2.png?fit=3744%2C3750&ssl=1","datePublished":"2024-01-12T18:33:40+00:00","dateModified":"2026-02-07T21:44:30+00:00","description":"SOLAX X3 PRO 10K Solax three-phase inverter seamlessly integrates with various setups, providing unparalleled compatibility.","breadcrumb":{"@id":"https:\/\/seasolargroup.com\/product\/solax-x3-pro-10k\/#breadcrumb"},"inLanguage":"fr-FR","potentialAction":[{"@type":"ReadAction","target":["https:\/\/seasolargroup.com\/product\/solax-x3-pro-10k\/"]}]},{"@type":"ImageObject","inLanguage":"fr-FR","@id":"https:\/\/seasolargroup.com\/product\/solax-x3-pro-10k\/#primaryimage","url":"https:\/\/i0.wp.com\/seasolargroup.com\/wp-content\/uploads\/2024\/01\/x3-pro-g2.png?fit=3744%2C3750&ssl=1","contentUrl":"https:\/\/i0.wp.com\/seasolargroup.com\/wp-content\/uploads\/2024\/01\/x3-pro-g2.png?fit=3744%2C3750&ssl=1","width":3744,"height":3750,"caption":"SOLAX X3 PRO"},{"@type":"BreadcrumbList","@id":"https:\/\/seasolargroup.com\/product\/solax-x3-pro-10k\/#breadcrumb","itemListElement":[{"@type":"ListItem","position":1,"name":"Home","item":"https:\/\/seasolargroup.com\/"},{"@type":"ListItem","position":2,"name":"Products","item":"https:\/\/seasolargroup.com\/products\/"},{"@type":"ListItem","position":3,"name":"SOLAX X3 PRO 10K"}]},{"@type":"WebSite","@id":"https:\/\/seasolargroup.com\/#website","url":"https:\/\/seasolargroup.com\/","name":"Seasolar Fotovoltaico","description":"Turnkey photovoltaic systems since 2008","publisher":{"@id":"https:\/\/seasolargroup.com\/#organization"},"potentialAction":[{"@type":"SearchAction","target":{"@type":"EntryPoint","urlTemplate":"https:\/\/seasolargroup.com\/?s={search_term_string}"},"query-input":{"@type":"PropertyValueSpecification","valueRequired":true,"valueName":"search_term_string"}}],"inLanguage":"fr-FR"},{"@type":"Organization","@id":"https:\/\/seasolargroup.com\/#organization","name":"SEASOLAR fotovoltaico","url":"https:\/\/seasolargroup.com\/","logo":{"@type":"ImageObject","inLanguage":"fr-FR","@id":"https:\/\/seasolargroup.com\/#\/schema\/logo\/image\/","url":"https:\/\/i0.wp.com\/seasolargroup.com\/wp-content\/uploads\/2024\/10\/seasolar_logo_2024_social.png?fit=360%2C360&ssl=1","contentUrl":"https:\/\/i0.wp.com\/seasolargroup.com\/wp-content\/uploads\/2024\/10\/seasolar_logo_2024_social.png?fit=360%2C360&ssl=1","width":360,"height":360,"caption":"SEASOLAR fotovoltaico"},"image":{"@id":"https:\/\/seasolargroup.com\/#\/schema\/logo\/image\/"},"sameAs":["https:\/\/www.facebook.com\/seasolargroup","https:\/\/x.com\/seasolargroup","https:\/\/www.linkedin.com\/in\/seasolar-group-news\/","https:\/\/www.youtube.com\/channel\/UCVrmhrGih_bFnpj0as_vDuQ","https:\/\/www.instagram.com\/fotovoltaico_seasolar\/"]}]},"product_brand":"SOLAX","product_price_currency":"EUR","og_availability":"instock","product_availability":"instock","product_retailer_item_id":"SLX-X3-PRO-10K","product_condition":"new"},"jetpack_publicize_connections":[],"jetpack_sharing_enabled":true,"jetpack_likes_enabled":true,"jetpack-related-posts":[],"_links":{"self":[{"href":"https:\/\/seasolargroup.com\/fr\/wp-json\/wp\/v2\/product\/13861","targetHints":{"allow":["GET"]}}],"collection":[{"href":"https:\/\/seasolargroup.com\/fr\/wp-json\/wp\/v2\/product"}],"about":[{"href":"https:\/\/seasolargroup.com\/fr\/wp-json\/wp\/v2\/types\/product"}],"replies":[{"embeddable":true,"href":"https:\/\/seasolargroup.com\/fr\/wp-json\/wp\/v2\/comments?post=13861"}],"wp:featuredmedia":[{"embeddable":true,"href":"https:\/\/seasolargroup.com\/fr\/wp-json\/wp\/v2\/media\/13825"}],"wp:attachment":[{"href":"https:\/\/seasolargroup.com\/fr\/wp-json\/wp\/v2\/media?parent=13861"}],"wp:term":[{"taxonomy":"product_brand","embeddable":true,"href":"https:\/\/seasolargroup.com\/fr\/wp-json\/wp\/v2\/product_brand?post=13861"},{"taxonomy":"product_cat","embeddable":true,"href":"https:\/\/seasolargroup.com\/fr\/wp-json\/wp\/v2\/product_cat?post=13861"},{"taxonomy":"product_tag","embeddable":true,"href":"https:\/\/seasolargroup.com\/fr\/wp-json\/wp\/v2\/product_tag?post=13861"}],"curies":[{"name":"wp","href":"https:\/\/api.w.org\/{rel}","templated":true}]}}