{"id":13698,"date":"2023-12-24T15:54:54","date_gmt":"2023-12-24T14:54:54","guid":{"rendered":"https:\/\/seasolargroup.com\/?post_type=product&#038;p=13698"},"modified":"2025-11-02T18:45:30","modified_gmt":"2025-11-02T17:45:30","slug":"q-cells-q-peak-duo-m-g11s-plus-410w","status":"publish","type":"product","link":"https:\/\/seasolargroup.com\/fr\/product\/q-cells-q-peak-duo-m-g11s-plus-410w\/","title":{"rendered":"Q-CELLS Q.PEAK DUO M-G11S-PLUS 410W"},"content":{"rendered":"<p><span style=\"color: #ffffff;\">Q-CELLS Q.PEAK DUO M-G11S-PLUS 410W<\/span><\/p>\n<p>Qcells sets new standards: With the new Q.ANTUM DUO Technology, Qcells launches an innovative cell interconnection that does not require any gaps in the individual cell rows. <\/p>\n<p>Combined with the \u201cmarket leading\u201d Q.ANTUM cell technology, our Q.PEAK DUO-G9 solar modules achieve a maximum output and thus ensures an increase in yield of your PV system. <\/p>\n<p>Benefit from cost-effective green electricity and excellent product quality!<\/p>\n<p><img data-recalc-dims=\"1\" loading=\"lazy\" decoding=\"async\" data-id=\"13706\"  src=\"https:\/\/i0.wp.com\/seasolargroup.com\/wp-content\/uploads\/2023\/12\/Q-CELLS-Q.PEAK-DUO-M-G11-EN-2.jpg?resize=1375%2C1949&#038;ssl=1\" alt=\"Q-CELLS Q.PEAK DUO M-G11S-PLUS 410W\" width=\"1375\" height=\"1949\" class=\"aligncenter size-full wp-image-13706\" srcset=\"https:\/\/i0.wp.com\/seasolargroup.com\/wp-content\/uploads\/2023\/12\/Q-CELLS-Q.PEAK-DUO-M-G11-EN-2.jpg?w=1375&amp;ssl=1 1375w, https:\/\/i0.wp.com\/seasolargroup.com\/wp-content\/uploads\/2023\/12\/Q-CELLS-Q.PEAK-DUO-M-G11-EN-2.jpg?resize=212%2C300&amp;ssl=1 212w, https:\/\/i0.wp.com\/seasolargroup.com\/wp-content\/uploads\/2023\/12\/Q-CELLS-Q.PEAK-DUO-M-G11-EN-2.jpg?resize=722%2C1024&amp;ssl=1 722w, https:\/\/i0.wp.com\/seasolargroup.com\/wp-content\/uploads\/2023\/12\/Q-CELLS-Q.PEAK-DUO-M-G11-EN-2.jpg?resize=768%2C1089&amp;ssl=1 768w, https:\/\/i0.wp.com\/seasolargroup.com\/wp-content\/uploads\/2023\/12\/Q-CELLS-Q.PEAK-DUO-M-G11-EN-2.jpg?resize=1084%2C1536&amp;ssl=1 1084w, https:\/\/i0.wp.com\/seasolargroup.com\/wp-content\/uploads\/2023\/12\/Q-CELLS-Q.PEAK-DUO-M-G11-EN-2.jpg?resize=800%2C1134&amp;ssl=1 800w\" sizes=\"auto, (max-width: 1000px) 100vw, 1000px\" \/><\/p>\n<p><img data-recalc-dims=\"1\" loading=\"lazy\" decoding=\"async\" data-id=\"13708\"  src=\"https:\/\/i0.wp.com\/seasolargroup.com\/wp-content\/uploads\/2023\/12\/Q-CELLS-Q.PEAK-DUO-M-G11-EN-2-1.jpg?resize=1375%2C1949&#038;ssl=1\" alt=\"Q-CELLS Q.PEAK DUO M-G11S-PLUS 410W\" width=\"1375\" height=\"1949\" class=\"aligncenter size-full wp-image-13708\" srcset=\"https:\/\/i0.wp.com\/seasolargroup.com\/wp-content\/uploads\/2023\/12\/Q-CELLS-Q.PEAK-DUO-M-G11-EN-2-1.jpg?w=1375&amp;ssl=1 1375w, https:\/\/i0.wp.com\/seasolargroup.com\/wp-content\/uploads\/2023\/12\/Q-CELLS-Q.PEAK-DUO-M-G11-EN-2-1.jpg?resize=212%2C300&amp;ssl=1 212w, https:\/\/i0.wp.com\/seasolargroup.com\/wp-content\/uploads\/2023\/12\/Q-CELLS-Q.PEAK-DUO-M-G11-EN-2-1.jpg?resize=722%2C1024&amp;ssl=1 722w, https:\/\/i0.wp.com\/seasolargroup.com\/wp-content\/uploads\/2023\/12\/Q-CELLS-Q.PEAK-DUO-M-G11-EN-2-1.jpg?resize=768%2C1089&amp;ssl=1 768w, https:\/\/i0.wp.com\/seasolargroup.com\/wp-content\/uploads\/2023\/12\/Q-CELLS-Q.PEAK-DUO-M-G11-EN-2-1.jpg?resize=1084%2C1536&amp;ssl=1 1084w, https:\/\/i0.wp.com\/seasolargroup.com\/wp-content\/uploads\/2023\/12\/Q-CELLS-Q.PEAK-DUO-M-G11-EN-2-1.jpg?resize=800%2C1134&amp;ssl=1 800w\" sizes=\"auto, (max-width: 1000px) 100vw, 1000px\" \/><\/p>\n\r\n\t\t<div class=\"divider4\"><span><\/span><\/div>\r\n\t\t\n<h2>Downloads<\/h2>\n<p><a href=\"https:\/\/seasolargroup.com\/wp-content\/uploads\/2023\/12\/Qcells_Specifiche_Q.PEAK_DUO_M-G11S_series_400-420_2023-03_Rev03_IT.pdf\" target=\"_blank\" rel=\"noopener noreferrer\">Qcells_Specifiche_Q.PEAK_DUO_M-G11S+_series_400-420_2023-03_Rev03_IT<\/a><\/p>\n<p><a href=\"https:\/\/seasolargroup.com\/wp-content\/uploads\/2023\/12\/Qcells_Data_sheet_Q.PEAK_DUO_M-G11S_series_400-420_2023-03_Rev03_EN.pdf\" target=\"_blank\" rel=\"noopener noreferrer\">Qcells_Data_sheet_Q.PEAK_DUO_M-G11S+_series_400-420_2023-03_Rev03_EN<\/a><\/p>\n<p><a href=\"https:\/\/seasolargroup.com\/wp-content\/uploads\/2023\/12\/Qcells_HQCQDC_Garanzie_Moduli_serie_di_Q.PEAK_DUO-G9-G11_2022-09_Rev03_IT.pdf\" target=\"_blank\" rel=\"noopener noreferrer\">Qcells_HQCQDC_Garanzie_Moduli_serie_di_Q.PEAK_DUO-G9-G11_2022-09_Rev03_IT<\/a><\/p>\n<p><a href=\"https:\/\/seasolargroup.com\/wp-content\/uploads\/2023\/12\/Qcells_Certificate_QCPV_PV_-60153211_2023-03_Rev10.pdf\" target=\"_blank\" rel=\"noopener noreferrer\">Qcells_Certificate_QCPV_PV_ 60153211_2023-03_Rev10<\/a><\/p>\n<p><a href=\"https:\/\/seasolargroup.com\/wp-content\/uploads\/2023\/12\/Qcells_Certificate_FIRE_UNI_9177_Q.PEAK_DUO_M-G11_series_IT.pdf\" target=\"_blank\" rel=\"noopener noreferrer\">Qcells_Certificate_FIRE_UNI_9177_Q.PEAK_DUO_M-G11_series_IT<\/a><\/p>\n\r\n\t\t<div class=\"divider4\"><span><\/span><\/div>\r\n\t\t\n<h2>Related offers<\/h2>\n<p><a href=\"https:\/\/seasolargroup.com\/tag\/q-cells\/\">Offers for Q-CELLS<\/a><br \/>\n\r\n\t\t<div class=\"divider4\"><span><\/span><\/div>\r\n\t\t<\/p>\n<h2>Related projects<\/h2>\n<p><br \/>\n<span style=\"color: #ffffff;\">Q-CELLS Q.PEAK DUO M-G11S-PLUS 410W<\/span><br \/>\n<br \/>\n<span style=\"color: #ffffff;\"><\/span><br \/>\n<br \/>\n\r\n\t\t<div class=\"divider4\"><span><\/span><\/div>\r\n\t\t<\/p>\n<h2>Related videos<\/h2>\n<p><span class=\"embed-youtube\" style=\"text-align:center; display: block;\"><iframe loading=\"lazy\" class=\"youtube-player\" width=\"640\" height=\"360\" src=\"https:\/\/www.youtube.com\/embed\/8cr9a2G283U?version=3&#038;rel=1&#038;showsearch=0&#038;showinfo=1&#038;iv_load_policy=1&#038;fs=1&#038;hl=fr-FR&#038;autohide=2&#038;wmode=transparent&#038;listType=playlist&#038;list=PLwqK5bEOfjvKm1sTmdbOfbBNBU_czPbrY\" allowfullscreen=\"true\" style=\"border:0;\" sandbox=\"allow-scripts allow-same-origin allow-popups allow-presentation allow-popups-to-escape-sandbox\"><\/iframe><\/span><br \/>\n\r\n\t\t<div class=\"divider4\"><span><\/span><\/div>\r\n\t\t<br \/>\n\n<div class=\"wpcf7 no-js\" id=\"wpcf7-f5-o4\" lang=\"en-GB\" dir=\"ltr\" data-wpcf7-id=\"5\">\n<div class=\"screen-reader-response\"><p role=\"status\" aria-live=\"polite\" aria-atomic=\"true\"><\/p> <ul><\/ul><\/div>\n<form action=\"\/fr\/wp-json\/wp\/v2\/product\/13698#wpcf7-f5-o4\" method=\"post\" class=\"wpcf7-form init\" aria-label=\"Contact form\" novalidate=\"novalidate\" data-status=\"init\">\n<fieldset class=\"hidden-fields-container\"><input type=\"hidden\" name=\"_wpcf7\" value=\"5\" \/><input type=\"hidden\" name=\"_wpcf7_version\" value=\"6.1.5\" \/><input type=\"hidden\" name=\"_wpcf7_locale\" value=\"en_GB\" \/><input type=\"hidden\" name=\"_wpcf7_unit_tag\" value=\"wpcf7-f5-o4\" \/><input type=\"hidden\" name=\"_wpcf7_container_post\" value=\"0\" \/><input type=\"hidden\" name=\"_wpcf7_posted_data_hash\" value=\"\" \/><input type=\"hidden\" name=\"_wpcf7_recaptcha_response\" value=\"\" \/>\n<\/fieldset>\n<p><label> <\/label>\n<\/p>\n<h2>Contact\n<\/h2>\n<p><label> N\u2019h\u00e9sitez pas \u00e0 nous contacter pour toute question concernant nos offres ou nos produitss <\/label>\n<\/p>\n<p><label> \u00c9crivez \u00e0 <a href=\"mailto:info@seasolargroup.com\">info@seasolargroup.com<\/a> ou remplissez le formulaire suivant et nous vous contacterons: <\/label>\n<\/p>\n<p><label> Nom *<br \/>\n<span class=\"wpcf7-form-control-wrap\" data-name=\"your-name\"><input size=\"40\" maxlength=\"400\" class=\"wpcf7-form-control wpcf7-text wpcf7-validates-as-required\" aria-required=\"true\" aria-invalid=\"false\" value=\"\" type=\"text\" name=\"your-name\" \/><\/span><\/label>\n<\/p>\n<p><label> Num\u00e9ro de t\u00e9l\u00e9phone *<br \/>\n<span class=\"wpcf7-form-control-wrap\" data-name=\"tel-826\"><input size=\"40\" maxlength=\"400\" class=\"wpcf7-form-control wpcf7-tel wpcf7-validates-as-required wpcf7-text wpcf7-validates-as-tel\" aria-required=\"true\" aria-invalid=\"false\" value=\"\" type=\"tel\" name=\"tel-826\" \/><\/span><\/label>\n<\/p>\n<p><label> Votre E-mail *<br \/>\n<span class=\"wpcf7-form-control-wrap\" data-name=\"your-email\"><input size=\"40\" maxlength=\"400\" class=\"wpcf7-form-control wpcf7-email wpcf7-validates-as-required wpcf7-text wpcf7-validates-as-email\" aria-required=\"true\" aria-invalid=\"false\" value=\"\" type=\"email\" name=\"your-email\" \/><\/span><\/label>\n<\/p>\n<p><label> Sujet *<br \/>\n<span class=\"wpcf7-form-control-wrap\" data-name=\"your-subject\"><input size=\"40\" maxlength=\"400\" class=\"wpcf7-form-control wpcf7-text wpcf7-validates-as-required\" aria-required=\"true\" aria-invalid=\"false\" value=\"\" type=\"text\" name=\"your-subject\" \/><\/span> <\/label>\n<\/p>\n<p><label> Message *<br \/>\n<span class=\"wpcf7-form-control-wrap\" data-name=\"your-message\"><textarea cols=\"40\" rows=\"10\" maxlength=\"2000\" class=\"wpcf7-form-control wpcf7-textarea wpcf7-validates-as-required\" aria-required=\"true\" aria-invalid=\"false\" name=\"your-message\"><\/textarea><\/span> <\/label>\n<\/p>\n<p><label> * champs requis <\/label>\n<\/p>\n<p><input class=\"wpcf7-form-control wpcf7-submit has-spinner\" type=\"submit\" value=\"ENVOYER\" \/>\n<\/p>\n<p><label><\/label>\n<\/p><p style=\"display: none !important;\" class=\"akismet-fields-container\" data-prefix=\"_wpcf7_ak_\"><label>&#916;<textarea name=\"_wpcf7_ak_hp_textarea\" cols=\"45\" rows=\"8\" maxlength=\"100\"><\/textarea><\/label><input type=\"hidden\" id=\"ak_js_4\" name=\"_wpcf7_ak_js\" value=\"179\"\/><script>document.getElementById( \"ak_js_4\" ).setAttribute( \"value\", ( new Date() ).getTime() );<\/script><\/p><div class=\"wpcf7-response-output\" aria-hidden=\"true\"><\/div>\n<\/form>\n<\/div>\n<\/p>\n<!-- sktbuilder starter --><script type=\"text\/javascript\" src=\"https:\/\/seasolargroup.com\/wp-content\/plugins\/skt-builder\/sktbuilder\/sktbuilder-frontend-starter.js\"><\/script><script type=\"text\/javascript\" src=\"https:\/\/seasolargroup.com\/wp-content\/plugins\/skt-builder\/sktbuilder-wordpress-driver.js\"><\/script><script type=\"text\/javascript\"> var starter = new SktbuilderStarter({\"mode\": \"prod\", \"skip\":[\"jquery\",\"underscore\",\"backbone\"],\"sktbuilderUrl\": \"https:\/\/seasolargroup.com\/wp-content\/plugins\/skt-builder\/sktbuilder\/\", \"driver\": new SktbuilderWordpressDriver({\"ajaxUrl\": \"https:\/\/seasolargroup.com\/wp-admin\/admin-ajax.php\", \"iframeUrl\": \"https:\/\/seasolargroup.com\/fr\/product\/q-cells-q-peak-duo-m-g11s-plus-410w\/?sktbuilder=true\", \"pageId\": 13698,  \"nonce\": \"bab734785d\", \"pages\": [], \"page\": \"Q-CELLS Q.PEAK DUO M-G11S-PLUS 410W\" }) });<\/script><!-- end sktbuilder starter -->","protected":false},"excerpt":{"rendered":"<p>Module monocristallin 108 cellules<br \/>\nLe Q-CELLS Q.PEAK DUO M-G11 est un module solaire monocristallin avec des classes de puissance jusqu&rsquo;\u00e0 420 W et un rendement jusqu&rsquo;\u00e0 21,5%<\/p>\n","protected":false},"featured_media":13706,"comment_status":"open","ping_status":"closed","template":"","meta":{"_mbp_gutenberg_autopost":false,"_pgmb_is_evergreen":false,"_pgmb_ap_template_id":0,"jetpack_publicize_message":"Q-CELLS DUO-G8-360","jetpack_publicize_feature_enabled":true,"jetpack_social_post_already_shared":true,"jetpack_social_options":{"image_generator_settings":{"template":"highway","default_image_id":0,"font":"","enabled":false},"version":2}},"product_brand":[4036],"product_cat":[1014,1010],"product_tag":[1723],"class_list":{"0":"post-13698","1":"product","2":"type-product","3":"status-publish","4":"has-post-thumbnail","6":"product_brand-q-cells","7":"product_cat-monocrystalline-module","8":"product_cat-photovoltaic-module","9":"product_tag-q-cells","10":"pa_backsheet-white","11":"pa_cells-number-3847","12":"pa_connector-dc-type-mc4","13":"pa_efficiency-21-0","14":"pa_frame-color-black","15":"pa_height-3903","16":"pa_hight-3852","17":"pa_length-3853","18":"pa_power-stc-3905","19":"pa_warranty-performance-3857","20":"pa_warranty-product-3858","21":"pa_width-3854","23":"first","24":"outofstock","25":"product-type-simple"},"yoast_head":"<!-- This site is optimized with the Yoast SEO Premium plugin v26.7 (Yoast SEO v27.3) - https:\/\/yoast.com\/product\/yoast-seo-premium-wordpress\/ -->\n<title>Q-CELLS Q.PEAK DUO M-G11S-PLUS 410W - Seasolar Fotovoltaico<\/title>\n<meta name=\"description\" content=\"Q-CELLS Q.PEAK DUO M-G11S-PLUS 410W The Q.PEAK is a monocrystalline solar module with power up to 420W and an excellent efficiency of up to 21.5%\" \/>\n<meta name=\"robots\" content=\"index, follow, max-snippet:-1, max-image-preview:large, max-video-preview:-1\" \/>\n<link rel=\"canonical\" href=\"https:\/\/seasolargroup.com\/product\/q-cells-q-peak-duo-m-g11s-plus-410w\/\" \/>\n<meta property=\"og:locale\" content=\"fr_FR\" \/>\n<meta property=\"og:type\" content=\"article\" \/>\n<meta property=\"og:title\" content=\"Q-CELLS Q.PEAK DUO M-G11S-PLUS 410W\" \/>\n<meta property=\"og:description\" content=\"Q-CELLS Q.PEAK DUO M-G11S-PLUS 410W The Q.PEAK is a monocrystalline solar module with power up to 420W and an excellent efficiency of up to 21.5%\" \/>\n<meta property=\"og:url\" content=\"https:\/\/seasolargroup.com\/product\/q-cells-q-peak-duo-m-g11s-plus-410w\/\" \/>\n<meta property=\"og:site_name\" content=\"Seasolar Fotovoltaico\" \/>\n<meta property=\"article:publisher\" content=\"https:\/\/www.facebook.com\/seasolargroup\" \/>\n<meta property=\"article:modified_time\" content=\"2025-11-02T17:45:30+00:00\" \/>\n<meta property=\"og:image\" content=\"https:\/\/seasolargroup.com\/wp-content\/uploads\/2023\/12\/Q-CELLS-Q.PEAK-DUO-M-G11-EN-2.jpg\" \/>\n\t<meta property=\"og:image:width\" content=\"1375\" \/>\n\t<meta property=\"og:image:height\" content=\"1949\" \/>\n\t<meta property=\"og:image:type\" content=\"image\/jpeg\" \/>\n<meta name=\"twitter:card\" content=\"summary_large_image\" \/>\n<meta name=\"twitter:site\" content=\"@seasolargroup\" \/>\n<meta name=\"twitter:label1\" content=\"Prix\" \/>\n\t<meta name=\"twitter:data1\" content=\"\" \/>\n\t<meta name=\"twitter:label2\" content=\"Disponibilit\u00e9\" \/>\n\t<meta name=\"twitter:data2\" content=\"Rupture de stock\" \/>\n<script type=\"application\/ld+json\" class=\"yoast-schema-graph\">{\"@context\":\"https:\\\/\\\/schema.org\",\"@graph\":[{\"@type\":\"WebPage\",\"@id\":\"https:\\\/\\\/seasolargroup.com\\\/product\\\/q-cells-q-peak-duo-m-g11s-plus-410w\\\/\",\"url\":\"https:\\\/\\\/seasolargroup.com\\\/product\\\/q-cells-q-peak-duo-m-g11s-plus-410w\\\/\",\"name\":\"Q-CELLS Q.PEAK DUO M-G11S-PLUS 410W - Seasolar Fotovoltaico\",\"isPartOf\":{\"@id\":\"https:\\\/\\\/seasolargroup.com\\\/#website\"},\"primaryImageOfPage\":{\"@id\":\"https:\\\/\\\/seasolargroup.com\\\/product\\\/q-cells-q-peak-duo-m-g11s-plus-410w\\\/#primaryimage\"},\"image\":{\"@id\":\"https:\\\/\\\/seasolargroup.com\\\/product\\\/q-cells-q-peak-duo-m-g11s-plus-410w\\\/#primaryimage\"},\"thumbnailUrl\":\"https:\\\/\\\/i0.wp.com\\\/seasolargroup.com\\\/wp-content\\\/uploads\\\/2023\\\/12\\\/Q-CELLS-Q.PEAK-DUO-M-G11-EN-2.jpg?fit=1375%2C1949&ssl=1\",\"datePublished\":\"2023-12-24T14:54:54+00:00\",\"dateModified\":\"2025-11-02T17:45:30+00:00\",\"description\":\"Q-CELLS Q.PEAK DUO M-G11S-PLUS 410W The Q.PEAK is a monocrystalline solar module with power up to 420W and an excellent efficiency of up to 21.5%\",\"breadcrumb\":{\"@id\":\"https:\\\/\\\/seasolargroup.com\\\/product\\\/q-cells-q-peak-duo-m-g11s-plus-410w\\\/#breadcrumb\"},\"inLanguage\":\"fr-FR\",\"potentialAction\":[{\"@type\":\"ReadAction\",\"target\":[\"https:\\\/\\\/seasolargroup.com\\\/product\\\/q-cells-q-peak-duo-m-g11s-plus-410w\\\/\"]}]},{\"@type\":\"ImageObject\",\"inLanguage\":\"fr-FR\",\"@id\":\"https:\\\/\\\/seasolargroup.com\\\/product\\\/q-cells-q-peak-duo-m-g11s-plus-410w\\\/#primaryimage\",\"url\":\"https:\\\/\\\/i0.wp.com\\\/seasolargroup.com\\\/wp-content\\\/uploads\\\/2023\\\/12\\\/Q-CELLS-Q.PEAK-DUO-M-G11-EN-2.jpg?fit=1375%2C1949&ssl=1\",\"contentUrl\":\"https:\\\/\\\/i0.wp.com\\\/seasolargroup.com\\\/wp-content\\\/uploads\\\/2023\\\/12\\\/Q-CELLS-Q.PEAK-DUO-M-G11-EN-2.jpg?fit=1375%2C1949&ssl=1\",\"width\":1375,\"height\":1949,\"caption\":\"Q-CELLS Q.PEAK DUO M-G11\"},{\"@type\":\"BreadcrumbList\",\"@id\":\"https:\\\/\\\/seasolargroup.com\\\/product\\\/q-cells-q-peak-duo-m-g11s-plus-410w\\\/#breadcrumb\",\"itemListElement\":[{\"@type\":\"ListItem\",\"position\":1,\"name\":\"Home\",\"item\":\"https:\\\/\\\/seasolargroup.com\\\/\"},{\"@type\":\"ListItem\",\"position\":2,\"name\":\"Products\",\"item\":\"https:\\\/\\\/seasolargroup.com\\\/products\\\/\"},{\"@type\":\"ListItem\",\"position\":3,\"name\":\"Q-CELLS Q.PEAK DUO M-G11S-PLUS 410W\"}]},{\"@type\":\"WebSite\",\"@id\":\"https:\\\/\\\/seasolargroup.com\\\/#website\",\"url\":\"https:\\\/\\\/seasolargroup.com\\\/\",\"name\":\"Seasolar Fotovoltaico\",\"description\":\"Turnkey photovoltaic systems since 2008\",\"publisher\":{\"@id\":\"https:\\\/\\\/seasolargroup.com\\\/#organization\"},\"potentialAction\":[{\"@type\":\"SearchAction\",\"target\":{\"@type\":\"EntryPoint\",\"urlTemplate\":\"https:\\\/\\\/seasolargroup.com\\\/?s={search_term_string}\"},\"query-input\":{\"@type\":\"PropertyValueSpecification\",\"valueRequired\":true,\"valueName\":\"search_term_string\"}}],\"inLanguage\":\"fr-FR\"},{\"@type\":\"Organization\",\"@id\":\"https:\\\/\\\/seasolargroup.com\\\/#organization\",\"name\":\"SEASOLAR fotovoltaico\",\"url\":\"https:\\\/\\\/seasolargroup.com\\\/\",\"logo\":{\"@type\":\"ImageObject\",\"inLanguage\":\"fr-FR\",\"@id\":\"https:\\\/\\\/seasolargroup.com\\\/#\\\/schema\\\/logo\\\/image\\\/\",\"url\":\"https:\\\/\\\/i0.wp.com\\\/seasolargroup.com\\\/wp-content\\\/uploads\\\/2024\\\/10\\\/seasolar_logo_2024_social.png?fit=360%2C360&ssl=1\",\"contentUrl\":\"https:\\\/\\\/i0.wp.com\\\/seasolargroup.com\\\/wp-content\\\/uploads\\\/2024\\\/10\\\/seasolar_logo_2024_social.png?fit=360%2C360&ssl=1\",\"width\":360,\"height\":360,\"caption\":\"SEASOLAR fotovoltaico\"},\"image\":{\"@id\":\"https:\\\/\\\/seasolargroup.com\\\/#\\\/schema\\\/logo\\\/image\\\/\"},\"sameAs\":[\"https:\\\/\\\/www.facebook.com\\\/seasolargroup\",\"https:\\\/\\\/x.com\\\/seasolargroup\",\"https:\\\/\\\/www.linkedin.com\\\/in\\\/seasolar-group-news\\\/\",\"https:\\\/\\\/www.youtube.com\\\/channel\\\/UCVrmhrGih_bFnpj0as_vDuQ\",\"https:\\\/\\\/www.instagram.com\\\/fotovoltaico_seasolar\\\/\"]}]}<\/script>\n<meta property=\"product:brand\" content=\"Q-CELLS\" \/>\n<meta property=\"product:price:currency\" content=\"EUR\" \/>\n<meta property=\"og:availability\" content=\"out of stock\" \/>\n<meta property=\"product:availability\" content=\"out of stock\" \/>\n<meta property=\"product:retailer_item_id\" content=\"HQC-MG11SP-410\" \/>\n<meta property=\"product:condition\" content=\"new\" \/>\n<!-- \/ Yoast SEO Premium plugin. -->","yoast_head_json":{"title":"Q-CELLS Q.PEAK DUO M-G11S-PLUS 410W - Seasolar Fotovoltaico","description":"Q-CELLS Q.PEAK DUO M-G11S-PLUS 410W The Q.PEAK is a monocrystalline solar module with power up to 420W and an excellent efficiency of up to 21.5%","robots":{"index":"index","follow":"follow","max-snippet":"max-snippet:-1","max-image-preview":"max-image-preview:large","max-video-preview":"max-video-preview:-1"},"canonical":"https:\/\/seasolargroup.com\/product\/q-cells-q-peak-duo-m-g11s-plus-410w\/","og_locale":"fr_FR","og_type":"article","og_title":"Q-CELLS Q.PEAK DUO M-G11S-PLUS 410W","og_description":"Q-CELLS Q.PEAK DUO M-G11S-PLUS 410W The Q.PEAK is a monocrystalline solar module with power up to 420W and an excellent efficiency of up to 21.5%","og_url":"https:\/\/seasolargroup.com\/product\/q-cells-q-peak-duo-m-g11s-plus-410w\/","og_site_name":"Seasolar Fotovoltaico","article_publisher":"https:\/\/www.facebook.com\/seasolargroup","article_modified_time":"2025-11-02T17:45:30+00:00","og_image":[{"width":1375,"height":1949,"url":"https:\/\/seasolargroup.com\/wp-content\/uploads\/2023\/12\/Q-CELLS-Q.PEAK-DUO-M-G11-EN-2.jpg","type":"image\/jpeg"}],"twitter_card":"summary_large_image","twitter_site":"@seasolargroup","twitter_misc":{"Prix":"","Disponibilit\u00e9":"Rupture de stock"},"schema":{"@context":"https:\/\/schema.org","@graph":[{"@type":"WebPage","@id":"https:\/\/seasolargroup.com\/product\/q-cells-q-peak-duo-m-g11s-plus-410w\/","url":"https:\/\/seasolargroup.com\/product\/q-cells-q-peak-duo-m-g11s-plus-410w\/","name":"Q-CELLS Q.PEAK DUO M-G11S-PLUS 410W - Seasolar Fotovoltaico","isPartOf":{"@id":"https:\/\/seasolargroup.com\/#website"},"primaryImageOfPage":{"@id":"https:\/\/seasolargroup.com\/product\/q-cells-q-peak-duo-m-g11s-plus-410w\/#primaryimage"},"image":{"@id":"https:\/\/seasolargroup.com\/product\/q-cells-q-peak-duo-m-g11s-plus-410w\/#primaryimage"},"thumbnailUrl":"https:\/\/i0.wp.com\/seasolargroup.com\/wp-content\/uploads\/2023\/12\/Q-CELLS-Q.PEAK-DUO-M-G11-EN-2.jpg?fit=1375%2C1949&ssl=1","datePublished":"2023-12-24T14:54:54+00:00","dateModified":"2025-11-02T17:45:30+00:00","description":"Q-CELLS Q.PEAK DUO M-G11S-PLUS 410W The Q.PEAK is a monocrystalline solar module with power up to 420W and an excellent efficiency of up to 21.5%","breadcrumb":{"@id":"https:\/\/seasolargroup.com\/product\/q-cells-q-peak-duo-m-g11s-plus-410w\/#breadcrumb"},"inLanguage":"fr-FR","potentialAction":[{"@type":"ReadAction","target":["https:\/\/seasolargroup.com\/product\/q-cells-q-peak-duo-m-g11s-plus-410w\/"]}]},{"@type":"ImageObject","inLanguage":"fr-FR","@id":"https:\/\/seasolargroup.com\/product\/q-cells-q-peak-duo-m-g11s-plus-410w\/#primaryimage","url":"https:\/\/i0.wp.com\/seasolargroup.com\/wp-content\/uploads\/2023\/12\/Q-CELLS-Q.PEAK-DUO-M-G11-EN-2.jpg?fit=1375%2C1949&ssl=1","contentUrl":"https:\/\/i0.wp.com\/seasolargroup.com\/wp-content\/uploads\/2023\/12\/Q-CELLS-Q.PEAK-DUO-M-G11-EN-2.jpg?fit=1375%2C1949&ssl=1","width":1375,"height":1949,"caption":"Q-CELLS Q.PEAK DUO M-G11"},{"@type":"BreadcrumbList","@id":"https:\/\/seasolargroup.com\/product\/q-cells-q-peak-duo-m-g11s-plus-410w\/#breadcrumb","itemListElement":[{"@type":"ListItem","position":1,"name":"Home","item":"https:\/\/seasolargroup.com\/"},{"@type":"ListItem","position":2,"name":"Products","item":"https:\/\/seasolargroup.com\/products\/"},{"@type":"ListItem","position":3,"name":"Q-CELLS Q.PEAK DUO M-G11S-PLUS 410W"}]},{"@type":"WebSite","@id":"https:\/\/seasolargroup.com\/#website","url":"https:\/\/seasolargroup.com\/","name":"Seasolar Fotovoltaico","description":"Turnkey photovoltaic systems since 2008","publisher":{"@id":"https:\/\/seasolargroup.com\/#organization"},"potentialAction":[{"@type":"SearchAction","target":{"@type":"EntryPoint","urlTemplate":"https:\/\/seasolargroup.com\/?s={search_term_string}"},"query-input":{"@type":"PropertyValueSpecification","valueRequired":true,"valueName":"search_term_string"}}],"inLanguage":"fr-FR"},{"@type":"Organization","@id":"https:\/\/seasolargroup.com\/#organization","name":"SEASOLAR fotovoltaico","url":"https:\/\/seasolargroup.com\/","logo":{"@type":"ImageObject","inLanguage":"fr-FR","@id":"https:\/\/seasolargroup.com\/#\/schema\/logo\/image\/","url":"https:\/\/i0.wp.com\/seasolargroup.com\/wp-content\/uploads\/2024\/10\/seasolar_logo_2024_social.png?fit=360%2C360&ssl=1","contentUrl":"https:\/\/i0.wp.com\/seasolargroup.com\/wp-content\/uploads\/2024\/10\/seasolar_logo_2024_social.png?fit=360%2C360&ssl=1","width":360,"height":360,"caption":"SEASOLAR fotovoltaico"},"image":{"@id":"https:\/\/seasolargroup.com\/#\/schema\/logo\/image\/"},"sameAs":["https:\/\/www.facebook.com\/seasolargroup","https:\/\/x.com\/seasolargroup","https:\/\/www.linkedin.com\/in\/seasolar-group-news\/","https:\/\/www.youtube.com\/channel\/UCVrmhrGih_bFnpj0as_vDuQ","https:\/\/www.instagram.com\/fotovoltaico_seasolar\/"]}]},"product_brand":"Q-CELLS","product_price_currency":"EUR","og_availability":"out of stock","product_availability":"out of stock","product_retailer_item_id":"HQC-MG11SP-410","product_condition":"new"},"jetpack_publicize_connections":[],"jetpack_sharing_enabled":true,"jetpack_likes_enabled":true,"jetpack-related-posts":[],"_links":{"self":[{"href":"https:\/\/seasolargroup.com\/fr\/wp-json\/wp\/v2\/product\/13698","targetHints":{"allow":["GET"]}}],"collection":[{"href":"https:\/\/seasolargroup.com\/fr\/wp-json\/wp\/v2\/product"}],"about":[{"href":"https:\/\/seasolargroup.com\/fr\/wp-json\/wp\/v2\/types\/product"}],"replies":[{"embeddable":true,"href":"https:\/\/seasolargroup.com\/fr\/wp-json\/wp\/v2\/comments?post=13698"}],"wp:featuredmedia":[{"embeddable":true,"href":"https:\/\/seasolargroup.com\/fr\/wp-json\/wp\/v2\/media\/13706"}],"wp:attachment":[{"href":"https:\/\/seasolargroup.com\/fr\/wp-json\/wp\/v2\/media?parent=13698"}],"wp:term":[{"taxonomy":"product_brand","embeddable":true,"href":"https:\/\/seasolargroup.com\/fr\/wp-json\/wp\/v2\/product_brand?post=13698"},{"taxonomy":"product_cat","embeddable":true,"href":"https:\/\/seasolargroup.com\/fr\/wp-json\/wp\/v2\/product_cat?post=13698"},{"taxonomy":"product_tag","embeddable":true,"href":"https:\/\/seasolargroup.com\/fr\/wp-json\/wp\/v2\/product_tag?post=13698"}],"curies":[{"name":"wp","href":"https:\/\/api.w.org\/{rel}","templated":true}]}}