{"id":11982,"date":"2020-05-05T15:09:20","date_gmt":"2020-05-05T13:09:20","guid":{"rendered":"https:\/\/seasolargroup.com\/?post_type=product&#038;p=11982"},"modified":"2025-10-22T21:47:27","modified_gmt":"2025-10-22T20:47:27","slug":"sungrow-sg5k-d","status":"publish","type":"product","link":"https:\/\/seasolargroup.com\/fr\/product\/sungrow-sg5k-d\/","title":{"rendered":"SUNGROW SG5K-D"},"content":{"rendered":"<p><img data-recalc-dims=\"1\" loading=\"lazy\" decoding=\"async\" data-id=\"11974\"  src=\"https:\/\/i0.wp.com\/seasolargroup.com\/wp-content\/uploads\/2020\/05\/SGxK-D-1.jpg?resize=725%2C933&#038;ssl=1\" alt=\"\" width=\"725\" height=\"933\" class=\"aligncenter size-full wp-image-11974\" srcset=\"https:\/\/i0.wp.com\/seasolargroup.com\/wp-content\/uploads\/2020\/05\/SGxK-D-1.jpg?w=725&amp;ssl=1 725w, https:\/\/i0.wp.com\/seasolargroup.com\/wp-content\/uploads\/2020\/05\/SGxK-D-1.jpg?resize=233%2C300&amp;ssl=1 233w\" sizes=\"auto, (max-width: 725px) 100vw, 725px\" \/><br \/>\n<img data-recalc-dims=\"1\" loading=\"lazy\" decoding=\"async\" data-id=\"11975\"  src=\"https:\/\/i0.wp.com\/seasolargroup.com\/wp-content\/uploads\/2020\/05\/SGxK-D-2.jpg?resize=725%2C933&#038;ssl=1\" alt=\"\" width=\"725\" height=\"933\" class=\"aligncenter size-full wp-image-11975\" srcset=\"https:\/\/i0.wp.com\/seasolargroup.com\/wp-content\/uploads\/2020\/05\/SGxK-D-2.jpg?w=725&amp;ssl=1 725w, https:\/\/i0.wp.com\/seasolargroup.com\/wp-content\/uploads\/2020\/05\/SGxK-D-2.jpg?resize=233%2C300&amp;ssl=1 233w\" sizes=\"auto, (max-width: 725px) 100vw, 725px\" \/><br \/>\n\r\n\t\t<div class=\"divider4\"><span><\/span><\/div>\r\n\t\t<\/p>\n<h2>Downloads<\/h2>\n<p><a href=\"https:\/\/seasolargroup.com\/wp-content\/uploads\/2020\/05\/SG3K_3K6_4K_4K6_5K_6K-D_datasheet.pdf\" target=\"_blank\" rel=\"noopener noreferrer\">Datasheet SG3K-3K6-4K-4K6-5K-6K-D<\/a><br \/>\n&nbsp;<br \/>\n<a href=\"https:\/\/seasolargroup.com\/wp-content\/uploads\/2020\/05\/SG2K-S_manual.pdf\" target=\"_blank\" rel=\"noopener noreferrer\">User manual SG3K-3K6-4K-4K6-5K-6K-D<\/a><br \/>\n&nbsp;<br \/>\n<a href=\"https:\/\/seasolargroup.com\/wp-content\/uploads\/2020\/05\/SG2-3K-S-SG3-6K-D_italian_manual.pdf\" target=\"_blank\" rel=\"noopener noreferrer\">Manuale utente SG3K-3K6-4K-4K6-5K-6K-D<\/a><br \/>\n&nbsp;<br \/>\n<a href=\"https:\/\/seasolargroup.com\/wp-content\/uploads\/2020\/05\/CEI-0-21-certificate-SG2-3K-S-SG3-6K-D_0.pdf\" target=\"_blank\" rel=\"noopener noreferrer\">Certificazione CEI 0-21 SG3K-3K6-4K-4K6-5K-6K-D<\/a><br \/>\n&nbsp;<br \/>\n<a href=\"https:\/\/seasolargroup.com\/wp-content\/uploads\/2020\/05\/Sungrow-Inverters-Limited-Warranty-V1.4_201901.pdf\" target=\"_blank\" rel=\"noopener noreferrer\">Sungrow Inverters Limited Warranty V1.4_201901<\/a><br \/>\n\r\n\t\t<div class=\"divider4\"><span><\/span><\/div>\r\n\t\t<\/p>\n<h2>Related offers<\/h2>\n<p><a href=\"https:\/\/seasolargroup.com\/tag\/sungrow\/\">Offers for Sungrow<\/a><br \/>\n\r\n\t\t<div class=\"divider4\"><span><\/span><\/div>\r\n\t\t<\/p>\n<h2>Related projects<\/h2>\n\r\n\t\t<div class=\"divider4\"><span><\/span><\/div>\r\n\t\t\n<h2>Related videos<\/h2>\n<p><span class=\"embed-youtube\" style=\"text-align:center; display: block;\"><iframe loading=\"lazy\" class=\"youtube-player\" width=\"640\" height=\"360\" src=\"https:\/\/www.youtube.com\/embed\/YGFvPdQKhfo?version=3&#038;rel=1&#038;showsearch=0&#038;showinfo=1&#038;iv_load_policy=1&#038;fs=1&#038;hl=fr-FR&#038;autohide=2&#038;wmode=transparent&#038;listType=playlist&#038;list=PLwqK5bEOfjvIUy-p-OrzlNqJ5WYeR0DaK\" allowfullscreen=\"true\" style=\"border:0;\" sandbox=\"allow-scripts allow-same-origin allow-popups allow-presentation allow-popups-to-escape-sandbox\"><\/iframe><\/span><br \/>\n\r\n\t\t<div class=\"divider4\"><span><\/span><\/div>\r\n\t\t<br \/>\n\n<div class=\"wpcf7 no-js\" id=\"wpcf7-f5-o1\" lang=\"en-GB\" dir=\"ltr\" data-wpcf7-id=\"5\">\n<div class=\"screen-reader-response\"><p role=\"status\" aria-live=\"polite\" aria-atomic=\"true\"><\/p> <ul><\/ul><\/div>\n<form action=\"\/fr\/wp-json\/wp\/v2\/product\/11982#wpcf7-f5-o1\" method=\"post\" class=\"wpcf7-form init\" aria-label=\"Contact form\" novalidate=\"novalidate\" data-status=\"init\">\n<fieldset class=\"hidden-fields-container\"><input type=\"hidden\" name=\"_wpcf7\" value=\"5\" \/><input type=\"hidden\" name=\"_wpcf7_version\" value=\"6.1.5\" \/><input type=\"hidden\" name=\"_wpcf7_locale\" value=\"en_GB\" \/><input type=\"hidden\" name=\"_wpcf7_unit_tag\" value=\"wpcf7-f5-o1\" \/><input type=\"hidden\" name=\"_wpcf7_container_post\" value=\"0\" \/><input type=\"hidden\" name=\"_wpcf7_posted_data_hash\" value=\"\" \/><input type=\"hidden\" name=\"_wpcf7_recaptcha_response\" value=\"\" \/>\n<\/fieldset>\n<p><label> <\/label>\n<\/p>\n<h2>Contact\n<\/h2>\n<p><label> N\u2019h\u00e9sitez pas \u00e0 nous contacter pour toute question concernant nos offres ou nos produitss <\/label>\n<\/p>\n<p><label> \u00c9crivez \u00e0 <a href=\"mailto:info@seasolargroup.com\">info@seasolargroup.com<\/a> ou remplissez le formulaire suivant et nous vous contacterons: <\/label>\n<\/p>\n<p><label> Nom *<br \/>\n<span class=\"wpcf7-form-control-wrap\" data-name=\"your-name\"><input size=\"40\" maxlength=\"400\" class=\"wpcf7-form-control wpcf7-text wpcf7-validates-as-required\" aria-required=\"true\" aria-invalid=\"false\" value=\"\" type=\"text\" name=\"your-name\" \/><\/span><\/label>\n<\/p>\n<p><label> Num\u00e9ro de t\u00e9l\u00e9phone *<br \/>\n<span class=\"wpcf7-form-control-wrap\" data-name=\"tel-826\"><input size=\"40\" maxlength=\"400\" class=\"wpcf7-form-control wpcf7-tel wpcf7-validates-as-required wpcf7-text wpcf7-validates-as-tel\" aria-required=\"true\" aria-invalid=\"false\" value=\"\" type=\"tel\" name=\"tel-826\" \/><\/span><\/label>\n<\/p>\n<p><label> Votre E-mail *<br \/>\n<span class=\"wpcf7-form-control-wrap\" data-name=\"your-email\"><input size=\"40\" maxlength=\"400\" class=\"wpcf7-form-control wpcf7-email wpcf7-validates-as-required wpcf7-text wpcf7-validates-as-email\" aria-required=\"true\" aria-invalid=\"false\" value=\"\" type=\"email\" name=\"your-email\" \/><\/span><\/label>\n<\/p>\n<p><label> Sujet *<br \/>\n<span class=\"wpcf7-form-control-wrap\" data-name=\"your-subject\"><input size=\"40\" maxlength=\"400\" class=\"wpcf7-form-control wpcf7-text wpcf7-validates-as-required\" aria-required=\"true\" aria-invalid=\"false\" value=\"\" type=\"text\" name=\"your-subject\" \/><\/span> <\/label>\n<\/p>\n<p><label> Message *<br \/>\n<span class=\"wpcf7-form-control-wrap\" data-name=\"your-message\"><textarea cols=\"40\" rows=\"10\" maxlength=\"2000\" class=\"wpcf7-form-control wpcf7-textarea wpcf7-validates-as-required\" aria-required=\"true\" aria-invalid=\"false\" name=\"your-message\"><\/textarea><\/span> <\/label>\n<\/p>\n<p><label> * champs requis <\/label>\n<\/p>\n<p><input class=\"wpcf7-form-control wpcf7-submit has-spinner\" type=\"submit\" value=\"ENVOYER\" \/>\n<\/p>\n<p><label><\/label>\n<\/p><p style=\"display: none !important;\" class=\"akismet-fields-container\" data-prefix=\"_wpcf7_ak_\"><label>&#916;<textarea name=\"_wpcf7_ak_hp_textarea\" cols=\"45\" rows=\"8\" maxlength=\"100\"><\/textarea><\/label><input type=\"hidden\" id=\"ak_js_1\" name=\"_wpcf7_ak_js\" value=\"94\"\/><script>document.getElementById( \"ak_js_1\" ).setAttribute( \"value\", ( new Date() ).getTime() );<\/script><\/p><div class=\"wpcf7-response-output\" aria-hidden=\"true\"><\/div>\n<\/form>\n<\/div>\n<\/p>\n<!-- sktbuilder starter --><script type=\"text\/javascript\" src=\"https:\/\/seasolargroup.com\/wp-content\/plugins\/skt-builder\/sktbuilder\/sktbuilder-frontend-starter.js\"><\/script><script type=\"text\/javascript\" src=\"https:\/\/seasolargroup.com\/wp-content\/plugins\/skt-builder\/sktbuilder-wordpress-driver.js\"><\/script><script type=\"text\/javascript\"> var starter = new SktbuilderStarter({\"mode\": \"prod\", \"skip\":[\"jquery\",\"underscore\",\"backbone\"],\"sktbuilderUrl\": \"https:\/\/seasolargroup.com\/wp-content\/plugins\/skt-builder\/sktbuilder\/\", \"driver\": new SktbuilderWordpressDriver({\"ajaxUrl\": \"https:\/\/seasolargroup.com\/wp-admin\/admin-ajax.php\", \"iframeUrl\": \"https:\/\/seasolargroup.com\/fr\/product\/sungrow-sg5k-d\/?sktbuilder=true\", \"pageId\": 11982,  \"nonce\": \"e0932fc899\", \"pages\": [], \"page\": \"SUNGROW SG5K-D\" }) });<\/script><!-- end sktbuilder starter -->","protected":false},"excerpt":{"rendered":"<p>Single-Phase Inverter<br \/>\nSungrow&rsquo;s inverters achieve up to 99% efficiency with up to 2 MPPTs (Maximum Power Point Tracker) that react to changes in the light intensity by choosing the optimal load for the cells to get the most usable power output.<\/p>\n","protected":false},"featured_media":11976,"comment_status":"open","ping_status":"closed","template":"","meta":{"_mbp_gutenberg_autopost":false,"_pgmb_is_evergreen":false,"_pgmb_ap_template_id":0,"jetpack_publicize_message":"SUNGROW SG8KTL-M","jetpack_publicize_feature_enabled":true,"jetpack_social_post_already_shared":true,"jetpack_social_options":{"image_generator_settings":{"template":"highway","default_image_id":0,"font":"","enabled":false},"version":2}},"product_brand":[4042],"product_cat":[1011],"product_tag":[1744],"class_list":{"0":"post-11982","1":"product","2":"type-product","3":"status-publish","4":"has-post-thumbnail","6":"product_brand-sungrow","7":"product_cat-inverter","8":"product_tag-sungrow","10":"first","11":"outofstock","12":"taxable","13":"shipping-taxable","14":"product-type-simple"},"yoast_head":"<!-- This site is optimized with the Yoast SEO Premium plugin v26.7 (Yoast SEO v27.3) - https:\/\/yoast.com\/product\/yoast-seo-premium-wordpress\/ -->\n<title>SUNGROW SG5K-D - Seasolar Fotovoltaico<\/title>\n<meta name=\"description\" content=\"Sungrow&#039;s inverters achieve up to 99% efficiency with up to 2 MPPTs that react to changes in the light intensity by choosing the optimal load for the cells to get the most usable power output.\" \/>\n<meta name=\"robots\" content=\"index, follow, max-snippet:-1, max-image-preview:large, max-video-preview:-1\" \/>\n<link rel=\"canonical\" href=\"https:\/\/seasolargroup.com\/product\/sungrow-sg5k-d\/\" \/>\n<meta property=\"og:locale\" content=\"fr_FR\" \/>\n<meta property=\"og:type\" content=\"article\" \/>\n<meta property=\"og:title\" content=\"SUNGROW SG5K-D\" \/>\n<meta property=\"og:description\" content=\"Sungrow&#039;s inverters achieve up to 99% efficiency with up to 2 MPPTs that react to changes in the light intensity by choosing the optimal load for the cells to get the most usable power output.\" \/>\n<meta property=\"og:url\" content=\"https:\/\/seasolargroup.com\/product\/sungrow-sg5k-d\/\" \/>\n<meta property=\"og:site_name\" content=\"Seasolar Fotovoltaico\" \/>\n<meta property=\"article:publisher\" content=\"https:\/\/www.facebook.com\/seasolargroup\" \/>\n<meta property=\"article:modified_time\" content=\"2025-10-22T20:47:27+00:00\" \/>\n<meta property=\"og:image\" content=\"https:\/\/seasolargroup.com\/wp-content\/uploads\/2020\/05\/SGxK-D.jpg\" \/>\n\t<meta property=\"og:image:width\" content=\"500\" \/>\n\t<meta property=\"og:image:height\" content=\"500\" \/>\n\t<meta property=\"og:image:type\" content=\"image\/jpeg\" \/>\n<meta name=\"twitter:card\" content=\"summary_large_image\" \/>\n<meta name=\"twitter:site\" content=\"@seasolargroup\" \/>\n<meta name=\"twitter:label1\" content=\"Prix\" \/>\n\t<meta name=\"twitter:data1\" content=\"\" \/>\n\t<meta name=\"twitter:label2\" content=\"Disponibilit\u00e9\" \/>\n\t<meta name=\"twitter:data2\" content=\"Rupture de stock\" \/>\n<script type=\"application\/ld+json\" class=\"yoast-schema-graph\">{\"@context\":\"https:\\\/\\\/schema.org\",\"@graph\":[{\"@type\":\"WebPage\",\"@id\":\"https:\\\/\\\/seasolargroup.com\\\/product\\\/sungrow-sg5k-d\\\/\",\"url\":\"https:\\\/\\\/seasolargroup.com\\\/product\\\/sungrow-sg5k-d\\\/\",\"name\":\"SUNGROW SG5K-D - Seasolar Fotovoltaico\",\"isPartOf\":{\"@id\":\"https:\\\/\\\/seasolargroup.com\\\/#website\"},\"primaryImageOfPage\":{\"@id\":\"https:\\\/\\\/seasolargroup.com\\\/product\\\/sungrow-sg5k-d\\\/#primaryimage\"},\"image\":{\"@id\":\"https:\\\/\\\/seasolargroup.com\\\/product\\\/sungrow-sg5k-d\\\/#primaryimage\"},\"thumbnailUrl\":\"https:\\\/\\\/i0.wp.com\\\/seasolargroup.com\\\/wp-content\\\/uploads\\\/2020\\\/05\\\/SGxK-D.jpg?fit=500%2C500&ssl=1\",\"datePublished\":\"2020-05-05T13:09:20+00:00\",\"dateModified\":\"2025-10-22T20:47:27+00:00\",\"description\":\"Sungrow's inverters achieve up to 99% efficiency with up to 2 MPPTs that react to changes in the light intensity by choosing the optimal load for the cells to get the most usable power output.\",\"breadcrumb\":{\"@id\":\"https:\\\/\\\/seasolargroup.com\\\/product\\\/sungrow-sg5k-d\\\/#breadcrumb\"},\"inLanguage\":\"fr-FR\",\"potentialAction\":[{\"@type\":\"ReadAction\",\"target\":[\"https:\\\/\\\/seasolargroup.com\\\/product\\\/sungrow-sg5k-d\\\/\"]}]},{\"@type\":\"ImageObject\",\"inLanguage\":\"fr-FR\",\"@id\":\"https:\\\/\\\/seasolargroup.com\\\/product\\\/sungrow-sg5k-d\\\/#primaryimage\",\"url\":\"https:\\\/\\\/i0.wp.com\\\/seasolargroup.com\\\/wp-content\\\/uploads\\\/2020\\\/05\\\/SGxK-D.jpg?fit=500%2C500&ssl=1\",\"contentUrl\":\"https:\\\/\\\/i0.wp.com\\\/seasolargroup.com\\\/wp-content\\\/uploads\\\/2020\\\/05\\\/SGxK-D.jpg?fit=500%2C500&ssl=1\",\"width\":500,\"height\":500,\"caption\":\"SUNGROW SGxK-D\"},{\"@type\":\"BreadcrumbList\",\"@id\":\"https:\\\/\\\/seasolargroup.com\\\/product\\\/sungrow-sg5k-d\\\/#breadcrumb\",\"itemListElement\":[{\"@type\":\"ListItem\",\"position\":1,\"name\":\"Home\",\"item\":\"https:\\\/\\\/seasolargroup.com\\\/\"},{\"@type\":\"ListItem\",\"position\":2,\"name\":\"Products\",\"item\":\"https:\\\/\\\/seasolargroup.com\\\/products\\\/\"},{\"@type\":\"ListItem\",\"position\":3,\"name\":\"SUNGROW SG5K-D\"}]},{\"@type\":\"WebSite\",\"@id\":\"https:\\\/\\\/seasolargroup.com\\\/#website\",\"url\":\"https:\\\/\\\/seasolargroup.com\\\/\",\"name\":\"Seasolar Fotovoltaico\",\"description\":\"Turnkey photovoltaic systems since 2008\",\"publisher\":{\"@id\":\"https:\\\/\\\/seasolargroup.com\\\/#organization\"},\"potentialAction\":[{\"@type\":\"SearchAction\",\"target\":{\"@type\":\"EntryPoint\",\"urlTemplate\":\"https:\\\/\\\/seasolargroup.com\\\/?s={search_term_string}\"},\"query-input\":{\"@type\":\"PropertyValueSpecification\",\"valueRequired\":true,\"valueName\":\"search_term_string\"}}],\"inLanguage\":\"fr-FR\"},{\"@type\":\"Organization\",\"@id\":\"https:\\\/\\\/seasolargroup.com\\\/#organization\",\"name\":\"SEASOLAR fotovoltaico\",\"url\":\"https:\\\/\\\/seasolargroup.com\\\/\",\"logo\":{\"@type\":\"ImageObject\",\"inLanguage\":\"fr-FR\",\"@id\":\"https:\\\/\\\/seasolargroup.com\\\/#\\\/schema\\\/logo\\\/image\\\/\",\"url\":\"https:\\\/\\\/i0.wp.com\\\/seasolargroup.com\\\/wp-content\\\/uploads\\\/2024\\\/10\\\/seasolar_logo_2024_social.png?fit=360%2C360&ssl=1\",\"contentUrl\":\"https:\\\/\\\/i0.wp.com\\\/seasolargroup.com\\\/wp-content\\\/uploads\\\/2024\\\/10\\\/seasolar_logo_2024_social.png?fit=360%2C360&ssl=1\",\"width\":360,\"height\":360,\"caption\":\"SEASOLAR fotovoltaico\"},\"image\":{\"@id\":\"https:\\\/\\\/seasolargroup.com\\\/#\\\/schema\\\/logo\\\/image\\\/\"},\"sameAs\":[\"https:\\\/\\\/www.facebook.com\\\/seasolargroup\",\"https:\\\/\\\/x.com\\\/seasolargroup\",\"https:\\\/\\\/www.linkedin.com\\\/in\\\/seasolar-group-news\\\/\",\"https:\\\/\\\/www.youtube.com\\\/channel\\\/UCVrmhrGih_bFnpj0as_vDuQ\",\"https:\\\/\\\/www.instagram.com\\\/fotovoltaico_seasolar\\\/\"]}]}<\/script>\n<meta property=\"product:brand\" content=\"SUNGROW\" \/>\n<meta property=\"product:price:currency\" content=\"EUR\" \/>\n<meta property=\"og:availability\" content=\"out of stock\" \/>\n<meta property=\"product:availability\" content=\"out of stock\" \/>\n<meta property=\"product:condition\" content=\"new\" \/>\n<!-- \/ Yoast SEO Premium plugin. -->","yoast_head_json":{"title":"SUNGROW SG5K-D - Seasolar Fotovoltaico","description":"Sungrow's inverters achieve up to 99% efficiency with up to 2 MPPTs that react to changes in the light intensity by choosing the optimal load for the cells to get the most usable power output.","robots":{"index":"index","follow":"follow","max-snippet":"max-snippet:-1","max-image-preview":"max-image-preview:large","max-video-preview":"max-video-preview:-1"},"canonical":"https:\/\/seasolargroup.com\/product\/sungrow-sg5k-d\/","og_locale":"fr_FR","og_type":"article","og_title":"SUNGROW SG5K-D","og_description":"Sungrow's inverters achieve up to 99% efficiency with up to 2 MPPTs that react to changes in the light intensity by choosing the optimal load for the cells to get the most usable power output.","og_url":"https:\/\/seasolargroup.com\/product\/sungrow-sg5k-d\/","og_site_name":"Seasolar Fotovoltaico","article_publisher":"https:\/\/www.facebook.com\/seasolargroup","article_modified_time":"2025-10-22T20:47:27+00:00","og_image":[{"width":500,"height":500,"url":"https:\/\/seasolargroup.com\/wp-content\/uploads\/2020\/05\/SGxK-D.jpg","type":"image\/jpeg"}],"twitter_card":"summary_large_image","twitter_site":"@seasolargroup","twitter_misc":{"Prix":"","Disponibilit\u00e9":"Rupture de stock"},"schema":{"@context":"https:\/\/schema.org","@graph":[{"@type":"WebPage","@id":"https:\/\/seasolargroup.com\/product\/sungrow-sg5k-d\/","url":"https:\/\/seasolargroup.com\/product\/sungrow-sg5k-d\/","name":"SUNGROW SG5K-D - Seasolar Fotovoltaico","isPartOf":{"@id":"https:\/\/seasolargroup.com\/#website"},"primaryImageOfPage":{"@id":"https:\/\/seasolargroup.com\/product\/sungrow-sg5k-d\/#primaryimage"},"image":{"@id":"https:\/\/seasolargroup.com\/product\/sungrow-sg5k-d\/#primaryimage"},"thumbnailUrl":"https:\/\/i0.wp.com\/seasolargroup.com\/wp-content\/uploads\/2020\/05\/SGxK-D.jpg?fit=500%2C500&ssl=1","datePublished":"2020-05-05T13:09:20+00:00","dateModified":"2025-10-22T20:47:27+00:00","description":"Sungrow's inverters achieve up to 99% efficiency with up to 2 MPPTs that react to changes in the light intensity by choosing the optimal load for the cells to get the most usable power output.","breadcrumb":{"@id":"https:\/\/seasolargroup.com\/product\/sungrow-sg5k-d\/#breadcrumb"},"inLanguage":"fr-FR","potentialAction":[{"@type":"ReadAction","target":["https:\/\/seasolargroup.com\/product\/sungrow-sg5k-d\/"]}]},{"@type":"ImageObject","inLanguage":"fr-FR","@id":"https:\/\/seasolargroup.com\/product\/sungrow-sg5k-d\/#primaryimage","url":"https:\/\/i0.wp.com\/seasolargroup.com\/wp-content\/uploads\/2020\/05\/SGxK-D.jpg?fit=500%2C500&ssl=1","contentUrl":"https:\/\/i0.wp.com\/seasolargroup.com\/wp-content\/uploads\/2020\/05\/SGxK-D.jpg?fit=500%2C500&ssl=1","width":500,"height":500,"caption":"SUNGROW SGxK-D"},{"@type":"BreadcrumbList","@id":"https:\/\/seasolargroup.com\/product\/sungrow-sg5k-d\/#breadcrumb","itemListElement":[{"@type":"ListItem","position":1,"name":"Home","item":"https:\/\/seasolargroup.com\/"},{"@type":"ListItem","position":2,"name":"Products","item":"https:\/\/seasolargroup.com\/products\/"},{"@type":"ListItem","position":3,"name":"SUNGROW SG5K-D"}]},{"@type":"WebSite","@id":"https:\/\/seasolargroup.com\/#website","url":"https:\/\/seasolargroup.com\/","name":"Seasolar Fotovoltaico","description":"Turnkey photovoltaic systems since 2008","publisher":{"@id":"https:\/\/seasolargroup.com\/#organization"},"potentialAction":[{"@type":"SearchAction","target":{"@type":"EntryPoint","urlTemplate":"https:\/\/seasolargroup.com\/?s={search_term_string}"},"query-input":{"@type":"PropertyValueSpecification","valueRequired":true,"valueName":"search_term_string"}}],"inLanguage":"fr-FR"},{"@type":"Organization","@id":"https:\/\/seasolargroup.com\/#organization","name":"SEASOLAR fotovoltaico","url":"https:\/\/seasolargroup.com\/","logo":{"@type":"ImageObject","inLanguage":"fr-FR","@id":"https:\/\/seasolargroup.com\/#\/schema\/logo\/image\/","url":"https:\/\/i0.wp.com\/seasolargroup.com\/wp-content\/uploads\/2024\/10\/seasolar_logo_2024_social.png?fit=360%2C360&ssl=1","contentUrl":"https:\/\/i0.wp.com\/seasolargroup.com\/wp-content\/uploads\/2024\/10\/seasolar_logo_2024_social.png?fit=360%2C360&ssl=1","width":360,"height":360,"caption":"SEASOLAR fotovoltaico"},"image":{"@id":"https:\/\/seasolargroup.com\/#\/schema\/logo\/image\/"},"sameAs":["https:\/\/www.facebook.com\/seasolargroup","https:\/\/x.com\/seasolargroup","https:\/\/www.linkedin.com\/in\/seasolar-group-news\/","https:\/\/www.youtube.com\/channel\/UCVrmhrGih_bFnpj0as_vDuQ","https:\/\/www.instagram.com\/fotovoltaico_seasolar\/"]}]},"product_brand":"SUNGROW","product_price_currency":"EUR","og_availability":"out of stock","product_availability":"out of stock","product_condition":"new"},"jetpack_publicize_connections":[],"jetpack_sharing_enabled":true,"jetpack_likes_enabled":true,"jetpack-related-posts":[],"_links":{"self":[{"href":"https:\/\/seasolargroup.com\/fr\/wp-json\/wp\/v2\/product\/11982","targetHints":{"allow":["GET"]}}],"collection":[{"href":"https:\/\/seasolargroup.com\/fr\/wp-json\/wp\/v2\/product"}],"about":[{"href":"https:\/\/seasolargroup.com\/fr\/wp-json\/wp\/v2\/types\/product"}],"replies":[{"embeddable":true,"href":"https:\/\/seasolargroup.com\/fr\/wp-json\/wp\/v2\/comments?post=11982"}],"wp:featuredmedia":[{"embeddable":true,"href":"https:\/\/seasolargroup.com\/fr\/wp-json\/wp\/v2\/media\/11976"}],"wp:attachment":[{"href":"https:\/\/seasolargroup.com\/fr\/wp-json\/wp\/v2\/media?parent=11982"}],"wp:term":[{"taxonomy":"product_brand","embeddable":true,"href":"https:\/\/seasolargroup.com\/fr\/wp-json\/wp\/v2\/product_brand?post=11982"},{"taxonomy":"product_cat","embeddable":true,"href":"https:\/\/seasolargroup.com\/fr\/wp-json\/wp\/v2\/product_cat?post=11982"},{"taxonomy":"product_tag","embeddable":true,"href":"https:\/\/seasolargroup.com\/fr\/wp-json\/wp\/v2\/product_tag?post=11982"}],"curies":[{"name":"wp","href":"https:\/\/api.w.org\/{rel}","templated":true}]}}