{"id":4399,"date":"2018-08-28T10:57:55","date_gmt":"2018-08-28T08:57:55","guid":{"rendered":"https:\/\/seasolargroup.com\/?page_id=4399"},"modified":"2023-11-18T17:11:31","modified_gmt":"2023-11-18T16:11:31","slug":"financing","status":"publish","type":"page","link":"https:\/\/seasolargroup.com\/fr\/about-us\/financing\/","title":{"rendered":"Financement"},"content":{"rendered":"<p><span style=\"color: #ffffff;\">Financement<\/span><\/p>\n<h2>Financement<\/h2>\n<p><a href=\"https:\/\/seasolargroup.com\/it\/fotovoltaico\/\"><img data-recalc-dims=\"1\" loading=\"lazy\" decoding=\"async\" class=\"aligncenter size-large wp-image-479\" src=\"https:\/\/i0.wp.com\/seasolargroup.com\/wp-content\/uploads\/2018\/04\/P1070756-1.jpg?resize=1024%2C768&#038;ssl=1\" alt=\"\" width=\"1024\" height=\"768\" data-id=\"479\" \/><\/a><br \/>\nSeasolar annonce son partenariat avec les meilleures soci\u00e9t\u00e9s de financement pour permettre le paiement \u00e9chelonn\u00e9 de votre nouveau syst\u00e8me photovolta\u00efque cl\u00e9 en main.<br \/>\n\r\n\t\t<div class=\"divider4\"><span><\/span><\/div>\r\n\t\t<\/p>\n<h2>Calculateur de financement<\/h2>\n<p><form action=\"https:\/\/seasolargroup.com\/fr\/wp-json\/wp\/v2\/pages\/4399#lidd_mc_form\" id=\"lidd_mc_form\" class=\"lidd_mc_form\" method=\"post\"><div class=\"lidd_mc_input lidd_mc_input_light lidd_mc_input_responsive\"><label for=\"lidd_mc_total_amount\">Montant total (\u20ac)<\/label><input type=\"text\" name=\"lidd_mc_total_amount\" id=\"lidd_mc_total_amount\" placeholder=\"\u20ac\" value=\"1000.00\" \/><span id=\"lidd_mc_total_amount-error\"><\/span><\/div><div class=\"lidd_mc_input lidd_mc_input_light lidd_mc_input_responsive\"><label for=\"lidd_mc_down_payment\">Acompte (\u20ac)<\/label><input type=\"text\" name=\"lidd_mc_down_payment\" id=\"lidd_mc_down_payment\" placeholder=\"\u20ac\" \/><span id=\"lidd_mc_down_payment-error\"><\/span><\/div><div class=\"lidd_mc_input lidd_mc_input_light lidd_mc_input_responsive\"><label for=\"lidd_mc_interest_rate\">Taux d&#039;int\u00e9r\u00eat (%)<\/label><input type=\"text\" name=\"lidd_mc_interest_rate\" id=\"lidd_mc_interest_rate\" placeholder=\"%\" value=\"7.45\" \/><span id=\"lidd_mc_interest_rate-error\"><\/span><\/div><div class=\"lidd_mc_input lidd_mc_input_light lidd_mc_input_responsive\"><label for=\"lidd_mc_amortization_period\">P\u00e9riode d&#039;amortissement (mois)<\/label><input type=\"text\" name=\"lidd_mc_amortization_period\" id=\"lidd_mc_amortization_period\" placeholder=\"months\" value=\"120\" \/><span id=\"lidd_mc_amortization_period-error\"><\/span><\/div><input type=\"hidden\" name=\"lidd_mc_payment_period\" id=\"lidd_mc_payment_period\" value=\"12\" \/><div class=\"lidd_mc_input\"><input type=\"submit\" name=\"lidd_mc_submit\" id=\"lidd_mc_submit\" value=\"Calculer\"\/><\/div><\/form><form action=\"https:\/\/www.mlcalc.com\/\" method=\"post\" id=\"lidd_mc_mlc_form\" target=\"MLCalcFrame\"><input type=\"hidden\" name=\"ml\" value=\"mortgage\" \/><input type=\"hidden\" name=\"cl\" value=\"true\" \/><input type=\"hidden\" name=\"wg\" value=\"widget\" \/><input type=\"hidden\" name=\"wt\" value=\"rmc\" \/><input type=\"hidden\" name=\"cr\" value=\"usd\" \/><input type=\"hidden\" name=\"cr\" value=\"\" \/><input type=\"hidden\" name=\"wl\" value=\"en\" \/><input type=\"hidden\" name=\"ma\" value=\"300000.00\" \/><input type=\"hidden\" name=\"dp\" value=\"60000.00\" \/><input type=\"hidden\" name=\"mt\" value=\"30\" \/><input type=\"hidden\" name=\"ir\" value=\"5.00\" \/><input type=\"hidden\" name=\"pt\" value=\"0\" \/><input type=\"hidden\" name=\"pi\" value=\"0\" \/><input type=\"hidden\" name=\"mi\" value=\"0\" \/><\/form><div id=\"lidd_mc_details\" class=\"lidd_mc_details\"><div id=\"lidd_mc_results\" class=\"lidd_mc_results\"><\/div><span id=\"lidd_mc_inspector\"><img data-recalc-dims=\"1\" decoding=\"async\" src=\"https:\/\/i0.wp.com\/seasolargroup.com\/wp-content\/plugins\/responsive-mortgage-calculator\/img\/icon_graph.png?w=12&#038;ssl=1\"  alt=\"monthly payment calculator\" \/><\/span><div id=\"lidd_mc_summary\" class=\"lidd_mc_summary lidd_mc_summary_light\" style=\"display: block;\"><\/div><\/div><br \/>\n\r\n\t\t<div class=\"divider4\"><span><\/span><\/div>\r\n\t\t<\/p>\n<h2>Links<\/h2>\n<p><a href=\"https:\/\/seasolargroup.com\/category\/offers\/\">Our Offers<\/a><br \/>\n&nbsp;<br \/>\n<a href=\"https:\/\/seasolargroup.com\/portfolio\/\">Our Projects<\/a><br \/>\n&nbsp;<br \/>\n<a href=\"https:\/\/seasolargroup.com\/products\/\">Our Products<\/a><br \/>\n\r\n\t\t<div class=\"divider4\"><span><\/span><\/div>\r\n\t\t<br \/>\n\n<div class=\"wpcf7 no-js\" id=\"wpcf7-f5-o4\" lang=\"en-GB\" dir=\"ltr\" data-wpcf7-id=\"5\">\n<div class=\"screen-reader-response\"><p role=\"status\" aria-live=\"polite\" aria-atomic=\"true\"><\/p> <ul><\/ul><\/div>\n<form action=\"\/fr\/wp-json\/wp\/v2\/pages\/4399#wpcf7-f5-o4\" method=\"post\" class=\"wpcf7-form init\" aria-label=\"Contact form\" novalidate=\"novalidate\" data-status=\"init\">\n<fieldset class=\"hidden-fields-container\"><input type=\"hidden\" name=\"_wpcf7\" value=\"5\" \/><input type=\"hidden\" name=\"_wpcf7_version\" value=\"6.1.5\" \/><input type=\"hidden\" name=\"_wpcf7_locale\" value=\"en_GB\" \/><input type=\"hidden\" name=\"_wpcf7_unit_tag\" value=\"wpcf7-f5-o4\" \/><input type=\"hidden\" name=\"_wpcf7_container_post\" value=\"0\" \/><input type=\"hidden\" name=\"_wpcf7_posted_data_hash\" value=\"\" \/><input type=\"hidden\" name=\"_wpcf7_recaptcha_response\" value=\"\" \/>\n<\/fieldset>\n<p><label> <\/label>\n<\/p>\n<h2>Contact\n<\/h2>\n<p><label> N\u2019h\u00e9sitez pas \u00e0 nous contacter pour toute question concernant nos offres ou nos produitss <\/label>\n<\/p>\n<p><label> \u00c9crivez \u00e0 <a href=\"mailto:info@seasolargroup.com\">info@seasolargroup.com<\/a> ou remplissez le formulaire suivant et nous vous contacterons: <\/label>\n<\/p>\n<p><label> Nom *<br \/>\n<span class=\"wpcf7-form-control-wrap\" data-name=\"your-name\"><input size=\"40\" maxlength=\"400\" class=\"wpcf7-form-control wpcf7-text wpcf7-validates-as-required\" aria-required=\"true\" aria-invalid=\"false\" value=\"\" type=\"text\" name=\"your-name\" \/><\/span><\/label>\n<\/p>\n<p><label> Num\u00e9ro de t\u00e9l\u00e9phone *<br \/>\n<span class=\"wpcf7-form-control-wrap\" data-name=\"tel-826\"><input size=\"40\" maxlength=\"400\" class=\"wpcf7-form-control wpcf7-tel wpcf7-validates-as-required wpcf7-text wpcf7-validates-as-tel\" aria-required=\"true\" aria-invalid=\"false\" value=\"\" type=\"tel\" name=\"tel-826\" \/><\/span><\/label>\n<\/p>\n<p><label> Votre E-mail *<br \/>\n<span class=\"wpcf7-form-control-wrap\" data-name=\"your-email\"><input size=\"40\" maxlength=\"400\" class=\"wpcf7-form-control wpcf7-email wpcf7-validates-as-required wpcf7-text wpcf7-validates-as-email\" aria-required=\"true\" aria-invalid=\"false\" value=\"\" type=\"email\" name=\"your-email\" \/><\/span><\/label>\n<\/p>\n<p><label> Sujet *<br \/>\n<span class=\"wpcf7-form-control-wrap\" data-name=\"your-subject\"><input size=\"40\" maxlength=\"400\" class=\"wpcf7-form-control wpcf7-text wpcf7-validates-as-required\" aria-required=\"true\" aria-invalid=\"false\" value=\"\" type=\"text\" name=\"your-subject\" \/><\/span> <\/label>\n<\/p>\n<p><label> Message *<br \/>\n<span class=\"wpcf7-form-control-wrap\" data-name=\"your-message\"><textarea cols=\"40\" rows=\"10\" maxlength=\"2000\" class=\"wpcf7-form-control wpcf7-textarea wpcf7-validates-as-required\" aria-required=\"true\" aria-invalid=\"false\" name=\"your-message\"><\/textarea><\/span> <\/label>\n<\/p>\n<p><label> * champs requis <\/label>\n<\/p>\n<p><input class=\"wpcf7-form-control wpcf7-submit has-spinner\" type=\"submit\" value=\"ENVOYER\" \/>\n<\/p>\n<p><label><\/label>\n<\/p><p style=\"display: none !important;\" class=\"akismet-fields-container\" data-prefix=\"_wpcf7_ak_\"><label>&#916;<textarea name=\"_wpcf7_ak_hp_textarea\" cols=\"45\" rows=\"8\" maxlength=\"100\"><\/textarea><\/label><input type=\"hidden\" id=\"ak_js_4\" name=\"_wpcf7_ak_js\" value=\"110\"\/><script type=\"text\/javascript\">\n\/* <![CDATA[ *\/\ndocument.getElementById( \"ak_js_4\" ).setAttribute( \"value\", ( new Date() ).getTime() );\n\/* ]]> *\/\n<\/script>\n<\/p><div class=\"wpcf7-response-output\" aria-hidden=\"true\"><\/div>\n<\/form>\n<\/div>\n<\/p>\n<!-- sktbuilder starter --><script type=\"text\/javascript\" src=\"https:\/\/seasolargroup.com\/wp-content\/plugins\/skt-builder\/sktbuilder\/sktbuilder-frontend-starter.js\"><\/script><script type=\"text\/javascript\" src=\"https:\/\/seasolargroup.com\/wp-content\/plugins\/skt-builder\/sktbuilder-wordpress-driver.js\"><\/script><script type=\"text\/javascript\"> var starter = new SktbuilderStarter({\"mode\": \"prod\", \"skip\":[\"jquery\",\"underscore\",\"backbone\"],\"sktbuilderUrl\": \"https:\/\/seasolargroup.com\/wp-content\/plugins\/skt-builder\/sktbuilder\/\", \"driver\": new SktbuilderWordpressDriver({\"ajaxUrl\": \"https:\/\/seasolargroup.com\/wp-admin\/admin-ajax.php\", \"iframeUrl\": \"https:\/\/seasolargroup.com\/fr\/about-us\/financing\/?sktbuilder=true\", \"pageId\": 4399,  \"nonce\": \"5b0bbd30bd\", \"pages\": [], \"page\": \"Financement\" }) });<\/script><!-- end sktbuilder starter -->","protected":false},"excerpt":{"rendered":"<p>Financement Financement Seasolar annonce son partenariat avec les meilleures soci\u00e9t\u00e9s de financement pour permettre le paiement \u00e9chelonn\u00e9 de votre nouveau syst\u00e8me photovolta\u00efque cl\u00e9 en main. Calculateur de financement Links Our Offers &nbsp; Our Projects &nbsp; Our Products<\/p>\n","protected":false},"author":1,"featured_media":0,"parent":43,"menu_order":0,"comment_status":"closed","ping_status":"closed","template":"","meta":{"_mbp_gutenberg_autopost":false,"_pgmb_is_evergreen":false,"_pgmb_ap_template_id":0,"footnotes":""},"class_list":["post-4399","page","type-page","status-publish","hentry"],"yoast_head":"<!-- This site is optimized with the Yoast SEO Premium plugin v26.7 (Yoast SEO v27.5) - https:\/\/yoast.com\/product\/yoast-seo-premium-wordpress\/ -->\n<title>Seasolar Fotovoltaico<\/title>\n<meta name=\"description\" content=\"Financing. Seasolar annuncia la partnership con le migliori societ\u00e0 finanziarie per il pagamento rateale del tuo impianto fotovoltaico.\" \/>\n<meta name=\"robots\" content=\"noindex, nofollow\" \/>\n<meta property=\"og:locale\" content=\"fr_FR\" \/>\n<meta property=\"og:type\" content=\"article\" \/>\n<meta property=\"og:title\" content=\"[:en]Financing[:it]Finanziamento[:de]Finanzierung[:fr]Financement[:es]Financiaci\u00f3n[:]\" \/>\n<meta property=\"og:description\" content=\"Financing. Seasolar annuncia la partnership con le migliori societ\u00e0 finanziarie per il pagamento rateale del tuo impianto fotovoltaico.\" \/>\n<meta property=\"og:url\" content=\"https:\/\/seasolargroup.com\/about-us\/financing\/\" \/>\n<meta property=\"og:site_name\" content=\"Seasolar Fotovoltaico\" \/>\n<meta property=\"article:publisher\" content=\"https:\/\/www.facebook.com\/seasolargroup\" \/>\n<meta property=\"article:modified_time\" content=\"2023-11-18T16:11:31+00:00\" \/>\n<meta property=\"og:image\" content=\"https:\/\/seasolargroup.com\/wp-content\/uploads\/2018\/04\/P1070756-1-1024x768.jpg\" \/>\n<meta name=\"twitter:card\" content=\"summary_large_image\" \/>\n<meta name=\"twitter:site\" content=\"@seasolargroup\" \/>\n<meta name=\"twitter:label1\" content=\"Dur\u00e9e de lecture estim\u00e9e\" \/>\n\t<meta name=\"twitter:data1\" content=\"2 minutes\" \/>\n<script type=\"application\/ld+json\" class=\"yoast-schema-graph\">{\"@context\":\"https:\\\/\\\/schema.org\",\"@graph\":[{\"@type\":\"WebPage\",\"@id\":\"https:\\\/\\\/seasolargroup.com\\\/about-us\\\/financing\\\/\",\"url\":\"https:\\\/\\\/seasolargroup.com\\\/about-us\\\/financing\\\/\",\"name\":\"Seasolar Fotovoltaico\",\"isPartOf\":{\"@id\":\"https:\\\/\\\/seasolargroup.com\\\/#website\"},\"primaryImageOfPage\":{\"@id\":\"https:\\\/\\\/seasolargroup.com\\\/about-us\\\/financing\\\/#primaryimage\"},\"image\":{\"@id\":\"https:\\\/\\\/seasolargroup.com\\\/about-us\\\/financing\\\/#primaryimage\"},\"thumbnailUrl\":\"https:\\\/\\\/seasolargroup.com\\\/wp-content\\\/uploads\\\/2018\\\/04\\\/P1070756-1-1024x768.jpg\",\"datePublished\":\"2018-08-28T08:57:55+00:00\",\"dateModified\":\"2023-11-18T16:11:31+00:00\",\"description\":\"Financing. Seasolar annuncia la partnership con le migliori societ\u00e0 finanziarie per il pagamento rateale del tuo impianto fotovoltaico.\",\"breadcrumb\":{\"@id\":\"https:\\\/\\\/seasolargroup.com\\\/about-us\\\/financing\\\/#breadcrumb\"},\"inLanguage\":\"fr-FR\",\"potentialAction\":[{\"@type\":\"ReadAction\",\"target\":[\"https:\\\/\\\/seasolargroup.com\\\/about-us\\\/financing\\\/\"]}]},{\"@type\":\"ImageObject\",\"inLanguage\":\"fr-FR\",\"@id\":\"https:\\\/\\\/seasolargroup.com\\\/about-us\\\/financing\\\/#primaryimage\",\"url\":\"https:\\\/\\\/seasolargroup.com\\\/wp-content\\\/uploads\\\/2018\\\/04\\\/P1070756-1-1024x768.jpg\",\"contentUrl\":\"https:\\\/\\\/seasolargroup.com\\\/wp-content\\\/uploads\\\/2018\\\/04\\\/P1070756-1-1024x768.jpg\"},{\"@type\":\"BreadcrumbList\",\"@id\":\"https:\\\/\\\/seasolargroup.com\\\/about-us\\\/financing\\\/#breadcrumb\",\"itemListElement\":[{\"@type\":\"ListItem\",\"position\":1,\"name\":\"Home\",\"item\":\"https:\\\/\\\/seasolargroup.com\\\/\"},{\"@type\":\"ListItem\",\"position\":2,\"name\":\"About us\",\"item\":\"https:\\\/\\\/seasolargroup.com\\\/about-us\\\/\"},{\"@type\":\"ListItem\",\"position\":3,\"name\":\"Financing\"}]},{\"@type\":\"WebSite\",\"@id\":\"https:\\\/\\\/seasolargroup.com\\\/#website\",\"url\":\"https:\\\/\\\/seasolargroup.com\\\/\",\"name\":\"Seasolar Fotovoltaico\",\"description\":\"Turnkey photovoltaic systems since 2008\",\"publisher\":{\"@id\":\"https:\\\/\\\/seasolargroup.com\\\/#organization\"},\"potentialAction\":[{\"@type\":\"SearchAction\",\"target\":{\"@type\":\"EntryPoint\",\"urlTemplate\":\"https:\\\/\\\/seasolargroup.com\\\/?s={search_term_string}\"},\"query-input\":{\"@type\":\"PropertyValueSpecification\",\"valueRequired\":true,\"valueName\":\"search_term_string\"}}],\"inLanguage\":\"fr-FR\"},{\"@type\":\"Organization\",\"@id\":\"https:\\\/\\\/seasolargroup.com\\\/#organization\",\"name\":\"SEASOLAR fotovoltaico\",\"url\":\"https:\\\/\\\/seasolargroup.com\\\/\",\"logo\":{\"@type\":\"ImageObject\",\"inLanguage\":\"fr-FR\",\"@id\":\"https:\\\/\\\/seasolargroup.com\\\/#\\\/schema\\\/logo\\\/image\\\/\",\"url\":\"https:\\\/\\\/i0.wp.com\\\/seasolargroup.com\\\/wp-content\\\/uploads\\\/2024\\\/10\\\/seasolar_logo_2024_social.png?fit=360%2C360&ssl=1\",\"contentUrl\":\"https:\\\/\\\/i0.wp.com\\\/seasolargroup.com\\\/wp-content\\\/uploads\\\/2024\\\/10\\\/seasolar_logo_2024_social.png?fit=360%2C360&ssl=1\",\"width\":360,\"height\":360,\"caption\":\"SEASOLAR fotovoltaico\"},\"image\":{\"@id\":\"https:\\\/\\\/seasolargroup.com\\\/#\\\/schema\\\/logo\\\/image\\\/\"},\"sameAs\":[\"https:\\\/\\\/www.facebook.com\\\/seasolargroup\",\"https:\\\/\\\/x.com\\\/seasolargroup\",\"https:\\\/\\\/www.linkedin.com\\\/in\\\/seasolar-group-news\\\/\",\"https:\\\/\\\/www.youtube.com\\\/channel\\\/UCVrmhrGih_bFnpj0as_vDuQ\",\"https:\\\/\\\/www.instagram.com\\\/fotovoltaico_seasolar\\\/\"]}]}<\/script>\n<!-- \/ Yoast SEO Premium plugin. -->","yoast_head_json":{"title":"Seasolar Fotovoltaico","description":"Financing. Seasolar annuncia la partnership con le migliori societ\u00e0 finanziarie per il pagamento rateale del tuo impianto fotovoltaico.","robots":{"index":"noindex","follow":"nofollow"},"og_locale":"fr_FR","og_type":"article","og_title":"[:en]Financing[:it]Finanziamento[:de]Finanzierung[:fr]Financement[:es]Financiaci\u00f3n[:]","og_description":"Financing. Seasolar annuncia la partnership con le migliori societ\u00e0 finanziarie per il pagamento rateale del tuo impianto fotovoltaico.","og_url":"https:\/\/seasolargroup.com\/about-us\/financing\/","og_site_name":"Seasolar Fotovoltaico","article_publisher":"https:\/\/www.facebook.com\/seasolargroup","article_modified_time":"2023-11-18T16:11:31+00:00","og_image":[{"url":"https:\/\/seasolargroup.com\/wp-content\/uploads\/2018\/04\/P1070756-1-1024x768.jpg","type":"","width":"","height":""}],"twitter_card":"summary_large_image","twitter_site":"@seasolargroup","twitter_misc":{"Dur\u00e9e de lecture estim\u00e9e":"2 minutes"},"schema":{"@context":"https:\/\/schema.org","@graph":[{"@type":"WebPage","@id":"https:\/\/seasolargroup.com\/about-us\/financing\/","url":"https:\/\/seasolargroup.com\/about-us\/financing\/","name":"Seasolar Fotovoltaico","isPartOf":{"@id":"https:\/\/seasolargroup.com\/#website"},"primaryImageOfPage":{"@id":"https:\/\/seasolargroup.com\/about-us\/financing\/#primaryimage"},"image":{"@id":"https:\/\/seasolargroup.com\/about-us\/financing\/#primaryimage"},"thumbnailUrl":"https:\/\/seasolargroup.com\/wp-content\/uploads\/2018\/04\/P1070756-1-1024x768.jpg","datePublished":"2018-08-28T08:57:55+00:00","dateModified":"2023-11-18T16:11:31+00:00","description":"Financing. Seasolar annuncia la partnership con le migliori societ\u00e0 finanziarie per il pagamento rateale del tuo impianto fotovoltaico.","breadcrumb":{"@id":"https:\/\/seasolargroup.com\/about-us\/financing\/#breadcrumb"},"inLanguage":"fr-FR","potentialAction":[{"@type":"ReadAction","target":["https:\/\/seasolargroup.com\/about-us\/financing\/"]}]},{"@type":"ImageObject","inLanguage":"fr-FR","@id":"https:\/\/seasolargroup.com\/about-us\/financing\/#primaryimage","url":"https:\/\/seasolargroup.com\/wp-content\/uploads\/2018\/04\/P1070756-1-1024x768.jpg","contentUrl":"https:\/\/seasolargroup.com\/wp-content\/uploads\/2018\/04\/P1070756-1-1024x768.jpg"},{"@type":"BreadcrumbList","@id":"https:\/\/seasolargroup.com\/about-us\/financing\/#breadcrumb","itemListElement":[{"@type":"ListItem","position":1,"name":"Home","item":"https:\/\/seasolargroup.com\/"},{"@type":"ListItem","position":2,"name":"About us","item":"https:\/\/seasolargroup.com\/about-us\/"},{"@type":"ListItem","position":3,"name":"Financing"}]},{"@type":"WebSite","@id":"https:\/\/seasolargroup.com\/#website","url":"https:\/\/seasolargroup.com\/","name":"Seasolar Fotovoltaico","description":"Turnkey photovoltaic systems since 2008","publisher":{"@id":"https:\/\/seasolargroup.com\/#organization"},"potentialAction":[{"@type":"SearchAction","target":{"@type":"EntryPoint","urlTemplate":"https:\/\/seasolargroup.com\/?s={search_term_string}"},"query-input":{"@type":"PropertyValueSpecification","valueRequired":true,"valueName":"search_term_string"}}],"inLanguage":"fr-FR"},{"@type":"Organization","@id":"https:\/\/seasolargroup.com\/#organization","name":"SEASOLAR fotovoltaico","url":"https:\/\/seasolargroup.com\/","logo":{"@type":"ImageObject","inLanguage":"fr-FR","@id":"https:\/\/seasolargroup.com\/#\/schema\/logo\/image\/","url":"https:\/\/i0.wp.com\/seasolargroup.com\/wp-content\/uploads\/2024\/10\/seasolar_logo_2024_social.png?fit=360%2C360&ssl=1","contentUrl":"https:\/\/i0.wp.com\/seasolargroup.com\/wp-content\/uploads\/2024\/10\/seasolar_logo_2024_social.png?fit=360%2C360&ssl=1","width":360,"height":360,"caption":"SEASOLAR fotovoltaico"},"image":{"@id":"https:\/\/seasolargroup.com\/#\/schema\/logo\/image\/"},"sameAs":["https:\/\/www.facebook.com\/seasolargroup","https:\/\/x.com\/seasolargroup","https:\/\/www.linkedin.com\/in\/seasolar-group-news\/","https:\/\/www.youtube.com\/channel\/UCVrmhrGih_bFnpj0as_vDuQ","https:\/\/www.instagram.com\/fotovoltaico_seasolar\/"]}]}},"jetpack_sharing_enabled":true,"jetpack_shortlink":"https:\/\/wp.me\/P9Pv4N-18X","jetpack_likes_enabled":true,"jetpack-related-posts":[],"_links":{"self":[{"href":"https:\/\/seasolargroup.com\/fr\/wp-json\/wp\/v2\/pages\/4399","targetHints":{"allow":["GET"]}}],"collection":[{"href":"https:\/\/seasolargroup.com\/fr\/wp-json\/wp\/v2\/pages"}],"about":[{"href":"https:\/\/seasolargroup.com\/fr\/wp-json\/wp\/v2\/types\/page"}],"author":[{"embeddable":true,"href":"https:\/\/seasolargroup.com\/fr\/wp-json\/wp\/v2\/users\/1"}],"replies":[{"embeddable":true,"href":"https:\/\/seasolargroup.com\/fr\/wp-json\/wp\/v2\/comments?post=4399"}],"version-history":[{"count":14,"href":"https:\/\/seasolargroup.com\/fr\/wp-json\/wp\/v2\/pages\/4399\/revisions"}],"predecessor-version":[{"id":13065,"href":"https:\/\/seasolargroup.com\/fr\/wp-json\/wp\/v2\/pages\/4399\/revisions\/13065"}],"up":[{"embeddable":true,"href":"https:\/\/seasolargroup.com\/fr\/wp-json\/wp\/v2\/pages\/43"}],"wp:attachment":[{"href":"https:\/\/seasolargroup.com\/fr\/wp-json\/wp\/v2\/media?parent=4399"}],"curies":[{"name":"wp","href":"https:\/\/api.w.org\/{rel}","templated":true}]}}