{"id":12132,"date":"2020-06-28T18:44:40","date_gmt":"2020-06-28T16:44:40","guid":{"rendered":"https:\/\/seasolargroup.com\/?page_id=12132"},"modified":"2026-03-31T09:15:08","modified_gmt":"2026-03-31T08:15:08","slug":"seasolar-fotovoltaico","status":"publish","type":"page","link":"https:\/\/seasolargroup.com\/fr\/","title":{"rendered":"Seasolar Fotovoltaico"},"content":{"rendered":"<p><span style=\"color: #ffffff;\">Seasolar fotovoltaico<\/span><br \/>\n\r\n\t\t\t <div class=\"promo3\" style=\"background-color:#f7f7f7; border-bottom-color:#92c938;\">\r\n             \t<br \/>\n\r\n\t\t<div class=\"center-title\">\r\n\t\t\t<h2 style=\"color:#222222\">\u00c0 PROPOS\r\n\t\t\t<span style=\"color:#92c938\">DE NOUS<\/span>\r\n\t\t\t<\/h2>\r\n\t\t\t<span style=\"border-bottom-color:#222222\"><\/span>\r\n\t\t\t\r\n\t\t<\/div>\r\n\t\t<\/p>\n<p style=\"text-align: center;\">Seasolar est active dans le domaine des \u00e9nergies renouvelables depuis 2008. Notre client est l&rsquo;entreprise qui souhaite construire un syst\u00e8me photovolta\u00efque sur son b\u00e2timent afin de couvrir partiellement ou totalement ses besoins \u00e9nerg\u00e9tiques.<\/p>\n<p>\r\n\t<div class=\"view-all-btn\" style=\"text-align:center; margin-top:0%; \">\r\n\t\t<a href=\"https:\/\/seasolargroup.com\/fr\/about-us\/\" target=\"_parent\"  style=\"color:#ffffff; background:#92c938; \r\n\t\t\r\n\t\t  \">\r\n\t\t\t<span>\r\n\t\t\tLIRE LA SUITE\r\n\t\t\t \r\n\t\t\t<\/span>\r\n\t\t<\/a>\r\n\t<\/div><br \/>\n\r\n                \r\n             <\/div>\t\r\n\t\t<br \/>\n<span style=\"color: #ffffff;\">Seasolar fotovoltaico<\/span><br \/>\n\r\n\t\t\t <div class=\"promo3\" style=\"background-color:#f7f7f7; border-bottom-color:#92c938;\">\r\n             \t<br \/>\n\r\n\t\t<div class=\"center-title\">\r\n\t\t\t<h2 style=\"color:#222222\">NOS\r\n\t\t\t<span style=\"color:#92c938\">MARQUES<\/span>\r\n\t\t\t<\/h2>\r\n\t\t\t<span style=\"border-bottom-color:#222222\"><\/span>\r\n\t\t\t\r\n\t\t<\/div>\r\n\t\t<br \/>\n<br \/>\n\r\n                \r\n             <\/div>\t\r\n\t\t<br \/>\n\r\n\t\t\t <div class=\"promo3\" style=\"background-color:#f7f7f7; border-bottom-color:#92c938;\">\r\n             \t<br \/>\n\r\n\t\t<div class=\"center-title\">\r\n\t\t\t<h2 style=\"color:#222222\">NOS\r\n\t\t\t<span style=\"color:#92c938\">PRODUITS<\/span>\r\n\t\t\t<\/h2>\r\n\t\t\t<span style=\"border-bottom-color:#222222\"><\/span>\r\n\t\t\t\r\n\t\t<\/div>\r\n\t\t<br \/>\n<br \/>\n\r\n                \r\n             <\/div>\t\r\n\t\t<br \/>\n\r\n\t\t\t <div class=\"promo3\" style=\"background-color:#f7f7f7; border-bottom-color:#92c938;\">\r\n             \t<br \/>\n\r\n\t\t<div class=\"center-title\">\r\n\t\t\t<h2 style=\"color:#222222\">CHA\u00ceNE\r\n\t\t\t<span style=\"color:#92c938\">YouTube<\/span>\r\n\t\t\t<\/h2>\r\n\t\t\t<span style=\"border-bottom-color:#222222\"><\/span>\r\n\t\t\t\r\n\t\t<\/div>\r\n\t\t<br \/>\n<span class=\"embed-youtube\" style=\"text-align:center; display: block;\"><iframe loading=\"lazy\" class=\"youtube-player\" width=\"640\" height=\"360\" src=\"https:\/\/www.youtube.com\/embed\/YGFvPdQKhfo?version=3&#038;rel=1&#038;showsearch=0&#038;showinfo=1&#038;iv_load_policy=1&#038;fs=1&#038;hl=fr-FR&#038;autohide=2&#038;wmode=transparent&#038;listType=playlist&#038;list=PLwqK5bEOfjvIUy-p-OrzlNqJ5WYeR0DaK\" allowfullscreen=\"true\" style=\"border:0;\" sandbox=\"allow-scripts allow-same-origin allow-popups allow-presentation allow-popups-to-escape-sandbox\"><\/iframe><\/span><br \/>\n\r\n\t<div class=\"view-all-btn\" style=\"text-align:center; margin-top:0%; \">\r\n\t\t<a href=\"https:\/\/www.youtube.com\/channel\/UCVrmhrGih_bFnpj0as_vDuQ\" target=\"_blank\"  style=\"color:#ffffff; background:#92c938; \r\n\t\t\r\n\t\t  \">\r\n\t\t\t<span>\r\n\t\t\tLIRE LA SUITE\r\n\t\t\t \r\n\t\t\t<\/span>\r\n\t\t<\/a>\r\n\t<\/div><br \/>\n\r\n                \r\n             <\/div>\t\r\n\t\t<\/p>\n<!-- sktbuilder starter --><script type=\"text\/javascript\" src=\"https:\/\/seasolargroup.com\/wp-content\/plugins\/skt-builder\/sktbuilder\/sktbuilder-frontend-starter.js\"><\/script><script type=\"text\/javascript\" src=\"https:\/\/seasolargroup.com\/wp-content\/plugins\/skt-builder\/sktbuilder-wordpress-driver.js\"><\/script><script type=\"text\/javascript\"> var starter = new SktbuilderStarter({\"mode\": \"prod\", \"skip\":[\"jquery\",\"underscore\",\"backbone\"],\"sktbuilderUrl\": \"https:\/\/seasolargroup.com\/wp-content\/plugins\/skt-builder\/sktbuilder\/\", \"driver\": new SktbuilderWordpressDriver({\"ajaxUrl\": \"https:\/\/seasolargroup.com\/wp-admin\/admin-ajax.php\", \"iframeUrl\": \"https:\/\/seasolargroup.com\/fr\/?sktbuilder=true\", \"pageId\": 12132,  \"nonce\": \"1d26f6afeb\", \"pages\": [], \"page\": \"Seasolar Fotovoltaico\" }) });<\/script><!-- end sktbuilder starter -->","protected":false},"excerpt":{"rendered":"<p>Seasolar fotovoltaico Seasolar fotovoltaico<\/p>\n","protected":false},"author":1,"featured_media":15071,"parent":0,"menu_order":0,"comment_status":"closed","ping_status":"closed","template":"templates\/page-fullwidth_template.php","meta":{"_mbp_gutenberg_autopost":false,"_pgmb_is_evergreen":false,"_pgmb_ap_template_id":0,"footnotes":""},"class_list":["post-12132","page","type-page","status-publish","has-post-thumbnail","hentry"],"yoast_head":"<!-- This site is optimized with the Yoast SEO Premium plugin v26.7 (Yoast SEO v27.3) - https:\/\/yoast.com\/product\/yoast-seo-premium-wordpress\/ -->\n<title>Seasolar Fotovoltaico - Dal 2008 impianti fotovoltaici &quot;chiavi in mano&quot;<\/title>\n<meta name=\"description\" content=\"Seasolar Fotovoltaico opera dal 2008 al servizio di privati e imprese che desiderano realizzare un impianto fotovoltaico &quot;chiavi in mano&quot;\" \/>\n<meta name=\"robots\" content=\"index, follow, max-snippet:-1, max-image-preview:large, max-video-preview:-1\" \/>\n<link rel=\"canonical\" href=\"https:\/\/seasolargroup.com\/\" \/>\n<meta property=\"og:locale\" content=\"fr_FR\" \/>\n<meta property=\"og:type\" content=\"article\" \/>\n<meta property=\"og:title\" content=\"Seasolar Fotovoltaico\" \/>\n<meta property=\"og:description\" content=\"Seasolar Fotovoltaico opera dal 2008 al servizio di privati e imprese che desiderano realizzare un impianto fotovoltaico &quot;chiavi in mano&quot;\" \/>\n<meta property=\"og:url\" content=\"https:\/\/seasolargroup.com\/\" \/>\n<meta property=\"og:site_name\" content=\"Seasolar Fotovoltaico\" \/>\n<meta property=\"article:publisher\" content=\"https:\/\/www.facebook.com\/seasolargroup\" \/>\n<meta property=\"article:modified_time\" content=\"2026-03-31T08:15:08+00:00\" \/>\n<meta property=\"og:image\" content=\"https:\/\/seasolargroup.com\/wp-content\/uploads\/2024\/10\/seasolar_logo_2024_social.png\" \/>\n\t<meta property=\"og:image:width\" content=\"360\" \/>\n\t<meta property=\"og:image:height\" content=\"360\" \/>\n\t<meta property=\"og:image:type\" content=\"image\/png\" \/>\n<meta name=\"twitter:card\" content=\"summary_large_image\" \/>\n<meta name=\"twitter:site\" content=\"@seasolargroup\" \/>\n<meta name=\"twitter:label1\" content=\"Dur\u00e9e de lecture estim\u00e9e\" \/>\n\t<meta name=\"twitter:data1\" content=\"6 minutes\" \/>\n<script type=\"application\/ld+json\" class=\"yoast-schema-graph\">{\"@context\":\"https:\\\/\\\/schema.org\",\"@graph\":[{\"@type\":\"WebPage\",\"@id\":\"https:\\\/\\\/seasolargroup.com\\\/\",\"url\":\"https:\\\/\\\/seasolargroup.com\\\/\",\"name\":\"Seasolar Fotovoltaico - Dal 2008 impianti fotovoltaici \\\"chiavi in mano\\\"\",\"isPartOf\":{\"@id\":\"https:\\\/\\\/seasolargroup.com\\\/#website\"},\"primaryImageOfPage\":{\"@id\":\"https:\\\/\\\/seasolargroup.com\\\/#primaryimage\"},\"image\":{\"@id\":\"https:\\\/\\\/seasolargroup.com\\\/#primaryimage\"},\"thumbnailUrl\":\"https:\\\/\\\/i0.wp.com\\\/seasolargroup.com\\\/wp-content\\\/uploads\\\/2024\\\/10\\\/seasolar_logo_2024_social.png?fit=360%2C360&ssl=1\",\"datePublished\":\"2020-06-28T16:44:40+00:00\",\"dateModified\":\"2026-03-31T08:15:08+00:00\",\"description\":\"Seasolar Fotovoltaico opera dal 2008 al servizio di privati e imprese che desiderano realizzare un impianto fotovoltaico \\\"chiavi in mano\\\"\",\"breadcrumb\":{\"@id\":\"https:\\\/\\\/seasolargroup.com\\\/#breadcrumb\"},\"inLanguage\":\"fr-FR\",\"potentialAction\":[{\"@type\":\"ReadAction\",\"target\":[\"https:\\\/\\\/seasolargroup.com\\\/\"]}]},{\"@type\":\"ImageObject\",\"inLanguage\":\"fr-FR\",\"@id\":\"https:\\\/\\\/seasolargroup.com\\\/#primaryimage\",\"url\":\"https:\\\/\\\/i0.wp.com\\\/seasolargroup.com\\\/wp-content\\\/uploads\\\/2024\\\/10\\\/seasolar_logo_2024_social.png?fit=360%2C360&ssl=1\",\"contentUrl\":\"https:\\\/\\\/i0.wp.com\\\/seasolargroup.com\\\/wp-content\\\/uploads\\\/2024\\\/10\\\/seasolar_logo_2024_social.png?fit=360%2C360&ssl=1\",\"width\":360,\"height\":360,\"caption\":\"Seasolar fotovoltaico\"},{\"@type\":\"BreadcrumbList\",\"@id\":\"https:\\\/\\\/seasolargroup.com\\\/#breadcrumb\",\"itemListElement\":[{\"@type\":\"ListItem\",\"position\":1,\"name\":\"Home\",\"item\":\"https:\\\/\\\/seasolargroup.com\\\/\"},{\"@type\":\"ListItem\",\"position\":2,\"name\":\"Seasolar Fotovoltaico\"}]},{\"@type\":\"WebSite\",\"@id\":\"https:\\\/\\\/seasolargroup.com\\\/#website\",\"url\":\"https:\\\/\\\/seasolargroup.com\\\/\",\"name\":\"Seasolar Fotovoltaico\",\"description\":\"Turnkey photovoltaic systems since 2008\",\"publisher\":{\"@id\":\"https:\\\/\\\/seasolargroup.com\\\/#organization\"},\"potentialAction\":[{\"@type\":\"SearchAction\",\"target\":{\"@type\":\"EntryPoint\",\"urlTemplate\":\"https:\\\/\\\/seasolargroup.com\\\/?s={search_term_string}\"},\"query-input\":{\"@type\":\"PropertyValueSpecification\",\"valueRequired\":true,\"valueName\":\"search_term_string\"}}],\"inLanguage\":\"fr-FR\"},{\"@type\":\"Organization\",\"@id\":\"https:\\\/\\\/seasolargroup.com\\\/#organization\",\"name\":\"SEASOLAR fotovoltaico\",\"url\":\"https:\\\/\\\/seasolargroup.com\\\/\",\"logo\":{\"@type\":\"ImageObject\",\"inLanguage\":\"fr-FR\",\"@id\":\"https:\\\/\\\/seasolargroup.com\\\/#\\\/schema\\\/logo\\\/image\\\/\",\"url\":\"https:\\\/\\\/i0.wp.com\\\/seasolargroup.com\\\/wp-content\\\/uploads\\\/2024\\\/10\\\/seasolar_logo_2024_social.png?fit=360%2C360&ssl=1\",\"contentUrl\":\"https:\\\/\\\/i0.wp.com\\\/seasolargroup.com\\\/wp-content\\\/uploads\\\/2024\\\/10\\\/seasolar_logo_2024_social.png?fit=360%2C360&ssl=1\",\"width\":360,\"height\":360,\"caption\":\"SEASOLAR fotovoltaico\"},\"image\":{\"@id\":\"https:\\\/\\\/seasolargroup.com\\\/#\\\/schema\\\/logo\\\/image\\\/\"},\"sameAs\":[\"https:\\\/\\\/www.facebook.com\\\/seasolargroup\",\"https:\\\/\\\/x.com\\\/seasolargroup\",\"https:\\\/\\\/www.linkedin.com\\\/in\\\/seasolar-group-news\\\/\",\"https:\\\/\\\/www.youtube.com\\\/channel\\\/UCVrmhrGih_bFnpj0as_vDuQ\",\"https:\\\/\\\/www.instagram.com\\\/fotovoltaico_seasolar\\\/\"]}]}<\/script>\n<!-- \/ Yoast SEO Premium plugin. -->","yoast_head_json":{"title":"Seasolar Fotovoltaico - Dal 2008 impianti fotovoltaici \"chiavi in mano\"","description":"Seasolar Fotovoltaico opera dal 2008 al servizio di privati e imprese che desiderano realizzare un impianto fotovoltaico \"chiavi in mano\"","robots":{"index":"index","follow":"follow","max-snippet":"max-snippet:-1","max-image-preview":"max-image-preview:large","max-video-preview":"max-video-preview:-1"},"canonical":"https:\/\/seasolargroup.com\/","og_locale":"fr_FR","og_type":"article","og_title":"Seasolar Fotovoltaico","og_description":"Seasolar Fotovoltaico opera dal 2008 al servizio di privati e imprese che desiderano realizzare un impianto fotovoltaico \"chiavi in mano\"","og_url":"https:\/\/seasolargroup.com\/","og_site_name":"Seasolar Fotovoltaico","article_publisher":"https:\/\/www.facebook.com\/seasolargroup","article_modified_time":"2026-03-31T08:15:08+00:00","og_image":[{"width":360,"height":360,"url":"https:\/\/seasolargroup.com\/wp-content\/uploads\/2024\/10\/seasolar_logo_2024_social.png","type":"image\/png"}],"twitter_card":"summary_large_image","twitter_site":"@seasolargroup","twitter_misc":{"Dur\u00e9e de lecture estim\u00e9e":"6 minutes"},"schema":{"@context":"https:\/\/schema.org","@graph":[{"@type":"WebPage","@id":"https:\/\/seasolargroup.com\/","url":"https:\/\/seasolargroup.com\/","name":"Seasolar Fotovoltaico - Dal 2008 impianti fotovoltaici \"chiavi in mano\"","isPartOf":{"@id":"https:\/\/seasolargroup.com\/#website"},"primaryImageOfPage":{"@id":"https:\/\/seasolargroup.com\/#primaryimage"},"image":{"@id":"https:\/\/seasolargroup.com\/#primaryimage"},"thumbnailUrl":"https:\/\/i0.wp.com\/seasolargroup.com\/wp-content\/uploads\/2024\/10\/seasolar_logo_2024_social.png?fit=360%2C360&ssl=1","datePublished":"2020-06-28T16:44:40+00:00","dateModified":"2026-03-31T08:15:08+00:00","description":"Seasolar Fotovoltaico opera dal 2008 al servizio di privati e imprese che desiderano realizzare un impianto fotovoltaico \"chiavi in mano\"","breadcrumb":{"@id":"https:\/\/seasolargroup.com\/#breadcrumb"},"inLanguage":"fr-FR","potentialAction":[{"@type":"ReadAction","target":["https:\/\/seasolargroup.com\/"]}]},{"@type":"ImageObject","inLanguage":"fr-FR","@id":"https:\/\/seasolargroup.com\/#primaryimage","url":"https:\/\/i0.wp.com\/seasolargroup.com\/wp-content\/uploads\/2024\/10\/seasolar_logo_2024_social.png?fit=360%2C360&ssl=1","contentUrl":"https:\/\/i0.wp.com\/seasolargroup.com\/wp-content\/uploads\/2024\/10\/seasolar_logo_2024_social.png?fit=360%2C360&ssl=1","width":360,"height":360,"caption":"Seasolar fotovoltaico"},{"@type":"BreadcrumbList","@id":"https:\/\/seasolargroup.com\/#breadcrumb","itemListElement":[{"@type":"ListItem","position":1,"name":"Home","item":"https:\/\/seasolargroup.com\/"},{"@type":"ListItem","position":2,"name":"Seasolar Fotovoltaico"}]},{"@type":"WebSite","@id":"https:\/\/seasolargroup.com\/#website","url":"https:\/\/seasolargroup.com\/","name":"Seasolar Fotovoltaico","description":"Turnkey photovoltaic systems since 2008","publisher":{"@id":"https:\/\/seasolargroup.com\/#organization"},"potentialAction":[{"@type":"SearchAction","target":{"@type":"EntryPoint","urlTemplate":"https:\/\/seasolargroup.com\/?s={search_term_string}"},"query-input":{"@type":"PropertyValueSpecification","valueRequired":true,"valueName":"search_term_string"}}],"inLanguage":"fr-FR"},{"@type":"Organization","@id":"https:\/\/seasolargroup.com\/#organization","name":"SEASOLAR fotovoltaico","url":"https:\/\/seasolargroup.com\/","logo":{"@type":"ImageObject","inLanguage":"fr-FR","@id":"https:\/\/seasolargroup.com\/#\/schema\/logo\/image\/","url":"https:\/\/i0.wp.com\/seasolargroup.com\/wp-content\/uploads\/2024\/10\/seasolar_logo_2024_social.png?fit=360%2C360&ssl=1","contentUrl":"https:\/\/i0.wp.com\/seasolargroup.com\/wp-content\/uploads\/2024\/10\/seasolar_logo_2024_social.png?fit=360%2C360&ssl=1","width":360,"height":360,"caption":"SEASOLAR fotovoltaico"},"image":{"@id":"https:\/\/seasolargroup.com\/#\/schema\/logo\/image\/"},"sameAs":["https:\/\/www.facebook.com\/seasolargroup","https:\/\/x.com\/seasolargroup","https:\/\/www.linkedin.com\/in\/seasolar-group-news\/","https:\/\/www.youtube.com\/channel\/UCVrmhrGih_bFnpj0as_vDuQ","https:\/\/www.instagram.com\/fotovoltaico_seasolar\/"]}]}},"jetpack_sharing_enabled":true,"jetpack_shortlink":"https:\/\/wp.me\/P9Pv4N-39G","jetpack_likes_enabled":true,"jetpack-related-posts":[],"_links":{"self":[{"href":"https:\/\/seasolargroup.com\/fr\/wp-json\/wp\/v2\/pages\/12132","targetHints":{"allow":["GET"]}}],"collection":[{"href":"https:\/\/seasolargroup.com\/fr\/wp-json\/wp\/v2\/pages"}],"about":[{"href":"https:\/\/seasolargroup.com\/fr\/wp-json\/wp\/v2\/types\/page"}],"author":[{"embeddable":true,"href":"https:\/\/seasolargroup.com\/fr\/wp-json\/wp\/v2\/users\/1"}],"replies":[{"embeddable":true,"href":"https:\/\/seasolargroup.com\/fr\/wp-json\/wp\/v2\/comments?post=12132"}],"version-history":[{"count":238,"href":"https:\/\/seasolargroup.com\/fr\/wp-json\/wp\/v2\/pages\/12132\/revisions"}],"predecessor-version":[{"id":22169,"href":"https:\/\/seasolargroup.com\/fr\/wp-json\/wp\/v2\/pages\/12132\/revisions\/22169"}],"wp:featuredmedia":[{"embeddable":true,"href":"https:\/\/seasolargroup.com\/fr\/wp-json\/wp\/v2\/media\/15071"}],"wp:attachment":[{"href":"https:\/\/seasolargroup.com\/fr\/wp-json\/wp\/v2\/media?parent=12132"}],"curies":[{"name":"wp","href":"https:\/\/api.w.org\/{rel}","templated":true}]}}