{"id":1094,"date":"2018-04-12T16:46:17","date_gmt":"2018-04-12T14:46:17","guid":{"rendered":"https:\/\/seasolargroup.com\/?page_id=1094"},"modified":"2018-07-02T21:29:38","modified_gmt":"2018-07-02T19:29:38","slug":"terzo-conto-energia-d-m-6-08-2010","status":"publish","type":"page","link":"https:\/\/seasolargroup.com\/fr\/incentives\/incentives-in-italy\/conto-energia\/terzo-conto-energia-d-m-6-08-2010\/","title":{"rendered":"Terzo Conto Energia (D.M. 6\/08\/2010)"},"content":{"rendered":"<p>Le DM 6\/8\/2010 (troisi\u00e8me Conto Energia), publi\u00e9 au Journal officiel de 24\/08\/2010, a \u00e9t\u00e9 adopt\u00e9e pour donner une continuit\u00e9 au m\u00e9canisme d&rsquo;incitation dans le tarif pour les installations photovolta\u00efques d\u00e9j\u00e0 commenc\u00e9 avec les d\u00e9crets du 28\/07 \/ 2005, 06\/02\/2006 (premier compte \u00e9nergie) et 19\/02\/2007 (deuxi\u00e8me compte \u00e9nergie). Toutes les usines mises en service apr\u00e8s le 31\/12\/2010 peuvent b\u00e9n\u00e9ficier des incitations d\u00e9finies dans la prestation suite \u00e0 de nouveaux travaux de construction, de r\u00e9novation totale ou de r\u00e9novation, appartenant \u00e0 quatre cat\u00e9gories sp\u00e9cifiques:<\/p>\n<p>&#8211; syst\u00e8mes photovolta\u00efques (\u00ab\u00a0sur les b\u00e2timents\u00a0\u00bb ou \u00ab\u00a0autres installations\u00a0\u00bb);<br \/>\n&#8211; des syst\u00e8mes photovolta\u00efques int\u00e9gr\u00e9s avec des caract\u00e9ristiques innovantes;<br \/>\n&#8211; concentrer les syst\u00e8mes photovolta\u00efques;<br \/>\n&#8211; les syst\u00e8mes photovolta\u00efques avec innovation technologique.<\/p>\n<p>Pour chaque cat\u00e9gorie, une limite de pouvoir incitative a \u00e9t\u00e9 d\u00e9finie:<\/p>\n<p>&#8211; 3000 MW pour les syst\u00e8mes photovolta\u00efques;<br \/>\n&#8211; 300 MW pour des syst\u00e8mes photovolta\u00efques int\u00e9gr\u00e9s architecturaux avec des caract\u00e9ristiques innovantes;<br \/>\n&#8211; 200 MW pour les syst\u00e8mes photovolta\u00efques concentr\u00e9s.<\/p>\n<p>Les incitations \u00e0 la production d&rsquo;\u00e9lectricit\u00e9 \u00e0 partir de syst\u00e8mes photovolta\u00efques sont valables \u00e0 partir de la date d&rsquo;entr\u00e9e en exploitation pour une p\u00e9riode de 20 ans, le tarif est constant en monnaie courante pour toute la p\u00e9riode d&rsquo;incitation.<\/p>\n<p>\r\n\t<div class=\"view-all-btn\" style=\"text-align:left; margin-top:8.7%; \">\r\n\t\t<a href=\"https:\/\/seasolargroup.com\/wp-content\/uploads\/2018\/04\/TerzoContoEnergia2010.pdf\" target=\"_blank\"  style=\"color:#ffffff; background:#92c938; \r\n\t\t\r\n\t\t  \">\r\n\t\t\t<span>\r\n\t\t\tT\u00e9l\u00e9charger Terzo Conto Energia\r\n\t\t\t \r\n\t\t\t<\/span>\r\n\t\t<\/a>\r\n\t<\/div><\/p>\n<!-- sktbuilder starter --><script type=\"text\/javascript\" src=\"https:\/\/seasolargroup.com\/wp-content\/plugins\/skt-builder\/sktbuilder\/sktbuilder-frontend-starter.js\"><\/script><script type=\"text\/javascript\" src=\"https:\/\/seasolargroup.com\/wp-content\/plugins\/skt-builder\/sktbuilder-wordpress-driver.js\"><\/script><script type=\"text\/javascript\"> var starter = new SktbuilderStarter({\"mode\": \"prod\", \"skip\":[\"jquery\",\"underscore\",\"backbone\"],\"sktbuilderUrl\": \"https:\/\/seasolargroup.com\/wp-content\/plugins\/skt-builder\/sktbuilder\/\", \"driver\": new SktbuilderWordpressDriver({\"ajaxUrl\": \"https:\/\/seasolargroup.com\/wp-admin\/admin-ajax.php\", \"iframeUrl\": \"https:\/\/seasolargroup.com\/fr\/incentives\/incentives-in-italy\/conto-energia\/terzo-conto-energia-d-m-6-08-2010\/?sktbuilder=true\", \"pageId\": 1094,  \"nonce\": \"e41c439e2f\", \"pages\": [], \"page\": \"Terzo Conto Energia (D.M. 6\/08\/2010)\" }) });<\/script><!-- end sktbuilder starter -->","protected":false},"excerpt":{"rendered":"<p>Le DM 6\/8\/2010 (troisi\u00e8me Conto Energia), publi\u00e9 au Journal officiel de 24\/08\/2010, a \u00e9t\u00e9 adopt\u00e9e pour donner une continuit\u00e9 au m\u00e9canisme d&rsquo;incitation dans le tarif pour les installations photovolta\u00efques d\u00e9j\u00e0 commenc\u00e9 avec les d\u00e9crets du 28\/07 \/ 2005, 06\/02\/2006 (premier compte \u00e9nergie) et 19\/02\/2007 (deuxi\u00e8me compte \u00e9nergie). Toutes les usines mises en service apr\u00e8s le<br \/><a class=\"moretag\" href=\"https:\/\/seasolargroup.com\/fr\/incentives\/incentives-in-italy\/conto-energia\/terzo-conto-energia-d-m-6-08-2010\/\">+ Read More<\/a><\/p>\n","protected":false},"author":1,"featured_media":0,"parent":3017,"menu_order":2,"comment_status":"closed","ping_status":"closed","template":"","meta":{"_mbp_gutenberg_autopost":false,"_pgmb_is_evergreen":false,"_pgmb_ap_template_id":0,"footnotes":""},"class_list":["post-1094","page","type-page","status-publish","hentry"],"yoast_head":"<!-- This site is optimized with the Yoast SEO Premium plugin v26.7 (Yoast SEO v27.3) - https:\/\/yoast.com\/product\/yoast-seo-premium-wordpress\/ -->\n<title>Terzo Conto Energia (D.M. 6\/08\/2010) - Seasolar Fotovoltaico<\/title>\n<meta name=\"robots\" content=\"index, follow, max-snippet:-1, max-image-preview:large, max-video-preview:-1\" \/>\n<link rel=\"canonical\" href=\"https:\/\/seasolargroup.com\/incentives\/incentives-in-italy\/conto-energia\/terzo-conto-energia-d-m-6-08-2010\/\" \/>\n<meta property=\"og:locale\" content=\"fr_FR\" \/>\n<meta property=\"og:type\" content=\"article\" \/>\n<meta property=\"og:title\" content=\"Terzo Conto Energia (D.M. 6\/08\/2010)\" \/>\n<meta property=\"og:description\" content=\"Le DM 6\/8\/2010 (troisi\u00e8me Conto Energia), publi\u00e9 au Journal officiel de 24\/08\/2010, a \u00e9t\u00e9 adopt\u00e9e pour donner une continuit\u00e9 au m\u00e9canisme d&rsquo;incitation dans le tarif pour les installations photovolta\u00efques d\u00e9j\u00e0 commenc\u00e9 avec les d\u00e9crets du 28\/07 \/ 2005, 06\/02\/2006 (premier compte \u00e9nergie) et 19\/02\/2007 (deuxi\u00e8me compte \u00e9nergie). Toutes les usines mises en service apr\u00e8s le+ Read More\" \/>\n<meta property=\"og:url\" content=\"https:\/\/seasolargroup.com\/incentives\/incentives-in-italy\/conto-energia\/terzo-conto-energia-d-m-6-08-2010\/\" \/>\n<meta property=\"og:site_name\" content=\"Seasolar Fotovoltaico\" \/>\n<meta property=\"article:publisher\" content=\"https:\/\/www.facebook.com\/seasolargroup\" \/>\n<meta property=\"article:modified_time\" content=\"2018-07-02T19:29:38+00:00\" \/>\n<meta property=\"og:image\" content=\"https:\/\/seasolargroup.com\/wp-content\/uploads\/2018\/04\/tariffe20terzo20conto20energia.jpg\" \/>\n<meta name=\"twitter:card\" content=\"summary_large_image\" \/>\n<meta name=\"twitter:site\" content=\"@seasolargroup\" \/>\n<meta name=\"twitter:label1\" content=\"Dur\u00e9e de lecture estim\u00e9e\" \/>\n\t<meta name=\"twitter:data1\" content=\"9 minutes\" \/>\n<script type=\"application\/ld+json\" class=\"yoast-schema-graph\">{\"@context\":\"https:\\\/\\\/schema.org\",\"@graph\":[{\"@type\":\"WebPage\",\"@id\":\"https:\\\/\\\/seasolargroup.com\\\/incentives\\\/incentives-in-italy\\\/conto-energia\\\/terzo-conto-energia-d-m-6-08-2010\\\/\",\"url\":\"https:\\\/\\\/seasolargroup.com\\\/incentives\\\/incentives-in-italy\\\/conto-energia\\\/terzo-conto-energia-d-m-6-08-2010\\\/\",\"name\":\"Terzo Conto Energia (D.M. 6\\\/08\\\/2010) - Seasolar Fotovoltaico\",\"isPartOf\":{\"@id\":\"https:\\\/\\\/seasolargroup.com\\\/#website\"},\"primaryImageOfPage\":{\"@id\":\"https:\\\/\\\/seasolargroup.com\\\/incentives\\\/incentives-in-italy\\\/conto-energia\\\/terzo-conto-energia-d-m-6-08-2010\\\/#primaryimage\"},\"image\":{\"@id\":\"https:\\\/\\\/seasolargroup.com\\\/incentives\\\/incentives-in-italy\\\/conto-energia\\\/terzo-conto-energia-d-m-6-08-2010\\\/#primaryimage\"},\"thumbnailUrl\":\"https:\\\/\\\/seasolargroup.com\\\/wp-content\\\/uploads\\\/2018\\\/04\\\/tariffe20terzo20conto20energia.jpg\",\"datePublished\":\"2018-04-12T14:46:17+00:00\",\"dateModified\":\"2018-07-02T19:29:38+00:00\",\"breadcrumb\":{\"@id\":\"https:\\\/\\\/seasolargroup.com\\\/incentives\\\/incentives-in-italy\\\/conto-energia\\\/terzo-conto-energia-d-m-6-08-2010\\\/#breadcrumb\"},\"inLanguage\":\"fr-FR\",\"potentialAction\":[{\"@type\":\"ReadAction\",\"target\":[\"https:\\\/\\\/seasolargroup.com\\\/incentives\\\/incentives-in-italy\\\/conto-energia\\\/terzo-conto-energia-d-m-6-08-2010\\\/\"]}]},{\"@type\":\"ImageObject\",\"inLanguage\":\"fr-FR\",\"@id\":\"https:\\\/\\\/seasolargroup.com\\\/incentives\\\/incentives-in-italy\\\/conto-energia\\\/terzo-conto-energia-d-m-6-08-2010\\\/#primaryimage\",\"url\":\"https:\\\/\\\/seasolargroup.com\\\/wp-content\\\/uploads\\\/2018\\\/04\\\/tariffe20terzo20conto20energia.jpg\",\"contentUrl\":\"https:\\\/\\\/seasolargroup.com\\\/wp-content\\\/uploads\\\/2018\\\/04\\\/tariffe20terzo20conto20energia.jpg\"},{\"@type\":\"BreadcrumbList\",\"@id\":\"https:\\\/\\\/seasolargroup.com\\\/incentives\\\/incentives-in-italy\\\/conto-energia\\\/terzo-conto-energia-d-m-6-08-2010\\\/#breadcrumb\",\"itemListElement\":[{\"@type\":\"ListItem\",\"position\":1,\"name\":\"Home\",\"item\":\"https:\\\/\\\/seasolargroup.com\\\/\"},{\"@type\":\"ListItem\",\"position\":2,\"name\":\"Incentives\",\"item\":\"https:\\\/\\\/seasolargroup.com\\\/incentives\\\/\"},{\"@type\":\"ListItem\",\"position\":3,\"name\":\"Incentives in Italy\",\"item\":\"https:\\\/\\\/seasolargroup.com\\\/incentives\\\/incentives-in-italy\\\/\"},{\"@type\":\"ListItem\",\"position\":4,\"name\":\"Conto Energia\",\"item\":\"https:\\\/\\\/seasolargroup.com\\\/incentives\\\/incentives-in-italy\\\/conto-energia\\\/\"},{\"@type\":\"ListItem\",\"position\":5,\"name\":\"Terzo Conto Energia (D.M. 6\\\/08\\\/2010)\"}]},{\"@type\":\"WebSite\",\"@id\":\"https:\\\/\\\/seasolargroup.com\\\/#website\",\"url\":\"https:\\\/\\\/seasolargroup.com\\\/\",\"name\":\"Seasolar Fotovoltaico\",\"description\":\"Turnkey photovoltaic systems since 2008\",\"publisher\":{\"@id\":\"https:\\\/\\\/seasolargroup.com\\\/#organization\"},\"potentialAction\":[{\"@type\":\"SearchAction\",\"target\":{\"@type\":\"EntryPoint\",\"urlTemplate\":\"https:\\\/\\\/seasolargroup.com\\\/?s={search_term_string}\"},\"query-input\":{\"@type\":\"PropertyValueSpecification\",\"valueRequired\":true,\"valueName\":\"search_term_string\"}}],\"inLanguage\":\"fr-FR\"},{\"@type\":\"Organization\",\"@id\":\"https:\\\/\\\/seasolargroup.com\\\/#organization\",\"name\":\"SEASOLAR fotovoltaico\",\"url\":\"https:\\\/\\\/seasolargroup.com\\\/\",\"logo\":{\"@type\":\"ImageObject\",\"inLanguage\":\"fr-FR\",\"@id\":\"https:\\\/\\\/seasolargroup.com\\\/#\\\/schema\\\/logo\\\/image\\\/\",\"url\":\"https:\\\/\\\/i0.wp.com\\\/seasolargroup.com\\\/wp-content\\\/uploads\\\/2024\\\/10\\\/seasolar_logo_2024_social.png?fit=360%2C360&ssl=1\",\"contentUrl\":\"https:\\\/\\\/i0.wp.com\\\/seasolargroup.com\\\/wp-content\\\/uploads\\\/2024\\\/10\\\/seasolar_logo_2024_social.png?fit=360%2C360&ssl=1\",\"width\":360,\"height\":360,\"caption\":\"SEASOLAR fotovoltaico\"},\"image\":{\"@id\":\"https:\\\/\\\/seasolargroup.com\\\/#\\\/schema\\\/logo\\\/image\\\/\"},\"sameAs\":[\"https:\\\/\\\/www.facebook.com\\\/seasolargroup\",\"https:\\\/\\\/x.com\\\/seasolargroup\",\"https:\\\/\\\/www.linkedin.com\\\/in\\\/seasolar-group-news\\\/\",\"https:\\\/\\\/www.youtube.com\\\/channel\\\/UCVrmhrGih_bFnpj0as_vDuQ\",\"https:\\\/\\\/www.instagram.com\\\/fotovoltaico_seasolar\\\/\"]}]}<\/script>\n<!-- \/ Yoast SEO Premium plugin. -->","yoast_head_json":{"title":"Terzo Conto Energia (D.M. 6\/08\/2010) - Seasolar Fotovoltaico","robots":{"index":"index","follow":"follow","max-snippet":"max-snippet:-1","max-image-preview":"max-image-preview:large","max-video-preview":"max-video-preview:-1"},"canonical":"https:\/\/seasolargroup.com\/incentives\/incentives-in-italy\/conto-energia\/terzo-conto-energia-d-m-6-08-2010\/","og_locale":"fr_FR","og_type":"article","og_title":"Terzo Conto Energia (D.M. 6\/08\/2010)","og_description":"Le DM 6\/8\/2010 (troisi\u00e8me Conto Energia), publi\u00e9 au Journal officiel de 24\/08\/2010, a \u00e9t\u00e9 adopt\u00e9e pour donner une continuit\u00e9 au m\u00e9canisme d&rsquo;incitation dans le tarif pour les installations photovolta\u00efques d\u00e9j\u00e0 commenc\u00e9 avec les d\u00e9crets du 28\/07 \/ 2005, 06\/02\/2006 (premier compte \u00e9nergie) et 19\/02\/2007 (deuxi\u00e8me compte \u00e9nergie). Toutes les usines mises en service apr\u00e8s le+ Read More","og_url":"https:\/\/seasolargroup.com\/incentives\/incentives-in-italy\/conto-energia\/terzo-conto-energia-d-m-6-08-2010\/","og_site_name":"Seasolar Fotovoltaico","article_publisher":"https:\/\/www.facebook.com\/seasolargroup","article_modified_time":"2018-07-02T19:29:38+00:00","og_image":[{"url":"https:\/\/seasolargroup.com\/wp-content\/uploads\/2018\/04\/tariffe20terzo20conto20energia.jpg","type":"","width":"","height":""}],"twitter_card":"summary_large_image","twitter_site":"@seasolargroup","twitter_misc":{"Dur\u00e9e de lecture estim\u00e9e":"9 minutes"},"schema":{"@context":"https:\/\/schema.org","@graph":[{"@type":"WebPage","@id":"https:\/\/seasolargroup.com\/incentives\/incentives-in-italy\/conto-energia\/terzo-conto-energia-d-m-6-08-2010\/","url":"https:\/\/seasolargroup.com\/incentives\/incentives-in-italy\/conto-energia\/terzo-conto-energia-d-m-6-08-2010\/","name":"Terzo Conto Energia (D.M. 6\/08\/2010) - Seasolar Fotovoltaico","isPartOf":{"@id":"https:\/\/seasolargroup.com\/#website"},"primaryImageOfPage":{"@id":"https:\/\/seasolargroup.com\/incentives\/incentives-in-italy\/conto-energia\/terzo-conto-energia-d-m-6-08-2010\/#primaryimage"},"image":{"@id":"https:\/\/seasolargroup.com\/incentives\/incentives-in-italy\/conto-energia\/terzo-conto-energia-d-m-6-08-2010\/#primaryimage"},"thumbnailUrl":"https:\/\/seasolargroup.com\/wp-content\/uploads\/2018\/04\/tariffe20terzo20conto20energia.jpg","datePublished":"2018-04-12T14:46:17+00:00","dateModified":"2018-07-02T19:29:38+00:00","breadcrumb":{"@id":"https:\/\/seasolargroup.com\/incentives\/incentives-in-italy\/conto-energia\/terzo-conto-energia-d-m-6-08-2010\/#breadcrumb"},"inLanguage":"fr-FR","potentialAction":[{"@type":"ReadAction","target":["https:\/\/seasolargroup.com\/incentives\/incentives-in-italy\/conto-energia\/terzo-conto-energia-d-m-6-08-2010\/"]}]},{"@type":"ImageObject","inLanguage":"fr-FR","@id":"https:\/\/seasolargroup.com\/incentives\/incentives-in-italy\/conto-energia\/terzo-conto-energia-d-m-6-08-2010\/#primaryimage","url":"https:\/\/seasolargroup.com\/wp-content\/uploads\/2018\/04\/tariffe20terzo20conto20energia.jpg","contentUrl":"https:\/\/seasolargroup.com\/wp-content\/uploads\/2018\/04\/tariffe20terzo20conto20energia.jpg"},{"@type":"BreadcrumbList","@id":"https:\/\/seasolargroup.com\/incentives\/incentives-in-italy\/conto-energia\/terzo-conto-energia-d-m-6-08-2010\/#breadcrumb","itemListElement":[{"@type":"ListItem","position":1,"name":"Home","item":"https:\/\/seasolargroup.com\/"},{"@type":"ListItem","position":2,"name":"Incentives","item":"https:\/\/seasolargroup.com\/incentives\/"},{"@type":"ListItem","position":3,"name":"Incentives in Italy","item":"https:\/\/seasolargroup.com\/incentives\/incentives-in-italy\/"},{"@type":"ListItem","position":4,"name":"Conto Energia","item":"https:\/\/seasolargroup.com\/incentives\/incentives-in-italy\/conto-energia\/"},{"@type":"ListItem","position":5,"name":"Terzo Conto Energia (D.M. 6\/08\/2010)"}]},{"@type":"WebSite","@id":"https:\/\/seasolargroup.com\/#website","url":"https:\/\/seasolargroup.com\/","name":"Seasolar Fotovoltaico","description":"Turnkey photovoltaic systems since 2008","publisher":{"@id":"https:\/\/seasolargroup.com\/#organization"},"potentialAction":[{"@type":"SearchAction","target":{"@type":"EntryPoint","urlTemplate":"https:\/\/seasolargroup.com\/?s={search_term_string}"},"query-input":{"@type":"PropertyValueSpecification","valueRequired":true,"valueName":"search_term_string"}}],"inLanguage":"fr-FR"},{"@type":"Organization","@id":"https:\/\/seasolargroup.com\/#organization","name":"SEASOLAR fotovoltaico","url":"https:\/\/seasolargroup.com\/","logo":{"@type":"ImageObject","inLanguage":"fr-FR","@id":"https:\/\/seasolargroup.com\/#\/schema\/logo\/image\/","url":"https:\/\/i0.wp.com\/seasolargroup.com\/wp-content\/uploads\/2024\/10\/seasolar_logo_2024_social.png?fit=360%2C360&ssl=1","contentUrl":"https:\/\/i0.wp.com\/seasolargroup.com\/wp-content\/uploads\/2024\/10\/seasolar_logo_2024_social.png?fit=360%2C360&ssl=1","width":360,"height":360,"caption":"SEASOLAR fotovoltaico"},"image":{"@id":"https:\/\/seasolargroup.com\/#\/schema\/logo\/image\/"},"sameAs":["https:\/\/www.facebook.com\/seasolargroup","https:\/\/x.com\/seasolargroup","https:\/\/www.linkedin.com\/in\/seasolar-group-news\/","https:\/\/www.youtube.com\/channel\/UCVrmhrGih_bFnpj0as_vDuQ","https:\/\/www.instagram.com\/fotovoltaico_seasolar\/"]}]}},"jetpack_sharing_enabled":true,"jetpack_shortlink":"https:\/\/wp.me\/P9Pv4N-hE","jetpack_likes_enabled":true,"jetpack-related-posts":[],"_links":{"self":[{"href":"https:\/\/seasolargroup.com\/fr\/wp-json\/wp\/v2\/pages\/1094","targetHints":{"allow":["GET"]}}],"collection":[{"href":"https:\/\/seasolargroup.com\/fr\/wp-json\/wp\/v2\/pages"}],"about":[{"href":"https:\/\/seasolargroup.com\/fr\/wp-json\/wp\/v2\/types\/page"}],"author":[{"embeddable":true,"href":"https:\/\/seasolargroup.com\/fr\/wp-json\/wp\/v2\/users\/1"}],"replies":[{"embeddable":true,"href":"https:\/\/seasolargroup.com\/fr\/wp-json\/wp\/v2\/comments?post=1094"}],"version-history":[{"count":12,"href":"https:\/\/seasolargroup.com\/fr\/wp-json\/wp\/v2\/pages\/1094\/revisions"}],"predecessor-version":[{"id":2310,"href":"https:\/\/seasolargroup.com\/fr\/wp-json\/wp\/v2\/pages\/1094\/revisions\/2310"}],"up":[{"embeddable":true,"href":"https:\/\/seasolargroup.com\/fr\/wp-json\/wp\/v2\/pages\/3017"}],"wp:attachment":[{"href":"https:\/\/seasolargroup.com\/fr\/wp-json\/wp\/v2\/media?parent=1094"}],"curies":[{"name":"wp","href":"https:\/\/api.w.org\/{rel}","templated":true}]}}