{"id":7097,"date":"2019-11-07T18:39:27","date_gmt":"2019-11-07T17:39:27","guid":{"rendered":"https:\/\/seasolargroup.com\/?post_type=product&#038;p=7097"},"modified":"2025-10-22T23:49:32","modified_gmt":"2025-10-22T22:49:32","slug":"evbox-ultroniq","status":"publish","type":"product","link":"https:\/\/seasolargroup.com\/es\/product\/evbox-ultroniq\/","title":{"rendered":"EVBOX ULTRONIQ"},"content":{"rendered":"<p><img data-recalc-dims=\"1\" loading=\"lazy\" decoding=\"async\" data-id=\"7098\"  src=\"https:\/\/i0.wp.com\/seasolargroup.com\/wp-content\/uploads\/2019\/11\/ULTRONIQ.png?resize=1158%2C2576&#038;ssl=1\" alt=\"\" width=\"1158\" height=\"2576\" class=\"aligncenter size-full wp-image-7098\" srcset=\"https:\/\/i0.wp.com\/seasolargroup.com\/wp-content\/uploads\/2019\/11\/ULTRONIQ.png?w=1158&amp;ssl=1 1158w, https:\/\/i0.wp.com\/seasolargroup.com\/wp-content\/uploads\/2019\/11\/ULTRONIQ.png?resize=135%2C300&amp;ssl=1 135w, https:\/\/i0.wp.com\/seasolargroup.com\/wp-content\/uploads\/2019\/11\/ULTRONIQ.png?resize=768%2C1708&amp;ssl=1 768w, https:\/\/i0.wp.com\/seasolargroup.com\/wp-content\/uploads\/2019\/11\/ULTRONIQ.png?resize=460%2C1024&amp;ssl=1 460w, https:\/\/i0.wp.com\/seasolargroup.com\/wp-content\/uploads\/2019\/11\/ULTRONIQ.png?resize=200%2C445&amp;ssl=1 200w\" sizes=\"auto, (max-width: 1000px) 100vw, 1000px\" \/><br \/>\n\r\n\t\t<div class=\"divider4\"><span><\/span><\/div>\r\n\t\t<\/p>\n<h2>Downloads<\/h2>\n<p><a href=\"https:\/\/seasolargroup.com\/wp-content\/uploads\/2019\/11\/EVBox-Ultroniq.pdf\" target=\"_blank\" rel=\"noopener noreferrer\">Datasheet EVBox Ultroniq<\/a><br \/>\n&nbsp;<br \/>\n<a href=\"https:\/\/seasolargroup.com\/wp-content\/uploads\/2019\/11\/INSTALLATION_EVBox_Troniq_EN.pdf\" target=\"_blank\" rel=\"noopener noreferrer\">Installation Manual EVBox_Troniq_EN<\/a><br \/>\n&nbsp;<br \/>\n<a href=\"https:\/\/seasolargroup.com\/wp-content\/uploads\/2019\/11\/INSTALLATION_EVBox_Troniq_IT.pdf\" target=\"_blank\" rel=\"noopener noreferrer\">Manuale Installazione EVBox_Troniq_IT<\/a><br \/>\n&nbsp;<br \/>\n<a href=\"https:\/\/seasolargroup.com\/wp-content\/uploads\/2019\/11\/EVBox-Brochure-INTL_DIGITAL-compressed.pdf\" target=\"_blank\" rel=\"noopener noreferrer\">EVBox Brochure INT<\/a><br \/>\n\r\n\t\t<div class=\"divider4\"><span><\/span><\/div>\r\n\t\t<\/p>\n<h2>Related offers<\/h2>\n<p><a href=\"https:\/\/seasolargroup.com\/tag\/evbox\/\">Offers for EVBOX<\/a><br \/>\n\r\n\t\t<div class=\"divider4\"><span><\/span><\/div>\r\n\t\t<\/p>\n<h2>Related projects<\/h2>\n\r\n\t\t<div class=\"divider4\"><span><\/span><\/div>\r\n\t\t\n<h2>Related videos<\/h2>\n<p><span class=\"embed-youtube\" style=\"text-align:center; display: block;\"><iframe loading=\"lazy\" class=\"youtube-player\" width=\"640\" height=\"360\" src=\"https:\/\/www.youtube.com\/embed\/ZuJqXT-IFeE?version=3&#038;rel=1&#038;showsearch=0&#038;showinfo=1&#038;iv_load_policy=1&#038;fs=1&#038;hl=es-ES&#038;autohide=2&#038;wmode=transparent&#038;listType=playlist&#038;list=PLwqK5bEOfjvLC4aqVmYFXXX-ut3ZnN4Tj\" allowfullscreen=\"true\" style=\"border:0;\" sandbox=\"allow-scripts allow-same-origin allow-popups allow-presentation allow-popups-to-escape-sandbox\"><\/iframe><\/span><br \/>\n\r\n\t\t<div class=\"divider4\"><span><\/span><\/div>\r\n\t\t<\/p>\n<h2>Contact<\/h2>\n<p>Please contact us with any questions you might have related to our offers or our products. We look forward to hearing how we can make the difference to you<br \/>\n&nbsp;<br \/>\nVi preghiamo di contattarci per eventuali domande relative alle nostre offerte o ai nostri prodotti. Non vediamo l&#8217;ora di sentire come possiamo fare la differenza per voi<br \/>\n&nbsp;<br \/>\nBitte kontaktieren Sie uns, wenn Sie Fragen zu unseren Angeboten oder unseren Produkten haben. Wir freuen uns zu h\u00f6ren, wie wir den Unterschied f\u00fcr Sie machen k\u00f6nnen<br \/>\n&nbsp;<br \/>\nN&#8217;h\u00e9sitez pas \u00e0 nous contacter pour toute question concernant nos offres ou nos produits. Nous avons h\u00e2te d&#8217;entendre comment nous pouvons faire la diff\u00e9rence pour vous<br \/>\n&nbsp;<br \/>\nPor favor cont\u00e1ctenos con cualquier pregunta que pueda tener relacionada con nuestras ofertas o nuestros productos. Esperamos escuchar c\u00f3mo podemos marcar la diferencia para usted.<br \/>\n&nbsp;<br \/>\n\n<div class=\"wpcf7 no-js\" id=\"wpcf7-f5-o1\" lang=\"en-GB\" dir=\"ltr\" data-wpcf7-id=\"5\">\n<div class=\"screen-reader-response\"><p role=\"status\" aria-live=\"polite\" aria-atomic=\"true\"><\/p> <ul><\/ul><\/div>\n<form action=\"\/es\/wp-json\/wp\/v2\/product\/7097#wpcf7-f5-o1\" method=\"post\" class=\"wpcf7-form init\" aria-label=\"Contact form\" novalidate=\"novalidate\" data-status=\"init\">\n<fieldset class=\"hidden-fields-container\"><input type=\"hidden\" name=\"_wpcf7\" value=\"5\" \/><input type=\"hidden\" name=\"_wpcf7_version\" value=\"6.1.5\" \/><input type=\"hidden\" name=\"_wpcf7_locale\" value=\"en_GB\" \/><input type=\"hidden\" name=\"_wpcf7_unit_tag\" value=\"wpcf7-f5-o1\" \/><input type=\"hidden\" name=\"_wpcf7_container_post\" value=\"0\" \/><input type=\"hidden\" name=\"_wpcf7_posted_data_hash\" value=\"\" \/><input type=\"hidden\" name=\"_wpcf7_recaptcha_response\" value=\"\" \/>\n<\/fieldset>\n<p><label> <\/label>\n<\/p>\n<h2>Contacto\n<\/h2>\n<p><label> Por favor cont\u00e1ctenos con cualquier pregunta que pueda tener relacionada con nuestras ofertas o nuestros productos <\/label>\n<\/p>\n<p><label> Escriba a <a href=\"mailto:info@seasolargroup.com\">info@seasolargroup.com<\/a> o complete el siguiente formulario y nos pondremos en contacto con usted: <\/label>\n<\/p>\n<p><label> Nombre *<br \/>\n<span class=\"wpcf7-form-control-wrap\" data-name=\"your-name\"><input size=\"40\" maxlength=\"400\" class=\"wpcf7-form-control wpcf7-text wpcf7-validates-as-required\" aria-required=\"true\" aria-invalid=\"false\" value=\"\" type=\"text\" name=\"your-name\" \/><\/span><\/label>\n<\/p>\n<p><label> N\u00famero de tel\u00e9fono *<br \/>\n<span class=\"wpcf7-form-control-wrap\" data-name=\"tel-826\"><input size=\"40\" maxlength=\"400\" class=\"wpcf7-form-control wpcf7-tel wpcf7-validates-as-required wpcf7-text wpcf7-validates-as-tel\" aria-required=\"true\" aria-invalid=\"false\" value=\"\" type=\"tel\" name=\"tel-826\" \/><\/span><\/label>\n<\/p>\n<p><label> Tu correo electr\u00f3nico *<br \/>\n<span class=\"wpcf7-form-control-wrap\" data-name=\"your-email\"><input size=\"40\" maxlength=\"400\" class=\"wpcf7-form-control wpcf7-email wpcf7-validates-as-required wpcf7-text wpcf7-validates-as-email\" aria-required=\"true\" aria-invalid=\"false\" value=\"\" type=\"email\" name=\"your-email\" \/><\/span><\/label>\n<\/p>\n<p><label> Sujeto *<br \/>\n<span class=\"wpcf7-form-control-wrap\" data-name=\"your-subject\"><input size=\"40\" maxlength=\"400\" class=\"wpcf7-form-control wpcf7-text wpcf7-validates-as-required\" aria-required=\"true\" aria-invalid=\"false\" value=\"\" type=\"text\" name=\"your-subject\" \/><\/span> <\/label>\n<\/p>\n<p><label> Mensaje *<br \/>\n<span class=\"wpcf7-form-control-wrap\" data-name=\"your-message\"><textarea cols=\"40\" rows=\"10\" maxlength=\"2000\" class=\"wpcf7-form-control wpcf7-textarea wpcf7-validates-as-required\" aria-required=\"true\" aria-invalid=\"false\" name=\"your-message\"><\/textarea><\/span> <\/label>\n<\/p>\n<p><label> * campo requerido <\/label>\n<\/p>\n<p><input class=\"wpcf7-form-control wpcf7-submit has-spinner\" type=\"submit\" value=\"ENVIAR\" \/>\n<\/p>\n<p><label><\/label>\n<\/p><p style=\"display: none !important;\" class=\"akismet-fields-container\" data-prefix=\"_wpcf7_ak_\"><label>&#916;<textarea name=\"_wpcf7_ak_hp_textarea\" cols=\"45\" rows=\"8\" maxlength=\"100\"><\/textarea><\/label><input type=\"hidden\" id=\"ak_js_1\" name=\"_wpcf7_ak_js\" value=\"14\"\/><script>document.getElementById( \"ak_js_1\" ).setAttribute( \"value\", ( new Date() ).getTime() );<\/script><\/p><div class=\"wpcf7-response-output\" aria-hidden=\"true\"><\/div>\n<\/form>\n<\/div>\n<\/p>\n<!-- sktbuilder starter --><script type=\"text\/javascript\" src=\"https:\/\/seasolargroup.com\/wp-content\/plugins\/skt-builder\/sktbuilder\/sktbuilder-frontend-starter.js\"><\/script><script type=\"text\/javascript\" src=\"https:\/\/seasolargroup.com\/wp-content\/plugins\/skt-builder\/sktbuilder-wordpress-driver.js\"><\/script><script type=\"text\/javascript\"> var starter = new SktbuilderStarter({\"mode\": \"prod\", \"skip\":[\"jquery\",\"underscore\",\"backbone\"],\"sktbuilderUrl\": \"https:\/\/seasolargroup.com\/wp-content\/plugins\/skt-builder\/sktbuilder\/\", \"driver\": new SktbuilderWordpressDriver({\"ajaxUrl\": \"https:\/\/seasolargroup.com\/wp-admin\/admin-ajax.php\", \"iframeUrl\": \"https:\/\/seasolargroup.com\/es\/product\/evbox-ultroniq\/?sktbuilder=true\", \"pageId\": 7097,  \"nonce\": \"e0932fc899\", \"pages\": [], \"page\": \"EVBOX ULTRONIQ\" }) });<\/script><!-- end sktbuilder starter -->","protected":false},"excerpt":{"rendered":"<p>Fast charging station<br \/>\nEVBox Troniq and Ultroniq&#8217;s secure and user-friendly design makes it accessible and applicable anywhere, by any electric car. Its smart power management capabilities will always ensure the cost-effective and energy-efficient management of multiple units.<br \/>\nEquipped with a power(ful) output between 50\u2013350 kW, our EVBox Troniq and Ultroniq fast charging stations can charge up to 125 km in 30 mins (50 kW), and up to 400 km in just 15 mins (350 kW).<\/p>\n","protected":false},"featured_media":9731,"comment_status":"open","ping_status":"closed","template":"","meta":{"_mbp_gutenberg_autopost":false,"_pgmb_is_evergreen":false,"_pgmb_ap_template_id":0,"jetpack_publicize_message":"EVBOX ULTRONIQ","jetpack_publicize_feature_enabled":true,"jetpack_social_post_already_shared":true,"jetpack_social_options":{"image_generator_settings":{"template":"highway","default_image_id":0,"font":"","enabled":false},"version":2}},"product_brand":[4048],"product_cat":[1675,1687],"product_tag":[1684],"class_list":{"0":"post-7097","1":"product","2":"type-product","3":"status-publish","4":"has-post-thumbnail","6":"product_brand-evbox","7":"product_cat-emobility","8":"product_cat-fast-charging-station","9":"product_tag-evbox","11":"first","12":"outofstock","13":"taxable","14":"shipping-taxable","15":"product-type-simple"},"yoast_head":"<!-- This site is optimized with the Yoast SEO Premium plugin v26.7 (Yoast SEO v27.3) - https:\/\/yoast.com\/product\/yoast-seo-premium-wordpress\/ -->\n<title>EVBOX ULTRONIQ - Seasolar Fotovoltaico<\/title>\n<meta name=\"robots\" content=\"index, follow, max-snippet:-1, max-image-preview:large, max-video-preview:-1\" \/>\n<link rel=\"canonical\" href=\"https:\/\/seasolargroup.com\/product\/evbox-ultroniq\/\" \/>\n<meta property=\"og:locale\" content=\"es_ES\" \/>\n<meta property=\"og:type\" content=\"article\" \/>\n<meta property=\"og:title\" content=\"EVBOX ULTRONIQ\" \/>\n<meta property=\"og:description\" content=\"Fast charging station EVBox Troniq and Ultroniq&#039;s secure and user-friendly design makes it accessible and applicable anywhere, by any electric car. Its smart power management capabilities will always ensure the cost-effective and energy-efficient management of multiple units. Equipped with a power(ful) output between 50\u2013350 kW, our EVBox Troniq and Ultroniq fast charging stations can charge up to 125 km in 30 mins (50 kW), and up to 400 km in just 15 mins (350 kW).\" \/>\n<meta property=\"og:url\" content=\"https:\/\/seasolargroup.com\/product\/evbox-ultroniq\/\" \/>\n<meta property=\"og:site_name\" content=\"Seasolar Fotovoltaico\" \/>\n<meta property=\"article:publisher\" content=\"https:\/\/www.facebook.com\/seasolargroup\" \/>\n<meta property=\"article:modified_time\" content=\"2025-10-22T22:49:32+00:00\" \/>\n<meta property=\"og:image\" content=\"https:\/\/seasolargroup.com\/wp-content\/uploads\/2020\/02\/EVBox-Ultroniq20UU-left-face.png\" \/>\n\t<meta property=\"og:image:width\" content=\"850\" \/>\n\t<meta property=\"og:image:height\" content=\"850\" \/>\n\t<meta property=\"og:image:type\" content=\"image\/png\" \/>\n<meta name=\"twitter:card\" content=\"summary_large_image\" \/>\n<meta name=\"twitter:site\" content=\"@seasolargroup\" \/>\n<meta name=\"twitter:label1\" content=\"Precio\" \/>\n\t<meta name=\"twitter:data1\" content=\"\" \/>\n\t<meta name=\"twitter:label2\" content=\"Disponibilidad\" \/>\n\t<meta name=\"twitter:data2\" content=\"Sin existencias\" \/>\n<script type=\"application\/ld+json\" class=\"yoast-schema-graph\">{\"@context\":\"https:\\\/\\\/schema.org\",\"@graph\":[{\"@type\":\"WebPage\",\"@id\":\"https:\\\/\\\/seasolargroup.com\\\/product\\\/evbox-ultroniq\\\/\",\"url\":\"https:\\\/\\\/seasolargroup.com\\\/product\\\/evbox-ultroniq\\\/\",\"name\":\"EVBOX ULTRONIQ - Seasolar Fotovoltaico\",\"isPartOf\":{\"@id\":\"https:\\\/\\\/seasolargroup.com\\\/#website\"},\"primaryImageOfPage\":{\"@id\":\"https:\\\/\\\/seasolargroup.com\\\/product\\\/evbox-ultroniq\\\/#primaryimage\"},\"image\":{\"@id\":\"https:\\\/\\\/seasolargroup.com\\\/product\\\/evbox-ultroniq\\\/#primaryimage\"},\"thumbnailUrl\":\"https:\\\/\\\/i0.wp.com\\\/seasolargroup.com\\\/wp-content\\\/uploads\\\/2020\\\/02\\\/EVBox-Ultroniq20UU-left-face.png?fit=850%2C850&ssl=1\",\"datePublished\":\"2019-11-07T17:39:27+00:00\",\"dateModified\":\"2025-10-22T22:49:32+00:00\",\"breadcrumb\":{\"@id\":\"https:\\\/\\\/seasolargroup.com\\\/product\\\/evbox-ultroniq\\\/#breadcrumb\"},\"inLanguage\":\"es\",\"potentialAction\":[{\"@type\":\"ReadAction\",\"target\":[\"https:\\\/\\\/seasolargroup.com\\\/product\\\/evbox-ultroniq\\\/\"]}]},{\"@type\":\"ImageObject\",\"inLanguage\":\"es\",\"@id\":\"https:\\\/\\\/seasolargroup.com\\\/product\\\/evbox-ultroniq\\\/#primaryimage\",\"url\":\"https:\\\/\\\/i0.wp.com\\\/seasolargroup.com\\\/wp-content\\\/uploads\\\/2020\\\/02\\\/EVBox-Ultroniq20UU-left-face.png?fit=850%2C850&ssl=1\",\"contentUrl\":\"https:\\\/\\\/i0.wp.com\\\/seasolargroup.com\\\/wp-content\\\/uploads\\\/2020\\\/02\\\/EVBox-Ultroniq20UU-left-face.png?fit=850%2C850&ssl=1\",\"width\":850,\"height\":850},{\"@type\":\"BreadcrumbList\",\"@id\":\"https:\\\/\\\/seasolargroup.com\\\/product\\\/evbox-ultroniq\\\/#breadcrumb\",\"itemListElement\":[{\"@type\":\"ListItem\",\"position\":1,\"name\":\"Home\",\"item\":\"https:\\\/\\\/seasolargroup.com\\\/\"},{\"@type\":\"ListItem\",\"position\":2,\"name\":\"Products\",\"item\":\"https:\\\/\\\/seasolargroup.com\\\/products\\\/\"},{\"@type\":\"ListItem\",\"position\":3,\"name\":\"EVBOX ULTRONIQ\"}]},{\"@type\":\"WebSite\",\"@id\":\"https:\\\/\\\/seasolargroup.com\\\/#website\",\"url\":\"https:\\\/\\\/seasolargroup.com\\\/\",\"name\":\"Seasolar Fotovoltaico\",\"description\":\"Turnkey photovoltaic systems since 2008\",\"publisher\":{\"@id\":\"https:\\\/\\\/seasolargroup.com\\\/#organization\"},\"potentialAction\":[{\"@type\":\"SearchAction\",\"target\":{\"@type\":\"EntryPoint\",\"urlTemplate\":\"https:\\\/\\\/seasolargroup.com\\\/?s={search_term_string}\"},\"query-input\":{\"@type\":\"PropertyValueSpecification\",\"valueRequired\":true,\"valueName\":\"search_term_string\"}}],\"inLanguage\":\"es\"},{\"@type\":\"Organization\",\"@id\":\"https:\\\/\\\/seasolargroup.com\\\/#organization\",\"name\":\"SEASOLAR fotovoltaico\",\"url\":\"https:\\\/\\\/seasolargroup.com\\\/\",\"logo\":{\"@type\":\"ImageObject\",\"inLanguage\":\"es\",\"@id\":\"https:\\\/\\\/seasolargroup.com\\\/#\\\/schema\\\/logo\\\/image\\\/\",\"url\":\"https:\\\/\\\/i0.wp.com\\\/seasolargroup.com\\\/wp-content\\\/uploads\\\/2024\\\/10\\\/seasolar_logo_2024_social.png?fit=360%2C360&ssl=1\",\"contentUrl\":\"https:\\\/\\\/i0.wp.com\\\/seasolargroup.com\\\/wp-content\\\/uploads\\\/2024\\\/10\\\/seasolar_logo_2024_social.png?fit=360%2C360&ssl=1\",\"width\":360,\"height\":360,\"caption\":\"SEASOLAR fotovoltaico\"},\"image\":{\"@id\":\"https:\\\/\\\/seasolargroup.com\\\/#\\\/schema\\\/logo\\\/image\\\/\"},\"sameAs\":[\"https:\\\/\\\/www.facebook.com\\\/seasolargroup\",\"https:\\\/\\\/x.com\\\/seasolargroup\",\"https:\\\/\\\/www.linkedin.com\\\/in\\\/seasolar-group-news\\\/\",\"https:\\\/\\\/www.youtube.com\\\/channel\\\/UCVrmhrGih_bFnpj0as_vDuQ\",\"https:\\\/\\\/www.instagram.com\\\/fotovoltaico_seasolar\\\/\"]}]}<\/script>\n<meta property=\"product:brand\" content=\"EVBOX\" \/>\n<meta property=\"product:price:currency\" content=\"EUR\" \/>\n<meta property=\"og:availability\" content=\"out of stock\" \/>\n<meta property=\"product:availability\" content=\"out of stock\" \/>\n<meta property=\"product:condition\" content=\"new\" \/>\n<!-- \/ Yoast SEO Premium plugin. -->","yoast_head_json":{"title":"EVBOX ULTRONIQ - Seasolar Fotovoltaico","robots":{"index":"index","follow":"follow","max-snippet":"max-snippet:-1","max-image-preview":"max-image-preview:large","max-video-preview":"max-video-preview:-1"},"canonical":"https:\/\/seasolargroup.com\/product\/evbox-ultroniq\/","og_locale":"es_ES","og_type":"article","og_title":"EVBOX ULTRONIQ","og_description":"Fast charging station EVBox Troniq and Ultroniq's secure and user-friendly design makes it accessible and applicable anywhere, by any electric car. Its smart power management capabilities will always ensure the cost-effective and energy-efficient management of multiple units. Equipped with a power(ful) output between 50\u2013350 kW, our EVBox Troniq and Ultroniq fast charging stations can charge up to 125 km in 30 mins (50 kW), and up to 400 km in just 15 mins (350 kW).","og_url":"https:\/\/seasolargroup.com\/product\/evbox-ultroniq\/","og_site_name":"Seasolar Fotovoltaico","article_publisher":"https:\/\/www.facebook.com\/seasolargroup","article_modified_time":"2025-10-22T22:49:32+00:00","og_image":[{"width":850,"height":850,"url":"https:\/\/seasolargroup.com\/wp-content\/uploads\/2020\/02\/EVBox-Ultroniq20UU-left-face.png","type":"image\/png"}],"twitter_card":"summary_large_image","twitter_site":"@seasolargroup","twitter_misc":{"Precio":"","Disponibilidad":"Sin existencias"},"schema":{"@context":"https:\/\/schema.org","@graph":[{"@type":"WebPage","@id":"https:\/\/seasolargroup.com\/product\/evbox-ultroniq\/","url":"https:\/\/seasolargroup.com\/product\/evbox-ultroniq\/","name":"EVBOX ULTRONIQ - Seasolar Fotovoltaico","isPartOf":{"@id":"https:\/\/seasolargroup.com\/#website"},"primaryImageOfPage":{"@id":"https:\/\/seasolargroup.com\/product\/evbox-ultroniq\/#primaryimage"},"image":{"@id":"https:\/\/seasolargroup.com\/product\/evbox-ultroniq\/#primaryimage"},"thumbnailUrl":"https:\/\/i0.wp.com\/seasolargroup.com\/wp-content\/uploads\/2020\/02\/EVBox-Ultroniq20UU-left-face.png?fit=850%2C850&ssl=1","datePublished":"2019-11-07T17:39:27+00:00","dateModified":"2025-10-22T22:49:32+00:00","breadcrumb":{"@id":"https:\/\/seasolargroup.com\/product\/evbox-ultroniq\/#breadcrumb"},"inLanguage":"es","potentialAction":[{"@type":"ReadAction","target":["https:\/\/seasolargroup.com\/product\/evbox-ultroniq\/"]}]},{"@type":"ImageObject","inLanguage":"es","@id":"https:\/\/seasolargroup.com\/product\/evbox-ultroniq\/#primaryimage","url":"https:\/\/i0.wp.com\/seasolargroup.com\/wp-content\/uploads\/2020\/02\/EVBox-Ultroniq20UU-left-face.png?fit=850%2C850&ssl=1","contentUrl":"https:\/\/i0.wp.com\/seasolargroup.com\/wp-content\/uploads\/2020\/02\/EVBox-Ultroniq20UU-left-face.png?fit=850%2C850&ssl=1","width":850,"height":850},{"@type":"BreadcrumbList","@id":"https:\/\/seasolargroup.com\/product\/evbox-ultroniq\/#breadcrumb","itemListElement":[{"@type":"ListItem","position":1,"name":"Home","item":"https:\/\/seasolargroup.com\/"},{"@type":"ListItem","position":2,"name":"Products","item":"https:\/\/seasolargroup.com\/products\/"},{"@type":"ListItem","position":3,"name":"EVBOX ULTRONIQ"}]},{"@type":"WebSite","@id":"https:\/\/seasolargroup.com\/#website","url":"https:\/\/seasolargroup.com\/","name":"Seasolar Fotovoltaico","description":"Turnkey photovoltaic systems since 2008","publisher":{"@id":"https:\/\/seasolargroup.com\/#organization"},"potentialAction":[{"@type":"SearchAction","target":{"@type":"EntryPoint","urlTemplate":"https:\/\/seasolargroup.com\/?s={search_term_string}"},"query-input":{"@type":"PropertyValueSpecification","valueRequired":true,"valueName":"search_term_string"}}],"inLanguage":"es"},{"@type":"Organization","@id":"https:\/\/seasolargroup.com\/#organization","name":"SEASOLAR fotovoltaico","url":"https:\/\/seasolargroup.com\/","logo":{"@type":"ImageObject","inLanguage":"es","@id":"https:\/\/seasolargroup.com\/#\/schema\/logo\/image\/","url":"https:\/\/i0.wp.com\/seasolargroup.com\/wp-content\/uploads\/2024\/10\/seasolar_logo_2024_social.png?fit=360%2C360&ssl=1","contentUrl":"https:\/\/i0.wp.com\/seasolargroup.com\/wp-content\/uploads\/2024\/10\/seasolar_logo_2024_social.png?fit=360%2C360&ssl=1","width":360,"height":360,"caption":"SEASOLAR fotovoltaico"},"image":{"@id":"https:\/\/seasolargroup.com\/#\/schema\/logo\/image\/"},"sameAs":["https:\/\/www.facebook.com\/seasolargroup","https:\/\/x.com\/seasolargroup","https:\/\/www.linkedin.com\/in\/seasolar-group-news\/","https:\/\/www.youtube.com\/channel\/UCVrmhrGih_bFnpj0as_vDuQ","https:\/\/www.instagram.com\/fotovoltaico_seasolar\/"]}]},"product_brand":"EVBOX","product_price_currency":"EUR","og_availability":"out of stock","product_availability":"out of stock","product_condition":"new"},"jetpack_publicize_connections":[],"jetpack_sharing_enabled":true,"jetpack_likes_enabled":true,"jetpack-related-posts":[],"_links":{"self":[{"href":"https:\/\/seasolargroup.com\/es\/wp-json\/wp\/v2\/product\/7097","targetHints":{"allow":["GET"]}}],"collection":[{"href":"https:\/\/seasolargroup.com\/es\/wp-json\/wp\/v2\/product"}],"about":[{"href":"https:\/\/seasolargroup.com\/es\/wp-json\/wp\/v2\/types\/product"}],"replies":[{"embeddable":true,"href":"https:\/\/seasolargroup.com\/es\/wp-json\/wp\/v2\/comments?post=7097"}],"wp:featuredmedia":[{"embeddable":true,"href":"https:\/\/seasolargroup.com\/es\/wp-json\/wp\/v2\/media\/9731"}],"wp:attachment":[{"href":"https:\/\/seasolargroup.com\/es\/wp-json\/wp\/v2\/media?parent=7097"}],"wp:term":[{"taxonomy":"product_brand","embeddable":true,"href":"https:\/\/seasolargroup.com\/es\/wp-json\/wp\/v2\/product_brand?post=7097"},{"taxonomy":"product_cat","embeddable":true,"href":"https:\/\/seasolargroup.com\/es\/wp-json\/wp\/v2\/product_cat?post=7097"},{"taxonomy":"product_tag","embeddable":true,"href":"https:\/\/seasolargroup.com\/es\/wp-json\/wp\/v2\/product_tag?post=7097"}],"curies":[{"name":"wp","href":"https:\/\/api.w.org\/{rel}","templated":true}]}}