{"id":13870,"date":"2024-01-13T11:18:41","date_gmt":"2024-01-13T10:18:41","guid":{"rendered":"https:\/\/seasolargroup.com\/?post_type=product&#038;p=13870"},"modified":"2026-02-07T22:27:21","modified_gmt":"2026-02-07T21:27:21","slug":"solax-x3-mga-60k","status":"publish","type":"product","link":"https:\/\/seasolargroup.com\/es\/product\/solax-x3-mga-60k\/","title":{"rendered":"SOLAX X3 MGA 60K"},"content":{"rendered":"<p><span style=\"color: #ffffff;\">SOLAX X3 MGA 60K<\/span><br \/>\nExperience the extraordinary power of the X3 MEGA solar inverter, delivering up to 98.4% efficiency and outstanding energy performance with its wide MPPT voltage range enhancing power yield. <\/p>\n<p>Furthermore, rest assured with IP66, Arc-fault circuit interrupter and moreover SPD protection, ensuring your system&#8217;s safety and security. <\/p>\n<p>Unlock the full potential with intelligent features like built-in export power control, remote maintenance and smart I-V curve diagnostics. <\/p>\n<p>The X3 MEGA utilizes advanced heat dissipation technology, not only empowering it with immense power but also making it remarkably lighter and more compact compared to inverters of similar capacity. <\/p>\n<p>Elevate your energy system to new heights with the X3 MEGA and guarantee unparalleled performance and efficiency.<\/p>\n<p>Product features:<\/p>\n<ul>\n<li>Max. efficiency 98.4%<\/li>\n<li>180~1000Vdc MPPT voltage range<\/li>\n<li>Max. 6 MPPTs, 2 strings per MPP tracker<\/li>\n<li>150% PV oversizing input<\/li>\n<li>110% overloading output<\/li>\n<li>Max. 32A MPPT current<\/li>\n<\/ul>\n<p>&nbsp;<br \/>\n<img data-recalc-dims=\"1\" loading=\"lazy\" decoding=\"async\" class=\"aligncenter size-full wp-image-13872\" src=\"https:\/\/i0.wp.com\/seasolargroup.com\/wp-content\/uploads\/2024\/01\/SOLAX-X3-MGA-EN.jpg?resize=1420%2C1932&#038;ssl=1\" alt=\"SOLAX X3 MGA\" width=\"1420\" height=\"1932\" data-id=\"13872\" srcset=\"https:\/\/i0.wp.com\/seasolargroup.com\/wp-content\/uploads\/2024\/01\/SOLAX-X3-MGA-EN.jpg?w=1420&amp;ssl=1 1420w, https:\/\/i0.wp.com\/seasolargroup.com\/wp-content\/uploads\/2024\/01\/SOLAX-X3-MGA-EN.jpg?resize=220%2C300&amp;ssl=1 220w, https:\/\/i0.wp.com\/seasolargroup.com\/wp-content\/uploads\/2024\/01\/SOLAX-X3-MGA-EN.jpg?resize=753%2C1024&amp;ssl=1 753w, https:\/\/i0.wp.com\/seasolargroup.com\/wp-content\/uploads\/2024\/01\/SOLAX-X3-MGA-EN.jpg?resize=768%2C1045&amp;ssl=1 768w, https:\/\/i0.wp.com\/seasolargroup.com\/wp-content\/uploads\/2024\/01\/SOLAX-X3-MGA-EN.jpg?resize=1129%2C1536&amp;ssl=1 1129w, https:\/\/i0.wp.com\/seasolargroup.com\/wp-content\/uploads\/2024\/01\/SOLAX-X3-MGA-EN.jpg?resize=800%2C1088&amp;ssl=1 800w\" sizes=\"auto, (max-width: 1000px) 100vw, 1000px\" \/><br \/>\n\r\n\t\t<div class=\"divider4\"><span><\/span><\/div>\r\n\t\t<\/p>\n<h2>Downloads<\/h2>\n<p><a href=\"https:\/\/seasolargroup.com\/wp-content\/uploads\/2024\/01\/x3-mega-g2-en.pdf\" target=\"_blank\" rel=\"noopener\">SOLAX X3 MGA: Datasheetn<\/a><\/p>\n<p><a href=\"https:\/\/seasolargroup.com\/wp-content\/uploads\/2024\/01\/x3-mega-g2-it.pdf\" target=\"_blank\" rel=\"noopener\">SOLAX X3 MGA: Scheda tecnica<\/a><\/p>\n<p><a href=\"https:\/\/seasolargroup.com\/wp-content\/uploads\/2024\/01\/x3-mega-g2-user-manual-en.pdf\" target=\"_blank\" rel=\"noopener\">SOLAX X3 MGA: User manual<\/a><\/p>\n<p><a href=\"https:\/\/seasolargroup.com\/wp-content\/uploads\/2024\/01\/X3-MEGA-G2-User-manual_it.pdf\" target=\"_blank\" rel=\"noopener\">SOLAX X3 MGA: Manuale d&#8217;uso<\/a><\/p>\n<p><a href=\"https:\/\/seasolargroup.com\/wp-content\/uploads\/2024\/01\/Solax-Mega-G2-CEI0-16.pdf\" target=\"_blank\" rel=\"noopener\">SOLAX X3 MGA: CEI0-16<\/a><\/p>\n<p><a href=\"https:\/\/seasolargroup.com\/wp-content\/uploads\/2024\/01\/Solax-Mega-G2-CEI0-21.pdf\" target=\"_blank\" rel=\"noopener\">SOLAX X3 MGA: CEI0-21<\/a><\/p>\n<p><a href=\"https:\/\/seasolargroup.com\/wp-content\/uploads\/2024\/01\/2023-eu-inverters-warranty-terms-conditions.pdf\" target=\"_blank\" rel=\"noopener\">SOLAX X3 MGA: 2023 eu inverters warranty terms conditions<\/a><\/p>\n<p><a href=\"https:\/\/seasolargroup.com\/wp-content\/uploads\/2024\/01\/TigoSolaxCompatibilityLetterDec2022.pdf\" target=\"_blank\" rel=\"noopener\">SOLAX X3 MGA: Tigo&amp;Solax Compatibility Letter<\/a><br \/>\n\r\n\t\t<div class=\"divider4\"><span><\/span><\/div>\r\n\t\t<\/p>\n<h2>Related offers<\/h2>\n<p><a href=\"https:\/\/seasolargroup.com\/tag\/SOLAX\/\">Offers for SOLAX<\/a><br \/>\n<span style=\"color: #ffffff;\">SOLAX X3 MGA 60K<\/span><br \/>\n\r\n\t\t<div class=\"divider4\"><span><\/span><\/div>\r\n\t\t<\/p>\n<h2>Related projects<\/h2>\n<p><br \/>\n\r\n\t\t<div class=\"divider4\"><span><\/span><\/div>\r\n\t\t<\/p>\n<h2>Related videos<\/h2>\n<p><span class=\"embed-youtube\" style=\"text-align:center; display: block;\"><iframe loading=\"lazy\" class=\"youtube-player\" width=\"640\" height=\"360\" src=\"https:\/\/www.youtube.com\/embed\/A7eEzZhY8gA?version=3&#038;rel=1&#038;showsearch=0&#038;showinfo=1&#038;iv_load_policy=1&#038;fs=1&#038;hl=es-ES&#038;autohide=2&#038;wmode=transparent&#038;listType=playlist&#038;list=PLwqK5bEOfjvKeGRrDn4zYYBFl0uQ8ef4x\" allowfullscreen=\"true\" style=\"border:0;\" sandbox=\"allow-scripts allow-same-origin allow-popups allow-presentation allow-popups-to-escape-sandbox\"><\/iframe><\/span><br \/>\n\r\n\t\t<div class=\"divider4\"><span><\/span><\/div>\r\n\t\t<br \/>\n\n<div class=\"wpcf7 no-js\" id=\"wpcf7-f5-o5\" lang=\"en-GB\" dir=\"ltr\" data-wpcf7-id=\"5\">\n<div class=\"screen-reader-response\"><p role=\"status\" aria-live=\"polite\" aria-atomic=\"true\"><\/p> <ul><\/ul><\/div>\n<form action=\"\/es\/wp-json\/wp\/v2\/product\/13870#wpcf7-f5-o5\" method=\"post\" class=\"wpcf7-form init\" aria-label=\"Contact form\" novalidate=\"novalidate\" data-status=\"init\">\n<fieldset class=\"hidden-fields-container\"><input type=\"hidden\" name=\"_wpcf7\" value=\"5\" \/><input type=\"hidden\" name=\"_wpcf7_version\" value=\"6.1.5\" \/><input type=\"hidden\" name=\"_wpcf7_locale\" value=\"en_GB\" \/><input type=\"hidden\" name=\"_wpcf7_unit_tag\" value=\"wpcf7-f5-o5\" \/><input type=\"hidden\" name=\"_wpcf7_container_post\" value=\"0\" \/><input type=\"hidden\" name=\"_wpcf7_posted_data_hash\" value=\"\" \/><input type=\"hidden\" name=\"_wpcf7_recaptcha_response\" value=\"\" \/>\n<\/fieldset>\n<p><label> <\/label>\n<\/p>\n<h2>Contacto\n<\/h2>\n<p><label> Por favor cont\u00e1ctenos con cualquier pregunta que pueda tener relacionada con nuestras ofertas o nuestros productos <\/label>\n<\/p>\n<p><label> Escriba a <a href=\"mailto:info@seasolargroup.com\">info@seasolargroup.com<\/a> o complete el siguiente formulario y nos pondremos en contacto con usted: <\/label>\n<\/p>\n<p><label> Nombre *<br \/>\n<span class=\"wpcf7-form-control-wrap\" data-name=\"your-name\"><input size=\"40\" maxlength=\"400\" class=\"wpcf7-form-control wpcf7-text wpcf7-validates-as-required\" aria-required=\"true\" aria-invalid=\"false\" value=\"\" type=\"text\" name=\"your-name\" \/><\/span><\/label>\n<\/p>\n<p><label> N\u00famero de tel\u00e9fono *<br \/>\n<span class=\"wpcf7-form-control-wrap\" data-name=\"tel-826\"><input size=\"40\" maxlength=\"400\" class=\"wpcf7-form-control wpcf7-tel wpcf7-validates-as-required wpcf7-text wpcf7-validates-as-tel\" aria-required=\"true\" aria-invalid=\"false\" value=\"\" type=\"tel\" name=\"tel-826\" \/><\/span><\/label>\n<\/p>\n<p><label> Tu correo electr\u00f3nico *<br \/>\n<span class=\"wpcf7-form-control-wrap\" data-name=\"your-email\"><input size=\"40\" maxlength=\"400\" class=\"wpcf7-form-control wpcf7-email wpcf7-validates-as-required wpcf7-text wpcf7-validates-as-email\" aria-required=\"true\" aria-invalid=\"false\" value=\"\" type=\"email\" name=\"your-email\" \/><\/span><\/label>\n<\/p>\n<p><label> Sujeto *<br \/>\n<span class=\"wpcf7-form-control-wrap\" data-name=\"your-subject\"><input size=\"40\" maxlength=\"400\" class=\"wpcf7-form-control wpcf7-text wpcf7-validates-as-required\" aria-required=\"true\" aria-invalid=\"false\" value=\"\" type=\"text\" name=\"your-subject\" \/><\/span> <\/label>\n<\/p>\n<p><label> Mensaje *<br \/>\n<span class=\"wpcf7-form-control-wrap\" data-name=\"your-message\"><textarea cols=\"40\" rows=\"10\" maxlength=\"2000\" class=\"wpcf7-form-control wpcf7-textarea wpcf7-validates-as-required\" aria-required=\"true\" aria-invalid=\"false\" name=\"your-message\"><\/textarea><\/span> <\/label>\n<\/p>\n<p><label> * campo requerido <\/label>\n<\/p>\n<p><input class=\"wpcf7-form-control wpcf7-submit has-spinner\" type=\"submit\" value=\"ENVIAR\" \/>\n<\/p>\n<p><label><\/label>\n<\/p><p style=\"display: none !important;\" class=\"akismet-fields-container\" data-prefix=\"_wpcf7_ak_\"><label>&#916;<textarea name=\"_wpcf7_ak_hp_textarea\" cols=\"45\" rows=\"8\" maxlength=\"100\"><\/textarea><\/label><input type=\"hidden\" id=\"ak_js_5\" name=\"_wpcf7_ak_js\" value=\"222\"\/><script>document.getElementById( \"ak_js_5\" ).setAttribute( \"value\", ( new Date() ).getTime() );<\/script><\/p><div class=\"wpcf7-response-output\" aria-hidden=\"true\"><\/div>\n<\/form>\n<\/div>\n<\/p>\n<!-- sktbuilder starter --><script type=\"text\/javascript\" src=\"https:\/\/seasolargroup.com\/wp-content\/plugins\/skt-builder\/sktbuilder\/sktbuilder-frontend-starter.js\"><\/script><script type=\"text\/javascript\" src=\"https:\/\/seasolargroup.com\/wp-content\/plugins\/skt-builder\/sktbuilder-wordpress-driver.js\"><\/script><script type=\"text\/javascript\"> var starter = new SktbuilderStarter({\"mode\": \"prod\", \"skip\":[\"jquery\",\"underscore\",\"backbone\"],\"sktbuilderUrl\": \"https:\/\/seasolargroup.com\/wp-content\/plugins\/skt-builder\/sktbuilder\/\", \"driver\": new SktbuilderWordpressDriver({\"ajaxUrl\": \"https:\/\/seasolargroup.com\/wp-admin\/admin-ajax.php\", \"iframeUrl\": \"https:\/\/seasolargroup.com\/es\/product\/solax-x3-mga-60k\/?sktbuilder=true\", \"pageId\": 13870,  \"nonce\": \"bab734785d\", \"pages\": [], \"page\": \"SOLAX X3 MGA 60K\" }) });<\/script><!-- end sktbuilder starter -->","protected":false},"excerpt":{"rendered":"<p>Trif\u00e1sico \u2013 Inversor<br \/>\nEl inversor Trif\u00e1sico SolaX se integra perfectamente con varias configuraciones, proporcionando una compatibilidad incomparable. Los inversores vers\u00e1tiles ofrecen una amplia gama de soluciones, que incluyen operaci\u00f3n en paralelo, integraci\u00f3n de bombas de calor, conectividad de microred, compatibilidad con cargadores de veh\u00edculos el\u00e9ctricos, soporte de generadores y aplicaci\u00f3n VPP.<\/p>\n","protected":false},"featured_media":13722,"comment_status":"open","ping_status":"closed","template":"","meta":{"_mbp_gutenberg_autopost":false,"_pgmb_is_evergreen":false,"_pgmb_ap_template_id":0,"jetpack_publicize_message":"AEG AEG AS-P605-270","jetpack_publicize_feature_enabled":true,"jetpack_social_post_already_shared":true,"jetpack_social_options":{"image_generator_settings":{"template":"highway","default_image_id":0,"font":"","enabled":false},"version":2}},"product_brand":[4037],"product_cat":[4094,1011],"product_tag":[1226],"class_list":{"0":"post-13870","1":"product","2":"type-product","3":"status-publish","4":"has-post-thumbnail","6":"product_brand-solax","7":"product_cat-commercial-inverter","8":"product_cat-inverter","9":"product_tag-solax","10":"pa_height-3914","11":"pa_hight-3916","12":"pa_length-3915","13":"pa_mpp-number-3918","14":"pa_mpp-voltage-max-3869","15":"pa_mpp-voltage-min-3870","16":"pa_phases-number-3871","17":"pa_power-ac-3920","18":"pa_power-dc-3919","19":"pa_warranty-product-3902","20":"pa_width-3917","22":"first","23":"instock","24":"product-type-simple"},"yoast_head":"<!-- This site is optimized with the Yoast SEO Premium plugin v26.7 (Yoast SEO v27.3) - https:\/\/yoast.com\/product\/yoast-seo-premium-wordpress\/ -->\n<title>SOLAX X3 MGA 60K - Seasolar Fotovoltaico<\/title>\n<meta name=\"description\" content=\"SOLAX X3 MGA 60K Solax three-phase inverter seamlessly integrates with various setups, providing unparalleled compatibility.\" \/>\n<meta name=\"robots\" content=\"index, follow, max-snippet:-1, max-image-preview:large, max-video-preview:-1\" \/>\n<link rel=\"canonical\" href=\"https:\/\/seasolargroup.com\/product\/solax-x3-mga-60k\/\" \/>\n<meta property=\"og:locale\" content=\"es_ES\" \/>\n<meta property=\"og:type\" content=\"article\" \/>\n<meta property=\"og:title\" content=\"SOLAX X3 MGA 60K\" \/>\n<meta property=\"og:description\" content=\"SOLAX X3 MGA 60K Solax three-phase inverter seamlessly integrates with various setups, providing unparalleled compatibility.\" \/>\n<meta property=\"og:url\" content=\"https:\/\/seasolargroup.com\/product\/solax-x3-mga-60k\/\" \/>\n<meta property=\"og:site_name\" content=\"Seasolar Fotovoltaico\" \/>\n<meta property=\"article:publisher\" content=\"https:\/\/www.facebook.com\/seasolargroup\" \/>\n<meta property=\"article:modified_time\" content=\"2026-02-07T21:27:21+00:00\" \/>\n<meta property=\"og:image\" content=\"https:\/\/seasolargroup.com\/wp-content\/uploads\/2023\/12\/x3-mega-g2-1-scaled.png\" \/>\n\t<meta property=\"og:image:width\" content=\"3094\" \/>\n\t<meta property=\"og:image:height\" content=\"2597\" \/>\n\t<meta property=\"og:image:type\" content=\"image\/png\" \/>\n<meta name=\"twitter:card\" content=\"summary_large_image\" \/>\n<meta name=\"twitter:site\" content=\"@seasolargroup\" \/>\n<meta name=\"twitter:label1\" content=\"Precio\" \/>\n\t<meta name=\"twitter:data1\" content=\"\" \/>\n\t<meta name=\"twitter:label2\" content=\"Disponibilidad\" \/>\n\t<meta name=\"twitter:data2\" content=\"Disponible\" \/>\n<script type=\"application\/ld+json\" class=\"yoast-schema-graph\">{\"@context\":\"https:\\\/\\\/schema.org\",\"@graph\":[{\"@type\":\"WebPage\",\"@id\":\"https:\\\/\\\/seasolargroup.com\\\/product\\\/solax-x3-mga-60k\\\/\",\"url\":\"https:\\\/\\\/seasolargroup.com\\\/product\\\/solax-x3-mga-60k\\\/\",\"name\":\"SOLAX X3 MGA 60K - Seasolar Fotovoltaico\",\"isPartOf\":{\"@id\":\"https:\\\/\\\/seasolargroup.com\\\/#website\"},\"primaryImageOfPage\":{\"@id\":\"https:\\\/\\\/seasolargroup.com\\\/product\\\/solax-x3-mga-60k\\\/#primaryimage\"},\"image\":{\"@id\":\"https:\\\/\\\/seasolargroup.com\\\/product\\\/solax-x3-mga-60k\\\/#primaryimage\"},\"thumbnailUrl\":\"https:\\\/\\\/i0.wp.com\\\/seasolargroup.com\\\/wp-content\\\/uploads\\\/2023\\\/12\\\/x3-mega-g2-1-scaled.png?fit=3094%2C2597&ssl=1\",\"datePublished\":\"2024-01-13T10:18:41+00:00\",\"dateModified\":\"2026-02-07T21:27:21+00:00\",\"description\":\"SOLAX X3 MGA 60K Solax three-phase inverter seamlessly integrates with various setups, providing unparalleled compatibility.\",\"breadcrumb\":{\"@id\":\"https:\\\/\\\/seasolargroup.com\\\/product\\\/solax-x3-mga-60k\\\/#breadcrumb\"},\"inLanguage\":\"es\",\"potentialAction\":[{\"@type\":\"ReadAction\",\"target\":[\"https:\\\/\\\/seasolargroup.com\\\/product\\\/solax-x3-mga-60k\\\/\"]}]},{\"@type\":\"ImageObject\",\"inLanguage\":\"es\",\"@id\":\"https:\\\/\\\/seasolargroup.com\\\/product\\\/solax-x3-mga-60k\\\/#primaryimage\",\"url\":\"https:\\\/\\\/i0.wp.com\\\/seasolargroup.com\\\/wp-content\\\/uploads\\\/2023\\\/12\\\/x3-mega-g2-1-scaled.png?fit=3094%2C2597&ssl=1\",\"contentUrl\":\"https:\\\/\\\/i0.wp.com\\\/seasolargroup.com\\\/wp-content\\\/uploads\\\/2023\\\/12\\\/x3-mega-g2-1-scaled.png?fit=3094%2C2597&ssl=1\",\"width\":3094,\"height\":2597,\"caption\":\"SOLAX X3 MGA\"},{\"@type\":\"BreadcrumbList\",\"@id\":\"https:\\\/\\\/seasolargroup.com\\\/product\\\/solax-x3-mga-60k\\\/#breadcrumb\",\"itemListElement\":[{\"@type\":\"ListItem\",\"position\":1,\"name\":\"Home\",\"item\":\"https:\\\/\\\/seasolargroup.com\\\/\"},{\"@type\":\"ListItem\",\"position\":2,\"name\":\"Products\",\"item\":\"https:\\\/\\\/seasolargroup.com\\\/products\\\/\"},{\"@type\":\"ListItem\",\"position\":3,\"name\":\"SOLAX X3 MGA 60K\"}]},{\"@type\":\"WebSite\",\"@id\":\"https:\\\/\\\/seasolargroup.com\\\/#website\",\"url\":\"https:\\\/\\\/seasolargroup.com\\\/\",\"name\":\"Seasolar Fotovoltaico\",\"description\":\"Turnkey photovoltaic systems since 2008\",\"publisher\":{\"@id\":\"https:\\\/\\\/seasolargroup.com\\\/#organization\"},\"potentialAction\":[{\"@type\":\"SearchAction\",\"target\":{\"@type\":\"EntryPoint\",\"urlTemplate\":\"https:\\\/\\\/seasolargroup.com\\\/?s={search_term_string}\"},\"query-input\":{\"@type\":\"PropertyValueSpecification\",\"valueRequired\":true,\"valueName\":\"search_term_string\"}}],\"inLanguage\":\"es\"},{\"@type\":\"Organization\",\"@id\":\"https:\\\/\\\/seasolargroup.com\\\/#organization\",\"name\":\"SEASOLAR fotovoltaico\",\"url\":\"https:\\\/\\\/seasolargroup.com\\\/\",\"logo\":{\"@type\":\"ImageObject\",\"inLanguage\":\"es\",\"@id\":\"https:\\\/\\\/seasolargroup.com\\\/#\\\/schema\\\/logo\\\/image\\\/\",\"url\":\"https:\\\/\\\/i0.wp.com\\\/seasolargroup.com\\\/wp-content\\\/uploads\\\/2024\\\/10\\\/seasolar_logo_2024_social.png?fit=360%2C360&ssl=1\",\"contentUrl\":\"https:\\\/\\\/i0.wp.com\\\/seasolargroup.com\\\/wp-content\\\/uploads\\\/2024\\\/10\\\/seasolar_logo_2024_social.png?fit=360%2C360&ssl=1\",\"width\":360,\"height\":360,\"caption\":\"SEASOLAR fotovoltaico\"},\"image\":{\"@id\":\"https:\\\/\\\/seasolargroup.com\\\/#\\\/schema\\\/logo\\\/image\\\/\"},\"sameAs\":[\"https:\\\/\\\/www.facebook.com\\\/seasolargroup\",\"https:\\\/\\\/x.com\\\/seasolargroup\",\"https:\\\/\\\/www.linkedin.com\\\/in\\\/seasolar-group-news\\\/\",\"https:\\\/\\\/www.youtube.com\\\/channel\\\/UCVrmhrGih_bFnpj0as_vDuQ\",\"https:\\\/\\\/www.instagram.com\\\/fotovoltaico_seasolar\\\/\"]}]}<\/script>\n<meta property=\"product:brand\" content=\"SOLAX\" \/>\n<meta property=\"product:price:currency\" content=\"EUR\" \/>\n<meta property=\"og:availability\" content=\"instock\" \/>\n<meta property=\"product:availability\" content=\"instock\" \/>\n<meta property=\"product:retailer_item_id\" content=\"SLX-X3-MGA-60K\" \/>\n<meta property=\"product:condition\" content=\"new\" \/>\n<!-- \/ Yoast SEO Premium plugin. -->","yoast_head_json":{"title":"SOLAX X3 MGA 60K - Seasolar Fotovoltaico","description":"SOLAX X3 MGA 60K Solax three-phase inverter seamlessly integrates with various setups, providing unparalleled compatibility.","robots":{"index":"index","follow":"follow","max-snippet":"max-snippet:-1","max-image-preview":"max-image-preview:large","max-video-preview":"max-video-preview:-1"},"canonical":"https:\/\/seasolargroup.com\/product\/solax-x3-mga-60k\/","og_locale":"es_ES","og_type":"article","og_title":"SOLAX X3 MGA 60K","og_description":"SOLAX X3 MGA 60K Solax three-phase inverter seamlessly integrates with various setups, providing unparalleled compatibility.","og_url":"https:\/\/seasolargroup.com\/product\/solax-x3-mga-60k\/","og_site_name":"Seasolar Fotovoltaico","article_publisher":"https:\/\/www.facebook.com\/seasolargroup","article_modified_time":"2026-02-07T21:27:21+00:00","og_image":[{"width":3094,"height":2597,"url":"https:\/\/seasolargroup.com\/wp-content\/uploads\/2023\/12\/x3-mega-g2-1-scaled.png","type":"image\/png"}],"twitter_card":"summary_large_image","twitter_site":"@seasolargroup","twitter_misc":{"Precio":"","Disponibilidad":"Disponible"},"schema":{"@context":"https:\/\/schema.org","@graph":[{"@type":"WebPage","@id":"https:\/\/seasolargroup.com\/product\/solax-x3-mga-60k\/","url":"https:\/\/seasolargroup.com\/product\/solax-x3-mga-60k\/","name":"SOLAX X3 MGA 60K - Seasolar Fotovoltaico","isPartOf":{"@id":"https:\/\/seasolargroup.com\/#website"},"primaryImageOfPage":{"@id":"https:\/\/seasolargroup.com\/product\/solax-x3-mga-60k\/#primaryimage"},"image":{"@id":"https:\/\/seasolargroup.com\/product\/solax-x3-mga-60k\/#primaryimage"},"thumbnailUrl":"https:\/\/i0.wp.com\/seasolargroup.com\/wp-content\/uploads\/2023\/12\/x3-mega-g2-1-scaled.png?fit=3094%2C2597&ssl=1","datePublished":"2024-01-13T10:18:41+00:00","dateModified":"2026-02-07T21:27:21+00:00","description":"SOLAX X3 MGA 60K Solax three-phase inverter seamlessly integrates with various setups, providing unparalleled compatibility.","breadcrumb":{"@id":"https:\/\/seasolargroup.com\/product\/solax-x3-mga-60k\/#breadcrumb"},"inLanguage":"es","potentialAction":[{"@type":"ReadAction","target":["https:\/\/seasolargroup.com\/product\/solax-x3-mga-60k\/"]}]},{"@type":"ImageObject","inLanguage":"es","@id":"https:\/\/seasolargroup.com\/product\/solax-x3-mga-60k\/#primaryimage","url":"https:\/\/i0.wp.com\/seasolargroup.com\/wp-content\/uploads\/2023\/12\/x3-mega-g2-1-scaled.png?fit=3094%2C2597&ssl=1","contentUrl":"https:\/\/i0.wp.com\/seasolargroup.com\/wp-content\/uploads\/2023\/12\/x3-mega-g2-1-scaled.png?fit=3094%2C2597&ssl=1","width":3094,"height":2597,"caption":"SOLAX X3 MGA"},{"@type":"BreadcrumbList","@id":"https:\/\/seasolargroup.com\/product\/solax-x3-mga-60k\/#breadcrumb","itemListElement":[{"@type":"ListItem","position":1,"name":"Home","item":"https:\/\/seasolargroup.com\/"},{"@type":"ListItem","position":2,"name":"Products","item":"https:\/\/seasolargroup.com\/products\/"},{"@type":"ListItem","position":3,"name":"SOLAX X3 MGA 60K"}]},{"@type":"WebSite","@id":"https:\/\/seasolargroup.com\/#website","url":"https:\/\/seasolargroup.com\/","name":"Seasolar Fotovoltaico","description":"Turnkey photovoltaic systems since 2008","publisher":{"@id":"https:\/\/seasolargroup.com\/#organization"},"potentialAction":[{"@type":"SearchAction","target":{"@type":"EntryPoint","urlTemplate":"https:\/\/seasolargroup.com\/?s={search_term_string}"},"query-input":{"@type":"PropertyValueSpecification","valueRequired":true,"valueName":"search_term_string"}}],"inLanguage":"es"},{"@type":"Organization","@id":"https:\/\/seasolargroup.com\/#organization","name":"SEASOLAR fotovoltaico","url":"https:\/\/seasolargroup.com\/","logo":{"@type":"ImageObject","inLanguage":"es","@id":"https:\/\/seasolargroup.com\/#\/schema\/logo\/image\/","url":"https:\/\/i0.wp.com\/seasolargroup.com\/wp-content\/uploads\/2024\/10\/seasolar_logo_2024_social.png?fit=360%2C360&ssl=1","contentUrl":"https:\/\/i0.wp.com\/seasolargroup.com\/wp-content\/uploads\/2024\/10\/seasolar_logo_2024_social.png?fit=360%2C360&ssl=1","width":360,"height":360,"caption":"SEASOLAR fotovoltaico"},"image":{"@id":"https:\/\/seasolargroup.com\/#\/schema\/logo\/image\/"},"sameAs":["https:\/\/www.facebook.com\/seasolargroup","https:\/\/x.com\/seasolargroup","https:\/\/www.linkedin.com\/in\/seasolar-group-news\/","https:\/\/www.youtube.com\/channel\/UCVrmhrGih_bFnpj0as_vDuQ","https:\/\/www.instagram.com\/fotovoltaico_seasolar\/"]}]},"product_brand":"SOLAX","product_price_currency":"EUR","og_availability":"instock","product_availability":"instock","product_retailer_item_id":"SLX-X3-MGA-60K","product_condition":"new"},"jetpack_publicize_connections":[],"jetpack_sharing_enabled":true,"jetpack_likes_enabled":true,"jetpack-related-posts":[],"_links":{"self":[{"href":"https:\/\/seasolargroup.com\/es\/wp-json\/wp\/v2\/product\/13870","targetHints":{"allow":["GET"]}}],"collection":[{"href":"https:\/\/seasolargroup.com\/es\/wp-json\/wp\/v2\/product"}],"about":[{"href":"https:\/\/seasolargroup.com\/es\/wp-json\/wp\/v2\/types\/product"}],"replies":[{"embeddable":true,"href":"https:\/\/seasolargroup.com\/es\/wp-json\/wp\/v2\/comments?post=13870"}],"wp:featuredmedia":[{"embeddable":true,"href":"https:\/\/seasolargroup.com\/es\/wp-json\/wp\/v2\/media\/13722"}],"wp:attachment":[{"href":"https:\/\/seasolargroup.com\/es\/wp-json\/wp\/v2\/media?parent=13870"}],"wp:term":[{"taxonomy":"product_brand","embeddable":true,"href":"https:\/\/seasolargroup.com\/es\/wp-json\/wp\/v2\/product_brand?post=13870"},{"taxonomy":"product_cat","embeddable":true,"href":"https:\/\/seasolargroup.com\/es\/wp-json\/wp\/v2\/product_cat?post=13870"},{"taxonomy":"product_tag","embeddable":true,"href":"https:\/\/seasolargroup.com\/es\/wp-json\/wp\/v2\/product_tag?post=13870"}],"curies":[{"name":"wp","href":"https:\/\/api.w.org\/{rel}","templated":true}]}}