{"id":13815,"date":"2024-01-10T19:54:28","date_gmt":"2024-01-10T18:54:28","guid":{"rendered":"https:\/\/seasolargroup.com\/?post_type=product&#038;p=13815"},"modified":"2026-02-08T00:44:21","modified_gmt":"2026-02-07T23:44:21","slug":"solax-x1-hybrid-7-5-d","status":"publish","type":"product","link":"https:\/\/seasolargroup.com\/es\/product\/solax-x1-hybrid-7-5-d\/","title":{"rendered":"SOLAX X1 HYBRID 7.5 D"},"content":{"rendered":"<p><span style=\"color: #ffffff;\">SOLAX X1 HYBRID 7.5 D<\/span><br \/>\nExperience the unrivaled power of our advanced solar hybrid inverter, combining efficiency, safety, and intelligence, with a simplified design for easy one-person installation. <\/p>\n<p>Benefit from exceptional features such as up to 200% PV oversizing, high charging and discharging efficiency, and built-in shadow tracking. <\/p>\n<p>The inverter guarantees durability and compatibility, even in low-temperature environments, with IP65 protection and support for high-power solar panels. <\/p>\n<p>Effortlessly store surplus energy and relish in intelligent load management. Enjoy seamless solar+storage integration with smart EV chargers. <\/p>\n<p>Choose from versatile operation modes, including on\/off-grid parallel and VPP-readiness, unlocking limitless opportunities in the power market. Unleash the full potential of our local energy solution for a smarter, greener future.<\/p>\n<p><img data-recalc-dims=\"1\" loading=\"lazy\" decoding=\"async\" data-id=\"13709\"  src=\"https:\/\/i0.wp.com\/seasolargroup.com\/wp-content\/uploads\/2023\/12\/SOLAX-X1-HYBRID.jpg?resize=976%2C1380&#038;ssl=1\" alt=\"SOLAX X1 HYBRID 7.5 D\" width=\"976\" height=\"1380\" class=\"aligncenter size-full wp-image-13709\" srcset=\"https:\/\/i0.wp.com\/seasolargroup.com\/wp-content\/uploads\/2023\/12\/SOLAX-X1-HYBRID.jpg?w=976&amp;ssl=1 976w, https:\/\/i0.wp.com\/seasolargroup.com\/wp-content\/uploads\/2023\/12\/SOLAX-X1-HYBRID.jpg?resize=212%2C300&amp;ssl=1 212w, https:\/\/i0.wp.com\/seasolargroup.com\/wp-content\/uploads\/2023\/12\/SOLAX-X1-HYBRID.jpg?resize=724%2C1024&amp;ssl=1 724w, https:\/\/i0.wp.com\/seasolargroup.com\/wp-content\/uploads\/2023\/12\/SOLAX-X1-HYBRID.jpg?resize=768%2C1086&amp;ssl=1 768w, https:\/\/i0.wp.com\/seasolargroup.com\/wp-content\/uploads\/2023\/12\/SOLAX-X1-HYBRID.jpg?resize=800%2C1131&amp;ssl=1 800w\" sizes=\"auto, (max-width: 976px) 100vw, 976px\" \/><br \/>\n\r\n\t\t<div class=\"divider4\"><span><\/span><\/div>\r\n\t\t<\/p>\n<h2>Downloads<\/h2>\n<p><a href=\"https:\/\/seasolargroup.com\/wp-content\/uploads\/2024\/01\/x1-hybrid-g4-en.pdf\" target=\"_blank\" rel=\"noopener\">Solax X1-Hybrid-G4-en Datasheet<\/a><\/p>\n<p><a href=\"https:\/\/seasolargroup.com\/wp-content\/uploads\/2023\/12\/x1-hybrid-G4-it.pdf\" target=\"_blank\" rel=\"noopener\">Solax X1-Hybrid-G4-it Scheda tecnica<\/a><\/p>\n<p><a href=\"https:\/\/seasolargroup.com\/wp-content\/uploads\/2023\/12\/X1-Hybrid-G4-User-Manual.pdf\" target=\"_blank\" rel=\"noopener\">Solax X1-Hybrid-G4 User-Manual<\/a><\/p>\n<p><a href=\"https:\/\/seasolargroup.com\/wp-content\/uploads\/2023\/12\/X1-Hybrid-Installation-Guide-Italian-Version.pdf\" target=\"_blank\" rel=\"noopener\">Solax X1-Hybrid-G4 Installation Guide Italian Version<\/a><\/p>\n<p><a href=\"https:\/\/seasolargroup.com\/wp-content\/uploads\/2023\/12\/Solax_X1-HYBRID-G4_CEI0-21\uff1a2019_AK-50503519-0001.pdf\" target=\"_blank\" rel=\"noopener\">Solax X1-Hybrid-G4 CEI0-21\uff1a2019_AK 50503519 0001<\/a><\/p>\n<p><a href=\"https:\/\/seasolargroup.com\/wp-content\/uploads\/2023\/12\/TigoSolaxCompatibilityLetterDec2022.pdf\" target=\"_blank\" rel=\"noopener\">Solax X1-Hybrid-G4 Compatibility Tigo optimizer<\/a><br \/>\n\r\n\t\t<div class=\"divider4\"><span><\/span><\/div>\r\n\t\t<\/p>\n<h2>Related offers<\/h2>\n<p><a href=\"https:\/\/seasolargroup.com\/tag\/SOLAX\/\">Offers for SOLAX<\/a><br \/>\n<span style=\"color: #ffffff;\">SOLAX X1 HYBRID 7.5 D<\/span><br \/>\n\r\n\t\t<div class=\"divider4\"><span><\/span><\/div>\r\n\t\t<\/p>\n<h2>Related projects<\/h2>\n<p><br \/>\n\r\n\t\t<div class=\"divider4\"><span><\/span><\/div>\r\n\t\t<\/p>\n<h2>Related videos<\/h2>\n<p><span class=\"embed-youtube\" style=\"text-align:center; display: block;\"><iframe loading=\"lazy\" class=\"youtube-player\" width=\"640\" height=\"360\" src=\"https:\/\/www.youtube.com\/embed\/A7eEzZhY8gA?version=3&#038;rel=1&#038;showsearch=0&#038;showinfo=1&#038;iv_load_policy=1&#038;fs=1&#038;hl=es-ES&#038;autohide=2&#038;wmode=transparent&#038;listType=playlist&#038;list=PLwqK5bEOfjvKeGRrDn4zYYBFl0uQ8ef4x\" allowfullscreen=\"true\" style=\"border:0;\" sandbox=\"allow-scripts allow-same-origin allow-popups allow-presentation allow-popups-to-escape-sandbox\"><\/iframe><\/span><br \/>\n\r\n\t\t<div class=\"divider4\"><span><\/span><\/div>\r\n\t\t<br \/>\n\n<div class=\"wpcf7 no-js\" id=\"wpcf7-f5-o5\" lang=\"en-GB\" dir=\"ltr\" data-wpcf7-id=\"5\">\n<div class=\"screen-reader-response\"><p role=\"status\" aria-live=\"polite\" aria-atomic=\"true\"><\/p> <ul><\/ul><\/div>\n<form action=\"\/es\/wp-json\/wp\/v2\/product\/13815#wpcf7-f5-o5\" method=\"post\" class=\"wpcf7-form init\" aria-label=\"Contact form\" novalidate=\"novalidate\" data-status=\"init\">\n<fieldset class=\"hidden-fields-container\"><input type=\"hidden\" name=\"_wpcf7\" value=\"5\" \/><input type=\"hidden\" name=\"_wpcf7_version\" value=\"6.1.5\" \/><input type=\"hidden\" name=\"_wpcf7_locale\" value=\"en_GB\" \/><input type=\"hidden\" name=\"_wpcf7_unit_tag\" value=\"wpcf7-f5-o5\" \/><input type=\"hidden\" name=\"_wpcf7_container_post\" value=\"0\" \/><input type=\"hidden\" name=\"_wpcf7_posted_data_hash\" value=\"\" \/><input type=\"hidden\" name=\"_wpcf7_recaptcha_response\" value=\"\" \/>\n<\/fieldset>\n<p><label> <\/label>\n<\/p>\n<h2>Contacto\n<\/h2>\n<p><label> Por favor cont\u00e1ctenos con cualquier pregunta que pueda tener relacionada con nuestras ofertas o nuestros productos <\/label>\n<\/p>\n<p><label> Escriba a <a href=\"mailto:info@seasolargroup.com\">info@seasolargroup.com<\/a> o complete el siguiente formulario y nos pondremos en contacto con usted: <\/label>\n<\/p>\n<p><label> Nombre *<br \/>\n<span class=\"wpcf7-form-control-wrap\" data-name=\"your-name\"><input size=\"40\" maxlength=\"400\" class=\"wpcf7-form-control wpcf7-text wpcf7-validates-as-required\" aria-required=\"true\" aria-invalid=\"false\" value=\"\" type=\"text\" name=\"your-name\" \/><\/span><\/label>\n<\/p>\n<p><label> N\u00famero de tel\u00e9fono *<br \/>\n<span class=\"wpcf7-form-control-wrap\" data-name=\"tel-826\"><input size=\"40\" maxlength=\"400\" class=\"wpcf7-form-control wpcf7-tel wpcf7-validates-as-required wpcf7-text wpcf7-validates-as-tel\" aria-required=\"true\" aria-invalid=\"false\" value=\"\" type=\"tel\" name=\"tel-826\" \/><\/span><\/label>\n<\/p>\n<p><label> Tu correo electr\u00f3nico *<br \/>\n<span class=\"wpcf7-form-control-wrap\" data-name=\"your-email\"><input size=\"40\" maxlength=\"400\" class=\"wpcf7-form-control wpcf7-email wpcf7-validates-as-required wpcf7-text wpcf7-validates-as-email\" aria-required=\"true\" aria-invalid=\"false\" value=\"\" type=\"email\" name=\"your-email\" \/><\/span><\/label>\n<\/p>\n<p><label> Sujeto *<br \/>\n<span class=\"wpcf7-form-control-wrap\" data-name=\"your-subject\"><input size=\"40\" maxlength=\"400\" class=\"wpcf7-form-control wpcf7-text wpcf7-validates-as-required\" aria-required=\"true\" aria-invalid=\"false\" value=\"\" type=\"text\" name=\"your-subject\" \/><\/span> <\/label>\n<\/p>\n<p><label> Mensaje *<br \/>\n<span class=\"wpcf7-form-control-wrap\" data-name=\"your-message\"><textarea cols=\"40\" rows=\"10\" maxlength=\"2000\" class=\"wpcf7-form-control wpcf7-textarea wpcf7-validates-as-required\" aria-required=\"true\" aria-invalid=\"false\" name=\"your-message\"><\/textarea><\/span> <\/label>\n<\/p>\n<p><label> * campo requerido <\/label>\n<\/p>\n<p><input class=\"wpcf7-form-control wpcf7-submit has-spinner\" type=\"submit\" value=\"ENVIAR\" \/>\n<\/p>\n<p><label><\/label>\n<\/p><p style=\"display: none !important;\" class=\"akismet-fields-container\" data-prefix=\"_wpcf7_ak_\"><label>&#916;<textarea name=\"_wpcf7_ak_hp_textarea\" cols=\"45\" rows=\"8\" maxlength=\"100\"><\/textarea><\/label><input type=\"hidden\" id=\"ak_js_5\" name=\"_wpcf7_ak_js\" value=\"124\"\/><script>document.getElementById( \"ak_js_5\" ).setAttribute( \"value\", ( new Date() ).getTime() );<\/script><\/p><div class=\"wpcf7-response-output\" aria-hidden=\"true\"><\/div>\n<\/form>\n<\/div>\n<\/p>\n<!-- sktbuilder starter --><script type=\"text\/javascript\" src=\"https:\/\/seasolargroup.com\/wp-content\/plugins\/skt-builder\/sktbuilder\/sktbuilder-frontend-starter.js\"><\/script><script type=\"text\/javascript\" src=\"https:\/\/seasolargroup.com\/wp-content\/plugins\/skt-builder\/sktbuilder-wordpress-driver.js\"><\/script><script type=\"text\/javascript\"> var starter = new SktbuilderStarter({\"mode\": \"prod\", \"skip\":[\"jquery\",\"underscore\",\"backbone\"],\"sktbuilderUrl\": \"https:\/\/seasolargroup.com\/wp-content\/plugins\/skt-builder\/sktbuilder\/\", \"driver\": new SktbuilderWordpressDriver({\"ajaxUrl\": \"https:\/\/seasolargroup.com\/wp-admin\/admin-ajax.php\", \"iframeUrl\": \"https:\/\/seasolargroup.com\/es\/product\/solax-x1-hybrid-7-5-d\/?sktbuilder=true\", \"pageId\": 13815,  \"nonce\": \"e41c439e2f\", \"pages\": [], \"page\": \"SOLAX X1 HYBRID 7.5 D\" }) });<\/script><!-- end sktbuilder starter -->","protected":false},"excerpt":{"rendered":"<p>Monof\u00e1sico \u2013 Inversor H\u00edbrido<br \/>\nEl inversor de almacenamiento de energ\u00eda SolaX se integra perfectamente con varias configuraciones, proporcionando una compatibilidad incomparable. Los inversores vers\u00e1tiles ofrecen una amplia gama de soluciones, que incluyen operaci\u00f3n en paralelo, integraci\u00f3n de bombas de calor, conectividad de microred, compatibilidad con cargadores de veh\u00edculos el\u00e9ctricos, soporte de generadores y aplicaci\u00f3n VPP.<\/p>\n","protected":false},"featured_media":22035,"comment_status":"open","ping_status":"closed","template":"","meta":{"_mbp_gutenberg_autopost":false,"_pgmb_is_evergreen":false,"_pgmb_ap_template_id":0,"jetpack_publicize_message":"AEG AEG AS-P605-270","jetpack_publicize_feature_enabled":true,"jetpack_social_post_already_shared":true,"jetpack_social_options":{"image_generator_settings":{"template":"highway","default_image_id":0,"font":"","enabled":false},"version":2}},"product_brand":[4037],"product_cat":[1017,1011,4093],"product_tag":[1226],"class_list":{"0":"post-13815","1":"product","2":"type-product","3":"status-publish","4":"has-post-thumbnail","6":"product_brand-solax","7":"product_cat-hybrid-inverter","8":"product_cat-inverter","9":"product_cat-residential-inverter","10":"product_tag-solax","11":"pa_height-3890","12":"pa_hight-3865","13":"pa_length-3864","14":"pa_mpp-number-3868","15":"pa_mpp-voltage-max-3885","16":"pa_mpp-voltage-min-3886","17":"pa_phases-number-3887","18":"pa_power-ac-3888","19":"pa_power-dc-3881","20":"pa_warranty-product-3874","21":"pa_width-3866","23":"first","24":"instock","25":"product-type-simple"},"yoast_head":"<!-- This site is optimized with the Yoast SEO Premium plugin v26.7 (Yoast SEO v27.3) - https:\/\/yoast.com\/product\/yoast-seo-premium-wordpress\/ -->\n<title>SOLAX X1 HYBRID 7.5 D - Seasolar Fotovoltaico<\/title>\n<meta name=\"description\" content=\"SOLAX X1 HYBRID 7.5 D SolaX Energy Storage Inverter seamlessly integrates with various setups, providing unparalleled compatibility.\" \/>\n<meta name=\"robots\" content=\"index, follow, max-snippet:-1, max-image-preview:large, max-video-preview:-1\" \/>\n<link rel=\"canonical\" href=\"https:\/\/seasolargroup.com\/product\/solax-x1-hybrid-7-5-d\/\" \/>\n<meta property=\"og:locale\" content=\"es_ES\" \/>\n<meta property=\"og:type\" content=\"article\" \/>\n<meta property=\"og:title\" content=\"SOLAX X1 HYBRID 7.5 D\" \/>\n<meta property=\"og:description\" content=\"SOLAX X1 HYBRID 7.5 D SolaX Energy Storage Inverter seamlessly integrates with various setups, providing unparalleled compatibility.\" \/>\n<meta property=\"og:url\" content=\"https:\/\/seasolargroup.com\/product\/solax-x1-hybrid-7-5-d\/\" \/>\n<meta property=\"og:site_name\" content=\"Seasolar Fotovoltaico\" \/>\n<meta property=\"article:publisher\" content=\"https:\/\/www.facebook.com\/seasolargroup\" \/>\n<meta property=\"article:modified_time\" content=\"2026-02-07T23:44:21+00:00\" \/>\n<meta property=\"og:image\" content=\"https:\/\/seasolargroup.com\/wp-content\/uploads\/2026\/02\/x1-hybrid-g4.png\" \/>\n\t<meta property=\"og:image:width\" content=\"2380\" \/>\n\t<meta property=\"og:image:height\" content=\"2560\" \/>\n\t<meta property=\"og:image:type\" content=\"image\/png\" \/>\n<meta name=\"twitter:card\" content=\"summary_large_image\" \/>\n<meta name=\"twitter:site\" content=\"@seasolargroup\" \/>\n<meta name=\"twitter:label1\" content=\"Precio\" \/>\n\t<meta name=\"twitter:data1\" content=\"\" \/>\n\t<meta name=\"twitter:label2\" content=\"Disponibilidad\" \/>\n\t<meta name=\"twitter:data2\" content=\"Disponible\" \/>\n<script type=\"application\/ld+json\" class=\"yoast-schema-graph\">{\"@context\":\"https:\\\/\\\/schema.org\",\"@graph\":[{\"@type\":\"WebPage\",\"@id\":\"https:\\\/\\\/seasolargroup.com\\\/product\\\/solax-x1-hybrid-7-5-d\\\/\",\"url\":\"https:\\\/\\\/seasolargroup.com\\\/product\\\/solax-x1-hybrid-7-5-d\\\/\",\"name\":\"SOLAX X1 HYBRID 7.5 D - Seasolar Fotovoltaico\",\"isPartOf\":{\"@id\":\"https:\\\/\\\/seasolargroup.com\\\/#website\"},\"primaryImageOfPage\":{\"@id\":\"https:\\\/\\\/seasolargroup.com\\\/product\\\/solax-x1-hybrid-7-5-d\\\/#primaryimage\"},\"image\":{\"@id\":\"https:\\\/\\\/seasolargroup.com\\\/product\\\/solax-x1-hybrid-7-5-d\\\/#primaryimage\"},\"thumbnailUrl\":\"https:\\\/\\\/i0.wp.com\\\/seasolargroup.com\\\/wp-content\\\/uploads\\\/2026\\\/02\\\/x1-hybrid-g4.png?fit=2380%2C2560&ssl=1\",\"datePublished\":\"2024-01-10T18:54:28+00:00\",\"dateModified\":\"2026-02-07T23:44:21+00:00\",\"description\":\"SOLAX X1 HYBRID 7.5 D SolaX Energy Storage Inverter seamlessly integrates with various setups, providing unparalleled compatibility.\",\"breadcrumb\":{\"@id\":\"https:\\\/\\\/seasolargroup.com\\\/product\\\/solax-x1-hybrid-7-5-d\\\/#breadcrumb\"},\"inLanguage\":\"es\",\"potentialAction\":[{\"@type\":\"ReadAction\",\"target\":[\"https:\\\/\\\/seasolargroup.com\\\/product\\\/solax-x1-hybrid-7-5-d\\\/\"]}]},{\"@type\":\"ImageObject\",\"inLanguage\":\"es\",\"@id\":\"https:\\\/\\\/seasolargroup.com\\\/product\\\/solax-x1-hybrid-7-5-d\\\/#primaryimage\",\"url\":\"https:\\\/\\\/i0.wp.com\\\/seasolargroup.com\\\/wp-content\\\/uploads\\\/2026\\\/02\\\/x1-hybrid-g4.png?fit=2380%2C2560&ssl=1\",\"contentUrl\":\"https:\\\/\\\/i0.wp.com\\\/seasolargroup.com\\\/wp-content\\\/uploads\\\/2026\\\/02\\\/x1-hybrid-g4.png?fit=2380%2C2560&ssl=1\",\"width\":2380,\"height\":2560,\"caption\":\"X1 HYBRID\"},{\"@type\":\"BreadcrumbList\",\"@id\":\"https:\\\/\\\/seasolargroup.com\\\/product\\\/solax-x1-hybrid-7-5-d\\\/#breadcrumb\",\"itemListElement\":[{\"@type\":\"ListItem\",\"position\":1,\"name\":\"Home\",\"item\":\"https:\\\/\\\/seasolargroup.com\\\/\"},{\"@type\":\"ListItem\",\"position\":2,\"name\":\"Products\",\"item\":\"https:\\\/\\\/seasolargroup.com\\\/products\\\/\"},{\"@type\":\"ListItem\",\"position\":3,\"name\":\"SOLAX X1 HYBRID 7.5 D\"}]},{\"@type\":\"WebSite\",\"@id\":\"https:\\\/\\\/seasolargroup.com\\\/#website\",\"url\":\"https:\\\/\\\/seasolargroup.com\\\/\",\"name\":\"Seasolar Fotovoltaico\",\"description\":\"Turnkey photovoltaic systems since 2008\",\"publisher\":{\"@id\":\"https:\\\/\\\/seasolargroup.com\\\/#organization\"},\"potentialAction\":[{\"@type\":\"SearchAction\",\"target\":{\"@type\":\"EntryPoint\",\"urlTemplate\":\"https:\\\/\\\/seasolargroup.com\\\/?s={search_term_string}\"},\"query-input\":{\"@type\":\"PropertyValueSpecification\",\"valueRequired\":true,\"valueName\":\"search_term_string\"}}],\"inLanguage\":\"es\"},{\"@type\":\"Organization\",\"@id\":\"https:\\\/\\\/seasolargroup.com\\\/#organization\",\"name\":\"SEASOLAR fotovoltaico\",\"url\":\"https:\\\/\\\/seasolargroup.com\\\/\",\"logo\":{\"@type\":\"ImageObject\",\"inLanguage\":\"es\",\"@id\":\"https:\\\/\\\/seasolargroup.com\\\/#\\\/schema\\\/logo\\\/image\\\/\",\"url\":\"https:\\\/\\\/i0.wp.com\\\/seasolargroup.com\\\/wp-content\\\/uploads\\\/2024\\\/10\\\/seasolar_logo_2024_social.png?fit=360%2C360&ssl=1\",\"contentUrl\":\"https:\\\/\\\/i0.wp.com\\\/seasolargroup.com\\\/wp-content\\\/uploads\\\/2024\\\/10\\\/seasolar_logo_2024_social.png?fit=360%2C360&ssl=1\",\"width\":360,\"height\":360,\"caption\":\"SEASOLAR fotovoltaico\"},\"image\":{\"@id\":\"https:\\\/\\\/seasolargroup.com\\\/#\\\/schema\\\/logo\\\/image\\\/\"},\"sameAs\":[\"https:\\\/\\\/www.facebook.com\\\/seasolargroup\",\"https:\\\/\\\/x.com\\\/seasolargroup\",\"https:\\\/\\\/www.linkedin.com\\\/in\\\/seasolar-group-news\\\/\",\"https:\\\/\\\/www.youtube.com\\\/channel\\\/UCVrmhrGih_bFnpj0as_vDuQ\",\"https:\\\/\\\/www.instagram.com\\\/fotovoltaico_seasolar\\\/\"]}]}<\/script>\n<meta property=\"product:brand\" content=\"SOLAX\" \/>\n<meta property=\"product:price:currency\" content=\"EUR\" \/>\n<meta property=\"og:availability\" content=\"instock\" \/>\n<meta property=\"product:availability\" content=\"instock\" \/>\n<meta property=\"product:retailer_item_id\" content=\"SLX-X1-7.5-D\" \/>\n<meta property=\"product:condition\" content=\"new\" \/>\n<!-- \/ Yoast SEO Premium plugin. -->","yoast_head_json":{"title":"SOLAX X1 HYBRID 7.5 D - Seasolar Fotovoltaico","description":"SOLAX X1 HYBRID 7.5 D SolaX Energy Storage Inverter seamlessly integrates with various setups, providing unparalleled compatibility.","robots":{"index":"index","follow":"follow","max-snippet":"max-snippet:-1","max-image-preview":"max-image-preview:large","max-video-preview":"max-video-preview:-1"},"canonical":"https:\/\/seasolargroup.com\/product\/solax-x1-hybrid-7-5-d\/","og_locale":"es_ES","og_type":"article","og_title":"SOLAX X1 HYBRID 7.5 D","og_description":"SOLAX X1 HYBRID 7.5 D SolaX Energy Storage Inverter seamlessly integrates with various setups, providing unparalleled compatibility.","og_url":"https:\/\/seasolargroup.com\/product\/solax-x1-hybrid-7-5-d\/","og_site_name":"Seasolar Fotovoltaico","article_publisher":"https:\/\/www.facebook.com\/seasolargroup","article_modified_time":"2026-02-07T23:44:21+00:00","og_image":[{"width":2380,"height":2560,"url":"https:\/\/seasolargroup.com\/wp-content\/uploads\/2026\/02\/x1-hybrid-g4.png","type":"image\/png"}],"twitter_card":"summary_large_image","twitter_site":"@seasolargroup","twitter_misc":{"Precio":"","Disponibilidad":"Disponible"},"schema":{"@context":"https:\/\/schema.org","@graph":[{"@type":"WebPage","@id":"https:\/\/seasolargroup.com\/product\/solax-x1-hybrid-7-5-d\/","url":"https:\/\/seasolargroup.com\/product\/solax-x1-hybrid-7-5-d\/","name":"SOLAX X1 HYBRID 7.5 D - Seasolar Fotovoltaico","isPartOf":{"@id":"https:\/\/seasolargroup.com\/#website"},"primaryImageOfPage":{"@id":"https:\/\/seasolargroup.com\/product\/solax-x1-hybrid-7-5-d\/#primaryimage"},"image":{"@id":"https:\/\/seasolargroup.com\/product\/solax-x1-hybrid-7-5-d\/#primaryimage"},"thumbnailUrl":"https:\/\/i0.wp.com\/seasolargroup.com\/wp-content\/uploads\/2026\/02\/x1-hybrid-g4.png?fit=2380%2C2560&ssl=1","datePublished":"2024-01-10T18:54:28+00:00","dateModified":"2026-02-07T23:44:21+00:00","description":"SOLAX X1 HYBRID 7.5 D SolaX Energy Storage Inverter seamlessly integrates with various setups, providing unparalleled compatibility.","breadcrumb":{"@id":"https:\/\/seasolargroup.com\/product\/solax-x1-hybrid-7-5-d\/#breadcrumb"},"inLanguage":"es","potentialAction":[{"@type":"ReadAction","target":["https:\/\/seasolargroup.com\/product\/solax-x1-hybrid-7-5-d\/"]}]},{"@type":"ImageObject","inLanguage":"es","@id":"https:\/\/seasolargroup.com\/product\/solax-x1-hybrid-7-5-d\/#primaryimage","url":"https:\/\/i0.wp.com\/seasolargroup.com\/wp-content\/uploads\/2026\/02\/x1-hybrid-g4.png?fit=2380%2C2560&ssl=1","contentUrl":"https:\/\/i0.wp.com\/seasolargroup.com\/wp-content\/uploads\/2026\/02\/x1-hybrid-g4.png?fit=2380%2C2560&ssl=1","width":2380,"height":2560,"caption":"X1 HYBRID"},{"@type":"BreadcrumbList","@id":"https:\/\/seasolargroup.com\/product\/solax-x1-hybrid-7-5-d\/#breadcrumb","itemListElement":[{"@type":"ListItem","position":1,"name":"Home","item":"https:\/\/seasolargroup.com\/"},{"@type":"ListItem","position":2,"name":"Products","item":"https:\/\/seasolargroup.com\/products\/"},{"@type":"ListItem","position":3,"name":"SOLAX X1 HYBRID 7.5 D"}]},{"@type":"WebSite","@id":"https:\/\/seasolargroup.com\/#website","url":"https:\/\/seasolargroup.com\/","name":"Seasolar Fotovoltaico","description":"Turnkey photovoltaic systems since 2008","publisher":{"@id":"https:\/\/seasolargroup.com\/#organization"},"potentialAction":[{"@type":"SearchAction","target":{"@type":"EntryPoint","urlTemplate":"https:\/\/seasolargroup.com\/?s={search_term_string}"},"query-input":{"@type":"PropertyValueSpecification","valueRequired":true,"valueName":"search_term_string"}}],"inLanguage":"es"},{"@type":"Organization","@id":"https:\/\/seasolargroup.com\/#organization","name":"SEASOLAR fotovoltaico","url":"https:\/\/seasolargroup.com\/","logo":{"@type":"ImageObject","inLanguage":"es","@id":"https:\/\/seasolargroup.com\/#\/schema\/logo\/image\/","url":"https:\/\/i0.wp.com\/seasolargroup.com\/wp-content\/uploads\/2024\/10\/seasolar_logo_2024_social.png?fit=360%2C360&ssl=1","contentUrl":"https:\/\/i0.wp.com\/seasolargroup.com\/wp-content\/uploads\/2024\/10\/seasolar_logo_2024_social.png?fit=360%2C360&ssl=1","width":360,"height":360,"caption":"SEASOLAR fotovoltaico"},"image":{"@id":"https:\/\/seasolargroup.com\/#\/schema\/logo\/image\/"},"sameAs":["https:\/\/www.facebook.com\/seasolargroup","https:\/\/x.com\/seasolargroup","https:\/\/www.linkedin.com\/in\/seasolar-group-news\/","https:\/\/www.youtube.com\/channel\/UCVrmhrGih_bFnpj0as_vDuQ","https:\/\/www.instagram.com\/fotovoltaico_seasolar\/"]}]},"product_brand":"SOLAX","product_price_currency":"EUR","og_availability":"instock","product_availability":"instock","product_retailer_item_id":"SLX-X1-7.5-D","product_condition":"new"},"jetpack_publicize_connections":[],"jetpack_sharing_enabled":true,"jetpack_likes_enabled":true,"jetpack-related-posts":[],"_links":{"self":[{"href":"https:\/\/seasolargroup.com\/es\/wp-json\/wp\/v2\/product\/13815","targetHints":{"allow":["GET"]}}],"collection":[{"href":"https:\/\/seasolargroup.com\/es\/wp-json\/wp\/v2\/product"}],"about":[{"href":"https:\/\/seasolargroup.com\/es\/wp-json\/wp\/v2\/types\/product"}],"replies":[{"embeddable":true,"href":"https:\/\/seasolargroup.com\/es\/wp-json\/wp\/v2\/comments?post=13815"}],"wp:featuredmedia":[{"embeddable":true,"href":"https:\/\/seasolargroup.com\/es\/wp-json\/wp\/v2\/media\/22035"}],"wp:attachment":[{"href":"https:\/\/seasolargroup.com\/es\/wp-json\/wp\/v2\/media?parent=13815"}],"wp:term":[{"taxonomy":"product_brand","embeddable":true,"href":"https:\/\/seasolargroup.com\/es\/wp-json\/wp\/v2\/product_brand?post=13815"},{"taxonomy":"product_cat","embeddable":true,"href":"https:\/\/seasolargroup.com\/es\/wp-json\/wp\/v2\/product_cat?post=13815"},{"taxonomy":"product_tag","embeddable":true,"href":"https:\/\/seasolargroup.com\/es\/wp-json\/wp\/v2\/product_tag?post=13815"}],"curies":[{"name":"wp","href":"https:\/\/api.w.org\/{rel}","templated":true}]}}