{"id":43,"date":"2018-03-30T12:02:03","date_gmt":"2018-03-30T10:02:03","guid":{"rendered":"https:\/\/seasolargroup.com\/?page_id=43"},"modified":"2026-03-21T09:44:47","modified_gmt":"2026-03-21T08:44:47","slug":"about-us","status":"publish","type":"page","link":"https:\/\/seasolargroup.com\/es\/about-us\/","title":{"rendered":"Sobre nosotros"},"content":{"rendered":"<p><span style=\"color: #ffffff;\">about us<\/span><\/p>\n<h2>Sobre nosotros<\/h2>\n<p><span style=\"color: #ffffff;\">about us<\/span><br \/>\nEl grupo Seasolar opera en el sector de las energ\u00edas renovables desde 2008.<\/p>\n<p>Nuestro cliente es la empresa que quiere construir un sistema fotovoltaico en su edificio, en una cobertura parcial o total de sus necesidades energ\u00e9ticas.<\/p>\n<p>Ponemos nuestras habilidades t\u00e9cnicas a disposici\u00f3n de aquellos que desean evaluar la oportunidad de construir grandes sistemas fotovoltaicos en el suelo (campos fotovoltaicos) destinados a vender electricidad.<\/p>\n<p>Gracias a nuestra organizaci\u00f3n podemos llevar a cabo todas las actividades necesarias y preparatorias para la construcci\u00f3n de la planta, desde el estudio de factibilidad hasta el dise\u00f1o e instalaci\u00f3n.<\/p>\n<p>Realizamos investigaciones continuas de mercado orientadas a la selecci\u00f3n de los mejores materiales, tanto desde el punto de vista tecnol\u00f3gico como econ\u00f3mico.<\/p>\n<p>Apoyamos al cliente en las fases previas a la compra, ayud\u00e1ndole a comprender la tecnolog\u00eda y el funcionamiento de la planta y elegir la mejor soluci\u00f3n desde todos los puntos de vista.<\/p>\n<p>Ayudamos al Cliente a llevar a cabo procedimientos de autorizaci\u00f3n, solicitando pr\u00e9stamos bancarios e incentivos estatales.<\/p>\n<p>Controlamos todos nuestros sistemas a lo largo del tiempo, verificamos su desempe\u00f1o y ofrecemos un servicio de mantenimiento puntual.<\/p>\n<p>Estamos continuamente involucrados en la investigaci\u00f3n y el desarrollo de asociaciones serias y profesionales, queremos trabajar con otras compa\u00f1\u00edas y profesionales para ofrecer un servicio completo, competitivo y orientado a la satisfacci\u00f3n del cliente.<br \/>\n<span style=\"color: #ffffff;\">about us<\/span><br \/>\n\r\n\t\t<div class=\"divider4\"><span><\/span><\/div>\r\n\t\t<\/p>\n<h2>Sede central<\/h2>\n<p><span style=\"color: #ffffff;\">about us<\/span><br \/>\n<img data-recalc-dims=\"1\" loading=\"lazy\" decoding=\"async\" class=\"alignnone size-full wp-image-14339\" src=\"https:\/\/i0.wp.com\/seasolargroup.com\/wp-content\/uploads\/2024\/02\/seasolar-berlin-e1707412659908.jpg?resize=824%2C550&#038;ssl=1\" alt=\"seasolar-berlin\" width=\"824\" height=\"550\" data-id=\"14339\" \/><br \/>\nSeasolar tiene su sede en Berl\u00edn, en el hist\u00f3rico edificio \u201cHaus Cumberland\u201d situado en el prestigioso Kurf\u00fcrstendamm 194.<br \/>\n\r\n\t\t<div class=\"divider4\"><span><\/span><\/div>\r\n\t\t<br \/>\n\n<div class=\"wpcf7 no-js\" id=\"wpcf7-f5-o5\" lang=\"en-GB\" dir=\"ltr\" data-wpcf7-id=\"5\">\n<div class=\"screen-reader-response\"><p role=\"status\" aria-live=\"polite\" aria-atomic=\"true\"><\/p> <ul><\/ul><\/div>\n<form action=\"\/es\/wp-json\/wp\/v2\/pages\/43#wpcf7-f5-o5\" method=\"post\" class=\"wpcf7-form init\" aria-label=\"Contact form\" novalidate=\"novalidate\" data-status=\"init\">\n<fieldset class=\"hidden-fields-container\"><input type=\"hidden\" name=\"_wpcf7\" value=\"5\" \/><input type=\"hidden\" name=\"_wpcf7_version\" value=\"6.1.5\" \/><input type=\"hidden\" name=\"_wpcf7_locale\" value=\"en_GB\" \/><input type=\"hidden\" name=\"_wpcf7_unit_tag\" value=\"wpcf7-f5-o5\" \/><input type=\"hidden\" name=\"_wpcf7_container_post\" value=\"0\" \/><input type=\"hidden\" name=\"_wpcf7_posted_data_hash\" value=\"\" \/><input type=\"hidden\" name=\"_wpcf7_recaptcha_response\" value=\"\" \/>\n<\/fieldset>\n<p><label> <\/label>\n<\/p>\n<h2>Contacto\n<\/h2>\n<p><label> Por favor cont\u00e1ctenos con cualquier pregunta que pueda tener relacionada con nuestras ofertas o nuestros productos <\/label>\n<\/p>\n<p><label> Escriba a <a href=\"mailto:info@seasolargroup.com\">info@seasolargroup.com<\/a> o complete el siguiente formulario y nos pondremos en contacto con usted: <\/label>\n<\/p>\n<p><label> Nombre *<br \/>\n<span class=\"wpcf7-form-control-wrap\" data-name=\"your-name\"><input size=\"40\" maxlength=\"400\" class=\"wpcf7-form-control wpcf7-text wpcf7-validates-as-required\" aria-required=\"true\" aria-invalid=\"false\" value=\"\" type=\"text\" name=\"your-name\" \/><\/span><\/label>\n<\/p>\n<p><label> N\u00famero de tel\u00e9fono *<br \/>\n<span class=\"wpcf7-form-control-wrap\" data-name=\"tel-826\"><input size=\"40\" maxlength=\"400\" class=\"wpcf7-form-control wpcf7-tel wpcf7-validates-as-required wpcf7-text wpcf7-validates-as-tel\" aria-required=\"true\" aria-invalid=\"false\" value=\"\" type=\"tel\" name=\"tel-826\" \/><\/span><\/label>\n<\/p>\n<p><label> Tu correo electr\u00f3nico *<br \/>\n<span class=\"wpcf7-form-control-wrap\" data-name=\"your-email\"><input size=\"40\" maxlength=\"400\" class=\"wpcf7-form-control wpcf7-email wpcf7-validates-as-required wpcf7-text wpcf7-validates-as-email\" aria-required=\"true\" aria-invalid=\"false\" value=\"\" type=\"email\" name=\"your-email\" \/><\/span><\/label>\n<\/p>\n<p><label> Sujeto *<br \/>\n<span class=\"wpcf7-form-control-wrap\" data-name=\"your-subject\"><input size=\"40\" maxlength=\"400\" class=\"wpcf7-form-control wpcf7-text wpcf7-validates-as-required\" aria-required=\"true\" aria-invalid=\"false\" value=\"\" type=\"text\" name=\"your-subject\" \/><\/span> <\/label>\n<\/p>\n<p><label> Mensaje *<br \/>\n<span class=\"wpcf7-form-control-wrap\" data-name=\"your-message\"><textarea cols=\"40\" rows=\"10\" maxlength=\"2000\" class=\"wpcf7-form-control wpcf7-textarea wpcf7-validates-as-required\" aria-required=\"true\" aria-invalid=\"false\" name=\"your-message\"><\/textarea><\/span> <\/label>\n<\/p>\n<p><label> * campo requerido <\/label>\n<\/p>\n<p><input class=\"wpcf7-form-control wpcf7-submit has-spinner\" type=\"submit\" value=\"ENVIAR\" \/>\n<\/p>\n<p><label><\/label>\n<\/p><p style=\"display: none !important;\" class=\"akismet-fields-container\" data-prefix=\"_wpcf7_ak_\"><label>&#916;<textarea name=\"_wpcf7_ak_hp_textarea\" cols=\"45\" rows=\"8\" maxlength=\"100\"><\/textarea><\/label><input type=\"hidden\" id=\"ak_js_5\" name=\"_wpcf7_ak_js\" value=\"43\"\/><script>document.getElementById( \"ak_js_5\" ).setAttribute( \"value\", ( new Date() ).getTime() );<\/script><\/p><div class=\"wpcf7-response-output\" aria-hidden=\"true\"><\/div>\n<\/form>\n<\/div>\n<\/p>\n<!-- sktbuilder starter --><script type=\"text\/javascript\" src=\"https:\/\/seasolargroup.com\/wp-content\/plugins\/skt-builder\/sktbuilder\/sktbuilder-frontend-starter.js\"><\/script><script type=\"text\/javascript\" src=\"https:\/\/seasolargroup.com\/wp-content\/plugins\/skt-builder\/sktbuilder-wordpress-driver.js\"><\/script><script type=\"text\/javascript\"> var starter = new SktbuilderStarter({\"mode\": \"prod\", \"skip\":[\"jquery\",\"underscore\",\"backbone\"],\"sktbuilderUrl\": \"https:\/\/seasolargroup.com\/wp-content\/plugins\/skt-builder\/sktbuilder\/\", \"driver\": new SktbuilderWordpressDriver({\"ajaxUrl\": \"https:\/\/seasolargroup.com\/wp-admin\/admin-ajax.php\", \"iframeUrl\": \"https:\/\/seasolargroup.com\/es\/about-us\/?sktbuilder=true\", \"pageId\": 43,  \"nonce\": \"dd7787cb6a\", \"pages\": [], \"page\": \"Sobre nosotros\" }) });<\/script><!-- end sktbuilder starter -->","protected":false},"excerpt":{"rendered":"<p>about us Sobre nosotros about us El grupo Seasolar opera en el sector de las energ\u00edas renovables desde 2008. Nuestro cliente es la empresa que quiere construir un sistema fotovoltaico en su edificio, en una cobertura parcial o total de sus necesidades energ\u00e9ticas. Ponemos nuestras habilidades t\u00e9cnicas a disposici\u00f3n de aquellos que desean evaluar la<br \/><a class=\"moretag\" href=\"https:\/\/seasolargroup.com\/es\/about-us\/\">+ Read More<\/a><\/p>\n","protected":false},"author":1,"featured_media":5373,"parent":0,"menu_order":0,"comment_status":"closed","ping_status":"closed","template":"","meta":{"_mbp_gutenberg_autopost":false,"_pgmb_is_evergreen":false,"_pgmb_ap_template_id":0,"footnotes":""},"class_list":["post-43","page","type-page","status-publish","has-post-thumbnail","hentry"],"yoast_head":"<!-- This site is optimized with the Yoast SEO Premium plugin v26.7 (Yoast SEO v27.4) - https:\/\/yoast.com\/product\/yoast-seo-premium-wordpress\/ -->\n<title>About us - Seasolar Fotovoltaico<\/title>\n<meta name=\"description\" content=\"About Us. Seasolar offre un servizio &quot;chiavi in mano&quot; al privato o l\u2019impresa che desidera realizzare un impianto fotovoltaico\" \/>\n<meta name=\"robots\" content=\"index, follow, max-snippet:-1, max-image-preview:large, max-video-preview:-1\" \/>\n<link rel=\"canonical\" href=\"https:\/\/seasolargroup.com\/about-us\/\" \/>\n<meta property=\"og:locale\" content=\"es_ES\" \/>\n<meta property=\"og:type\" content=\"article\" \/>\n<meta property=\"og:title\" content=\"About us - Seasolar Fotovoltaico\" \/>\n<meta property=\"og:description\" content=\"About Us. Seasolar offre un servizio &quot;chiavi in mano&quot; al privato o l\u2019impresa che desidera realizzare un impianto fotovoltaico\" \/>\n<meta property=\"og:url\" content=\"https:\/\/seasolargroup.com\/about-us\/\" \/>\n<meta property=\"og:site_name\" content=\"Seasolar Fotovoltaico\" \/>\n<meta property=\"article:publisher\" content=\"https:\/\/www.facebook.com\/seasolargroup\" \/>\n<meta property=\"article:modified_time\" content=\"2026-03-21T08:44:47+00:00\" \/>\n<meta property=\"og:image\" content=\"https:\/\/seasolargroup.com\/wp-content\/uploads\/2019\/05\/IMG_2925_NEW2.jpg\" \/>\n\t<meta property=\"og:image:width\" content=\"1200\" \/>\n\t<meta property=\"og:image:height\" content=\"300\" \/>\n\t<meta property=\"og:image:type\" content=\"image\/jpeg\" \/>\n<meta name=\"twitter:card\" content=\"summary_large_image\" \/>\n<meta name=\"twitter:title\" content=\"About us - Seasolar Fotovoltaico\" \/>\n<meta name=\"twitter:site\" content=\"@seasolargroup\" \/>\n<meta name=\"twitter:label1\" content=\"Tiempo de lectura\" \/>\n\t<meta name=\"twitter:data1\" content=\"7 minutos\" \/>\n<script type=\"application\/ld+json\" class=\"yoast-schema-graph\">{\"@context\":\"https:\\\/\\\/schema.org\",\"@graph\":[{\"@type\":\"WebPage\",\"@id\":\"https:\\\/\\\/seasolargroup.com\\\/about-us\\\/\",\"url\":\"https:\\\/\\\/seasolargroup.com\\\/about-us\\\/\",\"name\":\"About us - Seasolar Fotovoltaico\",\"isPartOf\":{\"@id\":\"https:\\\/\\\/seasolargroup.com\\\/#website\"},\"primaryImageOfPage\":{\"@id\":\"https:\\\/\\\/seasolargroup.com\\\/about-us\\\/#primaryimage\"},\"image\":{\"@id\":\"https:\\\/\\\/seasolargroup.com\\\/about-us\\\/#primaryimage\"},\"thumbnailUrl\":\"https:\\\/\\\/i0.wp.com\\\/seasolargroup.com\\\/wp-content\\\/uploads\\\/2019\\\/05\\\/IMG_2925_NEW2.jpg?fit=1200%2C300&ssl=1\",\"datePublished\":\"2018-03-30T10:02:03+00:00\",\"dateModified\":\"2026-03-21T08:44:47+00:00\",\"description\":\"About Us. Seasolar offre un servizio \\\"chiavi in mano\\\" al privato o l\u2019impresa che desidera realizzare un impianto fotovoltaico\",\"breadcrumb\":{\"@id\":\"https:\\\/\\\/seasolargroup.com\\\/about-us\\\/#breadcrumb\"},\"inLanguage\":\"es\",\"potentialAction\":[{\"@type\":\"ReadAction\",\"target\":[\"https:\\\/\\\/seasolargroup.com\\\/about-us\\\/\"]}]},{\"@type\":\"ImageObject\",\"inLanguage\":\"es\",\"@id\":\"https:\\\/\\\/seasolargroup.com\\\/about-us\\\/#primaryimage\",\"url\":\"https:\\\/\\\/i0.wp.com\\\/seasolargroup.com\\\/wp-content\\\/uploads\\\/2019\\\/05\\\/IMG_2925_NEW2.jpg?fit=1200%2C300&ssl=1\",\"contentUrl\":\"https:\\\/\\\/i0.wp.com\\\/seasolargroup.com\\\/wp-content\\\/uploads\\\/2019\\\/05\\\/IMG_2925_NEW2.jpg?fit=1200%2C300&ssl=1\",\"width\":1200,\"height\":300},{\"@type\":\"BreadcrumbList\",\"@id\":\"https:\\\/\\\/seasolargroup.com\\\/about-us\\\/#breadcrumb\",\"itemListElement\":[{\"@type\":\"ListItem\",\"position\":1,\"name\":\"Home\",\"item\":\"https:\\\/\\\/seasolargroup.com\\\/\"},{\"@type\":\"ListItem\",\"position\":2,\"name\":\"About us\"}]},{\"@type\":\"WebSite\",\"@id\":\"https:\\\/\\\/seasolargroup.com\\\/#website\",\"url\":\"https:\\\/\\\/seasolargroup.com\\\/\",\"name\":\"Seasolar Fotovoltaico\",\"description\":\"Turnkey photovoltaic systems since 2008\",\"publisher\":{\"@id\":\"https:\\\/\\\/seasolargroup.com\\\/#organization\"},\"potentialAction\":[{\"@type\":\"SearchAction\",\"target\":{\"@type\":\"EntryPoint\",\"urlTemplate\":\"https:\\\/\\\/seasolargroup.com\\\/?s={search_term_string}\"},\"query-input\":{\"@type\":\"PropertyValueSpecification\",\"valueRequired\":true,\"valueName\":\"search_term_string\"}}],\"inLanguage\":\"es\"},{\"@type\":\"Organization\",\"@id\":\"https:\\\/\\\/seasolargroup.com\\\/#organization\",\"name\":\"SEASOLAR fotovoltaico\",\"url\":\"https:\\\/\\\/seasolargroup.com\\\/\",\"logo\":{\"@type\":\"ImageObject\",\"inLanguage\":\"es\",\"@id\":\"https:\\\/\\\/seasolargroup.com\\\/#\\\/schema\\\/logo\\\/image\\\/\",\"url\":\"https:\\\/\\\/i0.wp.com\\\/seasolargroup.com\\\/wp-content\\\/uploads\\\/2024\\\/10\\\/seasolar_logo_2024_social.png?fit=360%2C360&ssl=1\",\"contentUrl\":\"https:\\\/\\\/i0.wp.com\\\/seasolargroup.com\\\/wp-content\\\/uploads\\\/2024\\\/10\\\/seasolar_logo_2024_social.png?fit=360%2C360&ssl=1\",\"width\":360,\"height\":360,\"caption\":\"SEASOLAR fotovoltaico\"},\"image\":{\"@id\":\"https:\\\/\\\/seasolargroup.com\\\/#\\\/schema\\\/logo\\\/image\\\/\"},\"sameAs\":[\"https:\\\/\\\/www.facebook.com\\\/seasolargroup\",\"https:\\\/\\\/x.com\\\/seasolargroup\",\"https:\\\/\\\/www.linkedin.com\\\/in\\\/seasolar-group-news\\\/\",\"https:\\\/\\\/www.youtube.com\\\/channel\\\/UCVrmhrGih_bFnpj0as_vDuQ\",\"https:\\\/\\\/www.instagram.com\\\/fotovoltaico_seasolar\\\/\"]}]}<\/script>\n<!-- \/ Yoast SEO Premium plugin. -->","yoast_head_json":{"title":"About us - Seasolar Fotovoltaico","description":"About Us. Seasolar offre un servizio \"chiavi in mano\" al privato o l\u2019impresa che desidera realizzare un impianto fotovoltaico","robots":{"index":"index","follow":"follow","max-snippet":"max-snippet:-1","max-image-preview":"max-image-preview:large","max-video-preview":"max-video-preview:-1"},"canonical":"https:\/\/seasolargroup.com\/about-us\/","og_locale":"es_ES","og_type":"article","og_title":"About us - Seasolar Fotovoltaico","og_description":"About Us. Seasolar offre un servizio \"chiavi in mano\" al privato o l\u2019impresa che desidera realizzare un impianto fotovoltaico","og_url":"https:\/\/seasolargroup.com\/about-us\/","og_site_name":"Seasolar Fotovoltaico","article_publisher":"https:\/\/www.facebook.com\/seasolargroup","article_modified_time":"2026-03-21T08:44:47+00:00","og_image":[{"width":1200,"height":300,"url":"https:\/\/seasolargroup.com\/wp-content\/uploads\/2019\/05\/IMG_2925_NEW2.jpg","type":"image\/jpeg"}],"twitter_card":"summary_large_image","twitter_title":"About us - Seasolar Fotovoltaico","twitter_site":"@seasolargroup","twitter_misc":{"Tiempo de lectura":"7 minutos"},"schema":{"@context":"https:\/\/schema.org","@graph":[{"@type":"WebPage","@id":"https:\/\/seasolargroup.com\/about-us\/","url":"https:\/\/seasolargroup.com\/about-us\/","name":"About us - Seasolar Fotovoltaico","isPartOf":{"@id":"https:\/\/seasolargroup.com\/#website"},"primaryImageOfPage":{"@id":"https:\/\/seasolargroup.com\/about-us\/#primaryimage"},"image":{"@id":"https:\/\/seasolargroup.com\/about-us\/#primaryimage"},"thumbnailUrl":"https:\/\/i0.wp.com\/seasolargroup.com\/wp-content\/uploads\/2019\/05\/IMG_2925_NEW2.jpg?fit=1200%2C300&ssl=1","datePublished":"2018-03-30T10:02:03+00:00","dateModified":"2026-03-21T08:44:47+00:00","description":"About Us. Seasolar offre un servizio \"chiavi in mano\" al privato o l\u2019impresa che desidera realizzare un impianto fotovoltaico","breadcrumb":{"@id":"https:\/\/seasolargroup.com\/about-us\/#breadcrumb"},"inLanguage":"es","potentialAction":[{"@type":"ReadAction","target":["https:\/\/seasolargroup.com\/about-us\/"]}]},{"@type":"ImageObject","inLanguage":"es","@id":"https:\/\/seasolargroup.com\/about-us\/#primaryimage","url":"https:\/\/i0.wp.com\/seasolargroup.com\/wp-content\/uploads\/2019\/05\/IMG_2925_NEW2.jpg?fit=1200%2C300&ssl=1","contentUrl":"https:\/\/i0.wp.com\/seasolargroup.com\/wp-content\/uploads\/2019\/05\/IMG_2925_NEW2.jpg?fit=1200%2C300&ssl=1","width":1200,"height":300},{"@type":"BreadcrumbList","@id":"https:\/\/seasolargroup.com\/about-us\/#breadcrumb","itemListElement":[{"@type":"ListItem","position":1,"name":"Home","item":"https:\/\/seasolargroup.com\/"},{"@type":"ListItem","position":2,"name":"About us"}]},{"@type":"WebSite","@id":"https:\/\/seasolargroup.com\/#website","url":"https:\/\/seasolargroup.com\/","name":"Seasolar Fotovoltaico","description":"Turnkey photovoltaic systems since 2008","publisher":{"@id":"https:\/\/seasolargroup.com\/#organization"},"potentialAction":[{"@type":"SearchAction","target":{"@type":"EntryPoint","urlTemplate":"https:\/\/seasolargroup.com\/?s={search_term_string}"},"query-input":{"@type":"PropertyValueSpecification","valueRequired":true,"valueName":"search_term_string"}}],"inLanguage":"es"},{"@type":"Organization","@id":"https:\/\/seasolargroup.com\/#organization","name":"SEASOLAR fotovoltaico","url":"https:\/\/seasolargroup.com\/","logo":{"@type":"ImageObject","inLanguage":"es","@id":"https:\/\/seasolargroup.com\/#\/schema\/logo\/image\/","url":"https:\/\/i0.wp.com\/seasolargroup.com\/wp-content\/uploads\/2024\/10\/seasolar_logo_2024_social.png?fit=360%2C360&ssl=1","contentUrl":"https:\/\/i0.wp.com\/seasolargroup.com\/wp-content\/uploads\/2024\/10\/seasolar_logo_2024_social.png?fit=360%2C360&ssl=1","width":360,"height":360,"caption":"SEASOLAR fotovoltaico"},"image":{"@id":"https:\/\/seasolargroup.com\/#\/schema\/logo\/image\/"},"sameAs":["https:\/\/www.facebook.com\/seasolargroup","https:\/\/x.com\/seasolargroup","https:\/\/www.linkedin.com\/in\/seasolar-group-news\/","https:\/\/www.youtube.com\/channel\/UCVrmhrGih_bFnpj0as_vDuQ","https:\/\/www.instagram.com\/fotovoltaico_seasolar\/"]}]}},"jetpack_sharing_enabled":true,"jetpack_shortlink":"https:\/\/wp.me\/P9Pv4N-H","jetpack_likes_enabled":true,"jetpack-related-posts":[],"_links":{"self":[{"href":"https:\/\/seasolargroup.com\/es\/wp-json\/wp\/v2\/pages\/43","targetHints":{"allow":["GET"]}}],"collection":[{"href":"https:\/\/seasolargroup.com\/es\/wp-json\/wp\/v2\/pages"}],"about":[{"href":"https:\/\/seasolargroup.com\/es\/wp-json\/wp\/v2\/types\/page"}],"author":[{"embeddable":true,"href":"https:\/\/seasolargroup.com\/es\/wp-json\/wp\/v2\/users\/1"}],"replies":[{"embeddable":true,"href":"https:\/\/seasolargroup.com\/es\/wp-json\/wp\/v2\/comments?post=43"}],"version-history":[{"count":56,"href":"https:\/\/seasolargroup.com\/es\/wp-json\/wp\/v2\/pages\/43\/revisions"}],"predecessor-version":[{"id":21710,"href":"https:\/\/seasolargroup.com\/es\/wp-json\/wp\/v2\/pages\/43\/revisions\/21710"}],"wp:featuredmedia":[{"embeddable":true,"href":"https:\/\/seasolargroup.com\/es\/wp-json\/wp\/v2\/media\/5373"}],"wp:attachment":[{"href":"https:\/\/seasolargroup.com\/es\/wp-json\/wp\/v2\/media?parent=43"}],"curies":[{"name":"wp","href":"https:\/\/api.w.org\/{rel}","templated":true}]}}