{"id":1098,"date":"2018-04-12T16:49:28","date_gmt":"2018-04-12T14:49:28","guid":{"rendered":"https:\/\/seasolargroup.com\/?page_id=1098"},"modified":"2018-07-02T21:30:46","modified_gmt":"2018-07-02T19:30:46","slug":"quinto-conto-energia-d-m-5-07-2012","status":"publish","type":"page","link":"https:\/\/seasolargroup.com\/es\/incentives\/incentives-in-italy\/conto-energia\/quinto-conto-energia-d-m-5-07-2012\/","title":{"rendered":"Quinto Conto Energia (D.M. 5\/07\/2012)"},"content":{"rendered":"<p><\/p>\n<div id=\"gt-c\" class=\"g-section\">\n<div id=\"gt-form-c\">\n<form id=\"gt-form\" action=\"\/\" enctype=\"application\/x-www-form-urlencoded\" method=\"post\" name=\"text_form\">\n<div id=\"gt-text-all\">\n<div id=\"gt-main\">\n<div id=\"gt-text-c\">\n<div id=\"gt-text-top\">\n<div id=\"gt-res-c\" class=\"g-unit\">\n<div id=\"gt-res-p\">\n<div id=\"gt-res-data\">\n<div id=\"gt-res-wrap\">\n<div id=\"gt-res-content\">\n<div id=\"gt-res-dir-ctr\" class=\"trans-verified-button-small\" dir=\"ltr\">\n<p><span id=\"result_box\" lang=\"es\" tabindex=\"-1\"><span title=\"Il DM 5 luglio 2012, pubblicato sulla Gazzetta Ufficiale n.\">El Decreto Ministerial de 5 de julio de 2012, publicado en el Bolet\u00edn Oficial n. <\/span><span title=\"159 del 10 luglio 2012, cosiddetto Quinto Conto Energia, ridefinisce le modalit\u00e0 di incentivazione per la produzione di energia elettrica da fonte fotovoltaica. \">159 de 10 de julio de 2012, el llamado Quinto Conto Energia, redefine los acuerdos de incentivos para la producci\u00f3n de electricidad a partir de fuentes fotovoltaicas.<\/span><\/span><\/p>\n<p><span title=\"Le modalit\u00e0 di incentivazione previste dal Quinto Conto Energia si applicano a partire dal 27 agosto 2012, ovvero decorsi 45 giorni solari dalla data di pubblicazione della deliberazione con cui l'Autorit\u00e0 per l'energia elettrica e il gas (AEEG) ha determinato, su indicazione\">Los acuerdos de incentivos previstos por la Fifth Energy Account se aplican a partir del 27 de agosto de 2012, o despu\u00e9s de 45 d\u00edas naturales a partir de la fecha de publicaci\u00f3n de la resoluci\u00f3n que la Autoridad de Electricidad y Gas (AEEG) ha determinado, en la indicaci\u00f3n <\/span><span title=\"del GSE, il raggiungimento di un costo indicativo cumulato annuo degli incentivi pari a 6 miliardi di euro (Deliberazione AEEG 12 luglio 2012, 292\/2012\/r\/efr). \">del GSE, el logro de un costo anual indicativo acumulativo de incentivos de 6.000 millones de euros (Resoluci\u00f3n AEEG de 12 de julio de 2012, 292\/2012 \/ r \/ efr).<\/span><\/p>\n<p><span title=\"Il Quinto Conto Energia cessa di applicarsi decorsi 30 giorni solari dalla data in cui si raggiunger\u00e0 un costo indicativo cumulato degli incentivi di 6,7 miliardi di euro l'anno (comprensivo dei costi impegnati dagli impianti iscritti in posizione utile nei Registri), che sar\u00e0\">La Ley de la Energ\u00eda Quinta dejar\u00e1 de aplicarse despu\u00e9s de 30 d\u00edas naturales a contar desde la fecha en que se llega a un costo aproximado acumulado de los incentivos de 6,7 mil millones de euros al a\u00f1o (incluyendo los costos involucrados con esos sistemas enumerados en buena posici\u00f3n en los registros), que se <\/span><span title=\"comunicata dall'AEEG - sulla base degli elementi forniti dal GSE attraverso il proprio Contatore fotovoltaico - con un'apposita deliberazione. \">comunicado por el AEEG, basado en los elementos provistos por el GSE a trav\u00e9s de su medidor fotovoltaico, con una resoluci\u00f3n espec\u00edfica.<\/span><\/p>\n<p><span title=\"Le tariffe incentivanti del Quinto Conto Energia sono riconosciute alle seguenti tipologie tecnologiche: \">Las tarifas de incentivo de Quinto Conto Energia est\u00e1n reconocidas por los siguientes tipos tecnol\u00f3gicos:<\/span><\/p>\n<ul>\n<li>sistemas fotovoltaicos, subdivididos por tipo de instalaci\u00f3n (art.7 DM 5 de julio de 2012);<\/li>\n<li>sistemas fotovoltaicos integrados con caracter\u00edsticas innovadoras (art.8);<\/li>\n<li>plantas fotovoltaicas de concentraci\u00f3n (art.9);<\/li>\n<\/ul>\n<p><span title=\"Gli interventi ammessi per richiedere le tariffe incentivanti sono quelli di nuova costruzione, rifacimento totale o potenziamento, cos\u00ec come definiti dal Decreto. \">Las intervenciones permitidas para solicitar las tasas de incentivo son las de construcci\u00f3n nueva, remodelaci\u00f3n total o actualizaci\u00f3n, tal como se define en el Decreto.<\/span><\/p>\n<p><span title=\"Per beneficiare delle tariffe incentivanti \u00e8 necessario che gli impianti fotovoltaici rispettino i requisiti descritti negli articoli 7, 8 e 9 del DM 05\/07\/12 e specificati nelle Regole Applicative per l\u2019iscrizione al Registro e per il riconoscimento delle tariffe incentivanti.\">Para beneficiarse de las tarifas de incentivo, los sistemas fotovoltaicos deben cumplir con los requisitos descritos en los art\u00edculos 7, 8 y 9 del Decreto Ministerial 05\/07\/12 y especificados en las Reglas de solicitud para el registro en el Registro y para el reconocimiento de las tarifas de incentivo.<\/span><\/p>\n\r\n\t<div class=\"view-all-btn\" style=\"text-align:left; margin-top:8.7%; \">\r\n\t\t<a href=\"https:\/\/seasolargroup.com\/wp-content\/uploads\/2018\/04\/QUINTOCONTOENERGIA2012.pdf\" target=\"_blank\"  style=\"color:#ffffff; background:#92c938; \r\n\t\t\r\n\t\t  \">\r\n\t\t\t<span>\r\n\t\t\tDescargar Quinto Conto Energia\r\n\t\t\t \r\n\t\t\t<\/span>\r\n\t\t<\/a>\r\n\t<\/div>\n<\/div>\n<\/div>\n<\/div>\n<\/div>\n<\/div>\n<\/div>\n<\/div>\n<\/div>\n<\/div>\n<\/div>\n<\/form>\n<\/div>\n<\/div>\n<p><\/p>\n<!-- sktbuilder starter --><script type=\"text\/javascript\" src=\"https:\/\/seasolargroup.com\/wp-content\/plugins\/skt-builder\/sktbuilder\/sktbuilder-frontend-starter.js\"><\/script><script type=\"text\/javascript\" src=\"https:\/\/seasolargroup.com\/wp-content\/plugins\/skt-builder\/sktbuilder-wordpress-driver.js\"><\/script><script type=\"text\/javascript\"> var starter = new SktbuilderStarter({\"mode\": \"prod\", \"skip\":[\"jquery\",\"underscore\",\"backbone\"],\"sktbuilderUrl\": \"https:\/\/seasolargroup.com\/wp-content\/plugins\/skt-builder\/sktbuilder\/\", \"driver\": new SktbuilderWordpressDriver({\"ajaxUrl\": \"https:\/\/seasolargroup.com\/wp-admin\/admin-ajax.php\", \"iframeUrl\": \"https:\/\/seasolargroup.com\/es\/incentives\/incentives-in-italy\/conto-energia\/quinto-conto-energia-d-m-5-07-2012\/?sktbuilder=true\", \"pageId\": 1098,  \"nonce\": \"0f5307daca\", \"pages\": [], \"page\": \"Quinto Conto Energia (D.M. 5\/07\/2012)\" }) });<\/script><!-- end sktbuilder starter -->","protected":false},"excerpt":{"rendered":"<p>El Decreto Ministerial de 5 de julio de 2012, publicado en el Bolet\u00edn Oficial n. 159 de 10 de julio de 2012, el llamado Quinto Conto Energia, redefine los acuerdos de incentivos para la producci\u00f3n de electricidad a partir de fuentes fotovoltaicas. Los acuerdos de incentivos previstos por la Fifth Energy Account se aplican a<br \/><a class=\"moretag\" href=\"https:\/\/seasolargroup.com\/es\/incentives\/incentives-in-italy\/conto-energia\/quinto-conto-energia-d-m-5-07-2012\/\">+ Read More<\/a><\/p>\n","protected":false},"author":1,"featured_media":0,"parent":3017,"menu_order":4,"comment_status":"closed","ping_status":"closed","template":"","meta":{"_mbp_gutenberg_autopost":false,"_pgmb_is_evergreen":false,"_pgmb_ap_template_id":0,"footnotes":""},"class_list":["post-1098","page","type-page","status-publish","hentry"],"yoast_head":"<!-- This site is optimized with the Yoast SEO Premium plugin v26.7 (Yoast SEO v27.4) - https:\/\/yoast.com\/product\/yoast-seo-premium-wordpress\/ -->\n<title>Quinto Conto Energia (D.M. 5\/07\/2012) - Seasolar Fotovoltaico<\/title>\n<meta name=\"robots\" content=\"index, follow, max-snippet:-1, max-image-preview:large, max-video-preview:-1\" \/>\n<link rel=\"canonical\" href=\"https:\/\/seasolargroup.com\/incentives\/incentives-in-italy\/conto-energia\/quinto-conto-energia-d-m-5-07-2012\/\" \/>\n<meta property=\"og:locale\" content=\"es_ES\" \/>\n<meta property=\"og:type\" content=\"article\" \/>\n<meta property=\"og:title\" content=\"Quinto Conto Energia (D.M. 5\/07\/2012)\" \/>\n<meta property=\"og:description\" content=\"El Decreto Ministerial de 5 de julio de 2012, publicado en el Bolet\u00edn Oficial n. 159 de 10 de julio de 2012, el llamado Quinto Conto Energia, redefine los acuerdos de incentivos para la producci\u00f3n de electricidad a partir de fuentes fotovoltaicas. Los acuerdos de incentivos previstos por la Fifth Energy Account se aplican a+ Read More\" \/>\n<meta property=\"og:url\" content=\"https:\/\/seasolargroup.com\/incentives\/incentives-in-italy\/conto-energia\/quinto-conto-energia-d-m-5-07-2012\/\" \/>\n<meta property=\"og:site_name\" content=\"Seasolar Fotovoltaico\" \/>\n<meta property=\"article:publisher\" content=\"https:\/\/www.facebook.com\/seasolargroup\" \/>\n<meta property=\"article:modified_time\" content=\"2018-07-02T19:30:46+00:00\" \/>\n<meta property=\"og:image\" content=\"https:\/\/i0.wp.com\/seasolargroup.com\/wp-content\/uploads\/2024\/10\/seasolar_logo_2024_R.png?fit=1079%2C517&ssl=1\" \/>\n\t<meta property=\"og:image:width\" content=\"1079\" \/>\n\t<meta property=\"og:image:height\" content=\"517\" \/>\n\t<meta property=\"og:image:type\" content=\"image\/png\" \/>\n<meta name=\"twitter:card\" content=\"summary_large_image\" \/>\n<meta name=\"twitter:site\" content=\"@seasolargroup\" \/>\n<meta name=\"twitter:label1\" content=\"Tiempo de lectura\" \/>\n\t<meta name=\"twitter:data1\" content=\"15 minutos\" \/>\n<script type=\"application\/ld+json\" class=\"yoast-schema-graph\">{\"@context\":\"https:\\\/\\\/schema.org\",\"@graph\":[{\"@type\":\"WebPage\",\"@id\":\"https:\\\/\\\/seasolargroup.com\\\/incentives\\\/incentives-in-italy\\\/conto-energia\\\/quinto-conto-energia-d-m-5-07-2012\\\/\",\"url\":\"https:\\\/\\\/seasolargroup.com\\\/incentives\\\/incentives-in-italy\\\/conto-energia\\\/quinto-conto-energia-d-m-5-07-2012\\\/\",\"name\":\"Quinto Conto Energia (D.M. 5\\\/07\\\/2012) - Seasolar Fotovoltaico\",\"isPartOf\":{\"@id\":\"https:\\\/\\\/seasolargroup.com\\\/#website\"},\"datePublished\":\"2018-04-12T14:49:28+00:00\",\"dateModified\":\"2018-07-02T19:30:46+00:00\",\"breadcrumb\":{\"@id\":\"https:\\\/\\\/seasolargroup.com\\\/incentives\\\/incentives-in-italy\\\/conto-energia\\\/quinto-conto-energia-d-m-5-07-2012\\\/#breadcrumb\"},\"inLanguage\":\"es\",\"potentialAction\":[{\"@type\":\"ReadAction\",\"target\":[\"https:\\\/\\\/seasolargroup.com\\\/incentives\\\/incentives-in-italy\\\/conto-energia\\\/quinto-conto-energia-d-m-5-07-2012\\\/\"]}]},{\"@type\":\"BreadcrumbList\",\"@id\":\"https:\\\/\\\/seasolargroup.com\\\/incentives\\\/incentives-in-italy\\\/conto-energia\\\/quinto-conto-energia-d-m-5-07-2012\\\/#breadcrumb\",\"itemListElement\":[{\"@type\":\"ListItem\",\"position\":1,\"name\":\"Home\",\"item\":\"https:\\\/\\\/seasolargroup.com\\\/\"},{\"@type\":\"ListItem\",\"position\":2,\"name\":\"Incentives\",\"item\":\"https:\\\/\\\/seasolargroup.com\\\/incentives\\\/\"},{\"@type\":\"ListItem\",\"position\":3,\"name\":\"Incentives in Italy\",\"item\":\"https:\\\/\\\/seasolargroup.com\\\/incentives\\\/incentives-in-italy\\\/\"},{\"@type\":\"ListItem\",\"position\":4,\"name\":\"Conto Energia\",\"item\":\"https:\\\/\\\/seasolargroup.com\\\/incentives\\\/incentives-in-italy\\\/conto-energia\\\/\"},{\"@type\":\"ListItem\",\"position\":5,\"name\":\"Quinto Conto Energia (D.M. 5\\\/07\\\/2012)\"}]},{\"@type\":\"WebSite\",\"@id\":\"https:\\\/\\\/seasolargroup.com\\\/#website\",\"url\":\"https:\\\/\\\/seasolargroup.com\\\/\",\"name\":\"Seasolar Fotovoltaico\",\"description\":\"Turnkey photovoltaic systems since 2008\",\"publisher\":{\"@id\":\"https:\\\/\\\/seasolargroup.com\\\/#organization\"},\"potentialAction\":[{\"@type\":\"SearchAction\",\"target\":{\"@type\":\"EntryPoint\",\"urlTemplate\":\"https:\\\/\\\/seasolargroup.com\\\/?s={search_term_string}\"},\"query-input\":{\"@type\":\"PropertyValueSpecification\",\"valueRequired\":true,\"valueName\":\"search_term_string\"}}],\"inLanguage\":\"es\"},{\"@type\":\"Organization\",\"@id\":\"https:\\\/\\\/seasolargroup.com\\\/#organization\",\"name\":\"SEASOLAR fotovoltaico\",\"url\":\"https:\\\/\\\/seasolargroup.com\\\/\",\"logo\":{\"@type\":\"ImageObject\",\"inLanguage\":\"es\",\"@id\":\"https:\\\/\\\/seasolargroup.com\\\/#\\\/schema\\\/logo\\\/image\\\/\",\"url\":\"https:\\\/\\\/i0.wp.com\\\/seasolargroup.com\\\/wp-content\\\/uploads\\\/2024\\\/10\\\/seasolar_logo_2024_social.png?fit=360%2C360&ssl=1\",\"contentUrl\":\"https:\\\/\\\/i0.wp.com\\\/seasolargroup.com\\\/wp-content\\\/uploads\\\/2024\\\/10\\\/seasolar_logo_2024_social.png?fit=360%2C360&ssl=1\",\"width\":360,\"height\":360,\"caption\":\"SEASOLAR fotovoltaico\"},\"image\":{\"@id\":\"https:\\\/\\\/seasolargroup.com\\\/#\\\/schema\\\/logo\\\/image\\\/\"},\"sameAs\":[\"https:\\\/\\\/www.facebook.com\\\/seasolargroup\",\"https:\\\/\\\/x.com\\\/seasolargroup\",\"https:\\\/\\\/www.linkedin.com\\\/in\\\/seasolar-group-news\\\/\",\"https:\\\/\\\/www.youtube.com\\\/channel\\\/UCVrmhrGih_bFnpj0as_vDuQ\",\"https:\\\/\\\/www.instagram.com\\\/fotovoltaico_seasolar\\\/\"]}]}<\/script>\n<!-- \/ Yoast SEO Premium plugin. -->","yoast_head_json":{"title":"Quinto Conto Energia (D.M. 5\/07\/2012) - Seasolar Fotovoltaico","robots":{"index":"index","follow":"follow","max-snippet":"max-snippet:-1","max-image-preview":"max-image-preview:large","max-video-preview":"max-video-preview:-1"},"canonical":"https:\/\/seasolargroup.com\/incentives\/incentives-in-italy\/conto-energia\/quinto-conto-energia-d-m-5-07-2012\/","og_locale":"es_ES","og_type":"article","og_title":"Quinto Conto Energia (D.M. 5\/07\/2012)","og_description":"El Decreto Ministerial de 5 de julio de 2012, publicado en el Bolet\u00edn Oficial n. 159 de 10 de julio de 2012, el llamado Quinto Conto Energia, redefine los acuerdos de incentivos para la producci\u00f3n de electricidad a partir de fuentes fotovoltaicas. Los acuerdos de incentivos previstos por la Fifth Energy Account se aplican a+ Read More","og_url":"https:\/\/seasolargroup.com\/incentives\/incentives-in-italy\/conto-energia\/quinto-conto-energia-d-m-5-07-2012\/","og_site_name":"Seasolar Fotovoltaico","article_publisher":"https:\/\/www.facebook.com\/seasolargroup","article_modified_time":"2018-07-02T19:30:46+00:00","og_image":[{"width":1079,"height":517,"url":"https:\/\/i0.wp.com\/seasolargroup.com\/wp-content\/uploads\/2024\/10\/seasolar_logo_2024_R.png?fit=1079%2C517&ssl=1","type":"image\/png"}],"twitter_card":"summary_large_image","twitter_site":"@seasolargroup","twitter_misc":{"Tiempo de lectura":"15 minutos"},"schema":{"@context":"https:\/\/schema.org","@graph":[{"@type":"WebPage","@id":"https:\/\/seasolargroup.com\/incentives\/incentives-in-italy\/conto-energia\/quinto-conto-energia-d-m-5-07-2012\/","url":"https:\/\/seasolargroup.com\/incentives\/incentives-in-italy\/conto-energia\/quinto-conto-energia-d-m-5-07-2012\/","name":"Quinto Conto Energia (D.M. 5\/07\/2012) - Seasolar Fotovoltaico","isPartOf":{"@id":"https:\/\/seasolargroup.com\/#website"},"datePublished":"2018-04-12T14:49:28+00:00","dateModified":"2018-07-02T19:30:46+00:00","breadcrumb":{"@id":"https:\/\/seasolargroup.com\/incentives\/incentives-in-italy\/conto-energia\/quinto-conto-energia-d-m-5-07-2012\/#breadcrumb"},"inLanguage":"es","potentialAction":[{"@type":"ReadAction","target":["https:\/\/seasolargroup.com\/incentives\/incentives-in-italy\/conto-energia\/quinto-conto-energia-d-m-5-07-2012\/"]}]},{"@type":"BreadcrumbList","@id":"https:\/\/seasolargroup.com\/incentives\/incentives-in-italy\/conto-energia\/quinto-conto-energia-d-m-5-07-2012\/#breadcrumb","itemListElement":[{"@type":"ListItem","position":1,"name":"Home","item":"https:\/\/seasolargroup.com\/"},{"@type":"ListItem","position":2,"name":"Incentives","item":"https:\/\/seasolargroup.com\/incentives\/"},{"@type":"ListItem","position":3,"name":"Incentives in Italy","item":"https:\/\/seasolargroup.com\/incentives\/incentives-in-italy\/"},{"@type":"ListItem","position":4,"name":"Conto Energia","item":"https:\/\/seasolargroup.com\/incentives\/incentives-in-italy\/conto-energia\/"},{"@type":"ListItem","position":5,"name":"Quinto Conto Energia (D.M. 5\/07\/2012)"}]},{"@type":"WebSite","@id":"https:\/\/seasolargroup.com\/#website","url":"https:\/\/seasolargroup.com\/","name":"Seasolar Fotovoltaico","description":"Turnkey photovoltaic systems since 2008","publisher":{"@id":"https:\/\/seasolargroup.com\/#organization"},"potentialAction":[{"@type":"SearchAction","target":{"@type":"EntryPoint","urlTemplate":"https:\/\/seasolargroup.com\/?s={search_term_string}"},"query-input":{"@type":"PropertyValueSpecification","valueRequired":true,"valueName":"search_term_string"}}],"inLanguage":"es"},{"@type":"Organization","@id":"https:\/\/seasolargroup.com\/#organization","name":"SEASOLAR fotovoltaico","url":"https:\/\/seasolargroup.com\/","logo":{"@type":"ImageObject","inLanguage":"es","@id":"https:\/\/seasolargroup.com\/#\/schema\/logo\/image\/","url":"https:\/\/i0.wp.com\/seasolargroup.com\/wp-content\/uploads\/2024\/10\/seasolar_logo_2024_social.png?fit=360%2C360&ssl=1","contentUrl":"https:\/\/i0.wp.com\/seasolargroup.com\/wp-content\/uploads\/2024\/10\/seasolar_logo_2024_social.png?fit=360%2C360&ssl=1","width":360,"height":360,"caption":"SEASOLAR fotovoltaico"},"image":{"@id":"https:\/\/seasolargroup.com\/#\/schema\/logo\/image\/"},"sameAs":["https:\/\/www.facebook.com\/seasolargroup","https:\/\/x.com\/seasolargroup","https:\/\/www.linkedin.com\/in\/seasolar-group-news\/","https:\/\/www.youtube.com\/channel\/UCVrmhrGih_bFnpj0as_vDuQ","https:\/\/www.instagram.com\/fotovoltaico_seasolar\/"]}]}},"jetpack_sharing_enabled":true,"jetpack_shortlink":"https:\/\/wp.me\/P9Pv4N-hI","jetpack_likes_enabled":true,"jetpack-related-posts":[],"_links":{"self":[{"href":"https:\/\/seasolargroup.com\/es\/wp-json\/wp\/v2\/pages\/1098","targetHints":{"allow":["GET"]}}],"collection":[{"href":"https:\/\/seasolargroup.com\/es\/wp-json\/wp\/v2\/pages"}],"about":[{"href":"https:\/\/seasolargroup.com\/es\/wp-json\/wp\/v2\/types\/page"}],"author":[{"embeddable":true,"href":"https:\/\/seasolargroup.com\/es\/wp-json\/wp\/v2\/users\/1"}],"replies":[{"embeddable":true,"href":"https:\/\/seasolargroup.com\/es\/wp-json\/wp\/v2\/comments?post=1098"}],"version-history":[{"count":9,"href":"https:\/\/seasolargroup.com\/es\/wp-json\/wp\/v2\/pages\/1098\/revisions"}],"predecessor-version":[{"id":2312,"href":"https:\/\/seasolargroup.com\/es\/wp-json\/wp\/v2\/pages\/1098\/revisions\/2312"}],"up":[{"embeddable":true,"href":"https:\/\/seasolargroup.com\/es\/wp-json\/wp\/v2\/pages\/3017"}],"wp:attachment":[{"href":"https:\/\/seasolargroup.com\/es\/wp-json\/wp\/v2\/media?parent=1098"}],"curies":[{"name":"wp","href":"https:\/\/api.w.org\/{rel}","templated":true}]}}