{"id":1096,"date":"2018-04-12T16:48:25","date_gmt":"2018-04-12T14:48:25","guid":{"rendered":"https:\/\/seasolargroup.com\/?page_id=1096"},"modified":"2018-07-02T21:30:03","modified_gmt":"2018-07-02T19:30:03","slug":"quarto-conto-energia-d-m-5-05-2011","status":"publish","type":"page","link":"https:\/\/seasolargroup.com\/es\/incentives\/incentives-in-italy\/conto-energia\/quarto-conto-energia-d-m-5-05-2011\/","title":{"rendered":"Quarto Conto Energia (D.M. 5\/05\/2011)"},"content":{"rendered":"<p>El Decreto ministerial de 5 de mayo de 2011, publicado en el Bolet\u00edn Oficial del 12\/05\/2011, conocido como Quarto Conto Energia, est\u00e1 reservado para centrales el\u00e9ctricas de no menos de 1 kW que entran en funcionamiento despu\u00e9s del 31 de mayo de 2011 y hasta el 31 de diciembre de 2016. .<\/p>\n<p>Hasta 2012, el mecanismo prev\u00e9 el incentivo de la electricidad producida por plantas fotovoltaicas a trav\u00e9s de un arancel constante durante 20 a\u00f1os a partir de la fecha de entrada en operaci\u00f3n de la planta. A partir del primer semestre de 2013, las tarifas de incentivo tendr\u00e1n un valor integral en la energ\u00eda alimentada a la red el\u00e9ctrica. Se asignar\u00e1 una tarifa espec\u00edfica en la cuota de energ\u00eda autoconsumida.<\/p>\n<p>El Quarto Conto Energia identifica un objetivo de energ\u00eda fotovoltaica a ser instalado a nivel nacional de aproximadamente 23,000 MW y ha previsto una reducci\u00f3n progresiva y planificada de tarifas a lo largo del tiempo para alinear gradualmente el incentivo p\u00fablico con los costos de las tecnolog\u00edas y mantener la estabilidad y certeza en el mercado. Tambi\u00e9n ha establecido l\u00edmites de costos peri\u00f3dicos:<\/p>\n<p>&#8211; que en el per\u00edodo comprendido entre el 1 de junio de 2011 y el 31 de diciembre de 2012 se restrinja el acceso a las tarifas de incentivo para \u00abGrandes Plantas\u00bb, para lo cual, adem\u00e1s, se requiere registro en un Registro IT gestionado por el Gerente de Servicios Energ\u00e9ticos &#8211; GSE SpA;<br \/>\n&#8211; el excedente del cual en el per\u00edodo 2013-2016 determina una reducci\u00f3n arancelaria adicional en comparaci\u00f3n con la programada.<\/p>\n<p>\r\n\t<div class=\"view-all-btn\" style=\"text-align:left; margin-top:8.7%; \">\r\n\t\t<a href=\"https:\/\/seasolargroup.com\/wp-content\/uploads\/2018\/04\/quartocontoenergia2011.pdf\" target=\"_blank\"  style=\"color:#ffffff; background:#92c938; \r\n\t\t\r\n\t\t  \">\r\n\t\t\t<span>\r\n\t\t\tDescargar Quarto Conto Energia\r\n\t\t\t \r\n\t\t\t<\/span>\r\n\t\t<\/a>\r\n\t<\/div><\/p>\n<!-- sktbuilder starter --><script type=\"text\/javascript\" src=\"https:\/\/seasolargroup.com\/wp-content\/plugins\/skt-builder\/sktbuilder\/sktbuilder-frontend-starter.js\"><\/script><script type=\"text\/javascript\" src=\"https:\/\/seasolargroup.com\/wp-content\/plugins\/skt-builder\/sktbuilder-wordpress-driver.js\"><\/script><script type=\"text\/javascript\"> var starter = new SktbuilderStarter({\"mode\": \"prod\", \"skip\":[\"jquery\",\"underscore\",\"backbone\"],\"sktbuilderUrl\": \"https:\/\/seasolargroup.com\/wp-content\/plugins\/skt-builder\/sktbuilder\/\", \"driver\": new SktbuilderWordpressDriver({\"ajaxUrl\": \"https:\/\/seasolargroup.com\/wp-admin\/admin-ajax.php\", \"iframeUrl\": \"https:\/\/seasolargroup.com\/es\/incentives\/incentives-in-italy\/conto-energia\/quarto-conto-energia-d-m-5-05-2011\/?sktbuilder=true\", \"pageId\": 1096,  \"nonce\": \"e0932fc899\", \"pages\": [], \"page\": \"Quarto Conto Energia (D.M. 5\/05\/2011)\" }) });<\/script><!-- end sktbuilder starter -->","protected":false},"excerpt":{"rendered":"<p>El Decreto ministerial de 5 de mayo de 2011, publicado en el Bolet\u00edn Oficial del 12\/05\/2011, conocido como Quarto Conto Energia, est\u00e1 reservado para centrales el\u00e9ctricas de no menos de 1 kW que entran en funcionamiento despu\u00e9s del 31 de mayo de 2011 y hasta el 31 de diciembre de 2016. . Hasta 2012, el<br \/><a class=\"moretag\" href=\"https:\/\/seasolargroup.com\/es\/incentives\/incentives-in-italy\/conto-energia\/quarto-conto-energia-d-m-5-05-2011\/\">+ Read More<\/a><\/p>\n","protected":false},"author":1,"featured_media":0,"parent":3017,"menu_order":3,"comment_status":"closed","ping_status":"closed","template":"","meta":{"_mbp_gutenberg_autopost":false,"_pgmb_is_evergreen":false,"_pgmb_ap_template_id":0,"footnotes":""},"class_list":["post-1096","page","type-page","status-publish","hentry"],"yoast_head":"<!-- This site is optimized with the Yoast SEO Premium plugin v26.7 (Yoast SEO v27.3) - https:\/\/yoast.com\/product\/yoast-seo-premium-wordpress\/ -->\n<title>Quarto Conto Energia (D.M. 5\/05\/2011) - Seasolar Fotovoltaico<\/title>\n<meta name=\"robots\" content=\"index, follow, max-snippet:-1, max-image-preview:large, max-video-preview:-1\" \/>\n<link rel=\"canonical\" href=\"https:\/\/seasolargroup.com\/incentives\/incentives-in-italy\/conto-energia\/quarto-conto-energia-d-m-5-05-2011\/\" \/>\n<meta property=\"og:locale\" content=\"es_ES\" \/>\n<meta property=\"og:type\" content=\"article\" \/>\n<meta property=\"og:title\" content=\"Quarto Conto Energia (D.M. 5\/05\/2011)\" \/>\n<meta property=\"og:description\" content=\"El Decreto ministerial de 5 de mayo de 2011, publicado en el Bolet\u00edn Oficial del 12\/05\/2011, conocido como Quarto Conto Energia, est\u00e1 reservado para centrales el\u00e9ctricas de no menos de 1 kW que entran en funcionamiento despu\u00e9s del 31 de mayo de 2011 y hasta el 31 de diciembre de 2016. . Hasta 2012, el+ Read More\" \/>\n<meta property=\"og:url\" content=\"https:\/\/seasolargroup.com\/incentives\/incentives-in-italy\/conto-energia\/quarto-conto-energia-d-m-5-05-2011\/\" \/>\n<meta property=\"og:site_name\" content=\"Seasolar Fotovoltaico\" \/>\n<meta property=\"article:publisher\" content=\"https:\/\/www.facebook.com\/seasolargroup\" \/>\n<meta property=\"article:modified_time\" content=\"2018-07-02T19:30:03+00:00\" \/>\n<meta property=\"og:image\" content=\"https:\/\/i0.wp.com\/seasolargroup.com\/wp-content\/uploads\/2024\/10\/seasolar_logo_2024_R.png?fit=1079%2C517&ssl=1\" \/>\n\t<meta property=\"og:image:width\" content=\"1079\" \/>\n\t<meta property=\"og:image:height\" content=\"517\" \/>\n\t<meta property=\"og:image:type\" content=\"image\/png\" \/>\n<meta name=\"twitter:card\" content=\"summary_large_image\" \/>\n<meta name=\"twitter:site\" content=\"@seasolargroup\" \/>\n<meta name=\"twitter:label1\" content=\"Tiempo de lectura\" \/>\n\t<meta name=\"twitter:data1\" content=\"9 minutos\" \/>\n<script type=\"application\/ld+json\" class=\"yoast-schema-graph\">{\"@context\":\"https:\\\/\\\/schema.org\",\"@graph\":[{\"@type\":\"WebPage\",\"@id\":\"https:\\\/\\\/seasolargroup.com\\\/incentives\\\/incentives-in-italy\\\/conto-energia\\\/quarto-conto-energia-d-m-5-05-2011\\\/\",\"url\":\"https:\\\/\\\/seasolargroup.com\\\/incentives\\\/incentives-in-italy\\\/conto-energia\\\/quarto-conto-energia-d-m-5-05-2011\\\/\",\"name\":\"Quarto Conto Energia (D.M. 5\\\/05\\\/2011) - Seasolar Fotovoltaico\",\"isPartOf\":{\"@id\":\"https:\\\/\\\/seasolargroup.com\\\/#website\"},\"datePublished\":\"2018-04-12T14:48:25+00:00\",\"dateModified\":\"2018-07-02T19:30:03+00:00\",\"breadcrumb\":{\"@id\":\"https:\\\/\\\/seasolargroup.com\\\/incentives\\\/incentives-in-italy\\\/conto-energia\\\/quarto-conto-energia-d-m-5-05-2011\\\/#breadcrumb\"},\"inLanguage\":\"es\",\"potentialAction\":[{\"@type\":\"ReadAction\",\"target\":[\"https:\\\/\\\/seasolargroup.com\\\/incentives\\\/incentives-in-italy\\\/conto-energia\\\/quarto-conto-energia-d-m-5-05-2011\\\/\"]}]},{\"@type\":\"BreadcrumbList\",\"@id\":\"https:\\\/\\\/seasolargroup.com\\\/incentives\\\/incentives-in-italy\\\/conto-energia\\\/quarto-conto-energia-d-m-5-05-2011\\\/#breadcrumb\",\"itemListElement\":[{\"@type\":\"ListItem\",\"position\":1,\"name\":\"Home\",\"item\":\"https:\\\/\\\/seasolargroup.com\\\/\"},{\"@type\":\"ListItem\",\"position\":2,\"name\":\"Incentives\",\"item\":\"https:\\\/\\\/seasolargroup.com\\\/incentives\\\/\"},{\"@type\":\"ListItem\",\"position\":3,\"name\":\"Incentives in Italy\",\"item\":\"https:\\\/\\\/seasolargroup.com\\\/incentives\\\/incentives-in-italy\\\/\"},{\"@type\":\"ListItem\",\"position\":4,\"name\":\"Conto Energia\",\"item\":\"https:\\\/\\\/seasolargroup.com\\\/incentives\\\/incentives-in-italy\\\/conto-energia\\\/\"},{\"@type\":\"ListItem\",\"position\":5,\"name\":\"Quarto Conto Energia (D.M. 5\\\/05\\\/2011)\"}]},{\"@type\":\"WebSite\",\"@id\":\"https:\\\/\\\/seasolargroup.com\\\/#website\",\"url\":\"https:\\\/\\\/seasolargroup.com\\\/\",\"name\":\"Seasolar Fotovoltaico\",\"description\":\"Turnkey photovoltaic systems since 2008\",\"publisher\":{\"@id\":\"https:\\\/\\\/seasolargroup.com\\\/#organization\"},\"potentialAction\":[{\"@type\":\"SearchAction\",\"target\":{\"@type\":\"EntryPoint\",\"urlTemplate\":\"https:\\\/\\\/seasolargroup.com\\\/?s={search_term_string}\"},\"query-input\":{\"@type\":\"PropertyValueSpecification\",\"valueRequired\":true,\"valueName\":\"search_term_string\"}}],\"inLanguage\":\"es\"},{\"@type\":\"Organization\",\"@id\":\"https:\\\/\\\/seasolargroup.com\\\/#organization\",\"name\":\"SEASOLAR fotovoltaico\",\"url\":\"https:\\\/\\\/seasolargroup.com\\\/\",\"logo\":{\"@type\":\"ImageObject\",\"inLanguage\":\"es\",\"@id\":\"https:\\\/\\\/seasolargroup.com\\\/#\\\/schema\\\/logo\\\/image\\\/\",\"url\":\"https:\\\/\\\/i0.wp.com\\\/seasolargroup.com\\\/wp-content\\\/uploads\\\/2024\\\/10\\\/seasolar_logo_2024_social.png?fit=360%2C360&ssl=1\",\"contentUrl\":\"https:\\\/\\\/i0.wp.com\\\/seasolargroup.com\\\/wp-content\\\/uploads\\\/2024\\\/10\\\/seasolar_logo_2024_social.png?fit=360%2C360&ssl=1\",\"width\":360,\"height\":360,\"caption\":\"SEASOLAR fotovoltaico\"},\"image\":{\"@id\":\"https:\\\/\\\/seasolargroup.com\\\/#\\\/schema\\\/logo\\\/image\\\/\"},\"sameAs\":[\"https:\\\/\\\/www.facebook.com\\\/seasolargroup\",\"https:\\\/\\\/x.com\\\/seasolargroup\",\"https:\\\/\\\/www.linkedin.com\\\/in\\\/seasolar-group-news\\\/\",\"https:\\\/\\\/www.youtube.com\\\/channel\\\/UCVrmhrGih_bFnpj0as_vDuQ\",\"https:\\\/\\\/www.instagram.com\\\/fotovoltaico_seasolar\\\/\"]}]}<\/script>\n<!-- \/ Yoast SEO Premium plugin. -->","yoast_head_json":{"title":"Quarto Conto Energia (D.M. 5\/05\/2011) - Seasolar Fotovoltaico","robots":{"index":"index","follow":"follow","max-snippet":"max-snippet:-1","max-image-preview":"max-image-preview:large","max-video-preview":"max-video-preview:-1"},"canonical":"https:\/\/seasolargroup.com\/incentives\/incentives-in-italy\/conto-energia\/quarto-conto-energia-d-m-5-05-2011\/","og_locale":"es_ES","og_type":"article","og_title":"Quarto Conto Energia (D.M. 5\/05\/2011)","og_description":"El Decreto ministerial de 5 de mayo de 2011, publicado en el Bolet\u00edn Oficial del 12\/05\/2011, conocido como Quarto Conto Energia, est\u00e1 reservado para centrales el\u00e9ctricas de no menos de 1 kW que entran en funcionamiento despu\u00e9s del 31 de mayo de 2011 y hasta el 31 de diciembre de 2016. . Hasta 2012, el+ Read More","og_url":"https:\/\/seasolargroup.com\/incentives\/incentives-in-italy\/conto-energia\/quarto-conto-energia-d-m-5-05-2011\/","og_site_name":"Seasolar Fotovoltaico","article_publisher":"https:\/\/www.facebook.com\/seasolargroup","article_modified_time":"2018-07-02T19:30:03+00:00","og_image":[{"width":1079,"height":517,"url":"https:\/\/i0.wp.com\/seasolargroup.com\/wp-content\/uploads\/2024\/10\/seasolar_logo_2024_R.png?fit=1079%2C517&ssl=1","type":"image\/png"}],"twitter_card":"summary_large_image","twitter_site":"@seasolargroup","twitter_misc":{"Tiempo de lectura":"9 minutos"},"schema":{"@context":"https:\/\/schema.org","@graph":[{"@type":"WebPage","@id":"https:\/\/seasolargroup.com\/incentives\/incentives-in-italy\/conto-energia\/quarto-conto-energia-d-m-5-05-2011\/","url":"https:\/\/seasolargroup.com\/incentives\/incentives-in-italy\/conto-energia\/quarto-conto-energia-d-m-5-05-2011\/","name":"Quarto Conto Energia (D.M. 5\/05\/2011) - Seasolar Fotovoltaico","isPartOf":{"@id":"https:\/\/seasolargroup.com\/#website"},"datePublished":"2018-04-12T14:48:25+00:00","dateModified":"2018-07-02T19:30:03+00:00","breadcrumb":{"@id":"https:\/\/seasolargroup.com\/incentives\/incentives-in-italy\/conto-energia\/quarto-conto-energia-d-m-5-05-2011\/#breadcrumb"},"inLanguage":"es","potentialAction":[{"@type":"ReadAction","target":["https:\/\/seasolargroup.com\/incentives\/incentives-in-italy\/conto-energia\/quarto-conto-energia-d-m-5-05-2011\/"]}]},{"@type":"BreadcrumbList","@id":"https:\/\/seasolargroup.com\/incentives\/incentives-in-italy\/conto-energia\/quarto-conto-energia-d-m-5-05-2011\/#breadcrumb","itemListElement":[{"@type":"ListItem","position":1,"name":"Home","item":"https:\/\/seasolargroup.com\/"},{"@type":"ListItem","position":2,"name":"Incentives","item":"https:\/\/seasolargroup.com\/incentives\/"},{"@type":"ListItem","position":3,"name":"Incentives in Italy","item":"https:\/\/seasolargroup.com\/incentives\/incentives-in-italy\/"},{"@type":"ListItem","position":4,"name":"Conto Energia","item":"https:\/\/seasolargroup.com\/incentives\/incentives-in-italy\/conto-energia\/"},{"@type":"ListItem","position":5,"name":"Quarto Conto Energia (D.M. 5\/05\/2011)"}]},{"@type":"WebSite","@id":"https:\/\/seasolargroup.com\/#website","url":"https:\/\/seasolargroup.com\/","name":"Seasolar Fotovoltaico","description":"Turnkey photovoltaic systems since 2008","publisher":{"@id":"https:\/\/seasolargroup.com\/#organization"},"potentialAction":[{"@type":"SearchAction","target":{"@type":"EntryPoint","urlTemplate":"https:\/\/seasolargroup.com\/?s={search_term_string}"},"query-input":{"@type":"PropertyValueSpecification","valueRequired":true,"valueName":"search_term_string"}}],"inLanguage":"es"},{"@type":"Organization","@id":"https:\/\/seasolargroup.com\/#organization","name":"SEASOLAR fotovoltaico","url":"https:\/\/seasolargroup.com\/","logo":{"@type":"ImageObject","inLanguage":"es","@id":"https:\/\/seasolargroup.com\/#\/schema\/logo\/image\/","url":"https:\/\/i0.wp.com\/seasolargroup.com\/wp-content\/uploads\/2024\/10\/seasolar_logo_2024_social.png?fit=360%2C360&ssl=1","contentUrl":"https:\/\/i0.wp.com\/seasolargroup.com\/wp-content\/uploads\/2024\/10\/seasolar_logo_2024_social.png?fit=360%2C360&ssl=1","width":360,"height":360,"caption":"SEASOLAR fotovoltaico"},"image":{"@id":"https:\/\/seasolargroup.com\/#\/schema\/logo\/image\/"},"sameAs":["https:\/\/www.facebook.com\/seasolargroup","https:\/\/x.com\/seasolargroup","https:\/\/www.linkedin.com\/in\/seasolar-group-news\/","https:\/\/www.youtube.com\/channel\/UCVrmhrGih_bFnpj0as_vDuQ","https:\/\/www.instagram.com\/fotovoltaico_seasolar\/"]}]}},"jetpack_sharing_enabled":true,"jetpack_shortlink":"https:\/\/wp.me\/P9Pv4N-hG","jetpack_likes_enabled":true,"jetpack-related-posts":[],"_links":{"self":[{"href":"https:\/\/seasolargroup.com\/es\/wp-json\/wp\/v2\/pages\/1096","targetHints":{"allow":["GET"]}}],"collection":[{"href":"https:\/\/seasolargroup.com\/es\/wp-json\/wp\/v2\/pages"}],"about":[{"href":"https:\/\/seasolargroup.com\/es\/wp-json\/wp\/v2\/types\/page"}],"author":[{"embeddable":true,"href":"https:\/\/seasolargroup.com\/es\/wp-json\/wp\/v2\/users\/1"}],"replies":[{"embeddable":true,"href":"https:\/\/seasolargroup.com\/es\/wp-json\/wp\/v2\/comments?post=1096"}],"version-history":[{"count":21,"href":"https:\/\/seasolargroup.com\/es\/wp-json\/wp\/v2\/pages\/1096\/revisions"}],"predecessor-version":[{"id":2311,"href":"https:\/\/seasolargroup.com\/es\/wp-json\/wp\/v2\/pages\/1096\/revisions\/2311"}],"up":[{"embeddable":true,"href":"https:\/\/seasolargroup.com\/es\/wp-json\/wp\/v2\/pages\/3017"}],"wp:attachment":[{"href":"https:\/\/seasolargroup.com\/es\/wp-json\/wp\/v2\/media?parent=1096"}],"curies":[{"name":"wp","href":"https:\/\/api.w.org\/{rel}","templated":true}]}}