{"id":1094,"date":"2018-04-12T16:46:17","date_gmt":"2018-04-12T14:46:17","guid":{"rendered":"https:\/\/seasolargroup.com\/?page_id=1094"},"modified":"2018-07-02T21:29:38","modified_gmt":"2018-07-02T19:29:38","slug":"terzo-conto-energia-d-m-6-08-2010","status":"publish","type":"page","link":"https:\/\/seasolargroup.com\/es\/incentives\/incentives-in-italy\/conto-energia\/terzo-conto-energia-d-m-6-08-2010\/","title":{"rendered":"Terzo Conto Energia (D.M. 6\/08\/2010)"},"content":{"rendered":"<p>El Decreto Ministerial 6\/8\/2010 (Third Energy Account), publicado en el Diario Oficial del 24\/08\/2010, se emiti\u00f3 para dar continuidad al mecanismo de incentivo en la Cuenta de Energ\u00eda para plantas fotovoltaicas ya iniciado con los decretos de 28\/07. \/ 2005, 06\/02\/2006 (First Energy Account) y 19\/02\/2007 (Second Energy Account). Todas las plantas que entran en operaci\u00f3n despu\u00e9s del 31\/12\/2010 pueden aprovechar los incentivos definidos en la disposici\u00f3n que sigue a las obras de construcci\u00f3n nuevas, la renovaci\u00f3n total o la actualizaci\u00f3n, que pertenecen a cuatro categor\u00edas espec\u00edficas:<\/p>\n<p>&#8211; sistemas fotovoltaicos (\u00aben edificios\u00bb u \u00abotras plantas\u00bb);<br \/>\n&#8211; sistemas fotovoltaicos integrados con caracter\u00edsticas innovadoras;<br \/>\n&#8211; sistemas fotovoltaicos de concentraci\u00f3n;<br \/>\n&#8211; sistemas fotovoltaicos con innovaci\u00f3n tecnol\u00f3gica.<\/p>\n<p>Para cada categor\u00eda se ha definido un l\u00edmite de potencia incentivable:<\/p>\n<p>&#8211; 3000 MW para sistemas fotovoltaicos;<br \/>\n&#8211; 300 MW para sistemas fotovoltaicos integrados de arquitectura con caracter\u00edsticas innovadoras;<br \/>\n&#8211; 200 MW para sistemas fotovoltaicos concentrados.<\/p>\n<p>Los incentivos para la producci\u00f3n de electricidad a partir de sistemas fotovoltaicos son v\u00e1lidos desde la fecha de entrada en servicio por un per\u00edodo de 20 a\u00f1os, la tarifa es constante en la moneda actual para todo el per\u00edodo de incentivo.<\/p>\n<p>\r\n\t<div class=\"view-all-btn\" style=\"text-align:left; margin-top:8.7%; \">\r\n\t\t<a href=\"https:\/\/seasolargroup.com\/wp-content\/uploads\/2018\/04\/TerzoContoEnergia2010.pdf\" target=\"_blank\"  style=\"color:#ffffff; background:#92c938; \r\n\t\t\r\n\t\t  \">\r\n\t\t\t<span>\r\n\t\t\tDescargar Terzo Conto Energia\r\n\t\t\t \r\n\t\t\t<\/span>\r\n\t\t<\/a>\r\n\t<\/div><\/p>\n<!-- sktbuilder starter --><script type=\"text\/javascript\" src=\"https:\/\/seasolargroup.com\/wp-content\/plugins\/skt-builder\/sktbuilder\/sktbuilder-frontend-starter.js\"><\/script><script type=\"text\/javascript\" src=\"https:\/\/seasolargroup.com\/wp-content\/plugins\/skt-builder\/sktbuilder-wordpress-driver.js\"><\/script><script type=\"text\/javascript\"> var starter = new SktbuilderStarter({\"mode\": \"prod\", \"skip\":[\"jquery\",\"underscore\",\"backbone\"],\"sktbuilderUrl\": \"https:\/\/seasolargroup.com\/wp-content\/plugins\/skt-builder\/sktbuilder\/\", \"driver\": new SktbuilderWordpressDriver({\"ajaxUrl\": \"https:\/\/seasolargroup.com\/wp-admin\/admin-ajax.php\", \"iframeUrl\": \"https:\/\/seasolargroup.com\/es\/incentives\/incentives-in-italy\/conto-energia\/terzo-conto-energia-d-m-6-08-2010\/?sktbuilder=true\", \"pageId\": 1094,  \"nonce\": \"f142d3494b\", \"pages\": [], \"page\": \"Terzo Conto Energia (D.M. 6\/08\/2010)\" }) });<\/script><!-- end sktbuilder starter -->","protected":false},"excerpt":{"rendered":"<p>El Decreto Ministerial 6\/8\/2010 (Third Energy Account), publicado en el Diario Oficial del 24\/08\/2010, se emiti\u00f3 para dar continuidad al mecanismo de incentivo en la Cuenta de Energ\u00eda para plantas fotovoltaicas ya iniciado con los decretos de 28\/07. \/ 2005, 06\/02\/2006 (First Energy Account) y 19\/02\/2007 (Second Energy Account). Todas las plantas que entran en<br \/><a class=\"moretag\" href=\"https:\/\/seasolargroup.com\/es\/incentives\/incentives-in-italy\/conto-energia\/terzo-conto-energia-d-m-6-08-2010\/\">+ Read More<\/a><\/p>\n","protected":false},"author":1,"featured_media":0,"parent":3017,"menu_order":2,"comment_status":"closed","ping_status":"closed","template":"","meta":{"_mbp_gutenberg_autopost":false,"_pgmb_is_evergreen":false,"_pgmb_ap_template_id":0,"footnotes":""},"class_list":["post-1094","page","type-page","status-publish","hentry"],"yoast_head":"<!-- This site is optimized with the Yoast SEO Premium plugin v26.7 (Yoast SEO v27.6) - https:\/\/yoast.com\/product\/yoast-seo-premium-wordpress\/ -->\n<title>Terzo Conto Energia (D.M. 6\/08\/2010) - Seasolar Fotovoltaico<\/title>\n<meta name=\"robots\" content=\"index, follow, max-snippet:-1, max-image-preview:large, max-video-preview:-1\" \/>\n<link rel=\"canonical\" href=\"https:\/\/seasolargroup.com\/incentives\/incentives-in-italy\/conto-energia\/terzo-conto-energia-d-m-6-08-2010\/\" \/>\n<meta property=\"og:locale\" content=\"es_ES\" \/>\n<meta property=\"og:type\" content=\"article\" \/>\n<meta property=\"og:title\" content=\"Terzo Conto Energia (D.M. 6\/08\/2010)\" \/>\n<meta property=\"og:description\" content=\"El Decreto Ministerial 6\/8\/2010 (Third Energy Account), publicado en el Diario Oficial del 24\/08\/2010, se emiti\u00f3 para dar continuidad al mecanismo de incentivo en la Cuenta de Energ\u00eda para plantas fotovoltaicas ya iniciado con los decretos de 28\/07. \/ 2005, 06\/02\/2006 (First Energy Account) y 19\/02\/2007 (Second Energy Account). Todas las plantas que entran en+ Read More\" \/>\n<meta property=\"og:url\" content=\"https:\/\/seasolargroup.com\/incentives\/incentives-in-italy\/conto-energia\/terzo-conto-energia-d-m-6-08-2010\/\" \/>\n<meta property=\"og:site_name\" content=\"Seasolar Fotovoltaico\" \/>\n<meta property=\"article:publisher\" content=\"https:\/\/www.facebook.com\/seasolargroup\" \/>\n<meta property=\"article:modified_time\" content=\"2018-07-02T19:29:38+00:00\" \/>\n<meta property=\"og:image\" content=\"https:\/\/seasolargroup.com\/wp-content\/uploads\/2018\/04\/tariffe20terzo20conto20energia.jpg\" \/>\n<meta name=\"twitter:card\" content=\"summary_large_image\" \/>\n<meta name=\"twitter:site\" content=\"@seasolargroup\" \/>\n<meta name=\"twitter:label1\" content=\"Tiempo de lectura\" \/>\n\t<meta name=\"twitter:data1\" content=\"9 minutos\" \/>\n<script type=\"application\/ld+json\" class=\"yoast-schema-graph\">{\"@context\":\"https:\\\/\\\/schema.org\",\"@graph\":[{\"@type\":\"WebPage\",\"@id\":\"https:\\\/\\\/seasolargroup.com\\\/incentives\\\/incentives-in-italy\\\/conto-energia\\\/terzo-conto-energia-d-m-6-08-2010\\\/\",\"url\":\"https:\\\/\\\/seasolargroup.com\\\/incentives\\\/incentives-in-italy\\\/conto-energia\\\/terzo-conto-energia-d-m-6-08-2010\\\/\",\"name\":\"Terzo Conto Energia (D.M. 6\\\/08\\\/2010) - Seasolar Fotovoltaico\",\"isPartOf\":{\"@id\":\"https:\\\/\\\/seasolargroup.com\\\/#website\"},\"primaryImageOfPage\":{\"@id\":\"https:\\\/\\\/seasolargroup.com\\\/incentives\\\/incentives-in-italy\\\/conto-energia\\\/terzo-conto-energia-d-m-6-08-2010\\\/#primaryimage\"},\"image\":{\"@id\":\"https:\\\/\\\/seasolargroup.com\\\/incentives\\\/incentives-in-italy\\\/conto-energia\\\/terzo-conto-energia-d-m-6-08-2010\\\/#primaryimage\"},\"thumbnailUrl\":\"https:\\\/\\\/seasolargroup.com\\\/wp-content\\\/uploads\\\/2018\\\/04\\\/tariffe20terzo20conto20energia.jpg\",\"datePublished\":\"2018-04-12T14:46:17+00:00\",\"dateModified\":\"2018-07-02T19:29:38+00:00\",\"breadcrumb\":{\"@id\":\"https:\\\/\\\/seasolargroup.com\\\/incentives\\\/incentives-in-italy\\\/conto-energia\\\/terzo-conto-energia-d-m-6-08-2010\\\/#breadcrumb\"},\"inLanguage\":\"es\",\"potentialAction\":[{\"@type\":\"ReadAction\",\"target\":[\"https:\\\/\\\/seasolargroup.com\\\/incentives\\\/incentives-in-italy\\\/conto-energia\\\/terzo-conto-energia-d-m-6-08-2010\\\/\"]}]},{\"@type\":\"ImageObject\",\"inLanguage\":\"es\",\"@id\":\"https:\\\/\\\/seasolargroup.com\\\/incentives\\\/incentives-in-italy\\\/conto-energia\\\/terzo-conto-energia-d-m-6-08-2010\\\/#primaryimage\",\"url\":\"https:\\\/\\\/seasolargroup.com\\\/wp-content\\\/uploads\\\/2018\\\/04\\\/tariffe20terzo20conto20energia.jpg\",\"contentUrl\":\"https:\\\/\\\/seasolargroup.com\\\/wp-content\\\/uploads\\\/2018\\\/04\\\/tariffe20terzo20conto20energia.jpg\"},{\"@type\":\"BreadcrumbList\",\"@id\":\"https:\\\/\\\/seasolargroup.com\\\/incentives\\\/incentives-in-italy\\\/conto-energia\\\/terzo-conto-energia-d-m-6-08-2010\\\/#breadcrumb\",\"itemListElement\":[{\"@type\":\"ListItem\",\"position\":1,\"name\":\"Home\",\"item\":\"https:\\\/\\\/seasolargroup.com\\\/\"},{\"@type\":\"ListItem\",\"position\":2,\"name\":\"Incentives\",\"item\":\"https:\\\/\\\/seasolargroup.com\\\/incentives\\\/\"},{\"@type\":\"ListItem\",\"position\":3,\"name\":\"Incentives in Italy\",\"item\":\"https:\\\/\\\/seasolargroup.com\\\/incentives\\\/incentives-in-italy\\\/\"},{\"@type\":\"ListItem\",\"position\":4,\"name\":\"Conto Energia\",\"item\":\"https:\\\/\\\/seasolargroup.com\\\/incentives\\\/incentives-in-italy\\\/conto-energia\\\/\"},{\"@type\":\"ListItem\",\"position\":5,\"name\":\"Terzo Conto Energia (D.M. 6\\\/08\\\/2010)\"}]},{\"@type\":\"WebSite\",\"@id\":\"https:\\\/\\\/seasolargroup.com\\\/#website\",\"url\":\"https:\\\/\\\/seasolargroup.com\\\/\",\"name\":\"Seasolar Fotovoltaico\",\"description\":\"Turnkey photovoltaic systems since 2008\",\"publisher\":{\"@id\":\"https:\\\/\\\/seasolargroup.com\\\/#organization\"},\"potentialAction\":[{\"@type\":\"SearchAction\",\"target\":{\"@type\":\"EntryPoint\",\"urlTemplate\":\"https:\\\/\\\/seasolargroup.com\\\/?s={search_term_string}\"},\"query-input\":{\"@type\":\"PropertyValueSpecification\",\"valueRequired\":true,\"valueName\":\"search_term_string\"}}],\"inLanguage\":\"es\"},{\"@type\":\"Organization\",\"@id\":\"https:\\\/\\\/seasolargroup.com\\\/#organization\",\"name\":\"SEASOLAR fotovoltaico\",\"url\":\"https:\\\/\\\/seasolargroup.com\\\/\",\"logo\":{\"@type\":\"ImageObject\",\"inLanguage\":\"es\",\"@id\":\"https:\\\/\\\/seasolargroup.com\\\/#\\\/schema\\\/logo\\\/image\\\/\",\"url\":\"https:\\\/\\\/i0.wp.com\\\/seasolargroup.com\\\/wp-content\\\/uploads\\\/2024\\\/10\\\/seasolar_logo_2024_social.png?fit=360%2C360&ssl=1\",\"contentUrl\":\"https:\\\/\\\/i0.wp.com\\\/seasolargroup.com\\\/wp-content\\\/uploads\\\/2024\\\/10\\\/seasolar_logo_2024_social.png?fit=360%2C360&ssl=1\",\"width\":360,\"height\":360,\"caption\":\"SEASOLAR fotovoltaico\"},\"image\":{\"@id\":\"https:\\\/\\\/seasolargroup.com\\\/#\\\/schema\\\/logo\\\/image\\\/\"},\"sameAs\":[\"https:\\\/\\\/www.facebook.com\\\/seasolargroup\",\"https:\\\/\\\/x.com\\\/seasolargroup\",\"https:\\\/\\\/www.linkedin.com\\\/in\\\/seasolar-group-news\\\/\",\"https:\\\/\\\/www.youtube.com\\\/channel\\\/UCVrmhrGih_bFnpj0as_vDuQ\",\"https:\\\/\\\/www.instagram.com\\\/fotovoltaico_seasolar\\\/\"]}]}<\/script>\n<!-- \/ Yoast SEO Premium plugin. -->","yoast_head_json":{"title":"Terzo Conto Energia (D.M. 6\/08\/2010) - Seasolar Fotovoltaico","robots":{"index":"index","follow":"follow","max-snippet":"max-snippet:-1","max-image-preview":"max-image-preview:large","max-video-preview":"max-video-preview:-1"},"canonical":"https:\/\/seasolargroup.com\/incentives\/incentives-in-italy\/conto-energia\/terzo-conto-energia-d-m-6-08-2010\/","og_locale":"es_ES","og_type":"article","og_title":"Terzo Conto Energia (D.M. 6\/08\/2010)","og_description":"El Decreto Ministerial 6\/8\/2010 (Third Energy Account), publicado en el Diario Oficial del 24\/08\/2010, se emiti\u00f3 para dar continuidad al mecanismo de incentivo en la Cuenta de Energ\u00eda para plantas fotovoltaicas ya iniciado con los decretos de 28\/07. \/ 2005, 06\/02\/2006 (First Energy Account) y 19\/02\/2007 (Second Energy Account). Todas las plantas que entran en+ Read More","og_url":"https:\/\/seasolargroup.com\/incentives\/incentives-in-italy\/conto-energia\/terzo-conto-energia-d-m-6-08-2010\/","og_site_name":"Seasolar Fotovoltaico","article_publisher":"https:\/\/www.facebook.com\/seasolargroup","article_modified_time":"2018-07-02T19:29:38+00:00","og_image":[{"url":"https:\/\/seasolargroup.com\/wp-content\/uploads\/2018\/04\/tariffe20terzo20conto20energia.jpg","type":"","width":"","height":""}],"twitter_card":"summary_large_image","twitter_site":"@seasolargroup","twitter_misc":{"Tiempo de lectura":"9 minutos"},"schema":{"@context":"https:\/\/schema.org","@graph":[{"@type":"WebPage","@id":"https:\/\/seasolargroup.com\/incentives\/incentives-in-italy\/conto-energia\/terzo-conto-energia-d-m-6-08-2010\/","url":"https:\/\/seasolargroup.com\/incentives\/incentives-in-italy\/conto-energia\/terzo-conto-energia-d-m-6-08-2010\/","name":"Terzo Conto Energia (D.M. 6\/08\/2010) - Seasolar Fotovoltaico","isPartOf":{"@id":"https:\/\/seasolargroup.com\/#website"},"primaryImageOfPage":{"@id":"https:\/\/seasolargroup.com\/incentives\/incentives-in-italy\/conto-energia\/terzo-conto-energia-d-m-6-08-2010\/#primaryimage"},"image":{"@id":"https:\/\/seasolargroup.com\/incentives\/incentives-in-italy\/conto-energia\/terzo-conto-energia-d-m-6-08-2010\/#primaryimage"},"thumbnailUrl":"https:\/\/seasolargroup.com\/wp-content\/uploads\/2018\/04\/tariffe20terzo20conto20energia.jpg","datePublished":"2018-04-12T14:46:17+00:00","dateModified":"2018-07-02T19:29:38+00:00","breadcrumb":{"@id":"https:\/\/seasolargroup.com\/incentives\/incentives-in-italy\/conto-energia\/terzo-conto-energia-d-m-6-08-2010\/#breadcrumb"},"inLanguage":"es","potentialAction":[{"@type":"ReadAction","target":["https:\/\/seasolargroup.com\/incentives\/incentives-in-italy\/conto-energia\/terzo-conto-energia-d-m-6-08-2010\/"]}]},{"@type":"ImageObject","inLanguage":"es","@id":"https:\/\/seasolargroup.com\/incentives\/incentives-in-italy\/conto-energia\/terzo-conto-energia-d-m-6-08-2010\/#primaryimage","url":"https:\/\/seasolargroup.com\/wp-content\/uploads\/2018\/04\/tariffe20terzo20conto20energia.jpg","contentUrl":"https:\/\/seasolargroup.com\/wp-content\/uploads\/2018\/04\/tariffe20terzo20conto20energia.jpg"},{"@type":"BreadcrumbList","@id":"https:\/\/seasolargroup.com\/incentives\/incentives-in-italy\/conto-energia\/terzo-conto-energia-d-m-6-08-2010\/#breadcrumb","itemListElement":[{"@type":"ListItem","position":1,"name":"Home","item":"https:\/\/seasolargroup.com\/"},{"@type":"ListItem","position":2,"name":"Incentives","item":"https:\/\/seasolargroup.com\/incentives\/"},{"@type":"ListItem","position":3,"name":"Incentives in Italy","item":"https:\/\/seasolargroup.com\/incentives\/incentives-in-italy\/"},{"@type":"ListItem","position":4,"name":"Conto Energia","item":"https:\/\/seasolargroup.com\/incentives\/incentives-in-italy\/conto-energia\/"},{"@type":"ListItem","position":5,"name":"Terzo Conto Energia (D.M. 6\/08\/2010)"}]},{"@type":"WebSite","@id":"https:\/\/seasolargroup.com\/#website","url":"https:\/\/seasolargroup.com\/","name":"Seasolar Fotovoltaico","description":"Turnkey photovoltaic systems since 2008","publisher":{"@id":"https:\/\/seasolargroup.com\/#organization"},"potentialAction":[{"@type":"SearchAction","target":{"@type":"EntryPoint","urlTemplate":"https:\/\/seasolargroup.com\/?s={search_term_string}"},"query-input":{"@type":"PropertyValueSpecification","valueRequired":true,"valueName":"search_term_string"}}],"inLanguage":"es"},{"@type":"Organization","@id":"https:\/\/seasolargroup.com\/#organization","name":"SEASOLAR fotovoltaico","url":"https:\/\/seasolargroup.com\/","logo":{"@type":"ImageObject","inLanguage":"es","@id":"https:\/\/seasolargroup.com\/#\/schema\/logo\/image\/","url":"https:\/\/i0.wp.com\/seasolargroup.com\/wp-content\/uploads\/2024\/10\/seasolar_logo_2024_social.png?fit=360%2C360&ssl=1","contentUrl":"https:\/\/i0.wp.com\/seasolargroup.com\/wp-content\/uploads\/2024\/10\/seasolar_logo_2024_social.png?fit=360%2C360&ssl=1","width":360,"height":360,"caption":"SEASOLAR fotovoltaico"},"image":{"@id":"https:\/\/seasolargroup.com\/#\/schema\/logo\/image\/"},"sameAs":["https:\/\/www.facebook.com\/seasolargroup","https:\/\/x.com\/seasolargroup","https:\/\/www.linkedin.com\/in\/seasolar-group-news\/","https:\/\/www.youtube.com\/channel\/UCVrmhrGih_bFnpj0as_vDuQ","https:\/\/www.instagram.com\/fotovoltaico_seasolar\/"]}]}},"jetpack_sharing_enabled":true,"jetpack_shortlink":"https:\/\/wp.me\/P9Pv4N-hE","jetpack_likes_enabled":true,"jetpack-related-posts":[],"_links":{"self":[{"href":"https:\/\/seasolargroup.com\/es\/wp-json\/wp\/v2\/pages\/1094","targetHints":{"allow":["GET"]}}],"collection":[{"href":"https:\/\/seasolargroup.com\/es\/wp-json\/wp\/v2\/pages"}],"about":[{"href":"https:\/\/seasolargroup.com\/es\/wp-json\/wp\/v2\/types\/page"}],"author":[{"embeddable":true,"href":"https:\/\/seasolargroup.com\/es\/wp-json\/wp\/v2\/users\/1"}],"replies":[{"embeddable":true,"href":"https:\/\/seasolargroup.com\/es\/wp-json\/wp\/v2\/comments?post=1094"}],"version-history":[{"count":12,"href":"https:\/\/seasolargroup.com\/es\/wp-json\/wp\/v2\/pages\/1094\/revisions"}],"predecessor-version":[{"id":2310,"href":"https:\/\/seasolargroup.com\/es\/wp-json\/wp\/v2\/pages\/1094\/revisions\/2310"}],"up":[{"embeddable":true,"href":"https:\/\/seasolargroup.com\/es\/wp-json\/wp\/v2\/pages\/3017"}],"wp:attachment":[{"href":"https:\/\/seasolargroup.com\/es\/wp-json\/wp\/v2\/media?parent=1094"}],"curies":[{"name":"wp","href":"https:\/\/api.w.org\/{rel}","templated":true}]}}