{"id":73,"date":"2018-03-30T15:02:33","date_gmt":"2018-03-30T13:02:33","guid":{"rendered":"https:\/\/seasolargroup.com\/?page_id=73"},"modified":"2026-03-21T09:47:37","modified_gmt":"2026-03-21T08:47:37","slug":"services","status":"publish","type":"page","link":"https:\/\/seasolargroup.com\/de\/services\/","title":{"rendered":"Dienstleistungen"},"content":{"rendered":"<p><\/p>\n<h2>Dienstleistungen<\/h2>\n<p>Die Seasolar ist seit 2008 im Bereich der erneuerbaren Energien t\u00e4tig.<\/p>\n<p>Unser Kunde ist die Privatperson oder das Unternehmen, das eine Photovoltaikanlage an seinem Geb\u00e4ude errichten m\u00f6chte, um seinen Energiebedarf teilweise oder vollst\u00e4ndig zu decken.<\/p>\n<p>Wir stellen unsere technischen F\u00e4higkeiten denen zur Verf\u00fcgung, die die M\u00f6glichkeit pr\u00fcfen m\u00f6chten, gro\u00dfe Photovoltaikanlagen auf dem Boden (Photovoltaikfelder) zu bauen, die auf den Verkauf von Elektrizit\u00e4t abzielen.<\/p>\n<p>Dank unserer Organisation sind wir in der Lage, alle notwendigen und vorbereitenden Aktivit\u00e4ten f\u00fcr den Bau der Anlage durchzuf\u00fchren, von der Machbarkeitsstudie bis zur Planung und Installation.<\/p>\n<p>Wir f\u00fchren eine kontinuierliche Marktforschung durch, die auf die Auswahl der besten Materialien sowohl in technologischer als auch in wirtschaftlicher Hinsicht ausgerichtet ist.<\/p>\n<p>Wir unterst\u00fctzen den Kunden in den Phasen vor dem Kauf und helfen ihm, die Technologie und den Betrieb der Anlage zu verstehen und die beste L\u00f6sung aus allen Blickwinkeln zu w\u00e4hlen.<\/p>\n<p>Wir unterst\u00fctzen den Kunden bei der Durchf\u00fchrung von Genehmigungsverfahren, Beantragung von Bankkrediten und staatlichen Anreizen.<\/p>\n<p>Wir \u00fcberwachen alle unsere Systeme im Laufe der Zeit, verifizieren ihre Leistung und bieten einen p\u00fcnktlichen Wartungsservice an.<br \/>\n&nbsp;<br \/>\n\r\n\t<div class=\"view-all-btn\" style=\"text-align:left; margin-top:0%; \">\r\n\t\t<a href=\"https:\/\/seasolargroup.com\/it\/fotovoltaico\/\" target=\"_parent\"  style=\"color:#ffffff; background:#92c938; \r\n\t\t\r\n\t\t  \">\r\n\t\t\t<span>\r\n\t\t\tWEITERLESEN\r\n\t\t\t \r\n\t\t\t<\/span>\r\n\t\t<\/a>\r\n\t<\/div><br \/>\n\r\n\t\t<div class=\"divider4\"><span><\/span><\/div>\r\n\t\t<br \/>\n<br \/>\n&nbsp;<br \/>\nSeasolar bietet dank eines technischen Teams, das in der Lage ist, alle Phasen der Baustelle zu verfolgen, einen echten &#8222;schl\u00fcsselfertigen&#8220; Service, der sich als einziger Gespr\u00e4chspartner gegen\u00fcber dem Kunden f\u00fcr die funktionale, energetische und \u00e4sthetische Requalifizierung von Industriegeb\u00e4uden durch die Entsorgung des Asbest, Bau von isolierten D\u00e4chern, Fassaden und Energieeffizienzma\u00dfnahmen.<br \/>\n\r\n\t\t<div class=\"divider4\"><span><\/span><\/div>\r\n\t\t<br \/>\n<a href=\"https:\/\/seasolargroup.com\/bonifica-amianto\/\"><img data-recalc-dims=\"1\" loading=\"lazy\" decoding=\"async\" data-id=\"5185\"  src=\"https:\/\/i0.wp.com\/seasolargroup.com\/wp-content\/uploads\/2019\/03\/inail-isi.jpg?resize=750%2C350&#038;ssl=1\" alt=\"\" width=\"750\" height=\"350\" class=\"aligncenter size-full wp-image-5185\" srcset=\"https:\/\/i0.wp.com\/seasolargroup.com\/wp-content\/uploads\/2019\/03\/inail-isi.jpg?w=750&amp;ssl=1 750w, https:\/\/i0.wp.com\/seasolargroup.com\/wp-content\/uploads\/2019\/03\/inail-isi.jpg?resize=300%2C140&amp;ssl=1 300w, https:\/\/i0.wp.com\/seasolargroup.com\/wp-content\/uploads\/2019\/03\/inail-isi.jpg?resize=200%2C93&amp;ssl=1 200w\" sizes=\"auto, (max-width: 750px) 100vw, 750px\" \/><\/a><br \/>\nSeasolar bietet einen umfassenden Beratungsservice f\u00fcr die Ank\u00fcndigung des ISI-INAIL-Darlehens an, der Baupraktiken, Bauarbeiten einschlie\u00dflich Asbestentsorgung und Verlegung neuer D\u00e4cher umfasst.<br \/>\n&nbsp;<br \/>\n\r\n\t<div class=\"view-all-btn\" style=\"text-align:left; margin-top:0%; \">\r\n\t\t<a href=\"https:\/\/seasolargroup.com\/bonifica-amianto\/\" target=\"_parent\"  style=\"color:#ffffff; background:#92c938; \r\n\t\t\r\n\t\t  \">\r\n\t\t\t<span>\r\n\t\t\tWEITERLESEN\r\n\t\t\t \r\n\t\t\t<\/span>\r\n\t\t<\/a>\r\n\t<\/div><br \/>\n\r\n\t\t<div class=\"divider4\"><span><\/span><\/div>\r\n\t\t<br \/>\n<a href=\"https:\/\/seasolargroup.com\/it\/riqualificazione-energetica\/\"><img data-recalc-dims=\"1\" loading=\"lazy\" decoding=\"async\" data-id=\"9863\"  src=\"https:\/\/i0.wp.com\/seasolargroup.com\/wp-content\/uploads\/2020\/02\/ECO-BONUS.jpg?resize=850%2C500&#038;ssl=1\" alt=\"\" width=\"850\" height=\"500\" class=\"aligncenter size-full wp-image-9863\" srcset=\"https:\/\/i0.wp.com\/seasolargroup.com\/wp-content\/uploads\/2020\/02\/ECO-BONUS.jpg?w=850&amp;ssl=1 850w, https:\/\/i0.wp.com\/seasolargroup.com\/wp-content\/uploads\/2020\/02\/ECO-BONUS.jpg?resize=300%2C176&amp;ssl=1 300w, https:\/\/i0.wp.com\/seasolargroup.com\/wp-content\/uploads\/2020\/02\/ECO-BONUS.jpg?resize=768%2C452&amp;ssl=1 768w, https:\/\/i0.wp.com\/seasolargroup.com\/wp-content\/uploads\/2020\/02\/ECO-BONUS.jpg?resize=800%2C471&amp;ssl=1 800w\" sizes=\"auto, (max-width: 850px) 100vw, 850px\" \/><\/a><br \/>\nSeasolar bietet einen umfassenden Beratungsservice f\u00fcr die Requalifizierung von Energie an, der Bauverfahren und -arbeiten umfasst.<br \/>\n&nbsp;<br \/>\n\r\n\t<div class=\"view-all-btn\" style=\"text-align:left; margin-top:0%; \">\r\n\t\t<a href=\"https:\/\/seasolargroup.com\/it\/riqualificazione-energetica\/\" target=\"_parent\"  style=\"color:#ffffff; background:#92c938; \r\n\t\t\r\n\t\t  \">\r\n\t\t\t<span>\r\n\t\t\tWEITERLESEN\r\n\t\t\t \r\n\t\t\t<\/span>\r\n\t\t<\/a>\r\n\t<\/div><br \/>\n\r\n\t\t<div class=\"divider4\"><span><\/span><\/div>\r\n\t\t<br \/>\n<a href=\"https:\/\/seasolargroup.com\/it\/interventi-antisismici\/\"><img data-recalc-dims=\"1\" loading=\"lazy\" decoding=\"async\" data-id=\"5466\"  src=\"https:\/\/i0.wp.com\/seasolargroup.com\/wp-content\/uploads\/2019\/06\/sisma-bonus.jpg?resize=800%2C420&#038;ssl=1\" alt=\"\" width=\"800\" height=\"420\" class=\"aligncenter size-full wp-image-5466\" srcset=\"https:\/\/i0.wp.com\/seasolargroup.com\/wp-content\/uploads\/2019\/06\/sisma-bonus.jpg?w=800&amp;ssl=1 800w, https:\/\/i0.wp.com\/seasolargroup.com\/wp-content\/uploads\/2019\/06\/sisma-bonus.jpg?resize=300%2C158&amp;ssl=1 300w, https:\/\/i0.wp.com\/seasolargroup.com\/wp-content\/uploads\/2019\/06\/sisma-bonus.jpg?resize=768%2C403&amp;ssl=1 768w, https:\/\/i0.wp.com\/seasolargroup.com\/wp-content\/uploads\/2019\/06\/sisma-bonus.jpg?resize=200%2C105&amp;ssl=1 200w\" sizes=\"auto, (max-width: 800px) 100vw, 800px\" \/><\/a><br \/>\nSeasolar bietet einen umfassenden Beratungsservice f\u00fcr antiseismische Eingriffe an, der Baupraktiken und Bauarbeiten umfasst.<br \/>\n&nbsp;<br \/>\n\r\n\t<div class=\"view-all-btn\" style=\"text-align:left; margin-top:0%; \">\r\n\t\t<a href=\"https:\/\/seasolargroup.com\/it\/interventi-antisismici\/\" target=\"_parent\"  style=\"color:#ffffff; background:#92c938; \r\n\t\t\r\n\t\t  \">\r\n\t\t\t<span>\r\n\t\t\tWEITERLESEN\r\n\t\t\t \r\n\t\t\t<\/span>\r\n\t\t<\/a>\r\n\t<\/div><br \/>\n\r\n\t\t<div class=\"divider4\"><span><\/span><\/div>\r\n\t\t<br \/>\n<a href=\"https:\/\/seasolargroup.com\/it\/agevolazioni-fiscali\/\"><img data-recalc-dims=\"1\" loading=\"lazy\" decoding=\"async\" data-id=\"9814\"  src=\"https:\/\/i0.wp.com\/seasolargroup.com\/wp-content\/uploads\/2020\/02\/transizione4.0.png?resize=800%2C600&#038;ssl=1\" alt=\"\" width=\"800\" height=\"600\" class=\"aligncenter size-full wp-image-9814\" srcset=\"https:\/\/i0.wp.com\/seasolargroup.com\/wp-content\/uploads\/2020\/02\/transizione4.0.png?w=800&amp;ssl=1 800w, https:\/\/i0.wp.com\/seasolargroup.com\/wp-content\/uploads\/2020\/02\/transizione4.0.png?resize=300%2C225&amp;ssl=1 300w, https:\/\/i0.wp.com\/seasolargroup.com\/wp-content\/uploads\/2020\/02\/transizione4.0.png?resize=768%2C576&amp;ssl=1 768w\" sizes=\"auto, (max-width: 800px) 100vw, 800px\" \/><\/a><br \/>\nSeasolar bietet einen umfassenden Beratungsservice f\u00fcr Steuerverg\u00fcnstigungen f\u00fcr Investitionen in Investitionsg\u00fcter an, einschlie\u00dflich &#8222;schl\u00fcsselfertiger&#8220; Photovoltaikanlagen, Asbestentsorgungsarbeiten und der Installation neuer D\u00e4cher.<br \/>\n&nbsp;<br \/>\n\r\n\t<div class=\"view-all-btn\" style=\"text-align:left; margin-top:0%; \">\r\n\t\t<a href=\"https:\/\/seasolargroup.com\/it\/agevolazioni-fiscali\/\" target=\"_parent\"  style=\"color:#ffffff; background:#92c938; \r\n\t\t\r\n\t\t  \">\r\n\t\t\t<span>\r\n\t\t\tWEITERLESEN\r\n\t\t\t \r\n\t\t\t<\/span>\r\n\t\t<\/a>\r\n\t<\/div><br \/>\n\r\n\t\t<div class=\"divider4\"><span><\/span><\/div>\r\n\t\t<br \/>\n\n<div class=\"wpcf7 no-js\" id=\"wpcf7-f5-o3\" lang=\"en-GB\" dir=\"ltr\" data-wpcf7-id=\"5\">\n<div class=\"screen-reader-response\"><p role=\"status\" aria-live=\"polite\" aria-atomic=\"true\"><\/p> <ul><\/ul><\/div>\n<form action=\"\/de\/wp-json\/wp\/v2\/pages\/73#wpcf7-f5-o3\" method=\"post\" class=\"wpcf7-form init\" aria-label=\"Contact form\" novalidate=\"novalidate\" data-status=\"init\">\n<fieldset class=\"hidden-fields-container\"><input type=\"hidden\" name=\"_wpcf7\" value=\"5\" \/><input type=\"hidden\" name=\"_wpcf7_version\" value=\"6.1.5\" \/><input type=\"hidden\" name=\"_wpcf7_locale\" value=\"en_GB\" \/><input type=\"hidden\" name=\"_wpcf7_unit_tag\" value=\"wpcf7-f5-o3\" \/><input type=\"hidden\" name=\"_wpcf7_container_post\" value=\"0\" \/><input type=\"hidden\" name=\"_wpcf7_posted_data_hash\" value=\"\" \/><input type=\"hidden\" name=\"_wpcf7_recaptcha_response\" value=\"\" \/>\n<\/fieldset>\n<p><label> <\/label>\n<\/p>\n<h2>Kontakt\n<\/h2>\n<p><label> Bitte kontaktieren Sie uns, wenn Sie Fragen zu unseren Angeboten oder unseren Produkten haben <\/label>\n<\/p>\n<p><label> Schreiben Sie an <a href=\"mailto:info@seasolargroup.com\">info@seasolargroup.com<\/a> oder f\u00fcllen Sie das folgende Formular aus und wir werden Sie kontaktieren: <\/label>\n<\/p>\n<p><label> Name *<br \/>\n<span class=\"wpcf7-form-control-wrap\" data-name=\"your-name\"><input size=\"40\" maxlength=\"400\" class=\"wpcf7-form-control wpcf7-text wpcf7-validates-as-required\" aria-required=\"true\" aria-invalid=\"false\" value=\"\" type=\"text\" name=\"your-name\" \/><\/span><\/label>\n<\/p>\n<p><label> Telefonnummer *<br \/>\n<span class=\"wpcf7-form-control-wrap\" data-name=\"tel-826\"><input size=\"40\" maxlength=\"400\" class=\"wpcf7-form-control wpcf7-tel wpcf7-validates-as-required wpcf7-text wpcf7-validates-as-tel\" aria-required=\"true\" aria-invalid=\"false\" value=\"\" type=\"tel\" name=\"tel-826\" \/><\/span><\/label>\n<\/p>\n<p><label> Deine E-Mail *<br \/>\n<span class=\"wpcf7-form-control-wrap\" data-name=\"your-email\"><input size=\"40\" maxlength=\"400\" class=\"wpcf7-form-control wpcf7-email wpcf7-validates-as-required wpcf7-text wpcf7-validates-as-email\" aria-required=\"true\" aria-invalid=\"false\" value=\"\" type=\"email\" name=\"your-email\" \/><\/span><\/label>\n<\/p>\n<p><label> Thema *<br \/>\n<span class=\"wpcf7-form-control-wrap\" data-name=\"your-subject\"><input size=\"40\" maxlength=\"400\" class=\"wpcf7-form-control wpcf7-text wpcf7-validates-as-required\" aria-required=\"true\" aria-invalid=\"false\" value=\"\" type=\"text\" name=\"your-subject\" \/><\/span> <\/label>\n<\/p>\n<p><label> Nachricht *<br \/>\n<span class=\"wpcf7-form-control-wrap\" data-name=\"your-message\"><textarea cols=\"40\" rows=\"10\" maxlength=\"2000\" class=\"wpcf7-form-control wpcf7-textarea wpcf7-validates-as-required\" aria-required=\"true\" aria-invalid=\"false\" name=\"your-message\"><\/textarea><\/span> <\/label>\n<\/p>\n<p><label> * Pflichtfeld <\/label>\n<\/p>\n<p><input class=\"wpcf7-form-control wpcf7-submit has-spinner\" type=\"submit\" value=\"SENDEN\" \/>\n<\/p>\n<p><label><\/label>\n<\/p><p style=\"display: none !important;\" class=\"akismet-fields-container\" data-prefix=\"_wpcf7_ak_\"><label>&#916;<textarea name=\"_wpcf7_ak_hp_textarea\" cols=\"45\" rows=\"8\" maxlength=\"100\"><\/textarea><\/label><input type=\"hidden\" id=\"ak_js_3\" name=\"_wpcf7_ak_js\" value=\"89\"\/><script>document.getElementById( \"ak_js_3\" ).setAttribute( \"value\", ( new Date() ).getTime() );<\/script><\/p><div class=\"wpcf7-response-output\" aria-hidden=\"true\"><\/div>\n<\/form>\n<\/div>\n<\/p>\n<!-- sktbuilder starter --><script type=\"text\/javascript\" src=\"https:\/\/seasolargroup.com\/wp-content\/plugins\/skt-builder\/sktbuilder\/sktbuilder-frontend-starter.js\"><\/script><script type=\"text\/javascript\" src=\"https:\/\/seasolargroup.com\/wp-content\/plugins\/skt-builder\/sktbuilder-wordpress-driver.js\"><\/script><script type=\"text\/javascript\"> var starter = new SktbuilderStarter({\"mode\": \"prod\", \"skip\":[\"jquery\",\"underscore\",\"backbone\"],\"sktbuilderUrl\": \"https:\/\/seasolargroup.com\/wp-content\/plugins\/skt-builder\/sktbuilder\/\", \"driver\": new SktbuilderWordpressDriver({\"ajaxUrl\": \"https:\/\/seasolargroup.com\/wp-admin\/admin-ajax.php\", \"iframeUrl\": \"https:\/\/seasolargroup.com\/de\/services\/?sktbuilder=true\", \"pageId\": 73,  \"nonce\": \"4b17512f5b\", \"pages\": [], \"page\": \"Dienstleistungen\" }) });<\/script><!-- end sktbuilder starter -->","protected":false},"excerpt":{"rendered":"<p>Dienstleistungen Die Seasolar ist seit 2008 im Bereich der erneuerbaren Energien t\u00e4tig. Unser Kunde ist die Privatperson oder das Unternehmen, das eine Photovoltaikanlage an seinem Geb\u00e4ude errichten m\u00f6chte, um seinen Energiebedarf teilweise oder vollst\u00e4ndig zu decken. Wir stellen unsere technischen F\u00e4higkeiten denen zur Verf\u00fcgung, die die M\u00f6glichkeit pr\u00fcfen m\u00f6chten, gro\u00dfe Photovoltaikanlagen auf dem Boden (Photovoltaikfelder)<br \/><a class=\"moretag\" href=\"https:\/\/seasolargroup.com\/de\/services\/\">+ Read More<\/a><\/p>\n","protected":false},"author":1,"featured_media":0,"parent":0,"menu_order":0,"comment_status":"closed","ping_status":"closed","template":"","meta":{"_mbp_gutenberg_autopost":false,"_pgmb_is_evergreen":false,"_pgmb_ap_template_id":0,"footnotes":""},"class_list":["post-73","page","type-page","status-publish","hentry"],"yoast_head":"<!-- This site is optimized with the Yoast SEO Premium plugin v26.7 (Yoast SEO v27.4) - https:\/\/yoast.com\/product\/yoast-seo-premium-wordpress\/ -->\n<title>Dienstleistungen - Seasolar Fotovoltaico<\/title>\n<meta name=\"description\" content=\"Services. Seasolar offre un servizio &quot;chiavi in mano&quot; all&#039;impresa che desidera realizzare un impianto fotovoltaico sul proprio edificio.\" \/>\n<meta name=\"robots\" content=\"index, follow, max-snippet:-1, max-image-preview:large, max-video-preview:-1\" \/>\n<link rel=\"canonical\" href=\"https:\/\/seasolargroup.com\/services\/\" \/>\n<meta property=\"og:locale\" content=\"de_DE\" \/>\n<meta property=\"og:type\" content=\"article\" \/>\n<meta property=\"og:title\" content=\"[:en]Services[:it]Servizi[:de]Dienstleistungen[:fr]Services[:es]Servicios[:]\" \/>\n<meta property=\"og:description\" content=\"Services. Seasolar offre un servizio &quot;chiavi in mano&quot; all&#039;impresa che desidera realizzare un impianto fotovoltaico sul proprio edificio.\" \/>\n<meta property=\"og:url\" content=\"https:\/\/seasolargroup.com\/services\/\" \/>\n<meta property=\"og:site_name\" content=\"Seasolar Fotovoltaico\" \/>\n<meta property=\"article:publisher\" content=\"https:\/\/www.facebook.com\/seasolargroup\" \/>\n<meta property=\"article:modified_time\" content=\"2026-03-21T08:47:37+00:00\" \/>\n<meta property=\"og:image\" content=\"https:\/\/seasolargroup.com\/wp-content\/uploads\/2019\/03\/inail-isi.jpg\" \/>\n<meta name=\"twitter:card\" content=\"summary_large_image\" \/>\n<meta name=\"twitter:site\" content=\"@seasolargroup\" \/>\n<meta name=\"twitter:label1\" content=\"Gesch\u00e4tzte Lesezeit\" \/>\n\t<meta name=\"twitter:data1\" content=\"14\u00a0Minuten\" \/>\n<script type=\"application\/ld+json\" class=\"yoast-schema-graph\">{\"@context\":\"https:\\\/\\\/schema.org\",\"@graph\":[{\"@type\":\"WebPage\",\"@id\":\"https:\\\/\\\/seasolargroup.com\\\/services\\\/\",\"url\":\"https:\\\/\\\/seasolargroup.com\\\/services\\\/\",\"name\":\"[:en]Services[:it]Servizi[:de]Dienstleistungen[:fr]Services[:es]Servicios[:] - Seasolar Fotovoltaico\",\"isPartOf\":{\"@id\":\"https:\\\/\\\/seasolargroup.com\\\/#website\"},\"primaryImageOfPage\":{\"@id\":\"https:\\\/\\\/seasolargroup.com\\\/services\\\/#primaryimage\"},\"image\":{\"@id\":\"https:\\\/\\\/seasolargroup.com\\\/services\\\/#primaryimage\"},\"thumbnailUrl\":\"https:\\\/\\\/seasolargroup.com\\\/wp-content\\\/uploads\\\/2019\\\/03\\\/inail-isi.jpg\",\"datePublished\":\"2018-03-30T13:02:33+00:00\",\"dateModified\":\"2026-03-21T08:47:37+00:00\",\"description\":\"Services. Seasolar offre un servizio \\\"chiavi in mano\\\" all'impresa che desidera realizzare un impianto fotovoltaico sul proprio edificio.\",\"breadcrumb\":{\"@id\":\"https:\\\/\\\/seasolargroup.com\\\/services\\\/#breadcrumb\"},\"inLanguage\":\"de\",\"potentialAction\":[{\"@type\":\"ReadAction\",\"target\":[\"https:\\\/\\\/seasolargroup.com\\\/services\\\/\"]}]},{\"@type\":\"ImageObject\",\"inLanguage\":\"de\",\"@id\":\"https:\\\/\\\/seasolargroup.com\\\/services\\\/#primaryimage\",\"url\":\"https:\\\/\\\/seasolargroup.com\\\/wp-content\\\/uploads\\\/2019\\\/03\\\/inail-isi.jpg\",\"contentUrl\":\"https:\\\/\\\/seasolargroup.com\\\/wp-content\\\/uploads\\\/2019\\\/03\\\/inail-isi.jpg\"},{\"@type\":\"BreadcrumbList\",\"@id\":\"https:\\\/\\\/seasolargroup.com\\\/services\\\/#breadcrumb\",\"itemListElement\":[{\"@type\":\"ListItem\",\"position\":1,\"name\":\"Home\",\"item\":\"https:\\\/\\\/seasolargroup.com\\\/\"},{\"@type\":\"ListItem\",\"position\":2,\"name\":\"Services\"}]},{\"@type\":\"WebSite\",\"@id\":\"https:\\\/\\\/seasolargroup.com\\\/#website\",\"url\":\"https:\\\/\\\/seasolargroup.com\\\/\",\"name\":\"Seasolar Fotovoltaico\",\"description\":\"Turnkey photovoltaic systems since 2008\",\"publisher\":{\"@id\":\"https:\\\/\\\/seasolargroup.com\\\/#organization\"},\"potentialAction\":[{\"@type\":\"SearchAction\",\"target\":{\"@type\":\"EntryPoint\",\"urlTemplate\":\"https:\\\/\\\/seasolargroup.com\\\/?s={search_term_string}\"},\"query-input\":{\"@type\":\"PropertyValueSpecification\",\"valueRequired\":true,\"valueName\":\"search_term_string\"}}],\"inLanguage\":\"de\"},{\"@type\":\"Organization\",\"@id\":\"https:\\\/\\\/seasolargroup.com\\\/#organization\",\"name\":\"SEASOLAR fotovoltaico\",\"url\":\"https:\\\/\\\/seasolargroup.com\\\/\",\"logo\":{\"@type\":\"ImageObject\",\"inLanguage\":\"de\",\"@id\":\"https:\\\/\\\/seasolargroup.com\\\/#\\\/schema\\\/logo\\\/image\\\/\",\"url\":\"https:\\\/\\\/i0.wp.com\\\/seasolargroup.com\\\/wp-content\\\/uploads\\\/2024\\\/10\\\/seasolar_logo_2024_social.png?fit=360%2C360&ssl=1\",\"contentUrl\":\"https:\\\/\\\/i0.wp.com\\\/seasolargroup.com\\\/wp-content\\\/uploads\\\/2024\\\/10\\\/seasolar_logo_2024_social.png?fit=360%2C360&ssl=1\",\"width\":360,\"height\":360,\"caption\":\"SEASOLAR fotovoltaico\"},\"image\":{\"@id\":\"https:\\\/\\\/seasolargroup.com\\\/#\\\/schema\\\/logo\\\/image\\\/\"},\"sameAs\":[\"https:\\\/\\\/www.facebook.com\\\/seasolargroup\",\"https:\\\/\\\/x.com\\\/seasolargroup\",\"https:\\\/\\\/www.linkedin.com\\\/in\\\/seasolar-group-news\\\/\",\"https:\\\/\\\/www.youtube.com\\\/channel\\\/UCVrmhrGih_bFnpj0as_vDuQ\",\"https:\\\/\\\/www.instagram.com\\\/fotovoltaico_seasolar\\\/\"]}]}<\/script>\n<!-- \/ Yoast SEO Premium plugin. -->","yoast_head_json":{"title":"[:en]Services[:it]Servizi[:de]Dienstleistungen[:fr]Services[:es]Servicios[:] - Seasolar Fotovoltaico","description":"Services. Seasolar offre un servizio \"chiavi in mano\" all'impresa che desidera realizzare un impianto fotovoltaico sul proprio edificio.","robots":{"index":"index","follow":"follow","max-snippet":"max-snippet:-1","max-image-preview":"max-image-preview:large","max-video-preview":"max-video-preview:-1"},"canonical":"https:\/\/seasolargroup.com\/services\/","og_locale":"de_DE","og_type":"article","og_title":"[:en]Services[:it]Servizi[:de]Dienstleistungen[:fr]Services[:es]Servicios[:]","og_description":"Services. Seasolar offre un servizio \"chiavi in mano\" all'impresa che desidera realizzare un impianto fotovoltaico sul proprio edificio.","og_url":"https:\/\/seasolargroup.com\/services\/","og_site_name":"Seasolar Fotovoltaico","article_publisher":"https:\/\/www.facebook.com\/seasolargroup","article_modified_time":"2026-03-21T08:47:37+00:00","og_image":[{"url":"https:\/\/seasolargroup.com\/wp-content\/uploads\/2019\/03\/inail-isi.jpg","type":"","width":"","height":""}],"twitter_card":"summary_large_image","twitter_site":"@seasolargroup","twitter_misc":{"Gesch\u00e4tzte Lesezeit":"14\u00a0Minuten"},"schema":{"@context":"https:\/\/schema.org","@graph":[{"@type":"WebPage","@id":"https:\/\/seasolargroup.com\/services\/","url":"https:\/\/seasolargroup.com\/services\/","name":"[:en]Services[:it]Servizi[:de]Dienstleistungen[:fr]Services[:es]Servicios[:] - Seasolar Fotovoltaico","isPartOf":{"@id":"https:\/\/seasolargroup.com\/#website"},"primaryImageOfPage":{"@id":"https:\/\/seasolargroup.com\/services\/#primaryimage"},"image":{"@id":"https:\/\/seasolargroup.com\/services\/#primaryimage"},"thumbnailUrl":"https:\/\/seasolargroup.com\/wp-content\/uploads\/2019\/03\/inail-isi.jpg","datePublished":"2018-03-30T13:02:33+00:00","dateModified":"2026-03-21T08:47:37+00:00","description":"Services. Seasolar offre un servizio \"chiavi in mano\" all'impresa che desidera realizzare un impianto fotovoltaico sul proprio edificio.","breadcrumb":{"@id":"https:\/\/seasolargroup.com\/services\/#breadcrumb"},"inLanguage":"de","potentialAction":[{"@type":"ReadAction","target":["https:\/\/seasolargroup.com\/services\/"]}]},{"@type":"ImageObject","inLanguage":"de","@id":"https:\/\/seasolargroup.com\/services\/#primaryimage","url":"https:\/\/seasolargroup.com\/wp-content\/uploads\/2019\/03\/inail-isi.jpg","contentUrl":"https:\/\/seasolargroup.com\/wp-content\/uploads\/2019\/03\/inail-isi.jpg"},{"@type":"BreadcrumbList","@id":"https:\/\/seasolargroup.com\/services\/#breadcrumb","itemListElement":[{"@type":"ListItem","position":1,"name":"Home","item":"https:\/\/seasolargroup.com\/"},{"@type":"ListItem","position":2,"name":"Services"}]},{"@type":"WebSite","@id":"https:\/\/seasolargroup.com\/#website","url":"https:\/\/seasolargroup.com\/","name":"Seasolar Fotovoltaico","description":"Turnkey photovoltaic systems since 2008","publisher":{"@id":"https:\/\/seasolargroup.com\/#organization"},"potentialAction":[{"@type":"SearchAction","target":{"@type":"EntryPoint","urlTemplate":"https:\/\/seasolargroup.com\/?s={search_term_string}"},"query-input":{"@type":"PropertyValueSpecification","valueRequired":true,"valueName":"search_term_string"}}],"inLanguage":"de"},{"@type":"Organization","@id":"https:\/\/seasolargroup.com\/#organization","name":"SEASOLAR fotovoltaico","url":"https:\/\/seasolargroup.com\/","logo":{"@type":"ImageObject","inLanguage":"de","@id":"https:\/\/seasolargroup.com\/#\/schema\/logo\/image\/","url":"https:\/\/i0.wp.com\/seasolargroup.com\/wp-content\/uploads\/2024\/10\/seasolar_logo_2024_social.png?fit=360%2C360&ssl=1","contentUrl":"https:\/\/i0.wp.com\/seasolargroup.com\/wp-content\/uploads\/2024\/10\/seasolar_logo_2024_social.png?fit=360%2C360&ssl=1","width":360,"height":360,"caption":"SEASOLAR fotovoltaico"},"image":{"@id":"https:\/\/seasolargroup.com\/#\/schema\/logo\/image\/"},"sameAs":["https:\/\/www.facebook.com\/seasolargroup","https:\/\/x.com\/seasolargroup","https:\/\/www.linkedin.com\/in\/seasolar-group-news\/","https:\/\/www.youtube.com\/channel\/UCVrmhrGih_bFnpj0as_vDuQ","https:\/\/www.instagram.com\/fotovoltaico_seasolar\/"]}]}},"jetpack_sharing_enabled":true,"jetpack_shortlink":"https:\/\/wp.me\/P9Pv4N-1b","jetpack_likes_enabled":true,"jetpack-related-posts":[],"_links":{"self":[{"href":"https:\/\/seasolargroup.com\/de\/wp-json\/wp\/v2\/pages\/73","targetHints":{"allow":["GET"]}}],"collection":[{"href":"https:\/\/seasolargroup.com\/de\/wp-json\/wp\/v2\/pages"}],"about":[{"href":"https:\/\/seasolargroup.com\/de\/wp-json\/wp\/v2\/types\/page"}],"author":[{"embeddable":true,"href":"https:\/\/seasolargroup.com\/de\/wp-json\/wp\/v2\/users\/1"}],"replies":[{"embeddable":true,"href":"https:\/\/seasolargroup.com\/de\/wp-json\/wp\/v2\/comments?post=73"}],"version-history":[{"count":46,"href":"https:\/\/seasolargroup.com\/de\/wp-json\/wp\/v2\/pages\/73\/revisions"}],"predecessor-version":[{"id":22158,"href":"https:\/\/seasolargroup.com\/de\/wp-json\/wp\/v2\/pages\/73\/revisions\/22158"}],"wp:attachment":[{"href":"https:\/\/seasolargroup.com\/de\/wp-json\/wp\/v2\/media?parent=73"}],"curies":[{"name":"wp","href":"https:\/\/api.w.org\/{rel}","templated":true}]}}