{"id":55,"date":"2018-03-30T12:42:10","date_gmt":"2018-03-30T10:42:10","guid":{"rendered":"https:\/\/seasolargroup.com\/?page_id=55"},"modified":"2023-12-23T19:55:06","modified_gmt":"2023-12-23T18:55:06","slug":"the-photovoltaic-solar","status":"publish","type":"page","link":"https:\/\/seasolargroup.com\/de\/the-photovoltaic-solar\/","title":{"rendered":"Die Photovoltaik Solar"},"content":{"rendered":"<p><\/p>\n<h2>Die Photovoltaik Solar<\/h2>\n<p>Seasolar offre un servizio completo &#8222;chiavi in mano&#8220; al privato o l\u2019impresa che desidera realizzare un impianto fotovoltaico sul proprio edificio.<\/p>\n<p>L\u2019energia solare irraggiata sulla Terra giornalmente equivale a circa 10.000 volte il fabbisogno energetico mondiale giornaliero.<\/p>\n<p>L\u2019energia solare \u00e8 silenziosa, pulita e non consuma combustibile.<\/p>\n<p>Un impianto fotovoltaico:<\/p>\n<ul>\n<li>riduce le emissioni di CO2 annuali di ca. 0,8 Kg per kWh prodotto.<\/li>\n<li>ha una vita utile superiore a 25 anni e resiste alle condizioni atmosferiche pi\u00f9 estreme: grandine, neve, ghiaccio, vento, temperature elevate e umidit\u00e0.<\/li>\n<li>\u00e8 una rendita sicura, assicura la remunerazione dell\u2019elettricit\u00e0 prodotta e in pi\u00f9 la possibilit\u00e0 di risparmiare sulla fattura dell\u2019energia elettrica per tutto il periodo di vita dell\u2019impianto.<\/li>\n<\/ul>\n<p>Grazie a componenti di ottima qualit\u00e0 un impianto fotovoltaico non richiede quasi alcuna manutenzione.<\/p>\n<p>I moduli utilizzati nei nostri impianti fotovoltaici hanno una garanzia di 10 anni sui difetti costruttivi e di venticinque\/trenta anni sulle prestazioni.<\/p>\n<p>Non importa se si tratta di una costruzione antica o nuova, di una facciata o di un garage! Un impianto fotovoltaico si integra perfettamente come elemento architettonico e incrementa il valore del vostro edificio.<\/p>\n<p>Avete una copertura inclinata o piana? Volete integrare i moduli fotovoltaici nel tetto e dimenticarvi della collocazione delle tegole? Siete invece interessati a dotare la vostra facciata di moduli fotovoltaici? Per applicazioni speciali, potete ottenere moduli colorati e addirittura trasparenti. Avete infinite possibilit\u00e0 per integrare l\u2019impianto fotovoltaico nel vostro edificio!<\/p>\n<h4>Tipologie di impianto<\/h4>\n<p>Gli impianti fotovoltaici sfruttano l\u2019effetto fotovoltaico basato sulle propriet\u00e0 di alcuni materiali semiconduttori che, se opportunamente trattati, sono in grado di produrre elettricit\u00e0 quando vengono colpiti dalla radiazione solare.<\/p>\n<p>Le celle fotovoltaiche sono costituite da sottili strati di materiale fotovoltaico (tipicamente Silicio) opportunamente trattato e fornito di elettrodi per il collegamento.<\/p>\n<p>I moduli fotovoltaici sono composti da numerose celle montate in un telaio e protette dalle intemperie da uno strato di vetro temperato. Alcuni moduli fotovoltaici sono realizzati depositando direttamente lo strato di materiale sensibile su un supporto, in genere costituito da una lastra di vetro.<\/p>\n<p>I moduli vengono montati affiancati e devono essere inclinati e orientati verso Sud, in modo da catturare la maggior radiazione solare possibile durante tutto l\u2019arco della giornata. L\u2019inclinazione dipende dalla latitudine (aumenta all\u2019aumentare della distanza dall\u2019equatore).<\/p>\n<p>I moduli fotovoltaici possono essere montati nelle seguenti modalit\u00e0:<\/p>\n<ul>\n<li>Su tetti inclinati, fissandoli sopra le tegole oppure integrandoli nel tetto stesso;<\/li>\n<li>Su tetti piani mediante appositi supporti inclinati;<\/li>\n<li>A terra mediante appositi supporti inclinati;<\/li>\n<li>Su speciali strutture ad inseguimento solare che fanno ruotare il pannello seguendo il percorso del sole durante tutta la giornata.<\/li>\n<\/ul>\n<p>Per un kWp (kilowatt di picco) di energia fotovoltaica sono necessari da 5 a 6 mq. di moduli in silicio cristallino, che \u00e8 attualmente il prodotto pi\u00f9 utilizzato. Altre tipologie di moduli fotovoltaici possono richiedere maggiori superfici.<\/p>\n<p>L\u2019energia elettrica prodotta dai moduli fotovoltaici \u00e8 di tipo continuo (DC current). Non \u00e8 quindi compatibile con l\u2019energia elettrica a corrente alternata (AC current) della rete di distribuzione nazionale. Per questo motivo l&#8217;energia prodotta dai moduli, prima di essere immessa in rete, passa attraverso uno speciale dispositivo chiamato &#8222;inverter&#8220; che la trasforma l\u2019energia elettrica da corrente continua a corrente alternata.<\/p>\n<p>Per rendere possibile lo scambio dell\u2019energia elettrica con la rete di distribuzione e per calcolare l\u2019energia prodotta o richiesta dal gestore \u00e8 necessario installare un contatore per l\u2019energia prodotta dall\u2019impianto e un altro per l\u2019energia non consumata direttamente e immessa in rete. La lettura di queste misurazioni rende possibile la regolazione dei rapporti economici con l\u2019ente erogatore e con il sistema di incentivazione.<br \/>\n\r\n\t\t<div class=\"divider4\"><span><\/span><\/div>\r\n\t\t<br \/>\n\n<div class=\"wpcf7 no-js\" id=\"wpcf7-f5-o3\" lang=\"en-GB\" dir=\"ltr\" data-wpcf7-id=\"5\">\n<div class=\"screen-reader-response\"><p role=\"status\" aria-live=\"polite\" aria-atomic=\"true\"><\/p> <ul><\/ul><\/div>\n<form action=\"\/de\/wp-json\/wp\/v2\/pages\/55#wpcf7-f5-o3\" method=\"post\" class=\"wpcf7-form init\" aria-label=\"Contact form\" novalidate=\"novalidate\" data-status=\"init\">\n<fieldset class=\"hidden-fields-container\"><input type=\"hidden\" name=\"_wpcf7\" value=\"5\" \/><input type=\"hidden\" name=\"_wpcf7_version\" value=\"6.1.5\" \/><input type=\"hidden\" name=\"_wpcf7_locale\" value=\"en_GB\" \/><input type=\"hidden\" name=\"_wpcf7_unit_tag\" value=\"wpcf7-f5-o3\" \/><input type=\"hidden\" name=\"_wpcf7_container_post\" value=\"0\" \/><input type=\"hidden\" name=\"_wpcf7_posted_data_hash\" value=\"\" \/><input type=\"hidden\" name=\"_wpcf7_recaptcha_response\" value=\"\" \/>\n<\/fieldset>\n<p><label> <\/label>\n<\/p>\n<h2>Kontakt\n<\/h2>\n<p><label> Bitte kontaktieren Sie uns, wenn Sie Fragen zu unseren Angeboten oder unseren Produkten haben <\/label>\n<\/p>\n<p><label> Schreiben Sie an <a href=\"mailto:info@seasolargroup.com\">info@seasolargroup.com<\/a> oder f\u00fcllen Sie das folgende Formular aus und wir werden Sie kontaktieren: <\/label>\n<\/p>\n<p><label> Name *<br \/>\n<span class=\"wpcf7-form-control-wrap\" data-name=\"your-name\"><input size=\"40\" maxlength=\"400\" class=\"wpcf7-form-control wpcf7-text wpcf7-validates-as-required\" aria-required=\"true\" aria-invalid=\"false\" value=\"\" type=\"text\" name=\"your-name\" \/><\/span><\/label>\n<\/p>\n<p><label> Telefonnummer *<br \/>\n<span class=\"wpcf7-form-control-wrap\" data-name=\"tel-826\"><input size=\"40\" maxlength=\"400\" class=\"wpcf7-form-control wpcf7-tel wpcf7-validates-as-required wpcf7-text wpcf7-validates-as-tel\" aria-required=\"true\" aria-invalid=\"false\" value=\"\" type=\"tel\" name=\"tel-826\" \/><\/span><\/label>\n<\/p>\n<p><label> Deine E-Mail *<br \/>\n<span class=\"wpcf7-form-control-wrap\" data-name=\"your-email\"><input size=\"40\" maxlength=\"400\" class=\"wpcf7-form-control wpcf7-email wpcf7-validates-as-required wpcf7-text wpcf7-validates-as-email\" aria-required=\"true\" aria-invalid=\"false\" value=\"\" type=\"email\" name=\"your-email\" \/><\/span><\/label>\n<\/p>\n<p><label> Thema *<br \/>\n<span class=\"wpcf7-form-control-wrap\" data-name=\"your-subject\"><input size=\"40\" maxlength=\"400\" class=\"wpcf7-form-control wpcf7-text wpcf7-validates-as-required\" aria-required=\"true\" aria-invalid=\"false\" value=\"\" type=\"text\" name=\"your-subject\" \/><\/span> <\/label>\n<\/p>\n<p><label> Nachricht *<br \/>\n<span class=\"wpcf7-form-control-wrap\" data-name=\"your-message\"><textarea cols=\"40\" rows=\"10\" maxlength=\"2000\" class=\"wpcf7-form-control wpcf7-textarea wpcf7-validates-as-required\" aria-required=\"true\" aria-invalid=\"false\" name=\"your-message\"><\/textarea><\/span> <\/label>\n<\/p>\n<p><label> * Pflichtfeld <\/label>\n<\/p>\n<p><input class=\"wpcf7-form-control wpcf7-submit has-spinner\" type=\"submit\" value=\"SENDEN\" \/>\n<\/p>\n<p><label><\/label>\n<\/p><p style=\"display: none !important;\" class=\"akismet-fields-container\" data-prefix=\"_wpcf7_ak_\"><label>&#916;<textarea name=\"_wpcf7_ak_hp_textarea\" cols=\"45\" rows=\"8\" maxlength=\"100\"><\/textarea><\/label><input type=\"hidden\" id=\"ak_js_3\" name=\"_wpcf7_ak_js\" value=\"70\"\/><script>document.getElementById( \"ak_js_3\" ).setAttribute( \"value\", ( new Date() ).getTime() );<\/script><\/p><div class=\"wpcf7-response-output\" aria-hidden=\"true\"><\/div>\n<\/form>\n<\/div>\n<\/p>\n<!-- sktbuilder starter --><script type=\"text\/javascript\" src=\"https:\/\/seasolargroup.com\/wp-content\/plugins\/skt-builder\/sktbuilder\/sktbuilder-frontend-starter.js\"><\/script><script type=\"text\/javascript\" src=\"https:\/\/seasolargroup.com\/wp-content\/plugins\/skt-builder\/sktbuilder-wordpress-driver.js\"><\/script><script type=\"text\/javascript\"> var starter = new SktbuilderStarter({\"mode\": \"prod\", \"skip\":[\"jquery\",\"underscore\",\"backbone\"],\"sktbuilderUrl\": \"https:\/\/seasolargroup.com\/wp-content\/plugins\/skt-builder\/sktbuilder\/\", \"driver\": new SktbuilderWordpressDriver({\"ajaxUrl\": \"https:\/\/seasolargroup.com\/wp-admin\/admin-ajax.php\", \"iframeUrl\": \"https:\/\/seasolargroup.com\/de\/the-photovoltaic-solar\/?sktbuilder=true\", \"pageId\": 55,  \"nonce\": \"e0932fc899\", \"pages\": [], \"page\": \"Die Photovoltaik Solar\" }) });<\/script><!-- end sktbuilder starter -->","protected":false},"excerpt":{"rendered":"<p>Die Photovoltaik Solar Seasolar offre un servizio completo &#8222;chiavi in mano&#8220; al privato o l\u2019impresa che desidera realizzare un impianto fotovoltaico sul proprio edificio. L\u2019energia solare irraggiata sulla Terra giornalmente equivale a circa 10.000 volte il fabbisogno energetico mondiale giornaliero. L\u2019energia solare \u00e8 silenziosa, pulita e non consuma combustibile. Un impianto fotovoltaico: riduce le emissioni<br \/><a class=\"moretag\" href=\"https:\/\/seasolargroup.com\/de\/the-photovoltaic-solar\/\">+ Read More<\/a><\/p>\n","protected":false},"author":1,"featured_media":0,"parent":0,"menu_order":0,"comment_status":"closed","ping_status":"closed","template":"","meta":{"_mbp_gutenberg_autopost":false,"_pgmb_is_evergreen":false,"_pgmb_ap_template_id":0,"footnotes":""},"class_list":["post-55","page","type-page","status-publish","hentry"],"yoast_head":"<!-- This site is optimized with the Yoast SEO Premium plugin v26.7 (Yoast SEO v27.3) - https:\/\/yoast.com\/product\/yoast-seo-premium-wordpress\/ -->\n<title>Die Photovoltaik Solar - Seasolar Fotovoltaico<\/title>\n<meta name=\"description\" content=\"The Photovoltaic Solar. Seasolar offre un servizio &quot;chiavi in mano&quot; all\u2019impresa che desidera realizzare un impianto fotovoltaico.\" \/>\n<meta name=\"robots\" content=\"index, follow, max-snippet:-1, max-image-preview:large, max-video-preview:-1\" \/>\n<link rel=\"canonical\" href=\"https:\/\/seasolargroup.com\/it\/the-photovoltaic-solar\/\" \/>\n<meta property=\"og:locale\" content=\"de_DE\" \/>\n<meta property=\"og:type\" content=\"article\" \/>\n<meta property=\"og:title\" content=\"[:en]The Photovoltaic Solar[:it]Il Solare Fotovoltaico[:de]Die Photovoltaik Solar[:fr]Le solaire photovolta\u00efque[:es]La energ\u00eda solar fotovoltaica[:]\" \/>\n<meta property=\"og:description\" content=\"The Photovoltaic Solar. Seasolar offre un servizio &quot;chiavi in mano&quot; all\u2019impresa che desidera realizzare un impianto fotovoltaico.\" \/>\n<meta property=\"og:url\" content=\"https:\/\/seasolargroup.com\/it\/the-photovoltaic-solar\/\" \/>\n<meta property=\"og:site_name\" content=\"Seasolar Fotovoltaico\" \/>\n<meta property=\"article:publisher\" content=\"https:\/\/www.facebook.com\/seasolargroup\" \/>\n<meta property=\"article:modified_time\" content=\"2023-12-23T18:55:06+00:00\" \/>\n<meta property=\"og:image\" content=\"https:\/\/i0.wp.com\/seasolargroup.com\/wp-content\/uploads\/2024\/10\/seasolar_logo_2024_R.png?fit=1079%2C517&ssl=1\" \/>\n\t<meta property=\"og:image:width\" content=\"1079\" \/>\n\t<meta property=\"og:image:height\" content=\"517\" \/>\n\t<meta property=\"og:image:type\" content=\"image\/png\" \/>\n<meta name=\"twitter:card\" content=\"summary_large_image\" \/>\n<meta name=\"twitter:site\" content=\"@seasolargroup\" \/>\n<meta name=\"twitter:label1\" content=\"Gesch\u00e4tzte Lesezeit\" \/>\n\t<meta name=\"twitter:data1\" content=\"3\u00a0Minuten\" \/>\n<script type=\"application\/ld+json\" class=\"yoast-schema-graph\">{\"@context\":\"https:\\\/\\\/schema.org\",\"@graph\":[{\"@type\":\"WebPage\",\"@id\":\"https:\\\/\\\/seasolargroup.com\\\/it\\\/the-photovoltaic-solar\\\/\",\"url\":\"https:\\\/\\\/seasolargroup.com\\\/it\\\/the-photovoltaic-solar\\\/\",\"name\":\"[:en]The Photovoltaic Solar[:it]Il Solare Fotovoltaico[:de]Die Photovoltaik Solar[:fr]Le solaire photovolta\u00efque[:es]La energ\u00eda solar fotovoltaica[:] - Seasolar Fotovoltaico\",\"isPartOf\":{\"@id\":\"https:\\\/\\\/seasolargroup.com\\\/#website\"},\"datePublished\":\"2018-03-30T10:42:10+00:00\",\"dateModified\":\"2023-12-23T18:55:06+00:00\",\"description\":\"The Photovoltaic Solar. Seasolar offre un servizio \\\"chiavi in mano\\\" all\u2019impresa che desidera realizzare un impianto fotovoltaico.\",\"breadcrumb\":{\"@id\":\"https:\\\/\\\/seasolargroup.com\\\/it\\\/the-photovoltaic-solar\\\/#breadcrumb\"},\"inLanguage\":\"de\",\"potentialAction\":[{\"@type\":\"ReadAction\",\"target\":[\"https:\\\/\\\/seasolargroup.com\\\/it\\\/the-photovoltaic-solar\\\/\"]}]},{\"@type\":\"BreadcrumbList\",\"@id\":\"https:\\\/\\\/seasolargroup.com\\\/it\\\/the-photovoltaic-solar\\\/#breadcrumb\",\"itemListElement\":[{\"@type\":\"ListItem\",\"position\":1,\"name\":\"Home\",\"item\":\"https:\\\/\\\/seasolargroup.com\\\/\"},{\"@type\":\"ListItem\",\"position\":2,\"name\":\"Il Solare Fotovoltaico\"}]},{\"@type\":\"WebSite\",\"@id\":\"https:\\\/\\\/seasolargroup.com\\\/#website\",\"url\":\"https:\\\/\\\/seasolargroup.com\\\/\",\"name\":\"Seasolar Fotovoltaico\",\"description\":\"Turnkey photovoltaic systems since 2008\",\"publisher\":{\"@id\":\"https:\\\/\\\/seasolargroup.com\\\/#organization\"},\"potentialAction\":[{\"@type\":\"SearchAction\",\"target\":{\"@type\":\"EntryPoint\",\"urlTemplate\":\"https:\\\/\\\/seasolargroup.com\\\/?s={search_term_string}\"},\"query-input\":{\"@type\":\"PropertyValueSpecification\",\"valueRequired\":true,\"valueName\":\"search_term_string\"}}],\"inLanguage\":\"de\"},{\"@type\":\"Organization\",\"@id\":\"https:\\\/\\\/seasolargroup.com\\\/#organization\",\"name\":\"SEASOLAR fotovoltaico\",\"url\":\"https:\\\/\\\/seasolargroup.com\\\/\",\"logo\":{\"@type\":\"ImageObject\",\"inLanguage\":\"de\",\"@id\":\"https:\\\/\\\/seasolargroup.com\\\/#\\\/schema\\\/logo\\\/image\\\/\",\"url\":\"https:\\\/\\\/i0.wp.com\\\/seasolargroup.com\\\/wp-content\\\/uploads\\\/2024\\\/10\\\/seasolar_logo_2024_social.png?fit=360%2C360&ssl=1\",\"contentUrl\":\"https:\\\/\\\/i0.wp.com\\\/seasolargroup.com\\\/wp-content\\\/uploads\\\/2024\\\/10\\\/seasolar_logo_2024_social.png?fit=360%2C360&ssl=1\",\"width\":360,\"height\":360,\"caption\":\"SEASOLAR fotovoltaico\"},\"image\":{\"@id\":\"https:\\\/\\\/seasolargroup.com\\\/#\\\/schema\\\/logo\\\/image\\\/\"},\"sameAs\":[\"https:\\\/\\\/www.facebook.com\\\/seasolargroup\",\"https:\\\/\\\/x.com\\\/seasolargroup\",\"https:\\\/\\\/www.linkedin.com\\\/in\\\/seasolar-group-news\\\/\",\"https:\\\/\\\/www.youtube.com\\\/channel\\\/UCVrmhrGih_bFnpj0as_vDuQ\",\"https:\\\/\\\/www.instagram.com\\\/fotovoltaico_seasolar\\\/\"]}]}<\/script>\n<!-- \/ Yoast SEO Premium plugin. -->","yoast_head_json":{"title":"[:en]The Photovoltaic Solar[:it]Il Solare Fotovoltaico[:de]Die Photovoltaik Solar[:fr]Le solaire photovolta\u00efque[:es]La energ\u00eda solar fotovoltaica[:] - Seasolar Fotovoltaico","description":"The Photovoltaic Solar. Seasolar offre un servizio \"chiavi in mano\" all\u2019impresa che desidera realizzare un impianto fotovoltaico.","robots":{"index":"index","follow":"follow","max-snippet":"max-snippet:-1","max-image-preview":"max-image-preview:large","max-video-preview":"max-video-preview:-1"},"canonical":"https:\/\/seasolargroup.com\/it\/the-photovoltaic-solar\/","og_locale":"de_DE","og_type":"article","og_title":"[:en]The Photovoltaic Solar[:it]Il Solare Fotovoltaico[:de]Die Photovoltaik Solar[:fr]Le solaire photovolta\u00efque[:es]La energ\u00eda solar fotovoltaica[:]","og_description":"The Photovoltaic Solar. Seasolar offre un servizio \"chiavi in mano\" all\u2019impresa che desidera realizzare un impianto fotovoltaico.","og_url":"https:\/\/seasolargroup.com\/it\/the-photovoltaic-solar\/","og_site_name":"Seasolar Fotovoltaico","article_publisher":"https:\/\/www.facebook.com\/seasolargroup","article_modified_time":"2023-12-23T18:55:06+00:00","og_image":[{"width":1079,"height":517,"url":"https:\/\/i0.wp.com\/seasolargroup.com\/wp-content\/uploads\/2024\/10\/seasolar_logo_2024_R.png?fit=1079%2C517&ssl=1","type":"image\/png"}],"twitter_card":"summary_large_image","twitter_site":"@seasolargroup","twitter_misc":{"Gesch\u00e4tzte Lesezeit":"3\u00a0Minuten"},"schema":{"@context":"https:\/\/schema.org","@graph":[{"@type":"WebPage","@id":"https:\/\/seasolargroup.com\/it\/the-photovoltaic-solar\/","url":"https:\/\/seasolargroup.com\/it\/the-photovoltaic-solar\/","name":"[:en]The Photovoltaic Solar[:it]Il Solare Fotovoltaico[:de]Die Photovoltaik Solar[:fr]Le solaire photovolta\u00efque[:es]La energ\u00eda solar fotovoltaica[:] - Seasolar Fotovoltaico","isPartOf":{"@id":"https:\/\/seasolargroup.com\/#website"},"datePublished":"2018-03-30T10:42:10+00:00","dateModified":"2023-12-23T18:55:06+00:00","description":"The Photovoltaic Solar. Seasolar offre un servizio \"chiavi in mano\" all\u2019impresa che desidera realizzare un impianto fotovoltaico.","breadcrumb":{"@id":"https:\/\/seasolargroup.com\/it\/the-photovoltaic-solar\/#breadcrumb"},"inLanguage":"de","potentialAction":[{"@type":"ReadAction","target":["https:\/\/seasolargroup.com\/it\/the-photovoltaic-solar\/"]}]},{"@type":"BreadcrumbList","@id":"https:\/\/seasolargroup.com\/it\/the-photovoltaic-solar\/#breadcrumb","itemListElement":[{"@type":"ListItem","position":1,"name":"Home","item":"https:\/\/seasolargroup.com\/"},{"@type":"ListItem","position":2,"name":"Il Solare Fotovoltaico"}]},{"@type":"WebSite","@id":"https:\/\/seasolargroup.com\/#website","url":"https:\/\/seasolargroup.com\/","name":"Seasolar Fotovoltaico","description":"Turnkey photovoltaic systems since 2008","publisher":{"@id":"https:\/\/seasolargroup.com\/#organization"},"potentialAction":[{"@type":"SearchAction","target":{"@type":"EntryPoint","urlTemplate":"https:\/\/seasolargroup.com\/?s={search_term_string}"},"query-input":{"@type":"PropertyValueSpecification","valueRequired":true,"valueName":"search_term_string"}}],"inLanguage":"de"},{"@type":"Organization","@id":"https:\/\/seasolargroup.com\/#organization","name":"SEASOLAR fotovoltaico","url":"https:\/\/seasolargroup.com\/","logo":{"@type":"ImageObject","inLanguage":"de","@id":"https:\/\/seasolargroup.com\/#\/schema\/logo\/image\/","url":"https:\/\/i0.wp.com\/seasolargroup.com\/wp-content\/uploads\/2024\/10\/seasolar_logo_2024_social.png?fit=360%2C360&ssl=1","contentUrl":"https:\/\/i0.wp.com\/seasolargroup.com\/wp-content\/uploads\/2024\/10\/seasolar_logo_2024_social.png?fit=360%2C360&ssl=1","width":360,"height":360,"caption":"SEASOLAR fotovoltaico"},"image":{"@id":"https:\/\/seasolargroup.com\/#\/schema\/logo\/image\/"},"sameAs":["https:\/\/www.facebook.com\/seasolargroup","https:\/\/x.com\/seasolargroup","https:\/\/www.linkedin.com\/in\/seasolar-group-news\/","https:\/\/www.youtube.com\/channel\/UCVrmhrGih_bFnpj0as_vDuQ","https:\/\/www.instagram.com\/fotovoltaico_seasolar\/"]}]}},"jetpack_sharing_enabled":true,"jetpack_shortlink":"https:\/\/wp.me\/P9Pv4N-T","jetpack_likes_enabled":true,"jetpack-related-posts":[],"_links":{"self":[{"href":"https:\/\/seasolargroup.com\/de\/wp-json\/wp\/v2\/pages\/55","targetHints":{"allow":["GET"]}}],"collection":[{"href":"https:\/\/seasolargroup.com\/de\/wp-json\/wp\/v2\/pages"}],"about":[{"href":"https:\/\/seasolargroup.com\/de\/wp-json\/wp\/v2\/types\/page"}],"author":[{"embeddable":true,"href":"https:\/\/seasolargroup.com\/de\/wp-json\/wp\/v2\/users\/1"}],"replies":[{"embeddable":true,"href":"https:\/\/seasolargroup.com\/de\/wp-json\/wp\/v2\/comments?post=55"}],"version-history":[{"count":16,"href":"https:\/\/seasolargroup.com\/de\/wp-json\/wp\/v2\/pages\/55\/revisions"}],"predecessor-version":[{"id":13697,"href":"https:\/\/seasolargroup.com\/de\/wp-json\/wp\/v2\/pages\/55\/revisions\/13697"}],"wp:attachment":[{"href":"https:\/\/seasolargroup.com\/de\/wp-json\/wp\/v2\/media?parent=55"}],"curies":[{"name":"wp","href":"https:\/\/api.w.org\/{rel}","templated":true}]}}