{"id":1096,"date":"2018-04-12T16:48:25","date_gmt":"2018-04-12T14:48:25","guid":{"rendered":"https:\/\/seasolargroup.com\/?page_id=1096"},"modified":"2018-07-02T21:30:03","modified_gmt":"2018-07-02T19:30:03","slug":"quarto-conto-energia-d-m-5-05-2011","status":"publish","type":"page","link":"https:\/\/seasolargroup.com\/de\/incentives\/incentives-in-italy\/conto-energia\/quarto-conto-energia-d-m-5-05-2011\/","title":{"rendered":"Quarto Conto Energia (D.M. 5\/05\/2011)"},"content":{"rendered":"<p>Das Ministererlass vom 5. Mai 2011, ver\u00f6ffentlicht im Amtsblatt vom 12\/05\/2011, bekannt als Quarto Conto Energia, ist f\u00fcr Kraftwerke von nicht weniger als 1 kW reserviert, die nach dem 31. Mai 2011 und bis zum 31. Dezember 2016 in Kraft treten .<\/p>\n<p>Bis 2012 sieht der Mechanismus vor, dass Strom aus Photovoltaikanlagen durch einen konstanten Tarif f\u00fcr 20 Jahre ab dem Zeitpunkt der Inbetriebnahme der Anlage gef\u00f6rdert wird. Ab dem ersten Halbjahr 2013 haben die Anreiztarife einen allumfassenden Wert f\u00fcr die Einspeisung in das Stromnetz. Ein spezifischer Tarif wird auf das selbstgenutzte Energiekontingent vergeben.<\/p>\n<p>Das Quarto Conto Energia identifiziert ein auf nationaler Ebene installiertes Photovoltaik-Leistungsziel von etwa 23.000 MW und hat eine progressive und geplante Senkung der Tarife im Laufe der Zeit ins Auge gefasst, um den \u00f6ffentlichen Anreiz schrittweise an die Kosten der Technologien anzupassen und die Stabilit\u00e4t aufrechtzuerhalten und Sicherheit auf dem Markt. Es hat auch periodische Kostengrenzen festgelegt:<\/p>\n<p>&#8211; dass in der Zeit zwischen dem 1. Juni 2011 und dem 31. Dezember 2012 der Zugang zu den F\u00f6rders\u00e4tzen f\u00fcr &#8222;Gro\u00dfanlagen&#8220; eingeschr\u00e4nkt wird, f\u00fcr die dar\u00fcber hinaus eine Registrierung bei einem vom Energiedienstleiter verwalteten IT-Register erforderlich ist &#8211; GSE SpA;<br \/>\n&#8211; deren \u00dcberschreitung im Zeitraum 2013-2016 eine zus\u00e4tzliche Zollsenkung gegen\u00fcber der programmierten ergibt.<\/p>\n<p>\r\n\t<div class=\"view-all-btn\" style=\"text-align:left; margin-top:8.7%; \">\r\n\t\t<a href=\"https:\/\/seasolargroup.com\/wp-content\/uploads\/2018\/04\/quartocontoenergia2011.pdf\" target=\"_blank\"  style=\"color:#ffffff; background:#92c938; \r\n\t\t\r\n\t\t  \">\r\n\t\t\t<span>\r\n\t\t\tHerunterladen Quarto Conto Energia\r\n\t\t\t \r\n\t\t\t<\/span>\r\n\t\t<\/a>\r\n\t<\/div><\/p>\n<!-- sktbuilder starter --><script type=\"text\/javascript\" src=\"https:\/\/seasolargroup.com\/wp-content\/plugins\/skt-builder\/sktbuilder\/sktbuilder-frontend-starter.js\"><\/script><script type=\"text\/javascript\" src=\"https:\/\/seasolargroup.com\/wp-content\/plugins\/skt-builder\/sktbuilder-wordpress-driver.js\"><\/script><script type=\"text\/javascript\"> var starter = new SktbuilderStarter({\"mode\": \"prod\", \"skip\":[\"jquery\",\"underscore\",\"backbone\"],\"sktbuilderUrl\": \"https:\/\/seasolargroup.com\/wp-content\/plugins\/skt-builder\/sktbuilder\/\", \"driver\": new SktbuilderWordpressDriver({\"ajaxUrl\": \"https:\/\/seasolargroup.com\/wp-admin\/admin-ajax.php\", \"iframeUrl\": \"https:\/\/seasolargroup.com\/de\/incentives\/incentives-in-italy\/conto-energia\/quarto-conto-energia-d-m-5-05-2011\/?sktbuilder=true\", \"pageId\": 1096,  \"nonce\": \"e0932fc899\", \"pages\": [], \"page\": \"Quarto Conto Energia (D.M. 5\/05\/2011)\" }) });<\/script><!-- end sktbuilder starter -->","protected":false},"excerpt":{"rendered":"<p>Das Ministererlass vom 5. Mai 2011, ver\u00f6ffentlicht im Amtsblatt vom 12\/05\/2011, bekannt als Quarto Conto Energia, ist f\u00fcr Kraftwerke von nicht weniger als 1 kW reserviert, die nach dem 31. Mai 2011 und bis zum 31. Dezember 2016 in Kraft treten . Bis 2012 sieht der Mechanismus vor, dass Strom aus Photovoltaikanlagen durch einen konstanten<br \/><a class=\"moretag\" href=\"https:\/\/seasolargroup.com\/de\/incentives\/incentives-in-italy\/conto-energia\/quarto-conto-energia-d-m-5-05-2011\/\">+ Read More<\/a><\/p>\n","protected":false},"author":1,"featured_media":0,"parent":3017,"menu_order":3,"comment_status":"closed","ping_status":"closed","template":"","meta":{"_mbp_gutenberg_autopost":false,"_pgmb_is_evergreen":false,"_pgmb_ap_template_id":0,"footnotes":""},"class_list":["post-1096","page","type-page","status-publish","hentry"],"yoast_head":"<!-- This site is optimized with the Yoast SEO Premium plugin v26.7 (Yoast SEO v27.3) - https:\/\/yoast.com\/product\/yoast-seo-premium-wordpress\/ -->\n<title>Quarto Conto Energia (D.M. 5\/05\/2011) - Seasolar Fotovoltaico<\/title>\n<meta name=\"robots\" content=\"index, follow, max-snippet:-1, max-image-preview:large, max-video-preview:-1\" \/>\n<link rel=\"canonical\" href=\"https:\/\/seasolargroup.com\/incentives\/incentives-in-italy\/conto-energia\/quarto-conto-energia-d-m-5-05-2011\/\" \/>\n<meta property=\"og:locale\" content=\"de_DE\" \/>\n<meta property=\"og:type\" content=\"article\" \/>\n<meta property=\"og:title\" content=\"Quarto Conto Energia (D.M. 5\/05\/2011)\" \/>\n<meta property=\"og:description\" content=\"Das Ministererlass vom 5. Mai 2011, ver\u00f6ffentlicht im Amtsblatt vom 12\/05\/2011, bekannt als Quarto Conto Energia, ist f\u00fcr Kraftwerke von nicht weniger als 1 kW reserviert, die nach dem 31. Mai 2011 und bis zum 31. Dezember 2016 in Kraft treten . Bis 2012 sieht der Mechanismus vor, dass Strom aus Photovoltaikanlagen durch einen konstanten+ Read More\" \/>\n<meta property=\"og:url\" content=\"https:\/\/seasolargroup.com\/incentives\/incentives-in-italy\/conto-energia\/quarto-conto-energia-d-m-5-05-2011\/\" \/>\n<meta property=\"og:site_name\" content=\"Seasolar Fotovoltaico\" \/>\n<meta property=\"article:publisher\" content=\"https:\/\/www.facebook.com\/seasolargroup\" \/>\n<meta property=\"article:modified_time\" content=\"2018-07-02T19:30:03+00:00\" \/>\n<meta property=\"og:image\" content=\"https:\/\/i0.wp.com\/seasolargroup.com\/wp-content\/uploads\/2024\/10\/seasolar_logo_2024_R.png?fit=1079%2C517&ssl=1\" \/>\n\t<meta property=\"og:image:width\" content=\"1079\" \/>\n\t<meta property=\"og:image:height\" content=\"517\" \/>\n\t<meta property=\"og:image:type\" content=\"image\/png\" \/>\n<meta name=\"twitter:card\" content=\"summary_large_image\" \/>\n<meta name=\"twitter:site\" content=\"@seasolargroup\" \/>\n<meta name=\"twitter:label1\" content=\"Gesch\u00e4tzte Lesezeit\" \/>\n\t<meta name=\"twitter:data1\" content=\"9\u00a0Minuten\" \/>\n<script type=\"application\/ld+json\" class=\"yoast-schema-graph\">{\"@context\":\"https:\\\/\\\/schema.org\",\"@graph\":[{\"@type\":\"WebPage\",\"@id\":\"https:\\\/\\\/seasolargroup.com\\\/incentives\\\/incentives-in-italy\\\/conto-energia\\\/quarto-conto-energia-d-m-5-05-2011\\\/\",\"url\":\"https:\\\/\\\/seasolargroup.com\\\/incentives\\\/incentives-in-italy\\\/conto-energia\\\/quarto-conto-energia-d-m-5-05-2011\\\/\",\"name\":\"Quarto Conto Energia (D.M. 5\\\/05\\\/2011) - Seasolar Fotovoltaico\",\"isPartOf\":{\"@id\":\"https:\\\/\\\/seasolargroup.com\\\/#website\"},\"datePublished\":\"2018-04-12T14:48:25+00:00\",\"dateModified\":\"2018-07-02T19:30:03+00:00\",\"breadcrumb\":{\"@id\":\"https:\\\/\\\/seasolargroup.com\\\/incentives\\\/incentives-in-italy\\\/conto-energia\\\/quarto-conto-energia-d-m-5-05-2011\\\/#breadcrumb\"},\"inLanguage\":\"de\",\"potentialAction\":[{\"@type\":\"ReadAction\",\"target\":[\"https:\\\/\\\/seasolargroup.com\\\/incentives\\\/incentives-in-italy\\\/conto-energia\\\/quarto-conto-energia-d-m-5-05-2011\\\/\"]}]},{\"@type\":\"BreadcrumbList\",\"@id\":\"https:\\\/\\\/seasolargroup.com\\\/incentives\\\/incentives-in-italy\\\/conto-energia\\\/quarto-conto-energia-d-m-5-05-2011\\\/#breadcrumb\",\"itemListElement\":[{\"@type\":\"ListItem\",\"position\":1,\"name\":\"Home\",\"item\":\"https:\\\/\\\/seasolargroup.com\\\/\"},{\"@type\":\"ListItem\",\"position\":2,\"name\":\"Incentives\",\"item\":\"https:\\\/\\\/seasolargroup.com\\\/incentives\\\/\"},{\"@type\":\"ListItem\",\"position\":3,\"name\":\"Incentives in Italy\",\"item\":\"https:\\\/\\\/seasolargroup.com\\\/incentives\\\/incentives-in-italy\\\/\"},{\"@type\":\"ListItem\",\"position\":4,\"name\":\"Conto Energia\",\"item\":\"https:\\\/\\\/seasolargroup.com\\\/incentives\\\/incentives-in-italy\\\/conto-energia\\\/\"},{\"@type\":\"ListItem\",\"position\":5,\"name\":\"Quarto Conto Energia (D.M. 5\\\/05\\\/2011)\"}]},{\"@type\":\"WebSite\",\"@id\":\"https:\\\/\\\/seasolargroup.com\\\/#website\",\"url\":\"https:\\\/\\\/seasolargroup.com\\\/\",\"name\":\"Seasolar Fotovoltaico\",\"description\":\"Turnkey photovoltaic systems since 2008\",\"publisher\":{\"@id\":\"https:\\\/\\\/seasolargroup.com\\\/#organization\"},\"potentialAction\":[{\"@type\":\"SearchAction\",\"target\":{\"@type\":\"EntryPoint\",\"urlTemplate\":\"https:\\\/\\\/seasolargroup.com\\\/?s={search_term_string}\"},\"query-input\":{\"@type\":\"PropertyValueSpecification\",\"valueRequired\":true,\"valueName\":\"search_term_string\"}}],\"inLanguage\":\"de\"},{\"@type\":\"Organization\",\"@id\":\"https:\\\/\\\/seasolargroup.com\\\/#organization\",\"name\":\"SEASOLAR fotovoltaico\",\"url\":\"https:\\\/\\\/seasolargroup.com\\\/\",\"logo\":{\"@type\":\"ImageObject\",\"inLanguage\":\"de\",\"@id\":\"https:\\\/\\\/seasolargroup.com\\\/#\\\/schema\\\/logo\\\/image\\\/\",\"url\":\"https:\\\/\\\/i0.wp.com\\\/seasolargroup.com\\\/wp-content\\\/uploads\\\/2024\\\/10\\\/seasolar_logo_2024_social.png?fit=360%2C360&ssl=1\",\"contentUrl\":\"https:\\\/\\\/i0.wp.com\\\/seasolargroup.com\\\/wp-content\\\/uploads\\\/2024\\\/10\\\/seasolar_logo_2024_social.png?fit=360%2C360&ssl=1\",\"width\":360,\"height\":360,\"caption\":\"SEASOLAR fotovoltaico\"},\"image\":{\"@id\":\"https:\\\/\\\/seasolargroup.com\\\/#\\\/schema\\\/logo\\\/image\\\/\"},\"sameAs\":[\"https:\\\/\\\/www.facebook.com\\\/seasolargroup\",\"https:\\\/\\\/x.com\\\/seasolargroup\",\"https:\\\/\\\/www.linkedin.com\\\/in\\\/seasolar-group-news\\\/\",\"https:\\\/\\\/www.youtube.com\\\/channel\\\/UCVrmhrGih_bFnpj0as_vDuQ\",\"https:\\\/\\\/www.instagram.com\\\/fotovoltaico_seasolar\\\/\"]}]}<\/script>\n<!-- \/ Yoast SEO Premium plugin. -->","yoast_head_json":{"title":"Quarto Conto Energia (D.M. 5\/05\/2011) - Seasolar Fotovoltaico","robots":{"index":"index","follow":"follow","max-snippet":"max-snippet:-1","max-image-preview":"max-image-preview:large","max-video-preview":"max-video-preview:-1"},"canonical":"https:\/\/seasolargroup.com\/incentives\/incentives-in-italy\/conto-energia\/quarto-conto-energia-d-m-5-05-2011\/","og_locale":"de_DE","og_type":"article","og_title":"Quarto Conto Energia (D.M. 5\/05\/2011)","og_description":"Das Ministererlass vom 5. Mai 2011, ver\u00f6ffentlicht im Amtsblatt vom 12\/05\/2011, bekannt als Quarto Conto Energia, ist f\u00fcr Kraftwerke von nicht weniger als 1 kW reserviert, die nach dem 31. Mai 2011 und bis zum 31. Dezember 2016 in Kraft treten . Bis 2012 sieht der Mechanismus vor, dass Strom aus Photovoltaikanlagen durch einen konstanten+ Read More","og_url":"https:\/\/seasolargroup.com\/incentives\/incentives-in-italy\/conto-energia\/quarto-conto-energia-d-m-5-05-2011\/","og_site_name":"Seasolar Fotovoltaico","article_publisher":"https:\/\/www.facebook.com\/seasolargroup","article_modified_time":"2018-07-02T19:30:03+00:00","og_image":[{"width":1079,"height":517,"url":"https:\/\/i0.wp.com\/seasolargroup.com\/wp-content\/uploads\/2024\/10\/seasolar_logo_2024_R.png?fit=1079%2C517&ssl=1","type":"image\/png"}],"twitter_card":"summary_large_image","twitter_site":"@seasolargroup","twitter_misc":{"Gesch\u00e4tzte Lesezeit":"9\u00a0Minuten"},"schema":{"@context":"https:\/\/schema.org","@graph":[{"@type":"WebPage","@id":"https:\/\/seasolargroup.com\/incentives\/incentives-in-italy\/conto-energia\/quarto-conto-energia-d-m-5-05-2011\/","url":"https:\/\/seasolargroup.com\/incentives\/incentives-in-italy\/conto-energia\/quarto-conto-energia-d-m-5-05-2011\/","name":"Quarto Conto Energia (D.M. 5\/05\/2011) - Seasolar Fotovoltaico","isPartOf":{"@id":"https:\/\/seasolargroup.com\/#website"},"datePublished":"2018-04-12T14:48:25+00:00","dateModified":"2018-07-02T19:30:03+00:00","breadcrumb":{"@id":"https:\/\/seasolargroup.com\/incentives\/incentives-in-italy\/conto-energia\/quarto-conto-energia-d-m-5-05-2011\/#breadcrumb"},"inLanguage":"de","potentialAction":[{"@type":"ReadAction","target":["https:\/\/seasolargroup.com\/incentives\/incentives-in-italy\/conto-energia\/quarto-conto-energia-d-m-5-05-2011\/"]}]},{"@type":"BreadcrumbList","@id":"https:\/\/seasolargroup.com\/incentives\/incentives-in-italy\/conto-energia\/quarto-conto-energia-d-m-5-05-2011\/#breadcrumb","itemListElement":[{"@type":"ListItem","position":1,"name":"Home","item":"https:\/\/seasolargroup.com\/"},{"@type":"ListItem","position":2,"name":"Incentives","item":"https:\/\/seasolargroup.com\/incentives\/"},{"@type":"ListItem","position":3,"name":"Incentives in Italy","item":"https:\/\/seasolargroup.com\/incentives\/incentives-in-italy\/"},{"@type":"ListItem","position":4,"name":"Conto Energia","item":"https:\/\/seasolargroup.com\/incentives\/incentives-in-italy\/conto-energia\/"},{"@type":"ListItem","position":5,"name":"Quarto Conto Energia (D.M. 5\/05\/2011)"}]},{"@type":"WebSite","@id":"https:\/\/seasolargroup.com\/#website","url":"https:\/\/seasolargroup.com\/","name":"Seasolar Fotovoltaico","description":"Turnkey photovoltaic systems since 2008","publisher":{"@id":"https:\/\/seasolargroup.com\/#organization"},"potentialAction":[{"@type":"SearchAction","target":{"@type":"EntryPoint","urlTemplate":"https:\/\/seasolargroup.com\/?s={search_term_string}"},"query-input":{"@type":"PropertyValueSpecification","valueRequired":true,"valueName":"search_term_string"}}],"inLanguage":"de"},{"@type":"Organization","@id":"https:\/\/seasolargroup.com\/#organization","name":"SEASOLAR fotovoltaico","url":"https:\/\/seasolargroup.com\/","logo":{"@type":"ImageObject","inLanguage":"de","@id":"https:\/\/seasolargroup.com\/#\/schema\/logo\/image\/","url":"https:\/\/i0.wp.com\/seasolargroup.com\/wp-content\/uploads\/2024\/10\/seasolar_logo_2024_social.png?fit=360%2C360&ssl=1","contentUrl":"https:\/\/i0.wp.com\/seasolargroup.com\/wp-content\/uploads\/2024\/10\/seasolar_logo_2024_social.png?fit=360%2C360&ssl=1","width":360,"height":360,"caption":"SEASOLAR fotovoltaico"},"image":{"@id":"https:\/\/seasolargroup.com\/#\/schema\/logo\/image\/"},"sameAs":["https:\/\/www.facebook.com\/seasolargroup","https:\/\/x.com\/seasolargroup","https:\/\/www.linkedin.com\/in\/seasolar-group-news\/","https:\/\/www.youtube.com\/channel\/UCVrmhrGih_bFnpj0as_vDuQ","https:\/\/www.instagram.com\/fotovoltaico_seasolar\/"]}]}},"jetpack_sharing_enabled":true,"jetpack_shortlink":"https:\/\/wp.me\/P9Pv4N-hG","jetpack_likes_enabled":true,"jetpack-related-posts":[],"_links":{"self":[{"href":"https:\/\/seasolargroup.com\/de\/wp-json\/wp\/v2\/pages\/1096","targetHints":{"allow":["GET"]}}],"collection":[{"href":"https:\/\/seasolargroup.com\/de\/wp-json\/wp\/v2\/pages"}],"about":[{"href":"https:\/\/seasolargroup.com\/de\/wp-json\/wp\/v2\/types\/page"}],"author":[{"embeddable":true,"href":"https:\/\/seasolargroup.com\/de\/wp-json\/wp\/v2\/users\/1"}],"replies":[{"embeddable":true,"href":"https:\/\/seasolargroup.com\/de\/wp-json\/wp\/v2\/comments?post=1096"}],"version-history":[{"count":21,"href":"https:\/\/seasolargroup.com\/de\/wp-json\/wp\/v2\/pages\/1096\/revisions"}],"predecessor-version":[{"id":2311,"href":"https:\/\/seasolargroup.com\/de\/wp-json\/wp\/v2\/pages\/1096\/revisions\/2311"}],"up":[{"embeddable":true,"href":"https:\/\/seasolargroup.com\/de\/wp-json\/wp\/v2\/pages\/3017"}],"wp:attachment":[{"href":"https:\/\/seasolargroup.com\/de\/wp-json\/wp\/v2\/media?parent=1096"}],"curies":[{"name":"wp","href":"https:\/\/api.w.org\/{rel}","templated":true}]}}